{"id":72621,"date":"2026-03-19T12:51:03","date_gmt":"2026-03-19T12:51:03","guid":{"rendered":"https:\/\/soydeaqui.ddns.net\/pachuca\/index.php\/producto\/radio-doble-banda-bullet-airmax-ac-hasta-160-mbps-en-2-4-ghz-2412-2472-mhz-o-300-mbps-en-5-ghz-5150-5875-mhz\/"},"modified":"2026-03-19T12:51:17","modified_gmt":"2026-03-19T12:51:17","slug":"radio-doble-banda-bullet-airmax-ac-hasta-160-mbps-en-2-4-ghz-2412-2472-mhz-o-300-mbps-en-5-ghz-5150-5875-mhz","status":"publish","type":"product","link":"https:\/\/soydeaqui.ddns.net\/pachuca\/index.php\/producto\/radio-doble-banda-bullet-airmax-ac-hasta-160-mbps-en-2-4-ghz-2412-2472-mhz-o-300-mbps-en-5-ghz-5150-5875-mhz\/","title":{"rendered":"Radio Doble Banda Bullet airMAX AC hasta 160 Mbps en 2.4 GHz (2412-2472 MHz) o 300 Mbps en 5 GHz (5150-5875 MHz)"},"content":{"rendered":"<div style='width: 100%; max-width: 1200px; margin: 0 auto; font-family: sans-serif; line-height: 1.6; color: inherit; background-color: transparent;'> <!-- Secci\u00f3n de especificaciones principales --> <\/p>\n<div style='display: flex; flex-wrap: wrap; gap: 30px; margin-bottom: 30px;'>\n<div style='flex: 1 1 300px; min-width: 280px;'>\n<h3 style='font-size: 22px; border-bottom: 2px solid currentColor; padding-bottom: 5px; margin-top: 0; color: inherit; opacity: 0.8;'>Especificaciones de Puertos<\/h3>\n<ul style='padding-left: 20px; font-size: 15px; color: inherit;'>\n<li style='margin-bottom: 5px;'><strong>Puerto:<\/strong> 10\/100\/1000 Mbps<\/li>\n<li style='margin-bottom: 5px;'><strong>Conector RF:<\/strong> Tipo N Macho<\/li>\n<\/ul><\/div>\n<div style='flex: 1 1 300px; min-width: 280px;'>\n<h3 style='font-size: 22px; border-bottom: 2px solid currentColor; padding-bottom: 5px; margin-top: 0; color: inherit; opacity: 0.8;'>Especificaciones de Radio<\/h3>\n<ul style='padding-left: 20px; font-size: 15px; color: inherit;'>\n<li style='margin-bottom: 5px;'><strong>Ancho de Canal:<\/strong> Ajustable<\/li>\n<li style='margin-bottom: 5px;'><strong>Modo PtP:<\/strong> 10\/20\/30\/40\/50\/60\/80 MHz<\/li>\n<li style='margin-bottom: 5px;'><strong>Modo PtMP:<\/strong> 10\/20\/30\/40 MHz<\/li>\n<li style='margin-bottom: 5px;'><strong>Doble Banda:<\/strong> 2.4 GHz o 5 GHz<\/li>\n<li style='margin-bottom: 5px;'><strong>Polaridad:<\/strong> Simple (Vertical\/Horizontal)<\/li>\n<\/ul><\/div>\n<div style='flex: 1 1 300px; min-width: 280px;'>\n<h3 style='font-size: 22px; border-bottom: 2px solid currentColor; padding-bottom: 5px; margin-top: 0; color: inherit; opacity: 0.8;'>Especificaciones F\u00edsicas<\/h3>\n<ul style='padding-left: 20px; font-size: 15px; color: inherit;'>\n<li style='margin-bottom: 5px;'><strong>Alimentaci\u00f3n:<\/strong> 24 VDC&comma; 0.5 A (requiere adaptador PoE)<\/li>\n<li style='margin-bottom: 5px;'><strong>Dimensiones:<\/strong> 190 x 46 mm<\/li>\n<li style='margin-bottom: 5px;'><strong>Peso:<\/strong> 196 g<\/li>\n<li style='margin-bottom: 5px;'><strong>Temperatura de Operaci\u00f3n:<\/strong> -40 a 70 \u00b0C<\/li>\n<\/ul><\/div>\n<\/p><\/div>\n<p> <!-- Secci\u00f3n de detalles t\u00e9cnicos --> <\/p>\n<div style='display: flex; flex-wrap: wrap; gap: 20px; margin-bottom: 30px;'>\n<div style='flex: 1 1 250px; border: 1px solid rgba(150&comma; 150&comma; 150&comma; 0.4); border-radius: 8px; overflow: hidden; display: flex; flex-direction: column;'>\n<div style='padding: 15px; border-bottom: 1px solid rgba(150&comma; 150&comma; 150&comma; 0.2); font-weight: bold; font-size: 18px; color: inherit;'>Sistema y Procesador<\/div>\n<div style='padding: 15px; color: inherit;'>\n<ul style='padding-left: 20px; margin: 0; font-size: 14px; list-style-type: disc;'>\n<li style='margin-bottom: 5px;'><strong>Sistema Operativo:<\/strong> airOS\u00ae 8<\/li>\n<li style='margin-bottom: 5px;'><strong>Procesador:<\/strong> Atheros MIPS<\/li>\n<\/ul><\/div>\n<\/p><\/div>\n<div style='flex: 1 1 250px; border: 1px solid rgba(150&comma; 150&comma; 150&comma; 0.4); border-radius: 8px; overflow: hidden; display: flex; flex-direction: column;'>\n<div style='padding: 15px; border-bottom: 1px solid rgba(150&comma; 150&comma; 150&comma; 0.2); font-weight: bold; font-size: 18px; color: inherit;'>Modos de Operaci\u00f3n<\/div>\n<div style='padding: 15px; color: inherit;'>\n<ul style='padding-left: 20px; margin: 0; font-size: 14px; list-style-type: disc;'>\n<li style='margin-bottom: 5px;'>Access Point<\/li>\n<li style='margin-bottom: 5px;'>Estaci\u00f3n<\/li>\n<\/ul><\/div>\n<\/p><\/div>\n<div style='flex: 1 1 250px; border: 1px solid rgba(150&comma; 150&comma; 150&comma; 0.4); border-radius: 8px; overflow: hidden; display: flex; flex-direction: column;'>\n<div style='padding: 15px; border-bottom: 1px solid rgba(150&comma; 150&comma; 150&comma; 0.2); font-weight: bold; font-size: 18px; color: inherit;'>Incluye<\/div>\n<div style='padding: 15px; color: inherit;'>\n<ul style='padding-left: 20px; margin: 0; font-size: 14px; list-style-type: disc;'>\n<li style='margin-bottom: 5px;'>1 x Bullet AC<\/li>\n<\/ul><\/div>\n<\/p><\/div>\n<div style='flex: 1 1 250px; border: 1px solid rgba(150&comma; 150&comma; 150&comma; 0.4); border-radius: 8px; overflow: hidden; display: flex; flex-direction: column;'>\n<div style='padding: 15px; border-bottom: 1px solid rgba(150&comma; 150&comma; 150&comma; 0.2); font-weight: bold; font-size: 18px; color: inherit;'>Garant\u00eda<\/div>\n<div style='padding: 15px; color: inherit;'>\n<ul style='padding-left: 20px; margin: 0; font-size: 14px; list-style-type: disc;'>\n<li style='margin-bottom: 5px;'>1 A\u00f1o<\/li>\n<\/ul><\/div>\n<\/p><\/div>\n<\/p><\/div>\n<p> <!-- Secci\u00f3n de caracter\u00edsticas adicionales --> <\/p>\n<div style='margin-bottom: 30px;'>\n<h3 style='font-size: 22px; border-bottom: 2px solid currentColor; padding-bottom: 5px; margin-top: 0; color: inherit; opacity: 0.8;'>Caracter\u00edsticas Adicionales<\/h3>\n<ul style='padding-left: 20px; font-size: 15px; color: inherit;'>\n<li style='margin-bottom: 5px;'>Dise\u00f1o totalmente integrado<\/li>\n<li style='margin-bottom: 5px;'>Rendimiento TCP\/IP real de m\u00e1s de 300 Mbps<\/li>\n<li style='margin-bottom: 5px;'>Fuerte seguridad WPA2 AES<\/li>\n<li style='margin-bottom: 5px;'>Alto desempe\u00f1o<\/li>\n<li style='margin-bottom: 5px;'>Radio de administraci\u00f3n local v\u00eda Wi-Fi<\/li>\n<li style='margin-bottom: 5px;'>SNR mejorado<\/li>\n<li style='margin-bottom: 5px;'>Instalaci\u00f3n Plug and Play<\/li>\n<li style='margin-bottom: 5px;'>Nota: No funciona para WiFi&comma; es exclusivamente para enlaces inal\u00e1mbricos PtP o PtMP<\/li>\n<\/ul><\/div>\n<p> <!-- Separador --> <\/p>\n<hr style='border: 0; border-top: 1px solid rgba(150&comma; 150&comma; 150&comma; 0.3); margin: 30px 0;'> <!-- Secci\u00f3n de im\u00e1genes --> <\/p>\n<div style='margin-bottom: 30px;'>\n<h3 style='font-size: 22px; border-bottom: 2px solid currentColor; padding-bottom: 5px; margin-top: 0; color: inherit; opacity: 0.8;'>Dise\u00f1o del Producto<\/h3>\n<p style='text-align: center; margin: 20px 0;'>Lanzado en 2008&comma; el dise\u00f1o del Bullet\u2122 ayud\u00f3 a transformar la industria WISP. Su dise\u00f1o \u00fanico mejora el rendimiento del enlace y reduce la complejidad de la implementaci\u00f3n.<\/p>\n<div style='text-align: center; margin: 20px 0;'> <img style='width: 100%; height: auto; border: 1px solid rgba(150&comma;150&comma;150&comma;0.3); border-radius: 8px; max-width: 913px;' src='https:\/\/prd-www-cdn.ubnt.com\/media\/images\/product-features\/bulletm-features-design2-2x.jpg' alt=''> <\/div>\n<\/p><\/div>\n<p> <!-- Separador --> <\/p>\n<hr style='border: 0; border-top: 1px solid rgba(150&comma; 150&comma; 150&comma; 0.3); margin: 30px 0;'> <!-- Secci\u00f3n de rendimiento --> <\/p>\n<div style='margin-bottom: 30px;'>\n<h3 style='font-size: 22px; border-bottom: 2px solid currentColor; padding-bottom: 5px; margin-top: 0; color: inherit; opacity: 0.8;'>Rendimiento tipo Carrier-Class<\/h3>\n<p style='text-align: center; margin: 20px 0;'>El Bullet\u2122 AC ofrece un rendimiento TCP\/IP real de m\u00e1s de 300 Mbps.<\/p>\n<div style='text-align: center; margin: 20px 0;'> <img style='width: 100%; height: auto; border: 1px solid rgba(150&comma;150&comma;150&comma;0.3); border-radius: 8px; max-width: 554px;' src='https:\/\/prd-www-cdn.ubnt.com\/media\/images\/product-features\/bulletac-feature-breakthrough-speed2x.jpg' alt=''> <\/div>\n<\/p><\/div>\n<p> <!-- Separador --> <\/p>\n<hr style='border: 0; border-top: 1px solid rgba(150&comma; 150&comma; 150&comma; 0.3); margin: 30px 0;'> <!-- Secci\u00f3n de instalaci\u00f3n --> <\/p>\n<div style='margin-bottom: 30px;'>\n<h3 style='font-size: 22px; border-bottom: 2px solid currentColor; padding-bottom: 5px; margin-top: 0; color: inherit; opacity: 0.8;'>Instalaci\u00f3n Plug and Play<\/h3>\n<p style='text-align: center; margin: 20px 0;'>Conecte el Bullet\u2122 AC a cualquier antena existente con un conector hembra tipo N para crear una estaci\u00f3n base airMAX\u00ae.<\/p>\n<div style='text-align: center; margin: 20px 0;'> <img style='width: 100%; height: auto; border: 1px solid rgba(150&comma;150&comma;150&comma;0.3); border-radius: 8px; max-width: 1013px;' src='https:\/\/prd-www-cdn.ubnt.com\/media\/images\/product-features\/bulletac-features-install-options-2x.jpg' alt=''> <\/div>\n<\/p><\/div>\n<p> <!-- Separador final --> <\/p>\n<hr style='border: 0; border-top: 1px solid rgba(150&comma; 150&comma; 150&comma; 0.3); margin: 30px 0;'> <\/div>\n","protected":false},"excerpt":{"rendered":"<p>Radio Doble Banda Bullet airMAX AC hasta 160 Mbps en 2.4 GHz (2412-2472 MHz) o 300 Mbps en 5 GHz (5150-5875 MHz)<\/p>\n","protected":false},"featured_media":72620,"comment_status":"open","ping_status":"closed","template":"","meta":[],"product_brand":[],"product_cat":[1998],"product_tag":[1999,1980,166],"class_list":{"0":"post-72621","1":"product","2":"type-product","3":"status-publish","4":"has-post-thumbnail","6":"product_cat-5-y-6-ghz","7":"product_tag-5-y-6-ghz","8":"product_tag-enlaces-ptp-y-ptmp","9":"product_tag-ubiquiti","11":"first","12":"instock","13":"sale","14":"shipping-taxable","15":"purchasable","16":"product-type-simple"},"_links":{"self":[{"href":"https:\/\/soydeaqui.ddns.net\/pachuca\/index.php\/wp-json\/wp\/v2\/product\/72621","targetHints":{"allow":["GET"]}}],"collection":[{"href":"https:\/\/soydeaqui.ddns.net\/pachuca\/index.php\/wp-json\/wp\/v2\/product"}],"about":[{"href":"https:\/\/soydeaqui.ddns.net\/pachuca\/index.php\/wp-json\/wp\/v2\/types\/product"}],"replies":[{"embeddable":true,"href":"https:\/\/soydeaqui.ddns.net\/pachuca\/index.php\/wp-json\/wp\/v2\/comments?post=72621"}],"wp:featuredmedia":[{"embeddable":true,"href":"https:\/\/soydeaqui.ddns.net\/pachuca\/index.php\/wp-json\/wp\/v2\/media\/72620"}],"wp:attachment":[{"href":"https:\/\/soydeaqui.ddns.net\/pachuca\/index.php\/wp-json\/wp\/v2\/media?parent=72621"}],"wp:term":[{"taxonomy":"product_brand","embeddable":true,"href":"https:\/\/soydeaqui.ddns.net\/pachuca\/index.php\/wp-json\/wp\/v2\/product_brand?post=72621"},{"taxonomy":"product_cat","embeddable":true,"href":"https:\/\/soydeaqui.ddns.net\/pachuca\/index.php\/wp-json\/wp\/v2\/product_cat?post=72621"},{"taxonomy":"product_tag","embeddable":true,"href":"https:\/\/soydeaqui.ddns.net\/pachuca\/index.php\/wp-json\/wp\/v2\/product_tag?post=72621"}],"curies":[{"name":"wp","href":"https:\/\/api.w.org\/{rel}","templated":true}]}}