{"id":72603,"date":"2026-03-19T12:50:22","date_gmt":"2026-03-19T12:50:22","guid":{"rendered":"https:\/\/soydeaqui.ddns.net\/pachuca\/index.php\/producto\/airfiber-radio-backhaul-conectorizado-de-alta-capacidad-con-tecnologia-ltu-airfiber-hasta-1-gbps-5-ghz-4-8-6-2-ghz-no-hay-compatibilidad-con-af-5x\/"},"modified":"2026-03-19T12:50:29","modified_gmt":"2026-03-19T12:50:29","slug":"airfiber-radio-backhaul-conectorizado-de-alta-capacidad-con-tecnologia-ltu-airfiber-hasta-1-gbps-5-ghz-4-8-6-2-ghz-no-hay-compatibilidad-con-af-5x","status":"publish","type":"product","link":"https:\/\/soydeaqui.ddns.net\/pachuca\/index.php\/producto\/airfiber-radio-backhaul-conectorizado-de-alta-capacidad-con-tecnologia-ltu-airfiber-hasta-1-gbps-5-ghz-4-8-6-2-ghz-no-hay-compatibilidad-con-af-5x\/","title":{"rendered":"Airfiber Radio Backhaul conectorizado de alta capacidad, con tecnolog\u00eda LTU airFiber hasta 1 Gbps, 5 GHz (4.8 &#8211; 6.2 GHz), No hay compatibilidad con AF-5X"},"content":{"rendered":"<div style='width: 100%; max-width: 1200px; margin: 0 auto; font-family: sans-serif; line-height: 1.6; color: inherit; background-color: transparent;'> <!-- Secci\u00f3n de caracter\u00edsticas destacadas --> <\/p>\n<div style='display: flex; flex-wrap: wrap; gap: 20px; margin-bottom: 30px;'>\n<div style='flex: 1 1 250px; min-width: 200px; display: flex; align-items: center; border: 1px solid rgba(150&comma;150&comma;150&comma;0.3); border-radius: 8px; padding: 15px;'> <img style='width: auto; height: 40px; flex-shrink: 0;' src='https:\/\/prd-www-cdn.ubnt.com\/media\/images\/airfiber_5xhd_form\/icon-speed.svg' alt=''> <\/p>\n<div style='margin-left: 15px;'> <strong style='font-size: 18px; color: inherit; display: block;'>1 Gbps+<\/strong> <span style='color: inherit; opacity: 0.8;'>Throughput<\/span> <\/div>\n<\/p><\/div>\n<div style='flex: 1 1 250px; min-width: 200px; display: flex; align-items: center; border: 1px solid rgba(150&comma;150&comma;150&comma;0.3); border-radius: 8px; padding: 15px;'> <img style='width: auto; height: 40px; flex-shrink: 0;' src='https:\/\/prd-www-cdn.ubnt.com\/media\/images\/airfiber_5xhd_form\/icon-pps.svg' alt=''> <\/p>\n<div style='margin-left: 15px;'> <strong style='font-size: 18px; color: inherit; display: block;'>2 Millones<\/strong> <span style='color: inherit; opacity: 0.8;'>Paquetes por Segundo<\/span> <\/div>\n<\/p><\/div>\n<div style='flex: 1 1 250px; min-width: 200px; display: flex; align-items: center; border: 1px solid rgba(150&comma;150&comma;150&comma;0.3); border-radius: 8px; padding: 15px;'> <img style='width: auto; height: 40px; flex-shrink: 0;' src='https:\/\/prd-www-cdn.ubnt.com\/media\/images\/airfiber_5xhd_form\/icon-qam.svg' alt=''> <\/p>\n<div style='margin-left: 15px;'> <strong style='font-size: 18px; color: inherit; display: block;'>4096 QAM<\/strong> <span style='color: inherit; opacity: 0.8;'>Modulaci\u00f3n<\/span> <\/div>\n<\/p><\/div>\n<div style='flex: 1 1 250px; min-width: 200px; display: flex; align-items: center; border: 1px solid rgba(150&comma;150&comma;150&comma;0.3); border-radius: 8px; padding: 15px;'> <img style='width: auto; height: 40px; flex-shrink: 0;' src='https:\/\/prd-www-cdn.ubnt.com\/media\/images\/airfiber_5xhd_form\/icon-filter.svg' alt=''> <\/p>\n<div style='margin-left: 15px;'> <strong style='font-size: 18px; color: inherit; display: block;'>Filtro<\/strong> <span style='color: inherit; opacity: 0.8;'>RF Propietario<\/span> <\/div>\n<\/p><\/div>\n<\/p><\/div>\n<p> <!-- Secci\u00f3n de especificaciones --> <\/p>\n<div style='display: flex; flex-wrap: wrap; gap: 30px; margin-bottom: 30px;'>\n<div style='flex: 1 1 300px; min-width: 280px;'>\n<h3 style='font-size: 22px; border-bottom: 2px solid currentColor; padding-bottom: 5px; margin-top: 0; color: inherit; opacity: 0.8;'>Puertos<\/h3>\n<ul style='padding-left: 20px; font-size: 15px; color: inherit; list-style: disc inside;'>\n<li style='margin-bottom: 5px;'>1 puerto de datos 10\/100\/1000 Mbps<\/li>\n<li style='margin-bottom: 5px;'>1 puerto de administraci\u00f3n 10\/100\/1000 Mbps<\/li>\n<li style='margin-bottom: 5px;'>Bluetooth v4.0<\/li>\n<\/ul><\/div>\n<div style='flex: 1 1 300px; min-width: 280px;'>\n<h3 style='font-size: 22px; border-bottom: 2px solid currentColor; padding-bottom: 5px; margin-top: 0; color: inherit; opacity: 0.8;'>Conectores RF<\/h3>\n<ul style='padding-left: 20px; font-size: 15px; color: inherit; list-style: disc inside;'>\n<li style='margin-bottom: 5px;'>2 x RP-SMA<\/li>\n<li style='margin-bottom: 5px;'>1 x GPS<\/li>\n<\/ul><\/div>\n<div style='flex: 1 1 300px; min-width: 280px;'>\n<h3 style='font-size: 22px; border-bottom: 2px solid currentColor; padding-bottom: 5px; margin-top: 0; color: inherit; opacity: 0.8;'>Sistema Operativo<\/h3>\n<ul style='padding-left: 20px; font-size: 15px; color: inherit; list-style: disc inside;'>\n<li style='margin-bottom: 5px;'>airOS\u00ae F<\/li>\n<\/ul><\/div>\n<\/p><\/div>\n<p> <!-- Secci\u00f3n de caracter\u00edsticas t\u00e9cnicas --> <\/p>\n<div style='margin-bottom: 30px;'>\n<h3 style='font-size: 22px; border-bottom: 2px solid currentColor; padding-bottom: 5px; margin-top: 0; color: inherit; opacity: 0.8;'>Caracter\u00edsticas T\u00e9cnicas<\/h3>\n<ul style='padding-left: 20px; font-size: 15px; color: inherit; list-style: disc inside;'>\n<li style='margin-bottom: 5px;'>Modo de operaci\u00f3n: Master\/Slave<\/li>\n<li style='margin-bottom: 5px;'>Procesamiento: 2 Millones de paquetes por segundo (Mpps)<\/li>\n<li style='margin-bottom: 5px;'>Anchos de canal ajustables: 10\/20\/30\/40\/50\/60\/80\/100 MHz<\/li>\n<li style='margin-bottom: 5px;'>Soporte de OFDM y OFDMA<\/li>\n<li style='margin-bottom: 5px;'>Configuraci\u00f3n v\u00eda Bluetooth\u00ae<\/li>\n<li style='margin-bottom: 5px;'>Procesador propietario: airFiber\u00ae LTU IC<\/li>\n<li style='margin-bottom: 5px;'>Seguridad AES-256<\/li>\n<li style='margin-bottom: 5px;'>Sincronizaci\u00f3n GPS<\/li>\n<li style='margin-bottom: 5px;'>An\u00e1lisis de espectro dedicado<\/li>\n<li style='margin-bottom: 5px;'>Ultra baja latencia<\/li>\n<\/ul><\/div>\n<p> <!-- Secci\u00f3n de especificaciones f\u00edsicas y el\u00e9ctricas --> <\/p>\n<div style='display: flex; flex-wrap: wrap; gap: 30px; margin-bottom: 30px;'>\n<div style='flex: 1 1 300px; min-width: 280px;'>\n<h3 style='font-size: 22px; border-bottom: 2px solid currentColor; padding-bottom: 5px; margin-top: 0; color: inherit; opacity: 0.8;'>Caracter\u00edsticas F\u00edsicas y El\u00e9ctricas<\/h3>\n<ul style='padding-left: 20px; font-size: 15px; color: inherit; list-style: disc inside;'>\n<li style='margin-bottom: 5px;'>Alimentaci\u00f3n: 19 &#8211; 50 VDC<\/li>\n<li style='margin-bottom: 5px;'>Dimensiones: 224 x 82 x 48 mm<\/li>\n<li style='margin-bottom: 5px;'>Peso: 0.35 kg<\/li>\n<li style='margin-bottom: 5px;'>Temperatura de Operaci\u00f3n: -40 a 55\u00b0 C<\/li>\n<\/ul><\/div>\n<div style='flex: 1 1 300px; min-width: 280px;'>\n<h3 style='font-size: 22px; border-bottom: 2px solid currentColor; padding-bottom: 5px; margin-top: 0; color: inherit; opacity: 0.8;'>Incluye<\/h3>\n<ul style='padding-left: 20px; font-size: 15px; color: inherit; list-style: disc inside;'>\n<li style='margin-bottom: 5px;'>Adaptador PoE Gigabit 24 VDC 1 A<\/li>\n<\/ul>\n<h3 style='font-size: 22px; border-bottom: 2px solid currentColor; padding-bottom: 5px; margin-top: 25px; color: inherit; opacity: 0.8;'>Garant\u00eda<\/h3>\n<ul style='padding-left: 20px; font-size: 15px; color: inherit; list-style: disc inside;'>\n<li style='margin-bottom: 5px;'>1 A\u00f1o<\/li>\n<\/ul><\/div>\n<\/p><\/div>\n<p> <!-- Notas importantes --> <\/p>\n<div style='margin-bottom: 30px;'>\n<h3 style='font-size: 22px; border-bottom: 2px solid currentColor; padding-bottom: 5px; margin-top: 0; color: inherit; opacity: 0.8;'>Notas<\/h3>\n<ul style='padding-left: 20px; font-size: 15px; color: inherit; list-style: disc inside;'>\n<li style='margin-bottom: 5px;'>No es compatible con el modelo AF-5X ya que usan otro protocolo de comunicaci\u00f3n<\/li>\n<li style='margin-bottom: 5px; color: #e25041;'>ADVERTENCIA: Si no se conecta a tierra correctamente&comma; se anular\u00e1 su garant\u00eda<\/li>\n<\/ul><\/div>\n<p> <!-- Secci\u00f3n de im\u00e1genes destacadas --> <\/p>\n<div style='margin-bottom: 30px;'>\n<h3 style='font-size: 22px; border-bottom: 2px solid currentColor; padding-bottom: 5px; margin-top: 0; color: inherit; opacity: 0.8;'>Hardware revolucionario para WISP<\/h3>\n<p style='text-align: center; margin: 15px 0;'>Nuestro motor de procesamiento principal supera todas las limitaciones inherentes a los chips Wi-Fi gen\u00e9ricos.<\/p>\n<p> <img style='width: 100%; height: auto; border: 1px solid rgba(150&comma;150&comma;150&comma;0.3); border-radius: 8px;' src='https:\/\/prd-www-cdn.ubnt.com\/media\/images\/product-features\/af5xhd-feature-chip-2x.jpg' alt=''> <\/div>\n<p> <!-- Gr\u00e1fico de tecnolog\u00eda LTU --> <\/p>\n<div style='margin-bottom: 30px;'>\n<h3 style='font-size: 22px; border-bottom: 2px solid currentColor; padding-bottom: 5px; margin-top: 0; color: inherit; opacity: 0.8;'>Tecnolog\u00eda LTU<\/h3>\n<p style='text-align: center; margin: 15px 0;'>Comparaci\u00f3n de eficiencia espectral de 802.11n&comma; 802.11ac&comma; airFiber Original&comma; y LTU.<\/p>\n<p> <img style='width: 100%; height: auto; border: 1px solid rgba(150&comma;150&comma;150&comma;0.3); border-radius: 8px;' src='https:\/\/prd-www-cdn.ubnt.com\/media\/images\/product-features\/af5xhd-feature-graph1-2x.jpg' alt=''> <\/div>\n<p> <!-- Suite de software --> <\/p>\n<div style='margin-bottom: 30px;'>\n<h3 style='font-size: 22px; border-bottom: 2px solid currentColor; padding-bottom: 5px; margin-top: 0; color: inherit; opacity: 0.8;'>Completa Suite de Software<\/h3>\n<p> <img style='width: 100%; height: auto; border: 1px solid rgba(150&comma;150&comma;150&comma;0.3); border-radius: 8px; margin: 15px 0;' src='https:\/\/prd-www-cdn.ubnt.com\/media\/images\/product-features\/af5xhd-feature-sw05-2x.jpg' alt=''> <\/p>\n<div style='display: flex; justify-content: center; gap: 15px; margin-top: 15px;'> <img style='width: 95px; height: auto;' src='https:\/\/prd-www-cdn.ubnt.com\/media\/images\/dashboard\/icons\/mobile\/apple_black.svg' alt=''> <img style='width: 94px; height: auto;' src='https:\/\/prd-www-cdn.ubnt.com\/media\/images\/dashboard\/icons\/mobile\/google_black.svg' alt=''> <\/div>\n<\/p><\/div>\n<p> <!-- Resistencia IP67 --> <\/p>\n<div style='margin-bottom: 30px;'>\n<h3 style='font-size: 22px; border-bottom: 2px solid currentColor; padding-bottom: 5px; margin-top: 0; color: inherit; opacity: 0.8;'>Durabilidad IP-67<\/h3>\n<p style='text-align: center; margin: 15px 0;'>airFiber 5XHD es resistente al agua y perfecto para cualquier condici\u00f3n clim\u00e1tica.<\/p>\n<p> <img style='width: 100%; height: auto; border: 1px solid rgba(150&comma;150&comma;150&comma;0.3); border-radius: 8px;' src='https:\/\/prd-www-cdn.ubnt.com\/media\/images\/product-features\/ltu-inwater2-2x.jpg' alt=''> <\/div>\n<p> <!-- Video --> <\/p>\n<div style='margin-bottom: 30px;'>\n<div style='position: relative; padding-bottom: 56.25%; height: 0; overflow: hidden;'>   <\/div>\n<\/p><\/div>\n<\/p><\/div>\n","protected":false},"excerpt":{"rendered":"<p>Airfiber Radio Backhaul conectorizado de alta capacidad, con tecnolog\u00eda LTU airFiber hasta 1 Gbps, 5 GHz (4.8 &#8211; 6.2 GHz), No hay compatibilidad con AF-5X<\/p>\n","protected":false},"featured_media":72602,"comment_status":"open","ping_status":"closed","template":"","meta":[],"product_brand":[],"product_cat":[1998],"product_tag":[1999,1980,166],"class_list":{"0":"post-72603","1":"product","2":"type-product","3":"status-publish","4":"has-post-thumbnail","6":"product_cat-5-y-6-ghz","7":"product_tag-5-y-6-ghz","8":"product_tag-enlaces-ptp-y-ptmp","9":"product_tag-ubiquiti","11":"first","12":"instock","13":"sale","14":"shipping-taxable","15":"purchasable","16":"product-type-simple"},"_links":{"self":[{"href":"https:\/\/soydeaqui.ddns.net\/pachuca\/index.php\/wp-json\/wp\/v2\/product\/72603","targetHints":{"allow":["GET"]}}],"collection":[{"href":"https:\/\/soydeaqui.ddns.net\/pachuca\/index.php\/wp-json\/wp\/v2\/product"}],"about":[{"href":"https:\/\/soydeaqui.ddns.net\/pachuca\/index.php\/wp-json\/wp\/v2\/types\/product"}],"replies":[{"embeddable":true,"href":"https:\/\/soydeaqui.ddns.net\/pachuca\/index.php\/wp-json\/wp\/v2\/comments?post=72603"}],"wp:featuredmedia":[{"embeddable":true,"href":"https:\/\/soydeaqui.ddns.net\/pachuca\/index.php\/wp-json\/wp\/v2\/media\/72602"}],"wp:attachment":[{"href":"https:\/\/soydeaqui.ddns.net\/pachuca\/index.php\/wp-json\/wp\/v2\/media?parent=72603"}],"wp:term":[{"taxonomy":"product_brand","embeddable":true,"href":"https:\/\/soydeaqui.ddns.net\/pachuca\/index.php\/wp-json\/wp\/v2\/product_brand?post=72603"},{"taxonomy":"product_cat","embeddable":true,"href":"https:\/\/soydeaqui.ddns.net\/pachuca\/index.php\/wp-json\/wp\/v2\/product_cat?post=72603"},{"taxonomy":"product_tag","embeddable":true,"href":"https:\/\/soydeaqui.ddns.net\/pachuca\/index.php\/wp-json\/wp\/v2\/product_tag?post=72603"}],"curies":[{"name":"wp","href":"https:\/\/api.w.org\/{rel}","templated":true}]}}