{"id":72558,"date":"2026-03-19T12:48:37","date_gmt":"2026-03-19T12:48:37","guid":{"rendered":"https:\/\/soydeaqui.ddns.net\/pachuca\/index.php\/producto\/antena-direccional-con-frecuencia-extendida-4-8-6-5-ghz-28-dbi-jumper-incluido-con-conector-sma-macho-inverso-polaridad-en-90o-y-45o-montaje-incluido-para-torre-o-mastil\/"},"modified":"2026-03-19T12:48:47","modified_gmt":"2026-03-19T12:48:47","slug":"antena-direccional-con-frecuencia-extendida-4-8-6-5-ghz-28-dbi-jumper-incluido-con-conector-sma-macho-inverso-polaridad-en-90o-y-45o-montaje-incluido-para-torre-o-mastil","status":"publish","type":"product","link":"https:\/\/soydeaqui.ddns.net\/pachuca\/index.php\/producto\/antena-direccional-con-frecuencia-extendida-4-8-6-5-ghz-28-dbi-jumper-incluido-con-conector-sma-macho-inverso-polaridad-en-90o-y-45o-montaje-incluido-para-torre-o-mastil\/","title":{"rendered":"Antena Direccional con Frecuencia Extendida \/ 4.8 &#8211; 6.5 GHz \/ 28 dBi \/  Jumper incluido con conector  SMA-Macho Inverso \/ Polaridad en 90\u00ba y 45\u00ba \/ Montaje incluido para torre o m\u00e1stil"},"content":{"rendered":"<div style='width: 100%; max-width: 1200px; margin: 0 auto; font-family: sans-serif; line-height: 1.6; color: inherit; background-color: transparent;'>\n<div style='display: flex; flex-wrap: wrap; gap: 30px; margin-bottom: 30px;'>\n<div style='flex: 1 1 300px; min-width: 280px;'>\n<h3 style='font-size: 22px; border-bottom: 2px solid currentColor; padding-bottom: 5px; margin-top: 0; color: inherit; opacity: 0.8;'>Caracter\u00edsticas Principales<\/h3>\n<ul style='padding-left: 20px; font-size: 15px; color: inherit;'>\n<li style='margin-bottom: 5px;'>Distancia promedio hasta 15 km.<\/li>\n<li style='margin-bottom: 5px;'>Rango de frecuencia: 4.8 &#8211; 5.1 GHz \/ 5.1 \u2013 6.5 GHz.<\/li>\n<li style='margin-bottom: 5px;'>Ganancia: 28 \u00b1 1 dBi.<\/li>\n<li style='margin-bottom: 5px;'>Polarizaci\u00f3n: (V\/H o \u00b1 45\u00b0).<\/li>\n<li style='margin-bottom: 5px;'>Apertura de haz V\/H 7\u00b0.<\/li>\n<li style='margin-bottom: 5px;'>Relaci\u00f3n de ganancia desde adelante hacia atr\u00e1s: > 28 dB.<\/li>\n<li style='margin-bottom: 5px;'>Aislamiento: > 20 dB.<\/li>\n<li style='margin-bottom: 5px;'>VSWR: \u2264 1.5:1; m\u00e1x. 2.0.<\/li>\n<li style='margin-bottom: 5px;'>M\u00e1xima potencia por puerto: 50 W.<\/li>\n<li style='margin-bottom: 5px;'>Impedancia: 50 \u03a9.<\/li>\n<\/ul>\n<\/div>\n<div style='flex: 1 1 300px; min-width: 280px;'>\n<h3 style='font-size: 22px; border-bottom: 2px solid currentColor; padding-bottom: 5px; margin-top: 0; color: inherit; opacity: 0.8;'>Caracter\u00edsticas F\u00edsicas y El\u00e9ctricas<\/h3>\n<ul style='padding-left: 20px; font-size: 15px; color: inherit;'>\n<li style='margin-bottom: 5px;'>Dimensiones: \u03c6 0.6m.<\/li>\n<li style='margin-bottom: 5px;'>Peso: 2.5 kg.<\/li>\n<li style='margin-bottom: 5px;'>Color: Blanco.<\/li>\n<li style='margin-bottom: 5px;'>Montaje en poste (Di\u00e1metros 30 &#8211; 70 mm).<\/li>\n<li style='margin-bottom: 5px;'>Conectores: Incluye dos cables RF en conectores SMA Macho Inverso.<\/li>\n<li style='margin-bottom: 5px;'>Rango de temperatura: -55 a 70\u00b0C.<\/li>\n<li style='margin-bottom: 5px;'>Humedad: < 95 %.<\/li>\n<li style='margin-bottom: 5px;'>Supervivencia al viento: 200 km\/h.<\/li>\n<li style='margin-bottom: 5px;'>Dimensiones de env\u00edo: 70 Altura x 72 Ancho x 20 Profundidad cm.<\/li>\n<\/ul>\n<\/div>\n<\/div>\n<div style='display: flex; flex-wrap: wrap; gap: 30px; margin-bottom: 30px;'>\n<div style='flex: 1 1 300px; min-width: 280px;'>\n<h3 style='font-size: 22px; border-bottom: 2px solid currentColor; padding-bottom: 5px; margin-top: 0; color: inherit; opacity: 0.8;'>Ventajas<\/h3>\n<ul style='padding-left: 20px; font-size: 15px; color: inherit;'>\n<li style='margin-bottom: 5px;'>Antena de f\u00e1cil instalaci\u00f3n&comma; super ligera con jumper<\/li>\n<li style='margin-bottom: 5px;'>Distancia de operaci\u00f3n de hasta 20 km.<\/li>\n<li style='margin-bottom: 5px;'>Ganancia de 28 dBi<\/li>\n<li style='margin-bottom: 5px;'>Jumper con conector RPSMA<\/li>\n<li style='margin-bottom: 5px;'>\u00c1ngulo de apertura de 7\u00ba<\/li>\n<li style='margin-bottom: 5px;'>\u00c1ngulo de elevaci\u00f3n e inclinaci\u00f3n de 20\u00ba<\/li>\n<\/ul>\n<\/div>\n<div style='flex: 1 1 300px; min-width: 280px;'><img style='width: 100%; height: auto; border: 1px solid rgba(150&comma;150&comma;150&comma;0.3); border-radius: 8px;' src='https:\/\/ftp3.syscom.mx\/usuarios\/fotos\/TXPD486528SMA\/143522-captura_de_pantalla_2023-08-02_a_la(s)_9.23.14.png' alt=''><\/div>\n<\/div>\n<div style='display: flex; flex-wrap: wrap; gap: 30px; margin-bottom: 30px;'>\n<div style='flex: 1 1 300px; min-width: 280px;'><img style='width: 100%; height: auto; border: 1px solid rgba(150&comma;150&comma;150&comma;0.3); border-radius: 8px;' src='https:\/\/ftp3.syscom.mx\/usuarios\/fotos\/TXPD486528SMA\/143522-captura_de_pantalla_2022-12-22_a_la(s)_14.10.54.png' alt=''><\/div>\n<div style='flex: 1 1 300px; min-width: 280px;'><img style='width: 100%; height: auto; border: 1px solid rgba(150&comma;150&comma;150&comma;0.3); border-radius: 8px;' src='https:\/\/ftp3.syscom.mx\/usuarios\/fotos\/TXPD486528SMA\/143522-captura_de_pantalla_2022-12-22_a_la(s)_14.11.06.png' alt=''><\/div>\n<\/div>\n<\/div>\n","protected":false},"excerpt":{"rendered":"<p>Antena Direccional con Frecuencia Extendida \/ 4.8 &#8211; 6.5 GHz \/ 28 dBi \/  Jumper incluido con conector  SMA-Macho Inverso \/ Polaridad en 90\u00ba y 45\u00ba \/ Montaje incluido para torre o m\u00e1stil<\/p>\n","protected":false},"featured_media":72557,"comment_status":"open","ping_status":"closed","template":"","meta":[],"product_brand":[],"product_cat":[1990],"product_tag":[1992,1991,560],"class_list":{"0":"post-72558","1":"product","2":"type-product","3":"status-publish","4":"has-post-thumbnail","6":"product_cat-bandas-5-ghz-2-4-ghz","7":"product_tag-bandas-5-ghz-2-4-ghz","8":"product_tag-enlaces-de-backhaul","9":"product_tag-txpro","11":"first","12":"instock","13":"sale","14":"shipping-taxable","15":"purchasable","16":"product-type-simple"},"_links":{"self":[{"href":"https:\/\/soydeaqui.ddns.net\/pachuca\/index.php\/wp-json\/wp\/v2\/product\/72558","targetHints":{"allow":["GET"]}}],"collection":[{"href":"https:\/\/soydeaqui.ddns.net\/pachuca\/index.php\/wp-json\/wp\/v2\/product"}],"about":[{"href":"https:\/\/soydeaqui.ddns.net\/pachuca\/index.php\/wp-json\/wp\/v2\/types\/product"}],"replies":[{"embeddable":true,"href":"https:\/\/soydeaqui.ddns.net\/pachuca\/index.php\/wp-json\/wp\/v2\/comments?post=72558"}],"wp:featuredmedia":[{"embeddable":true,"href":"https:\/\/soydeaqui.ddns.net\/pachuca\/index.php\/wp-json\/wp\/v2\/media\/72557"}],"wp:attachment":[{"href":"https:\/\/soydeaqui.ddns.net\/pachuca\/index.php\/wp-json\/wp\/v2\/media?parent=72558"}],"wp:term":[{"taxonomy":"product_brand","embeddable":true,"href":"https:\/\/soydeaqui.ddns.net\/pachuca\/index.php\/wp-json\/wp\/v2\/product_brand?post=72558"},{"taxonomy":"product_cat","embeddable":true,"href":"https:\/\/soydeaqui.ddns.net\/pachuca\/index.php\/wp-json\/wp\/v2\/product_cat?post=72558"},{"taxonomy":"product_tag","embeddable":true,"href":"https:\/\/soydeaqui.ddns.net\/pachuca\/index.php\/wp-json\/wp\/v2\/product_tag?post=72558"}],"curies":[{"name":"wp","href":"https:\/\/api.w.org\/{rel}","templated":true}]}}