{"id":72550,"date":"2026-03-19T12:48:18","date_gmt":"2026-03-19T12:48:18","guid":{"rendered":"https:\/\/soydeaqui.ddns.net\/pachuca\/index.php\/producto\/disco-duro-wd-12tb-7200rpm-optimizado-nas-y-datacenter-helioseal\/"},"modified":"2026-03-19T12:48:19","modified_gmt":"2026-03-19T12:48:19","slug":"disco-duro-wd-12tb-7200rpm-optimizado-nas-y-datacenter-helioseal","status":"publish","type":"product","link":"https:\/\/soydeaqui.ddns.net\/pachuca\/index.php\/producto\/disco-duro-wd-12tb-7200rpm-optimizado-nas-y-datacenter-helioseal\/","title":{"rendered":"Disco duro WD 12TB \/ 7200RPM \/ Optimizado NAS y DataCenter \/ HelioSeal"},"content":{"rendered":"<div style='width: 100%; max-width: 1200px; margin: 0 auto; font-family: sans-serif; line-height: 1.6; color: inherit; background-color: transparent;'>\n<div style='display: flex; flex-direction: column; gap: 20px;'>\n<div>\n<h2 style='font-size: 24px; margin-top: 0; color: inherit; opacity: 0.9;'>WD Gold SATA HDD de clase empresarial<\/h2>\n<p style='color: inherit; font-size: 15px; margin-top: 0;'>El rendimiento de clase empresarial y la confiabilidad excepcional son parte de su ADN<\/p>\n<\/p><\/div>\n<div style='display: flex; justify-content: center;'> <img style='width: 100%; max-width: 400px; height: auto; border: 1px solid rgba(150&comma;150&comma;150&comma;0.3); border-radius: 8px;' src='http:\/\/172.31.13.99\/usuarios\/nortega\/WD\/imagenes\/gold\/GOLD.png' alt=''> <\/div>\n<div>\n<h2 style='font-size: 22px; color: inherit; opacity: 0.9; margin-top: 0;'>Domine cargas de trabajo dif\u00edciles con las unidades de disco duro de clase empresarial WD Gold\u2122<\/h2>\n<p style='color: inherit; font-size: 15px; margin-top: 15px;'>Disponible en capacidades de 1 TB a 18 TB&comma; WD Gold\u2122 es una soluci\u00f3n altamente confiable para entornos de almacenamiento exigentes que ofrece hasta 2&comma;5 millones de horas de MTBF&comma; tecnolog\u00eda de protecci\u00f3n contra vibraciones y un consumo de energ\u00eda bajo gracias a la tecnolog\u00eda de HelioSeal\u2122 (12 TB y superior).<\/p>\n<p style='color: inherit; font-size: 15px;'>Espec\u00edficamente dise\u00f1ado para usar en sistemas de almacenamiento de clase empresarial y en centros de datos&comma; WD Gold SATA HDD de clase empresarial ofrece el rendimiento de primera categor\u00eda que usted espera obtener de los discos duros de Western Digital\u00ae.<\/p>\n<\/p><\/div>\n<div style='display: flex; flex-direction: column; gap: 15px;'>\n<h3 style='font-size: 20px; border-bottom: 2px solid currentColor; padding-bottom: 5px; margin-top: 0; color: inherit; opacity: 0.8;'>Especificaciones t\u00e9cnicas<\/h3>\n<div style='display: flex; flex-wrap: wrap; gap: 20px;'>\n<div style='flex: 1 1 300px; min-width: 280px;'>\n<h4 style='font-size: 18px; color: inherit; opacity: 0.85; margin-top: 0;'>Especificaciones generales<\/h4>\n<ul style='padding-left: 20px; font-size: 15px; color: inherit; list-style-type: disc;'>\n<li style='margin-bottom: 5px;'><strong>N\u00famero de parte:<\/strong> WD121KRYZ<\/li>\n<li style='margin-bottom: 5px;'><strong>Capacidad:<\/strong> 12 TB<\/li>\n<li style='margin-bottom: 5px;'><strong>Factor de forma:<\/strong> 3.5 pulgadas<\/li>\n<li style='margin-bottom: 5px;'><strong>Interfaz:<\/strong> SATA III&comma; 6.0 Gb\/s<\/li>\n<\/ul><\/div>\n<div style='flex: 1 1 300px; min-width: 280px;'>\n<h4 style='font-size: 18px; color: inherit; opacity: 0.85; margin-top: 0;'>Rendimiento<\/h4>\n<ul style='padding-left: 20px; font-size: 15px; color: inherit; list-style-type: disc;'>\n<li style='margin-bottom: 5px;'><strong>Velocidad de rotaci\u00f3n:<\/strong> 7200 RPM<\/li>\n<li style='margin-bottom: 5px;'><strong>Velocidad de transferencia de datos:<\/strong><\/li>\n<ul style='padding-left: 30px; font-size: 15px; color: inherit; list-style-type: circle;'>\n<li style='margin-bottom: 5px;'>B\u00fafer a host: 600 Mb\/s<\/li>\n<li style='margin-bottom: 5px;'>Host a\/desde disco (sostenido): 262 MB\/s<\/li>\n<\/ul>\n<li style='margin-bottom: 5px;'><strong>Cache:<\/strong> 512MB<\/li>\n<\/ul><\/div>\n<div style='flex: 1 1 300px; min-width: 280px;'>\n<h4 style='font-size: 18px; color: inherit; opacity: 0.85; margin-top: 0;'>Caracter\u00edsticas f\u00edsicas<\/h4>\n<ul style='padding-left: 20px; font-size: 15px; color: inherit; list-style-type: disc;'>\n<li style='margin-bottom: 5px;'><strong>Dimensiones:<\/strong> 26.1 x 147 x 101.6 mm<\/li>\n<li style='margin-bottom: 5px;'><strong>Peso:<\/strong> 690 g<\/li>\n<li style='margin-bottom: 5px;'><strong>Cantidad de bah\u00edas:<\/strong> Sin l\u00edmite<\/li>\n<li style='margin-bottom: 5px;'><strong>Cantidad de c\u00e1maras:<\/strong> Sin l\u00edmite<\/li>\n<\/ul><\/div>\n<div style='flex: 1 1 300px; min-width: 280px;'>\n<h4 style='font-size: 18px; color: inherit; opacity: 0.85; margin-top: 0;'>Especificaciones el\u00e9ctricas<\/h4>\n<ul style='padding-left: 20px; font-size: 15px; color: inherit; list-style-type: disc;'>\n<li style='margin-bottom: 5px;'><strong>Consumo el\u00e9ctrico:<\/strong><\/li>\n<ul style='padding-left: 30px; font-size: 15px; color: inherit; list-style-type: circle;'>\n<li style='margin-bottom: 5px;'>Lectura \/ escritura: 6.5 W<\/li>\n<li style='margin-bottom: 5px;'>Inactivo: 5.6 W<\/li>\n<\/ul>\n<\/ul><\/div>\n<div style='flex: 1 1 300px; min-width: 280px;'>\n<h4 style='font-size: 18px; color: inherit; opacity: 0.85; margin-top: 0;'>Ambientales<\/h4>\n<ul style='padding-left: 20px; font-size: 15px; color: inherit; list-style-type: disc;'>\n<li style='margin-bottom: 5px;'><strong>Temperatura de operaci\u00f3n:<\/strong><\/li>\n<ul style='padding-left: 30px; font-size: 15px; color: inherit; list-style-type: circle;'>\n<li style='margin-bottom: 5px;'>En funcionamiento: 5\u00b0C &#8211; 60 \u00baC<\/li>\n<li style='margin-bottom: 5px;'>Inactivo: -40 &#8211; 70 \u00baC<\/li>\n<\/ul>\n<\/ul><\/div>\n<div style='flex: 1 1 300px; min-width: 280px;'>\n<h4 style='font-size: 18px; color: inherit; opacity: 0.85; margin-top: 0;'>Garant\u00eda<\/h4>\n<ul style='padding-left: 20px; font-size: 15px; color: inherit; list-style-type: disc;'>\n<li style='margin-bottom: 5px;'><strong>Garant\u00eda:<\/strong> 5 A\u00f1os<\/li>\n<\/ul><\/div>\n<\/p><\/div>\n<\/p><\/div>\n<\/p><\/div>\n<\/p><\/div>\n","protected":false},"excerpt":{"rendered":"<p>Disco duro WD 12TB \/ 7200RPM \/ Optimizado NAS y DataCenter \/ HelioSeal<\/p>\n","protected":false},"featured_media":72549,"comment_status":"open","ping_status":"closed","template":"","meta":[],"product_brand":[],"product_cat":[2021],"product_tag":[1974,2022,2023],"class_list":{"0":"post-72550","1":"product","2":"type-product","3":"status-publish","4":"has-post-thumbnail","6":"product_cat-discos-duros-mecanicos-hdd","7":"product_tag-almacenamiento","8":"product_tag-discos-duros-mecanicos-hdd","9":"product_tag-western-digital-wd","11":"first","12":"outofstock","13":"sale","14":"shipping-taxable","15":"purchasable","16":"product-type-simple"},"_links":{"self":[{"href":"https:\/\/soydeaqui.ddns.net\/pachuca\/index.php\/wp-json\/wp\/v2\/product\/72550","targetHints":{"allow":["GET"]}}],"collection":[{"href":"https:\/\/soydeaqui.ddns.net\/pachuca\/index.php\/wp-json\/wp\/v2\/product"}],"about":[{"href":"https:\/\/soydeaqui.ddns.net\/pachuca\/index.php\/wp-json\/wp\/v2\/types\/product"}],"replies":[{"embeddable":true,"href":"https:\/\/soydeaqui.ddns.net\/pachuca\/index.php\/wp-json\/wp\/v2\/comments?post=72550"}],"wp:featuredmedia":[{"embeddable":true,"href":"https:\/\/soydeaqui.ddns.net\/pachuca\/index.php\/wp-json\/wp\/v2\/media\/72549"}],"wp:attachment":[{"href":"https:\/\/soydeaqui.ddns.net\/pachuca\/index.php\/wp-json\/wp\/v2\/media?parent=72550"}],"wp:term":[{"taxonomy":"product_brand","embeddable":true,"href":"https:\/\/soydeaqui.ddns.net\/pachuca\/index.php\/wp-json\/wp\/v2\/product_brand?post=72550"},{"taxonomy":"product_cat","embeddable":true,"href":"https:\/\/soydeaqui.ddns.net\/pachuca\/index.php\/wp-json\/wp\/v2\/product_cat?post=72550"},{"taxonomy":"product_tag","embeddable":true,"href":"https:\/\/soydeaqui.ddns.net\/pachuca\/index.php\/wp-json\/wp\/v2\/product_tag?post=72550"}],"curies":[{"name":"wp","href":"https:\/\/api.w.org\/{rel}","templated":true}]}}