{"id":7255,"date":"2026-03-18T06:54:02","date_gmt":"2026-03-18T06:54:02","guid":{"rendered":"https:\/\/soydeaqui.ddns.net\/pachuca\/index.php\/producto\/cubierta-universal-de-montaje-superficial-con-espaciador-1-46-serie-universal-stopper-texto-de-incendio-en-espanol\/"},"modified":"2026-03-18T06:54:05","modified_gmt":"2026-03-18T06:54:05","slug":"cubierta-universal-de-montaje-superficial-con-espaciador-1-46-serie-universal-stopper-texto-de-incendio-en-espanol","status":"publish","type":"product","link":"https:\/\/soydeaqui.ddns.net\/pachuca\/index.php\/producto\/cubierta-universal-de-montaje-superficial-con-espaciador-1-46-serie-universal-stopper-texto-de-incendio-en-espanol\/","title":{"rendered":"Cubierta Universal De Montaje Superficial, Con Espaciador 1.46&#8243;, Serie Universal Stopper\u00ae Texto De Incendio En Espa\u00f1ol"},"content":{"rendered":"<div style='width: 100%; max-width: 1200px; margin: 0 auto; font-family: sans-serif; line-height: 1.6; color: inherit; background-color: transparent;'>\n<div style='display: flex; flex-wrap: wrap; gap: 30px; margin-bottom: 30px;'>\n<div style='flex: 1 1 300px; min-width: 280px;'>\n<h3 style='font-size: 22px; border-bottom: 2px solid currentColor; padding-bottom: 5px; margin-top: 0; color: inherit; opacity: 0.8;'>Caracter\u00edsticas<\/h3>\n<ul style='padding-left: 20px; font-size: 15px; color: inherit;'>\n<li style='margin-bottom: 5px;'>Protecci\u00f3n contra vandalismo&comma; da\u00f1o accidental&comma; polvo&comma; suciedad y ambientes agresivos en interiores<\/li>\n<li style='margin-bottom: 5px;'>Protege estaciones manuales de alarma de incendio&comma; teclados num\u00e9ricos&comma; estaciones de intercomunicadores&comma; botones de emergencia&comma; interruptores de iluminaci\u00f3n el\u00e9ctrica o tomacorrientes<\/li>\n<li style='margin-bottom: 5px;'>La tapa est\u00e1 moldeada en grueso policarbonato superresistente<\/li>\n<li style='margin-bottom: 5px;'>Dimensionada para adaptarse a la mayor\u00eda de las estaciones de alarma de incendio<\/li>\n<li style='margin-bottom: 5px;'>Alta resistencia&comma; bisagra enteriza<\/li>\n<li style='margin-bottom: 5px;'>Bajo perfil &#8211; Cumple con las normas de ADA<\/li>\n<li style='margin-bottom: 5px;'>Material estabilizado ante la luz ultravioleta&comma; para mantener la tapa transparente<\/li>\n<li style='margin-bottom: 5px;'>Las propiedades de trabajo t\u00edpicas para el policarbonato van de -40\u00b0 a 250\u00b0F (-40\u00b0 a 121\u00b0C)<\/li>\n<li style='margin-bottom: 5px;'>Dimensiones: 6.17&#8242; altura x 4.58&#8242; ancho x 1.83&#8242; profundidad (no incluye espaciador 1.46&#8242;) Favor de consultar ficha tecnica<\/li>\n<\/ul><\/div>\n<\/p><\/div>\n<\/p><\/div>\n","protected":false},"excerpt":{"rendered":"<p>Cubierta Universal De Montaje Superficial, Con Espaciador 1.46&#8243;, Serie Universal Stopper\u00ae Texto De Incendio En Espa\u00f1ol<\/p>\n","protected":false},"featured_media":7254,"comment_status":"open","ping_status":"closed","template":"","meta":[],"product_brand":[],"product_cat":[146],"product_tag":[93,147,169],"class_list":{"0":"post-7255","1":"product","2":"type-product","3":"status-publish","4":"has-post-thumbnail","6":"product_cat-sirenas-y-estrobos","7":"product_tag-accesorios","8":"product_tag-sirenas-y-estrobos","9":"product_tag-sti","11":"first","12":"instock","13":"sale","14":"shipping-taxable","15":"purchasable","16":"product-type-simple"},"_links":{"self":[{"href":"https:\/\/soydeaqui.ddns.net\/pachuca\/index.php\/wp-json\/wp\/v2\/product\/7255","targetHints":{"allow":["GET"]}}],"collection":[{"href":"https:\/\/soydeaqui.ddns.net\/pachuca\/index.php\/wp-json\/wp\/v2\/product"}],"about":[{"href":"https:\/\/soydeaqui.ddns.net\/pachuca\/index.php\/wp-json\/wp\/v2\/types\/product"}],"replies":[{"embeddable":true,"href":"https:\/\/soydeaqui.ddns.net\/pachuca\/index.php\/wp-json\/wp\/v2\/comments?post=7255"}],"wp:featuredmedia":[{"embeddable":true,"href":"https:\/\/soydeaqui.ddns.net\/pachuca\/index.php\/wp-json\/wp\/v2\/media\/7254"}],"wp:attachment":[{"href":"https:\/\/soydeaqui.ddns.net\/pachuca\/index.php\/wp-json\/wp\/v2\/media?parent=7255"}],"wp:term":[{"taxonomy":"product_brand","embeddable":true,"href":"https:\/\/soydeaqui.ddns.net\/pachuca\/index.php\/wp-json\/wp\/v2\/product_brand?post=7255"},{"taxonomy":"product_cat","embeddable":true,"href":"https:\/\/soydeaqui.ddns.net\/pachuca\/index.php\/wp-json\/wp\/v2\/product_cat?post=7255"},{"taxonomy":"product_tag","embeddable":true,"href":"https:\/\/soydeaqui.ddns.net\/pachuca\/index.php\/wp-json\/wp\/v2\/product_tag?post=7255"}],"curies":[{"name":"wp","href":"https:\/\/api.w.org\/{rel}","templated":true}]}}