{"id":72522,"date":"2026-03-19T12:47:06","date_gmt":"2026-03-19T12:47:06","guid":{"rendered":"https:\/\/soydeaqui.ddns.net\/pachuca\/index.php\/producto\/gateway-umg-con-1-puerto-telco-para-24-fxs-y-24-canales-voip-2-puertos-10-100-1000-mbps\/"},"modified":"2026-03-19T12:47:23","modified_gmt":"2026-03-19T12:47:23","slug":"gateway-umg-con-1-puerto-telco-para-24-fxs-y-24-canales-voip-2-puertos-10-100-1000-mbps","status":"publish","type":"product","link":"https:\/\/soydeaqui.ddns.net\/pachuca\/index.php\/producto\/gateway-umg-con-1-puerto-telco-para-24-fxs-y-24-canales-voip-2-puertos-10-100-1000-mbps\/","title":{"rendered":"Gateway UMG con 1 puerto Telco para 24 FXS y 24 canales VoIP, 2 puertos 10\/100\/1000 Mbps"},"content":{"rendered":"<div style='width: 100%; max-width: 1200px; margin: 0 auto; font-family: sans-serif; line-height: 1.6; color: inherit; background-color: transparent;'> <!-- Secci\u00f3n de descripci\u00f3n --> <\/p>\n<div style='margin-bottom: 30px;'>\n<p style='margin-top: 0; margin-bottom: 15px;'>La UMG FXS 240 es una user media gateway ideal para peque\u00f1as y medianas empresas que desean los beneficios de la telefon\u00eda VoIP con integraci\u00f3n de extensiones anal\u00f3gicas FXS y un equipo de inversi\u00f3n competitiva y alta confiabilidad.<\/p>\n<\/p><\/div>\n<p> <!-- Secci\u00f3n de caracter\u00edsticas principales --> <\/p>\n<div style='display: flex; flex-wrap: wrap; gap: 30px; margin-bottom: 30px;'>\n<div style='flex: 1 1 300px; min-width: 280px;'>\n<h3 style='font-size: 22px; border-bottom: 2px solid currentColor; padding-bottom: 5px; margin-top: 0; color: inherit; opacity: 0.8;'>Caracter\u00edsticas y Ventajas Principales<\/h3>\n<ul style='padding-left: 20px; font-size: 15px; color: inherit;'>\n<li style='margin-bottom: 5px;'>24 interfaces anal\u00f3gicas FXS<\/li>\n<li style='margin-bottom: 5px;'>24 canales VoIP<\/li>\n<li style='margin-bottom: 5px;'>2 puertos Ethernet que permiten conectarse directamente en el dispositivo a m\u00e1s de una operadora y ponerlas en la misma red o en redes diferentes<\/li>\n<li style='margin-bottom: 5px;'>Hasta 10 registros en diferentes operadoras VoIP<\/li>\n<li style='margin-bottom: 5px;'>Interfaz web de f\u00e1cil uso para la configuraci\u00f3n&comma; la supervisi\u00f3n y el diagn\u00f3stico<\/li>\n<li style='margin-bottom: 5px;'>Compatibilidad con la se\u00f1alizaci\u00f3n SIP<\/li>\n<li style='margin-bottom: 5px;'>Compatibilidad con codecs G.711 (A-law y \u03bc-law)&comma; G.729A y T.38 (fax)<\/li>\n<li style='margin-bottom: 5px;'>Compatibilidad con SNMP<\/li>\n<li style='margin-bottom: 5px;'>Billetaje personalizable por CDR<\/li>\n<li style='margin-bottom: 5px;'>No incluye fuente de alimentaci\u00f3n el\u00e9ctrica<\/li>\n<\/ul><\/div>\n<\/p><\/div>\n<p> <!-- Secci\u00f3n de aplicaciones --> <\/p>\n<div style='display: flex; flex-wrap: wrap; gap: 30px; margin-bottom: 30px;'>\n<div style='flex: 1 1 300px; min-width: 280px;'>\n<h3 style='font-size: 22px; border-bottom: 2px solid currentColor; padding-bottom: 5px; margin-top: 0; color: inherit; opacity: 0.8;'>Aplicaciones<\/h3>\n<ul style='padding-left: 20px; font-size: 15px; color: inherit;'>\n<li style='margin-bottom: 5px;'>Uso corporativo: ideal para enrutamiento de llamadas entre matriz y filiales mediante la red IP<\/li>\n<li style='margin-bottom: 5px;'>Uso en operadoras VoIP: indicado para su entrega a sus suscriptores<\/li>\n<li style='margin-bottom: 5px;'>Reorientaci\u00f3n de llamadas a rutas de menor costo<\/li>\n<li style='margin-bottom: 5px;'>Enrutamiento de llamadas por prefijo<\/li>\n<li style='margin-bottom: 5px;'>Fidelizaci\u00f3n por operadora<\/li>\n<\/ul><\/div>\n<\/p><\/div>\n<p> <!-- Secci\u00f3n de especificaciones f\u00edsicas y el\u00e9ctricas --> <\/p>\n<div style='display: flex; flex-wrap: wrap; gap: 30px; margin-bottom: 30px;'>\n<div style='flex: 1 1 300px; min-width: 280px;'>\n<h3 style='font-size: 22px; border-bottom: 2px solid currentColor; padding-bottom: 5px; margin-top: 0; color: inherit; opacity: 0.8;'>Caracter\u00edsticas f\u00edsicas y el\u00e9ctricas<\/h3>\n<ul style='padding-left: 20px; font-size: 15px; color: inherit;'>\n<li style='margin-bottom: 5px;'>Fuente de alimentaci\u00f3n de CA interna (est\u00e1ndar): Entrada: 100 ~ 240 V &#8211; 50\/60 Hz<\/li>\n<li style='margin-bottom: 5px;'>Consumo m\u00e1ximo de energ\u00eda: 30 W<\/li>\n<li style='margin-bottom: 5px;'>Fuente de alimentaci\u00f3n externa (opcional): Entrada: 12 V &#8211; 3&comma;5 A<\/li>\n<li style='margin-bottom: 5px;'>Consumo m\u00e1ximo de energ\u00eda: 30 W<\/li>\n<li style='margin-bottom: 5px;'>Dimensiones est\u00e1ndar en 1U y 1\/2 rack de 19 pulg. (viene con leng\u00fceta para fijaci\u00f3n en el rack) Dimensiones: 220&comma;5 x 44&comma;5 x 278 mm<\/li>\n<li style='margin-bottom: 5px;'>Peso: 1&comma;7 Kg (equipo con fuente interna)<\/li>\n<li style='margin-bottom: 5px;'>Conexiones: FXS: Conector Centronics<\/li>\n<li style='margin-bottom: 5px;'>2 puertos de red gigabit 10\/100\/1000 Base-T<\/li>\n<li style='margin-bottom: 5px;'>Conector de la fuente de alimentaci\u00f3n polarizada 12 VCC (fuente opcional)<\/li>\n<li style='margin-bottom: 5px;'>LED de estado del equipo<\/li>\n<li style='margin-bottom: 5px;'>LED de estado del m\u00f3dulo de telefon\u00eda<\/li>\n<li style='margin-bottom: 5px;'>LED de alerta a errores del m\u00f3dulo de telefon\u00eda<\/li>\n<li style='margin-bottom: 5px;'>Bot\u00f3n de restablecer\/restaurar<\/li>\n<li style='margin-bottom: 5px;'>Display gr\u00e1fico OLED (opcional)<\/li>\n<\/ul><\/div>\n<\/p><\/div>\n<p> <!-- Secci\u00f3n de diagrama --> <\/p>\n<div style='display: flex; flex-wrap: wrap; gap: 30px; margin-bottom: 30px;'>\n<div style='flex: 1 1 300px; min-width: 280px;'>\n<h3 style='font-size: 22px; border-bottom: 2px solid currentColor; padding-bottom: 5px; margin-top: 0; color: inherit; opacity: 0.8;'>Diagrama<\/h3>\n<div style='width: 100%;'> <img style='width: 100%; height: auto; border: 1px solid rgba(150&comma;150&comma;150&comma;0.3); border-radius: 8px;' src='https:\/\/ftp3.syscom.mx\/usuarios\/esanchez\/KHOMP\/UMGSERVER104\/UMG-FXS-240-esp.png' alt=''> <\/div>\n<\/p><\/div>\n<\/p><\/div>\n<p> <!-- Separador final --> <\/p>\n<hr style='border: 0; border-top: 1px solid rgba(150&comma; 150&comma; 150&comma; 0.3); margin: 30px 0;'> <\/div>\n","protected":false},"excerpt":{"rendered":"<p>Gateway UMG con 1 puerto Telco para 24 FXS y 24 canales VoIP, 2 puertos 10\/100\/1000 Mbps<\/p>\n","protected":false},"featured_media":72521,"comment_status":"open","ping_status":"closed","template":"","meta":[],"product_brand":[],"product_cat":[2070],"product_tag":[2071,966,2004],"class_list":{"0":"post-72522","1":"product","2":"type-product","3":"status-publish","4":"has-post-thumbnail","6":"product_cat-gateways-y-atas","7":"product_tag-gateways-y-atas","8":"product_tag-khomp","9":"product_tag-voip-telefonia-ip-videoconferencia","11":"first","12":"outofstock","13":"sale","14":"shipping-taxable","15":"purchasable","16":"product-type-simple"},"_links":{"self":[{"href":"https:\/\/soydeaqui.ddns.net\/pachuca\/index.php\/wp-json\/wp\/v2\/product\/72522","targetHints":{"allow":["GET"]}}],"collection":[{"href":"https:\/\/soydeaqui.ddns.net\/pachuca\/index.php\/wp-json\/wp\/v2\/product"}],"about":[{"href":"https:\/\/soydeaqui.ddns.net\/pachuca\/index.php\/wp-json\/wp\/v2\/types\/product"}],"replies":[{"embeddable":true,"href":"https:\/\/soydeaqui.ddns.net\/pachuca\/index.php\/wp-json\/wp\/v2\/comments?post=72522"}],"wp:featuredmedia":[{"embeddable":true,"href":"https:\/\/soydeaqui.ddns.net\/pachuca\/index.php\/wp-json\/wp\/v2\/media\/72521"}],"wp:attachment":[{"href":"https:\/\/soydeaqui.ddns.net\/pachuca\/index.php\/wp-json\/wp\/v2\/media?parent=72522"}],"wp:term":[{"taxonomy":"product_brand","embeddable":true,"href":"https:\/\/soydeaqui.ddns.net\/pachuca\/index.php\/wp-json\/wp\/v2\/product_brand?post=72522"},{"taxonomy":"product_cat","embeddable":true,"href":"https:\/\/soydeaqui.ddns.net\/pachuca\/index.php\/wp-json\/wp\/v2\/product_cat?post=72522"},{"taxonomy":"product_tag","embeddable":true,"href":"https:\/\/soydeaqui.ddns.net\/pachuca\/index.php\/wp-json\/wp\/v2\/product_tag?post=72522"}],"curies":[{"name":"wp","href":"https:\/\/api.w.org\/{rel}","templated":true}]}}