{"id":7249,"date":"2026-03-18T06:53:53","date_gmt":"2026-03-18T06:53:53","guid":{"rendered":"https:\/\/soydeaqui.ddns.net\/pachuca\/index.php\/producto\/cubierta-universal-transparente-de-bajo-perfil-con-espaciador-texto-de-incendio-en-espanol-notificacion-audible-y-visible\/"},"modified":"2026-03-18T06:53:57","modified_gmt":"2026-03-18T06:53:57","slug":"cubierta-universal-transparente-de-bajo-perfil-con-espaciador-texto-de-incendio-en-espanol-notificacion-audible-y-visible","status":"publish","type":"product","link":"https:\/\/soydeaqui.ddns.net\/pachuca\/index.php\/producto\/cubierta-universal-transparente-de-bajo-perfil-con-espaciador-texto-de-incendio-en-espanol-notificacion-audible-y-visible\/","title":{"rendered":"Cubierta Universal Transparente, de Bajo Perfil, con Espaciador, Texto de Incendio en Espa\u00f1ol, Notificaci\u00f3n Audible y Visible"},"content":{"rendered":"<div style='width: 100%; max-width: 1200px; margin: 0 auto; font-family: sans-serif; line-height: 1.6; color: inherit; background-color: transparent;'> <!-- Secci\u00f3n de caracter\u00edsticas principales --> <\/p>\n<div style='display: flex; flex-wrap: wrap; gap: 30px; margin-bottom: 30px;'>\n<div style='flex: 1 1 300px; min-width: 280px;'>\n<h3 style='font-size: 22px; border-bottom: 2px solid currentColor; padding-bottom: 5px; margin-top: 0; color: inherit; opacity: 0.8;'>Caracter\u00edsticas Principales<\/h3>\n<ul style='padding-left: 20px; font-size: 15px; color: inherit;'>\n<li>Protecci\u00f3n contra vandalismo y ambientes agresivos en interiores<\/li>\n<li>Policarbonato superresistente con bisagra enteriza de bajo perfil<\/li>\n<li>Notificaci\u00f3n visible y audible de hasta 105 dB<\/li>\n<li>Material estabilizado UV&comma; mantiene la tapa transparente<\/li>\n<li>Rango de trabajo: -40 a 250\u00b0F (-40 a 121\u00b0C)<\/li>\n<\/ul><\/div>\n<\/p><\/div>\n<p> <!-- Secci\u00f3n de protecci\u00f3n y durabilidad --> <\/p>\n<div style='display: flex; flex-wrap: wrap; gap: 30px; margin-bottom: 30px;'>\n<div style='flex: 1 1 300px; min-width: 280px;'>\n<h3 style='font-size: 22px; border-bottom: 2px solid currentColor; padding-bottom: 5px; margin-top: 0; color: inherit; opacity: 0.8;'>Protecci\u00f3n y Durabilidad<\/h3>\n<ul style='padding-left: 20px; font-size: 15px; color: inherit;'>\n<li>Protecci\u00f3n contra vandalismo&comma; da\u00f1o accidental&comma; polvo&comma; suciedad y ambientes agresivos en interiores<\/li>\n<li>Protege estaciones manuales de alarma de incendio&comma; teclados num\u00e9ricos&comma; estaciones de intercomunicadores&comma; botones de emergencia&comma; interruptores de iluminaci\u00f3n el\u00e9ctrica o tomacorrientes<\/li>\n<li>La tapa est\u00e1 moldeada en grueso policarbonato superresistente<\/li>\n<li>Alta resistencia&comma; bisagra enteriza<\/li>\n<li>Material estabilizado ante la luz ultravioleta&comma; para mantener la tapa transparente<\/li>\n<li>Las propiedades de trabajo t\u00edpicas para el policarbonato van de -40\u00b0 a 250\u00b0F (-40\u00b0 a 121\u00b0C)<\/li>\n<\/ul><\/div>\n<\/p><\/div>\n<p> <!-- Secci\u00f3n de especificaciones --> <\/p>\n<div style='display: flex; flex-wrap: wrap; gap: 20px; margin-bottom: 30px;'>\n<div style='flex: 1 1 250px; border: 1px solid rgba(150&comma; 150&comma; 150&comma; 0.4); border-radius: 8px; overflow: hidden; display: flex; flex-direction: column;'>\n<div style='padding: 15px; border-bottom: 1px solid rgba(150&comma; 150&comma; 150&comma; 0.2); font-weight: bold; font-size: 18px; color: inherit;'>Especificaciones<\/div>\n<div style='padding: 15px; color: inherit;'>\n<ul style='padding-left: 20px; margin: 0; font-size: 14px; list-style-type: disc;'>\n<li style='margin-bottom: 5px;'><strong>Material:<\/strong> Policarbonato superresistente<\/li>\n<li style='margin-bottom: 5px;'><strong>Tipo de instalaci\u00f3n:<\/strong> Montaje en superficie<\/li>\n<li style='margin-bottom: 5px;'><strong>Resistencia UV:<\/strong> S\u00ed&comma; mantiene la tapa transparente<\/li>\n<li style='margin-bottom: 5px;'><strong>Rango de temperatura:<\/strong> -40 a 250\u00b0F (-40 a 121\u00b0C)<\/li>\n<li style='margin-bottom: 5px;'><strong>Notificaci\u00f3n:<\/strong> Visible y audible a 105 dB<\/li>\n<li style='margin-bottom: 5px;'><strong>Perfil:<\/strong> Bajo perfil&comma; cumple con normas ADA<\/li>\n<\/ul><\/div>\n<\/p><\/div>\n<p> <!-- Secci\u00f3n de dimensiones --> <\/p>\n<div style='flex: 1 1 250px; border: 1px solid rgba(150&comma; 150&comma; 150&comma; 0.4); border-radius: 8px; overflow: hidden; display: flex; flex-direction: column;'>\n<div style='padding: 15px; border-bottom: 1px solid rgba(150&comma; 150&comma; 150&comma; 0.2); font-weight: bold; font-size: 18px; color: inherit;'>Dimensiones<\/div>\n<div style='padding: 15px; color: inherit;'>\n<ul style='padding-left: 20px; margin: 0; font-size: 14px; list-style-type: disc;'>\n<li style='margin-bottom: 5px;'><strong>Altura:<\/strong> 8.15 in. (207mm)<\/li>\n<li style='margin-bottom: 5px;'><strong>Ancho:<\/strong> 7.55 in. (191mm)<\/li>\n<li style='margin-bottom: 5px;'><strong>Profundidad:<\/strong> 6.75 in. (171mm)<\/li>\n<li style='margin-bottom: 5px;'><strong>Distancia entre orificios:<\/strong> 6.45 in. a 6.17 in. (163mm a 156mm)<\/li>\n<\/ul><\/div>\n<\/p><\/div>\n<p> <!-- Secci\u00f3n de garant\u00eda y compatibilidad --> <\/p>\n<div style='flex: 1 1 250px; border: 1px solid rgba(150&comma; 150&comma; 150&comma; 0.4); border-radius: 8px; overflow: hidden; display: flex; flex-direction: column;'>\n<div style='padding: 15px; border-bottom: 1px solid rgba(150&comma; 150&comma; 150&comma; 0.2); font-weight: bold; font-size: 18px; color: inherit;'>Garant\u00eda y Compatibilidad<\/div>\n<div style='padding: 15px; color: inherit;'>\n<ul style='padding-left: 20px; margin: 0; font-size: 14px; list-style-type: disc;'>\n<li style='margin-bottom: 5px;'>Garant\u00eda de 3 a\u00f1os o garant\u00eda limitada de 1 a\u00f1o (desde la fecha de compra)<\/li>\n<li style='margin-bottom: 5px;'>Compatible con estaciones de alarma de incendio&comma; teclados num\u00e9ricos&comma; estaciones de intercomunicadores&comma; botones de emergencia&comma; interruptores de iluminaci\u00f3n el\u00e9ctrica o tomacorrientes<\/li>\n<\/ul><\/div>\n<\/p><\/div>\n<\/p><\/div>\n<p> <!-- Separador --> <\/p>\n<hr style='border: 0; border-top: 1px solid rgba(150&comma; 150&comma; 150&comma; 0.3); margin: 30px 0;'> <\/div>\n","protected":false},"excerpt":{"rendered":"<p>Cubierta Universal Transparente, de Bajo Perfil, con Espaciador, Texto de Incendio en Espa\u00f1ol, Notificaci\u00f3n Audible y Visible<\/p>\n","protected":false},"featured_media":7248,"comment_status":"open","ping_status":"closed","template":"","meta":[],"product_brand":[],"product_cat":[146],"product_tag":[93,147,169],"class_list":{"0":"post-7249","1":"product","2":"type-product","3":"status-publish","4":"has-post-thumbnail","6":"product_cat-sirenas-y-estrobos","7":"product_tag-accesorios","8":"product_tag-sirenas-y-estrobos","9":"product_tag-sti","11":"first","12":"outofstock","13":"sale","14":"shipping-taxable","15":"purchasable","16":"product-type-simple"},"_links":{"self":[{"href":"https:\/\/soydeaqui.ddns.net\/pachuca\/index.php\/wp-json\/wp\/v2\/product\/7249","targetHints":{"allow":["GET"]}}],"collection":[{"href":"https:\/\/soydeaqui.ddns.net\/pachuca\/index.php\/wp-json\/wp\/v2\/product"}],"about":[{"href":"https:\/\/soydeaqui.ddns.net\/pachuca\/index.php\/wp-json\/wp\/v2\/types\/product"}],"replies":[{"embeddable":true,"href":"https:\/\/soydeaqui.ddns.net\/pachuca\/index.php\/wp-json\/wp\/v2\/comments?post=7249"}],"wp:featuredmedia":[{"embeddable":true,"href":"https:\/\/soydeaqui.ddns.net\/pachuca\/index.php\/wp-json\/wp\/v2\/media\/7248"}],"wp:attachment":[{"href":"https:\/\/soydeaqui.ddns.net\/pachuca\/index.php\/wp-json\/wp\/v2\/media?parent=7249"}],"wp:term":[{"taxonomy":"product_brand","embeddable":true,"href":"https:\/\/soydeaqui.ddns.net\/pachuca\/index.php\/wp-json\/wp\/v2\/product_brand?post=7249"},{"taxonomy":"product_cat","embeddable":true,"href":"https:\/\/soydeaqui.ddns.net\/pachuca\/index.php\/wp-json\/wp\/v2\/product_cat?post=7249"},{"taxonomy":"product_tag","embeddable":true,"href":"https:\/\/soydeaqui.ddns.net\/pachuca\/index.php\/wp-json\/wp\/v2\/product_tag?post=7249"}],"curies":[{"name":"wp","href":"https:\/\/api.w.org\/{rel}","templated":true}]}}