{"id":72488,"date":"2026-03-19T12:45:53","date_gmt":"2026-03-19T12:45:53","guid":{"rendered":"https:\/\/soydeaqui.ddns.net\/pachuca\/index.php\/producto\/punto-de-acceso-omada-doble-banda-ac-1750-mu-mimo-mesh-omada-montaje-en-techo-pared-configuracion-stand-alone-o-por-controlador-alimentacion-poe-af\/"},"modified":"2026-03-19T12:46:03","modified_gmt":"2026-03-19T12:46:03","slug":"punto-de-acceso-omada-doble-banda-ac-1750-mu-mimo-mesh-omada-montaje-en-techo-pared-configuracion-stand-alone-o-por-controlador-alimentacion-poe-af","status":"publish","type":"product","link":"https:\/\/soydeaqui.ddns.net\/pachuca\/index.php\/producto\/punto-de-acceso-omada-doble-banda-ac-1750-mu-mimo-mesh-omada-montaje-en-techo-pared-configuracion-stand-alone-o-por-controlador-alimentacion-poe-af\/","title":{"rendered":"Punto de Acceso Omada \/ Doble Banda AC 1750 MU-MIMO \/ Mesh Omada \/ Montaje en Techo-Pared \/ Configuraci\u00f3n Stand-alone o Por Controlador \/ Alimentaci\u00f3n PoE af"},"content":{"rendered":"<div style='width: 100%; max-width: 1200px; margin: 0 auto; font-family: sans-serif; line-height: 1.6; color: inherit; background-color: transparent;'>\n<div style='text-align: center; margin: 30px 0;'>\n<h2 style='margin: 0; font-size: 22px; color: inherit; opacity: 0.8;'> <a href='https:\/\/www.tp-link.com\/es\/omada-sdn\/' style='color: inherit; text-decoration: none; border-bottom: 1px dotted rgba(150&comma;150&comma;150&comma;0.6);'>Aprende m\u00e1s sobre Omada Cloud<\/a> <\/h2>\n<\/p><\/div>\n<div style='margin: 30px 0;'> <img style='width: 100%; height: auto; border: 1px solid rgba(150&comma;150&comma;150&comma;0.3); border-radius: 8px;' src='https:\/\/ftp3.syscom.mx\/usuarios\/fotos\/EAP245\/159392-image_-_2023-02-23t112756.453.png' alt=''> <\/div>\n<div style='margin: 30px 0;'>\n<div style='display: flex; flex-direction: column; align-items: center; text-align: center; margin-bottom: 20px;'>\n<h2 style='font-size: 22px; border-bottom: 2px solid currentColor; padding-bottom: 5px; margin-top: 0; color: inherit; opacity: 0.8;'>Cambio autom\u00e1tico de se\u00f1al<\/h2>\n<p> <img style='width: 100%; height: auto; border: 1px solid rgba(150&comma;150&comma;150&comma;0.3); border-radius: 8px; max-width: 800px; margin-top: 15px;' src='https:\/\/ftp3.syscom.mx\/usuarios\/fotos\/EAP245\/159392-image_-_2023-02-23t112813.565.png' alt=''> <\/div>\n<div style='display: flex; flex-direction: column; align-items: center; text-align: center; margin-bottom: 20px;'>\n<h2 style='font-size: 22px; border-bottom: 2px solid currentColor; padding-bottom: 5px; margin-top: 0; color: inherit; opacity: 0.8;'>M\u00e1s capacidad de transferencia<\/h2>\n<p> <img style='width: 100%; height: auto; border: 1px solid rgba(150&comma;150&comma;150&comma;0.3); border-radius: 8px; max-width: 1000px; margin-top: 15px;' src='https:\/\/ftp3.syscom.mx\/usuarios\/fotos\/EAP245\/159392-image_-_2023-02-23t112807.124.png' alt=''> <\/div>\n<div style='display: flex; flex-direction: column; align-items: center; text-align: center; margin-bottom: 20px;'>\n<h2 style='font-size: 22px; border-bottom: 2px solid currentColor; padding-bottom: 5px; margin-top: 0; color: inherit; opacity: 0.8;'>Conecta cualquier equipo en el puerto de red secundario<\/h2>\n<p> <img style='width: 100%; height: auto; border: 1px solid rgba(150&comma;150&comma;150&comma;0.3); border-radius: 8px; max-width: 800px; margin-top: 15px;' src='https:\/\/ftp3.syscom.mx\/usuarios\/fotos\/EAP245\/159392-image_-_2023-02-23t112821.963.png' alt=''> <\/div>\n<div style='display: flex; flex-direction: column; align-items: center; text-align: center; margin-bottom: 20px;'>\n<h2 style='font-size: 22px; border-bottom: 2px solid currentColor; padding-bottom: 5px; margin-top: 0; color: inherit; opacity: 0.8;'>Roaming Continuo<\/h2>\n<p> <img style='width: 100%; height: auto; border: 1px solid rgba(150&comma;150&comma;150&comma;0.3); border-radius: 8px; max-width: 600px; margin-top: 15px;' src='https:\/\/ftp3.syscom.mx\/usuarios\/fotos\/EAP245\/159392-captura_de_pantalla_2024-02-16_a_la(s)_10.59.47 a.m..png' alt=''> <\/div>\n<\/p><\/div>\n<div style='margin: 30px 0;'>\n<div style='display: flex; flex-wrap: wrap; gap: 20px; margin-bottom: 30px;'>\n<div style='flex: 1 1 250px; border: 1px solid rgba(150&comma; 150&comma; 150&comma; 0.4); border-radius: 8px; overflow: hidden; display: flex; flex-direction: column;'>\n<div style='padding: 15px; border-bottom: 1px solid rgba(150&comma; 150&comma; 150&comma; 0.2); font-weight: bold; font-size: 18px; color: inherit;'>Especificaciones<\/div>\n<div style='padding: 15px; color: inherit;'>\n<ul style='padding-left: 20px; margin: 0; font-size: 14px; list-style-type: disc;'>\n<li style='margin-bottom: 5px;'><strong>Dimensiones:<\/strong> 205.5 x 181.5 x 37.1 mm<\/li>\n<li style='margin-bottom: 5px;'><strong>Puertos:<\/strong> (2) 10\/100\/1000 Mbps RJ45&comma; 1 entrada PoE af&comma; 1 salida solo datos<\/li>\n<li style='margin-bottom: 5px;'><strong>Bot\u00f3n Reset:<\/strong> S\u00ed<\/li>\n<li style='margin-bottom: 5px;'><strong>Alimentaci\u00f3n:<\/strong> PoE 802.3 af \/ PoE Pasivo 48V&comma; Consumo m\u00e1x: 16.3 W<\/li>\n<li style='margin-bottom: 5px;'><strong>Antenas:<\/strong> 2.4 GHz: 2&#215;3 dBi&comma; 5 GHz: 2&#215;5 dBi<\/li>\n<li style='margin-bottom: 5px;'><strong>Montaje:<\/strong> Techo\/Pared (montaje incluido)<\/li>\n<\/ul><\/div>\n<\/p><\/div>\n<div style='flex: 1 1 250px; border: 1px solid rgba(150&comma; 150&comma; 150&comma; 0.4); border-radius: 8px; overflow: hidden; display: flex; flex-direction: column;'>\n<div style='padding: 15px; border-bottom: 1px solid rgba(150&comma; 150&comma; 150&comma; 0.2); font-weight: bold; font-size: 18px; color: inherit;'>Caracter\u00edsticas<\/div>\n<div style='padding: 15px; color: inherit;'>\n<ul style='padding-left: 20px; margin: 0; font-size: 14px; list-style-type: disc;'>\n<li style='margin-bottom: 5px;'><strong>Gesti\u00f3n web:<\/strong> S\u00ed<\/li>\n<li style='margin-bottom: 5px;'><strong>Estandares inal\u00e1mbricos:<\/strong> IEEE 802.11 ac\/n\/b\/g\/a<\/li>\n<li style='margin-bottom: 5px;'><strong>Potencia de transmisi\u00f3n:<\/strong> CE: <20 dBm 2.4 GHz \/ <23 dBm 5 GHz&comma; FCC: <24 dBm 2.4 GHz \/ <24 dBm 5 GHz<\/li>\n<li style='margin-bottom: 5px;'><strong>Temperatura de operaci\u00f3n:<\/strong> 0 &#8211; 40\u00b0 C<\/li>\n<li style='margin-bottom: 5px;'><strong>Certificaciones:<\/strong> CE&comma; FCC&comma; RoHS<\/li>\n<\/ul><\/div>\n<\/p><\/div>\n<div style='flex: 1 1 250px; border: 1px solid rgba(150&comma; 150&comma; 150&comma; 0.4); border-radius: 8px; overflow: hidden; display: flex; flex-direction: column;'>\n<div style='padding: 15px; border-bottom: 1px solid rgba(150&comma; 150&comma; 150&comma; 0.2); font-weight: bold; font-size: 18px; color: inherit;'>Otros<\/div>\n<div style='padding: 15px; color: inherit;'>\n<ul style='padding-left: 20px; margin: 0; font-size: 14px; list-style-type: disc;'>\n<li style='margin-bottom: 5px;'><strong>Funciones Avanzadas:<\/strong> L\u00edmite de tr\u00e1fico&comma; Mesh Omada&comma; M\u00faltiples SSID (hasta 16&comma; 8 por banda)&comma; Asignaci\u00f3n autom\u00e1tica de canales&comma; Programa de reinicio&comma; Portal cautivo (hotspot)&comma; App Omada&comma; MU-MIMO<\/li>\n<li style='margin-bottom: 5px;'><strong>Contenido del Paquete:<\/strong> EAP245&comma; Inyector PoE&comma; Kits de montaje Pared&comma; Gu\u00eda de instalaci\u00f3n<\/li>\n<li style='margin-bottom: 5px;'><strong>Garant\u00eda:<\/strong> 2 a\u00f1os<\/li>\n<\/ul><\/div>\n<\/p><\/div>\n<\/p><\/div>\n<\/p><\/div>\n<hr style='border: 0; border-top: 1px solid rgba(150&comma; 150&comma; 150&comma; 0.3); margin: 30px 0;'> <\/div>\n","protected":false},"excerpt":{"rendered":"<p>Punto de Acceso Omada \/ Doble Banda AC 1750 MU-MIMO \/ Mesh Omada \/ Montaje en Techo-Pared \/ Configuraci\u00f3n Stand-alone o Por Controlador \/ Alimentaci\u00f3n PoE af<\/p>\n","protected":false},"featured_media":72487,"comment_status":"open","ping_status":"closed","template":"","meta":[],"product_brand":[],"product_cat":[1794],"product_tag":[1795,1479,71],"class_list":{"0":"post-72488","1":"product","2":"type-product","3":"status-publish","4":"has-post-thumbnail","6":"product_cat-puntos-de-acceso","7":"product_tag-puntos-de-acceso","8":"product_tag-redes-wifi","9":"product_tag-tp-link","11":"first","12":"instock","13":"sale","14":"shipping-taxable","15":"purchasable","16":"product-type-simple"},"_links":{"self":[{"href":"https:\/\/soydeaqui.ddns.net\/pachuca\/index.php\/wp-json\/wp\/v2\/product\/72488","targetHints":{"allow":["GET"]}}],"collection":[{"href":"https:\/\/soydeaqui.ddns.net\/pachuca\/index.php\/wp-json\/wp\/v2\/product"}],"about":[{"href":"https:\/\/soydeaqui.ddns.net\/pachuca\/index.php\/wp-json\/wp\/v2\/types\/product"}],"replies":[{"embeddable":true,"href":"https:\/\/soydeaqui.ddns.net\/pachuca\/index.php\/wp-json\/wp\/v2\/comments?post=72488"}],"wp:featuredmedia":[{"embeddable":true,"href":"https:\/\/soydeaqui.ddns.net\/pachuca\/index.php\/wp-json\/wp\/v2\/media\/72487"}],"wp:attachment":[{"href":"https:\/\/soydeaqui.ddns.net\/pachuca\/index.php\/wp-json\/wp\/v2\/media?parent=72488"}],"wp:term":[{"taxonomy":"product_brand","embeddable":true,"href":"https:\/\/soydeaqui.ddns.net\/pachuca\/index.php\/wp-json\/wp\/v2\/product_brand?post=72488"},{"taxonomy":"product_cat","embeddable":true,"href":"https:\/\/soydeaqui.ddns.net\/pachuca\/index.php\/wp-json\/wp\/v2\/product_cat?post=72488"},{"taxonomy":"product_tag","embeddable":true,"href":"https:\/\/soydeaqui.ddns.net\/pachuca\/index.php\/wp-json\/wp\/v2\/product_tag?post=72488"}],"curies":[{"name":"wp","href":"https:\/\/api.w.org\/{rel}","templated":true}]}}