{"id":72472,"date":"2026-03-19T12:45:18","date_gmt":"2026-03-19T12:45:18","guid":{"rendered":"https:\/\/soydeaqui.ddns.net\/pachuca\/index.php\/producto\/telefono-wifi-portatil-empresarial-conectividad-a-la-red-voip-via-wifi\/"},"modified":"2026-03-19T12:45:31","modified_gmt":"2026-03-19T12:45:31","slug":"telefono-wifi-portatil-empresarial-conectividad-a-la-red-voip-via-wifi","status":"publish","type":"product","link":"https:\/\/soydeaqui.ddns.net\/pachuca\/index.php\/producto\/telefono-wifi-portatil-empresarial-conectividad-a-la-red-voip-via-wifi\/","title":{"rendered":"Tel\u00e9fono WiFi port\u00e1til empresarial, conectividad a la red VoIP v\u00eda WiFi"},"content":{"rendered":"<div style='width: 100%; max-width: 1200px; margin: 0 auto; font-family: sans-serif; line-height: 1.6; color: inherit; background-color: transparent;'> <!-- Descripci\u00f3n principal --> <\/p>\n<div style='margin-bottom: 30px; font-size: 15px; color: inherit;'>\n<p>El WP820 es un tel\u00e9fono Wifi port\u00e1til dise\u00f1ado para adaptarse a una variedad de aplicaciones empresariales y del mercado vertical&comma; incluyendo ventas al menudeo&comma; log\u00edstica&comma; servicios de salud y seguridad. Este poderoso tel\u00e9fono Wifi port\u00e1til viene equipado con soporte Wifi integrado de doble banda 802.11a\/b\/g\/n&comma; avanzado dise\u00f1o de antena y soporte de roaming y Bluetooth integrado para conectar con aud\u00edfonos y dispositivos m\u00f3viles. Adem\u00e1s de 7.5 horas de conversaci\u00f3n y voz HD con micr\u00f3fonos duales&comma; el WP820 ofrece una poderosa combinaci\u00f3n de caracter\u00edsticas&comma; movilidad y durabilidad para satisfacer todas las necesidades de telefon\u00eda port\u00e1tiles.<\/p>\n<\/p><\/div>\n<p> <!-- Secciones de caracter\u00edsticas --> <\/p>\n<div style='display: flex; flex-wrap: wrap; gap: 30px; margin-bottom: 30px;'>\n<div style='flex: 1 1 300px; min-width: 280px;'>\n<h3 style='font-size: 22px; border-bottom: 2px solid currentColor; padding-bottom: 5px; margin-top: 0; color: inherit; opacity: 0.8;'>Protocolo\/Est\u00e1ndares<\/h3>\n<ul style='padding-left: 20px; font-size: 15px; color: inherit;'>\n<li style='margin-bottom: 5px;'>SIP RFC3261<\/li>\n<li style='margin-bottom: 5px;'>TCP\/IP\/UDP<\/li>\n<li style='margin-bottom: 5px;'>RTP\/RTCP<\/li>\n<li style='margin-bottom: 5px;'>HTTP\/HTTPS<\/li>\n<li style='margin-bottom: 5px;'>ARP<\/li>\n<li style='margin-bottom: 5px;'>ICMP<\/li>\n<li style='margin-bottom: 5px;'>DNS (A record&comma; SRV&comma; NAPTR)<\/li>\n<li style='margin-bottom: 5px;'>DHCP<\/li>\n<li style='margin-bottom: 5px;'>SSH<\/li>\n<li style='margin-bottom: 5px;'>TFTP<\/li>\n<li style='margin-bottom: 5px;'>NTP<\/li>\n<li style='margin-bottom: 5px;'>STUN<\/li>\n<li style='margin-bottom: 5px;'>SIMPLE<\/li>\n<li style='margin-bottom: 5px;'>LLDP-MED<\/li>\n<li style='margin-bottom: 5px;'>LDAP<\/li>\n<li style='margin-bottom: 5px;'>TR-069<\/li>\n<li style='margin-bottom: 5px;'>802.1x<\/li>\n<li style='margin-bottom: 5px;'>TLS<\/li>\n<li style='margin-bottom: 5px;'>SRTP<\/li>\n<li style='margin-bottom: 5px;'>IPv6<\/li>\n<\/ul><\/div>\n<div style='flex: 1 1 300px; min-width: 280px;'>\n<h3 style='font-size: 22px; border-bottom: 2px solid currentColor; padding-bottom: 5px; margin-top: 0; color: inherit; opacity: 0.8;'>C\u00f3decs de Voz<\/h3>\n<ul style='padding-left: 20px; font-size: 15px; color: inherit;'>\n<li style='margin-bottom: 5px;'>G.711\u00b5\/a<\/li>\n<li style='margin-bottom: 5px;'>G.729A\/B<\/li>\n<li style='margin-bottom: 5px;'>G.722 (banda ancha)<\/li>\n<li style='margin-bottom: 5px;'>iLBC<\/li>\n<li style='margin-bottom: 5px;'>Opus<\/li>\n<li style='margin-bottom: 5px;'>DTMF en la banda y fuera de la banda (In audio&comma; RFC2833&comma; SIP INFO)<\/li>\n<\/ul>\n<h3 style='font-size: 22px; border-bottom: 2px solid currentColor; padding-bottom: 5px; margin-top: 25px; margin-bottom: 15px; color: inherit; opacity: 0.8;'>Gr\u00e1ficos<\/h3>\n<ul style='padding-left: 20px; font-size: 15px; color: inherit;'>\n<li style='margin-bottom: 5px;'>LCD a color TFT de 2.4 pulgadas (240&#215;320)<\/li>\n<\/ul>\n<h3 style='font-size: 22px; border-bottom: 2px solid currentColor; padding-bottom: 5px; margin-top: 25px; margin-bottom: 15px; color: inherit; opacity: 0.8;'>Bluetooth<\/h3>\n<ul style='padding-left: 20px; font-size: 15px; color: inherit;'>\n<li style='margin-bottom: 5px;'>S\u00ed&comma; Bluetooth 4.2<\/li>\n<\/ul><\/div>\n<div style='flex: 1 1 300px; min-width: 280px;'>\n<h3 style='font-size: 22px; border-bottom: 2px solid currentColor; padding-bottom: 5px; margin-top: 0; color: inherit; opacity: 0.8;'>Perif\u00e9ricos<\/h3>\n<ul style='padding-left: 20px; font-size: 15px; color: inherit;'>\n<li style='margin-bottom: 5px;'>3 teclas de funci\u00f3n<\/li>\n<li style='margin-bottom: 5px;'>Marcaci\u00f3n<\/li>\n<li style='margin-bottom: 5px;'>Colgado<\/li>\n<li style='margin-bottom: 5px;'>Altavoz<\/li>\n<li style='margin-bottom: 5px;'>Directorio telef\u00f3nico<\/li>\n<li style='margin-bottom: 5px;'>Teclado con iluminaci\u00f3n de fondo<\/li>\n<li style='margin-bottom: 5px;'>Sensor de proximidad<\/li>\n<li style='margin-bottom: 5px;'>Acelerador<\/li>\n<li style='margin-bottom: 5px;'>Motor de vibraci\u00f3n<\/li>\n<\/ul><\/div>\n<div style='flex: 1 1 300px; min-width: 280px;'>\n<h3 style='font-size: 22px; border-bottom: 2px solid currentColor; padding-bottom: 5px; margin-top: 0; color: inherit; opacity: 0.8;'>Puertos<\/h3>\n<ul style='padding-left: 20px; font-size: 15px; color: inherit;'>\n<li style='margin-bottom: 5px;'>Conector para aud\u00edfonos de 3.5 mm<\/li>\n<li style='margin-bottom: 5px;'>Puerto micro USB para carga<\/li>\n<li style='margin-bottom: 5px;'>Micr\u00f3fono dual<\/li>\n<\/ul>\n<h3 style='font-size: 22px; border-bottom: 2px solid currentColor; padding-bottom: 5px; margin-top: 25px; margin-bottom: 15px; color: inherit; opacity: 0.8;'>Sistema Operativo<\/h3>\n<ul style='padding-left: 20px; font-size: 15px; color: inherit;'>\n<li style='margin-bottom: 5px;'>Android 7.0<\/li>\n<li style='margin-bottom: 5px;'>Soporta aplicaciones personalizadas para Android que corresponden a la pantalla \/ el teclado del tel\u00e9fono<\/li>\n<\/ul><\/div>\n<\/p><\/div>\n<p> <!-- Secci\u00f3n de telefon\u00eda --> <\/p>\n<div style='margin-bottom: 30px;'>\n<h3 style='font-size: 22px; border-bottom: 2px solid currentColor; padding-bottom: 5px; margin-top: 0; color: inherit; opacity: 0.8;'>Telefon\u00eda<\/h3>\n<ul style='padding-left: 20px; font-size: 15px; color: inherit;'>\n<li style='margin-bottom: 5px;'>Retenci\u00f3n<\/li>\n<li style='margin-bottom: 5px;'>Transferencia<\/li>\n<li style='margin-bottom: 5px;'>Desv\u00edo<\/li>\n<li style='margin-bottom: 5px;'>Conferencia de audio de 3 participantes<\/li>\n<li style='margin-bottom: 5px;'>Estacionamiento\/recuperaci\u00f3n de llamadas<\/li>\n<li style='margin-bottom: 5px;'>Estado de l\u00ednea compartida (SCA)\/estado de l\u00ednea en puente (BLA)<\/li>\n<li style='margin-bottom: 5px;'>Directorio telef\u00f3nico descargable (XML&comma; LDAP&comma; hasta 500 contactos)<\/li>\n<li style='margin-bottom: 5px;'>Llamada en espera<\/li>\n<li style='margin-bottom: 5px;'>Registro de llamadas (hasta 100 registros)<\/li>\n<li style='margin-bottom: 5px;'>Marcaci\u00f3n autom\u00e1tica al descolgar<\/li>\n<li style='margin-bottom: 5px;'>Contestaci\u00f3n autom\u00e1tica<\/li>\n<li style='margin-bottom: 5px;'>Clic para marcar<\/li>\n<li style='margin-bottom: 5px;'>Plan de marcaci\u00f3n flexible<\/li>\n<li style='margin-bottom: 5px;'>Hot desking<\/li>\n<li style='margin-bottom: 5px;'>Tonos musicales de llamada personalizados y m\u00fasica en espera<\/li>\n<li style='margin-bottom: 5px;'>Redundancia de servidor y tolerancia frente a fallos<\/li>\n<li style='margin-bottom: 5px;'>Funci\u00f3n PTT (pulsar para hablar)<\/li>\n<\/ul><\/div>\n<p> <!-- Secci\u00f3n de especificaciones adicionales --> <\/p>\n<div style='display: flex; flex-wrap: wrap; gap: 30px; margin-bottom: 30px;'>\n<div style='flex: 1 1 300px; min-width: 280px;'>\n<h3 style='font-size: 22px; border-bottom: 2px solid currentColor; padding-bottom: 5px; margin-top: 0; color: inherit; opacity: 0.8;'>Seguridad<\/h3>\n<ul style='padding-left: 20px; font-size: 15px; color: inherit;'>\n<li style='margin-bottom: 5px;'>Contrase\u00f1as a nivel de usuario y administrador<\/li>\n<li style='margin-bottom: 5px;'>Autenticaci\u00f3n basada en MD5 y MD5-sess<\/li>\n<li style='margin-bottom: 5px;'>Archivo de configuraci\u00f3n segura basado en AES de 256 bits<\/li>\n<li style='margin-bottom: 5px;'>SRTP<\/li>\n<li style='margin-bottom: 5px;'>TLS<\/li>\n<li style='margin-bottom: 5px;'>Control de Acceso al Medio 802.1x<\/li>\n<\/ul><\/div>\n<div style='flex: 1 1 300px; min-width: 280px;'>\n<h3 style='font-size: 22px; border-bottom: 2px solid currentColor; padding-bottom: 5px; margin-top: 0; color: inherit; opacity: 0.8;'>Audio HD<\/h3>\n<ul style='padding-left: 20px; font-size: 15px; color: inherit;'>\n<li style='margin-bottom: 5px;'>S\u00ed&comma; tanto en aud\u00edfonos&comma; como en altavoz con soporte para audio de banda ancha<\/li>\n<li style='margin-bottom: 5px;'>Compatibilidad con HAC<\/li>\n<\/ul>\n<h3 style='font-size: 22px; border-bottom: 2px solid currentColor; padding-bottom: 5px; margin-top: 25px; margin-bottom: 15px; color: inherit; opacity: 0.8;'>QoS<\/h3>\n<ul style='padding-left: 20px; font-size: 15px; color: inherit;'>\n<li style='margin-bottom: 5px;'>Layer 2 (802.1Q&comma; 802.1p)&comma; 802.11e<\/li>\n<li style='margin-bottom: 5px;'>Layer 3 (ToS&comma; DiffServ&comma; MPLS) QoS<\/li>\n<\/ul><\/div>\n<div style='flex: 1 1 300px; min-width: 280px;'>\n<h3 style='font-size: 22px; border-bottom: 2px solid currentColor; padding-bottom: 5px; margin-top: 0; color: inherit; opacity: 0.8;'>Multilenguaje<\/h3>\n<ul style='padding-left: 20px; font-size: 15px; color: inherit;'>\n<li style='margin-bottom: 5px;'>Ingl\u00e9s<\/li>\n<li style='margin-bottom: 5px;'>\u00c1rabe<\/li>\n<li style='margin-bottom: 5px;'>Chino<\/li>\n<li style='margin-bottom: 5px;'>Croata<\/li>\n<li style='margin-bottom: 5px;'>Checo<\/li>\n<li style='margin-bottom: 5px;'>Holand\u00e9s<\/li>\n<li style='margin-bottom: 5px;'>Alem\u00e1n<\/li>\n<li style='margin-bottom: 5px;'>Franc\u00e9s<\/li>\n<li style='margin-bottom: 5px;'>Hebreo<\/li>\n<li style='margin-bottom: 5px;'>H\u00fangaro<\/li>\n<li style='margin-bottom: 5px;'>Italiano<\/li>\n<li style='margin-bottom: 5px;'>Japon\u00e9s<\/li>\n<li style='margin-bottom: 5px;'>Coreano<\/li>\n<li style='margin-bottom: 5px;'>Polaco<\/li>\n<li style='margin-bottom: 5px;'>Portugu\u00e9s<\/li>\n<li style='margin-bottom: 5px;'>Ruso<\/li>\n<li style='margin-bottom: 5px;'>Esloveno<\/li>\n<li style='margin-bottom: 5px;'>Espa\u00f1ol<\/li>\n<li style='margin-bottom: 5px;'>Turco<\/li>\n<\/ul><\/div>\n<div style='flex: 1 1 300px; min-width: 280px;'>\n<h3 style='font-size: 22px; border-bottom: 2px solid currentColor; padding-bottom: 5px; margin-top: 0; color: inherit; opacity: 0.8;'>Actualizaci\u00f3n\/Aprovisionamiento<\/h3>\n<ul style='padding-left: 20px; font-size: 15px; color: inherit;'>\n<li style='margin-bottom: 5px;'>Actualizaci\u00f3n de firmware por medio de TFTP \/ HTTP \/ HTTPS<\/li>\n<li style='margin-bottom: 5px;'>Aprovisionamiento masivo usando TR-069 o el archivo de configuraci\u00f3n XML cifrado con AES<\/li>\n<\/ul>\n<h3 style='font-size: 22px; border-bottom: 2px solid currentColor; padding-bottom: 5px; margin-top: 25px; margin-bottom: 15px; color: inherit; opacity: 0.8;'>Alimentaci\u00f3n y Eficiencia de Energ\u00eda Limpia<\/h3>\n<ul style='padding-left: 20px; font-size: 15px; color: inherit;'>\n<li style='margin-bottom: 5px;'>Adaptador de energ\u00eda universal incluido<\/li>\n<li style='margin-bottom: 5px;'>Entrada: 100-240VAC; Salida: +5VDC&comma; 1A (5W)<\/li>\n<li style='margin-bottom: 5px;'>Bater\u00eda de ion de litio de 1500mA<\/li>\n<li style='margin-bottom: 5px;'>Tiempo en espera de 150 horas<\/li>\n<li style='margin-bottom: 5px;'>Tiempo de conversaci\u00f3n de 7.5 horas<\/li>\n<\/ul><\/div>\n<\/p><\/div>\n<p> <!-- Secci\u00f3n de especificaciones f\u00edsicas --> <\/p>\n<div style='display: flex; flex-wrap: wrap; gap: 30px; margin-bottom: 30px;'>\n<div style='flex: 1 1 300px; min-width: 280px;'>\n<h3 style='font-size: 22px; border-bottom: 2px solid currentColor; padding-bottom: 5px; margin-top: 0; color: inherit; opacity: 0.8;'>Especificaciones F\u00edsicas<\/h3>\n<ul style='padding-left: 20px; font-size: 15px; color: inherit;'>\n<li style='margin-bottom: 5px;'>Dimensiones de aud\u00edfonos: 168.5 x 52.5 x 21.8mm<\/li>\n<li style='margin-bottom: 5px;'>Dimensiones de cargador: 76 x 73 x 81mm<\/li>\n<li style='margin-bottom: 5px;'>Peso de aud\u00edfonos: 161g<\/li>\n<li style='margin-bottom: 5px;'>Peso de aud\u00edfonos con paquete (sin incluir la Gu\u00eda de Instalaci\u00f3n R\u00e1pida): 456g<\/li>\n<\/ul><\/div>\n<div style='flex: 1 1 300px; min-width: 280px;'>\n<h3 style='font-size: 22px; border-bottom: 2px solid currentColor; padding-bottom: 5px; margin-top: 0; color: inherit; opacity: 0.8;'>Temperatura y Humedad<\/h3>\n<ul style='padding-left: 20px; font-size: 15px; color: inherit;'>\n<li style='margin-bottom: 5px;'>Temperatura de Operaci\u00f3n: 0\u00b0C a 45\u00b0C<\/li>\n<li style='margin-bottom: 5px;'>Humedad de Operaci\u00f3n: 10-90% (sin condensaci\u00f3n)<\/li>\n<li style='margin-bottom: 5px;'>Temperatura de Almacenamiento: -20\u00b0C a 60\u00b0C<\/li>\n<li style='margin-bottom: 5px;'>Humedad de Almacenamiento: 10%-90% (sin condensaci\u00f3n)<\/li>\n<\/ul><\/div>\n<\/p><\/div>\n<p> <!-- Secci\u00f3n de contenido con im\u00e1genes --> <\/p>\n<div style='margin-bottom: 30px;'>\n<div style='display: flex; flex-wrap: wrap; gap: 20px; justify-content: center;'>\n<div style='flex: 1 1 300px; max-width: 300px;'> <img style='width: 100%; height: auto; border: 1px solid rgba(150&comma;150&comma;150&comma;0.3); border-radius: 8px;' src='https:\/\/voip.world\/media\/image\/product\/7494\/md\/grandstream-wp800-push-to-talk_walkie-talkie-dual-band-wifi-ip-phone.jpg' alt='Grandstream WP800 Dual-band WiFi IP phone (Push-to-Talk\/Walkie Talkie function&comma; IP Video Doorphone compatible)'> <\/div>\n<div style='flex: 1 1 300px; max-width: 300px;'> <img style='width: 100%; height: auto; border: 1px solid rgba(150&comma;150&comma;150&comma;0.3); border-radius: 8px;' src='https:\/\/voip.world\/media\/image\/product\/7494\/md\/grandstream-wp800-push-to-talk_walkie-talkie-dual-band-wifi-ip-phone~3.jpg' alt='Grandstream WP800 Dual-band WiFi IP phone (Push-to-Talk\/Walkie Talkie function&comma; IP Video Doorphone compatible)'> <\/div>\n<div style='flex: 1 1 300px; max-width: 300px;'> <img style='width: 100%; height: auto; border: 1px solid rgba(150&comma;150&comma;150&comma;0.3); border-radius: 8px;' src='https:\/\/voip.world\/media\/image\/product\/7494\/md\/grandstream-wp800-push-to-talk_walkie-talkie-dual-band-wifi-ip-phone~4.jpg' alt='Grandstream WP800 Dual-band WiFi IP phone (Push-to-Talk\/Walkie Talkie function&comma; IP Video Doorphone compatible)'> <\/div>\n<div style='flex: 1 1 300px; max-width: 300px;'> <img style='width: 100%; height: auto; border: 1px solid rgba(150&comma;150&comma;150&comma;0.3); border-radius: 8px;' src='https:\/\/voip.world\/media\/image\/product\/7494\/md\/grandstream-wp800-push-to-talk_walkie-talkie-dual-band-wifi-ip-phone~5.jpg' alt='Grandstream WP800 Dual-band WiFi IP phone (Push-to-Talk\/Walkie Talkie function&comma; IP Video Doorphone compatible)'> <\/div>\n<\/p><\/div>\n<\/p><\/div>\n<p> <!-- Secci\u00f3n de garant\u00eda --> <\/p>\n<div style='margin-bottom: 30px; font-size: 15px; color: inherit;'>\n<p><strong>* 1 a\u00f1o de garant\u00eda<\/strong><\/p>\n<\/p><\/div>\n<p> <!-- Contenido adicional --> <\/p>\n<div style='display: flex; flex-wrap: wrap; gap: 30px;'>\n<div style='flex: 1 1 300px; min-width: 280px;'>\n<h3 style='font-size: 22px; border-bottom: 2px solid currentColor; padding-bottom: 5px; margin-top: 0; color: inherit; opacity: 0.8;'>Contenido del Paquete<\/h3>\n<ul style='padding-left: 20px; font-size: 15px; color: inherit;'>\n<li style='margin-bottom: 5px;'>Suministro el\u00e9ctrico universal<\/li>\n<li style='margin-bottom: 5px;'>Cargador<\/li>\n<li style='margin-bottom: 5px;'>Clip para cintur\u00f3n<\/li>\n<li style='margin-bottom: 5px;'>1 bater\u00eda de ion de litio<\/li>\n<li style='margin-bottom: 5px;'>Gu\u00eda de Configuraci\u00f3n R\u00e1pida<\/li>\n<\/ul><\/div>\n<div style='flex: 1 1 300px; min-width: 280px;'>\n<h3 style='font-size: 22px; border-bottom: 2px solid currentColor; padding-bottom: 5px; margin-top: 0; color: inherit; opacity: 0.8;'>Conformidad<\/h3>\n<ul style='padding-left: 20px; font-size: 15px; color: inherit;'>\n<li style='margin-bottom: 5px;'>FCC<\/li>\n<li style='margin-bottom: 5px;'>CE<\/li>\n<li style='margin-bottom: 5px;'>RCM<\/li>\n<li style='margin-bottom: 5px;'>EAC<\/li>\n<\/ul><\/div>\n<\/p><\/div>\n<p> <!-- Separador final --> <\/p>\n<hr style='border: 0; border-top: 1px solid rgba(150&comma; 150&comma; 150&comma; 0.3); margin: 30px 0;'> <\/div>\n","protected":false},"excerpt":{"rendered":"<p>Tel\u00e9fono WiFi port\u00e1til empresarial, conectividad a la red VoIP v\u00eda WiFi<\/p>\n","protected":false},"featured_media":72471,"comment_status":"open","ping_status":"closed","template":"","meta":[],"product_brand":[],"product_cat":[2003],"product_tag":[909,2005,2004],"class_list":{"0":"post-72472","1":"product","2":"type-product","3":"status-publish","4":"has-post-thumbnail","6":"product_cat-telefonos-ip","7":"product_tag-grandstream","8":"product_tag-telefonos-ip","9":"product_tag-voip-telefonia-ip-videoconferencia","11":"first","12":"instock","13":"sale","14":"shipping-taxable","15":"purchasable","16":"product-type-simple"},"_links":{"self":[{"href":"https:\/\/soydeaqui.ddns.net\/pachuca\/index.php\/wp-json\/wp\/v2\/product\/72472","targetHints":{"allow":["GET"]}}],"collection":[{"href":"https:\/\/soydeaqui.ddns.net\/pachuca\/index.php\/wp-json\/wp\/v2\/product"}],"about":[{"href":"https:\/\/soydeaqui.ddns.net\/pachuca\/index.php\/wp-json\/wp\/v2\/types\/product"}],"replies":[{"embeddable":true,"href":"https:\/\/soydeaqui.ddns.net\/pachuca\/index.php\/wp-json\/wp\/v2\/comments?post=72472"}],"wp:featuredmedia":[{"embeddable":true,"href":"https:\/\/soydeaqui.ddns.net\/pachuca\/index.php\/wp-json\/wp\/v2\/media\/72471"}],"wp:attachment":[{"href":"https:\/\/soydeaqui.ddns.net\/pachuca\/index.php\/wp-json\/wp\/v2\/media?parent=72472"}],"wp:term":[{"taxonomy":"product_brand","embeddable":true,"href":"https:\/\/soydeaqui.ddns.net\/pachuca\/index.php\/wp-json\/wp\/v2\/product_brand?post=72472"},{"taxonomy":"product_cat","embeddable":true,"href":"https:\/\/soydeaqui.ddns.net\/pachuca\/index.php\/wp-json\/wp\/v2\/product_cat?post=72472"},{"taxonomy":"product_tag","embeddable":true,"href":"https:\/\/soydeaqui.ddns.net\/pachuca\/index.php\/wp-json\/wp\/v2\/product_tag?post=72472"}],"curies":[{"name":"wp","href":"https:\/\/api.w.org\/{rel}","templated":true}]}}