{"id":72465,"date":"2026-03-19T12:45:01","date_gmt":"2026-03-19T12:45:01","guid":{"rendered":"https:\/\/soydeaqui.ddns.net\/pachuca\/index.php\/producto\/wap-60g-ap-punto-de-acceso-en-60ghz-apertura-60o-con-velocidades-de-hasta-1gbps-alcance-aprox-200mts-p-8-cpe\/"},"modified":"2026-03-19T12:45:09","modified_gmt":"2026-03-19T12:45:09","slug":"wap-60g-ap-punto-de-acceso-en-60ghz-apertura-60o-con-velocidades-de-hasta-1gbps-alcance-aprox-200mts-p-8-cpe","status":"publish","type":"product","link":"https:\/\/soydeaqui.ddns.net\/pachuca\/index.php\/producto\/wap-60g-ap-punto-de-acceso-en-60ghz-apertura-60o-con-velocidades-de-hasta-1gbps-alcance-aprox-200mts-p-8-cpe\/","title":{"rendered":"(wAP 60G AP) Punto de Acceso en 60GHz apertura 60\u00ba con Velocidades de &#8220;Hasta 1Gbps&#8221;, Alcance aprox 200mts, p\/8 CPE"},"content":{"rendered":"<div style='width: 100%; max-width: 1200px; margin: 0 auto; font-family: sans-serif; line-height: 1.6; color: inherit; background-color: transparent;'>\n<div style='margin-bottom: 30px; font-size: 15px; color: inherit;'>\n<p style='margin: 0 0 15px; color: inherit;'>El wAP 60G AP es una unidad inal\u00e1mbrica integrada de 60 GHz resistente a la intemperie&comma; que se puede utilizar en interiores o exteriores en diferentes escenarios: estaci\u00f3n base&comma; punto a punto o CPE.<\/p>\n<p style='margin: 0 0 15px; color: inherit;'>La caja incluye un kit de montaje en pared&comma; correas para montaje en poste&comma; fuente de alimentaci\u00f3n&comma; inyector PoE y tambi\u00e9n soporte de mesa para usar el dispositivo en interiores. Penetra algunas ventanas seg\u00fan el material.<\/p>\n<p style='margin: 0 0 15px; color: inherit;'>wAP 60G AP admite hasta ocho clientes simult\u00e1neos en distancias hasta de 200 m.<\/p>\n<\/p><\/div>\n<div style='display: flex; flex-wrap: wrap; gap: 20px; margin-bottom: 30px;'>\n<div style='flex: 1 1 250px; border: 1px solid rgba(150&comma; 150&comma; 150&comma; 0.4); border-radius: 8px; overflow: hidden; display: flex; flex-direction: column;'>\n<div style='padding: 15px; border-bottom: 1px solid rgba(150&comma; 150&comma; 150&comma; 0.2); font-weight: bold; font-size: 18px; color: inherit;'>Especificaciones<\/div>\n<div style='padding: 15px; color: inherit;'>\n<ul style='padding-left: 20px; margin: 0; font-size: 14px; list-style-type: disc;'>\n<li style='margin-bottom: 5px;'><strong>C\u00f3digo de producto:<\/strong> RBwAPG-60ad-A<\/li>\n<li style='margin-bottom: 5px;'><strong>Arquitectura:<\/strong> ARM32bit<\/li>\n<li style='margin-bottom: 5px;'><strong>CPU:<\/strong> IPQ-4019<\/li>\n<li style='margin-bottom: 5px;'><strong>Recuento de n\u00facleos de CPU:<\/strong> 4<\/li>\n<li style='margin-bottom: 5px;'><strong>Frecuencia nominal de la CPU:<\/strong> 716 MHz<\/li>\n<li style='margin-bottom: 5px;'><strong>Dimensiones:<\/strong> 185 x 85 x 30 mm<\/li>\n<li style='margin-bottom: 5px;'><strong>Licencia de RouterOS:<\/strong> 4<\/li>\n<li style='margin-bottom: 5px;'><strong>Sistema operativo:<\/strong> <a style='color: inherit; text-decoration: none;' href='https:\/\/wiki.mikrotik.com\/wiki\/Manual:TOC' target='_blank' rel='noopener'>RouterOS<\/a><\/li>\n<li style='margin-bottom: 5px;'><strong>Tama\u00f1o de RAM:<\/strong> 256 MB<\/li>\n<li style='margin-bottom: 5px;'><strong>Tama\u00f1o de almacenamiento:<\/strong> 16 MB<\/li>\n<li style='margin-bottom: 5px;'><strong>Tipo de almacenamiento:<\/strong> FLASH<\/li>\n<li style='margin-bottom: 5px;'><strong>Temperatura ambiente probada:<\/strong> -40 \u00b0C hasta 70 \u00b0C<\/li>\n<li style='margin-bottom: 5px;'><strong>MTBF:<\/strong> Aproximadamente 200.000 horas a 25 \u00b0C<\/li>\n<\/ul><\/div>\n<\/p><\/div>\n<div style='flex: 1 1 250px; border: 1px solid rgba(150&comma; 150&comma; 150&comma; 0.4); border-radius: 8px; overflow: hidden; display: flex; flex-direction: column;'>\n<div style='padding: 15px; border-bottom: 1px solid rgba(150&comma; 150&comma; 150&comma; 0.2); font-weight: bold; font-size: 18px; color: inherit;'>Alimentaci\u00f3n<\/div>\n<div style='padding: 15px; color: inherit;'>\n<ul style='padding-left: 20px; margin: 0; font-size: 14px; list-style-type: disc;'>\n<li style='margin-bottom: 5px;'><strong>PoE in:<\/strong> 802.3af\/at<\/li>\n<li style='margin-bottom: 5px;'><strong>PoE in voltaje de entrada:<\/strong> 11-57 V<\/li>\n<li style='margin-bottom: 5px;'><strong>N\u00famero de entradas DC:<\/strong> 2 (toma de CC&comma; PoE-IN)<\/li>\n<li style='margin-bottom: 5px;'><strong>Voltaje de entrada DC jack:<\/strong> 11-57 V<\/li>\n<li style='margin-bottom: 5px;'><strong>Consumo m\u00e1ximo de energ\u00eda:<\/strong> 5 W<\/li>\n<li style='margin-bottom: 5px;'><strong>Recuento de ventiladores:<\/strong> Pasivo<\/li>\n<\/ul><\/div>\n<\/p><\/div>\n<div style='flex: 1 1 250px; border: 1px solid rgba(150&comma; 150&comma; 150&comma; 0.4); border-radius: 8px; overflow: hidden; display: flex; flex-direction: column;'>\n<div style='padding: 15px; border-bottom: 1px solid rgba(150&comma; 150&comma; 150&comma; 0.2); font-weight: bold; font-size: 18px; color: inherit;'>Ethernet<\/div>\n<div style='padding: 15px; color: inherit;'>\n<ul style='padding-left: 20px; margin: 0; font-size: 14px; list-style-type: disc;'>\n<li style='margin-bottom: 5px;'><strong>Puertos Ethernet 10\/100\/1000:<\/strong> 1<\/li>\n<\/ul><\/div>\n<\/p><\/div>\n<div style='flex: 1 1 250px; border: 1px solid rgba(150&comma; 150&comma; 150&comma; 0.4); border-radius: 8px; overflow: hidden; display: flex; flex-direction: column;'>\n<div style='padding: 15px; border-bottom: 1px solid rgba(150&comma; 150&comma; 150&comma; 0.2); font-weight: bold; font-size: 18px; color: inherit;'>Certificaciones y aprobaciones<\/div>\n<div style='padding: 15px; color: inherit;'>\n<ul style='padding-left: 20px; margin: 0; font-size: 14px; list-style-type: disc;'>\n<li style='margin-bottom: 5px;'><strong>Certificaci\u00f3n:<\/strong> CE&comma; FCC&comma; IC&comma; EAC&comma; ROHS<\/li>\n<\/ul><\/div>\n<\/p><\/div>\n<\/p><\/div>\n<div style='margin-bottom: 30px;'>\n<h3 style='font-size: 22px; border-bottom: 2px solid currentColor; padding-bottom: 5px; margin-top: 0; margin-bottom: 15px; color: inherit; opacity: 0.8;'>Ethernet test results<\/h3>\n<div style='overflow-x: auto; -webkit-overflow-scrolling: touch; -ms-overflow-style: -ms-autohiding-scrollbar;'>\n<table style='width: 100%; border-collapse: collapse; margin-bottom: 20px; color: inherit; font-size: 14px;'>\n<thead>\n<tr style='background-color: rgba(150&comma;150&comma;150&comma;0.1);'>\n<th colspan='2' style='padding: 10px; text-align: left; border-bottom: 1px solid rgba(150&comma;150&comma;150&comma;0.3); border-right: 1px solid rgba(150&comma;150&comma;150&comma;0.3);'>RBwAPG-60ad-A<\/th>\n<th colspan='6' style='padding: 10px; text-align: left; border-bottom: 1px solid rgba(150&comma;150&comma;150&comma;0.3);'>IPQ-4019 1G one port test<\/th>\n<\/tr>\n<tr style='background-color: rgba(150&comma;150&comma;150&comma;0.1);'>\n<th style='padding: 10px; text-align: left; border-bottom: 1px solid rgba(150&comma;150&comma;150&comma;0.3); border-right: 1px solid rgba(150&comma;150&comma;150&comma;0.3);'>Mode<\/th>\n<th style='padding: 10px; text-align: left; border-bottom: 1px solid rgba(150&comma;150&comma;150&comma;0.3); border-right: 1px solid rgba(150&comma;150&comma;150&comma;0.3);'>Configuration<\/th>\n<th colspan='2' style='padding: 10px; text-align: center; border-bottom: 1px solid rgba(150&comma;150&comma;150&comma;0.3); border-right: 1px solid rgba(150&comma;150&comma;150&comma;0.3);'>1518 byte<\/th>\n<th colspan='2' style='padding: 10px; text-align: center; border-bottom: 1px solid rgba(150&comma;150&comma;150&comma;0.3); border-right: 1px solid rgba(150&comma;150&comma;150&comma;0.3);'>512 byte<\/th>\n<th colspan='2' style='padding: 10px; text-align: center; border-bottom: 1px solid rgba(150&comma;150&comma;150&comma;0.3);'>64 byte<\/th>\n<\/tr>\n<tr style='background-color: rgba(150&comma;150&comma;150&comma;0.1);'>\n<th style='padding: 10px; text-align: left; border-right: 1px solid rgba(150&comma;150&comma;150&comma;0.3);'>kpps<\/th>\n<th style='padding: 10px; text-align: left; border-right: 1px solid rgba(150&comma;150&comma;150&comma;0.3);'>Mbps<\/th>\n<th style='padding: 10px; text-align: left; border-right: 1px solid rgba(150&comma;150&comma;150&comma;0.3);'>kpps<\/th>\n<th style='padding: 10px; text-align: left; border-right: 1px solid rgba(150&comma;150&comma;150&comma;0.3);'>Mbps<\/th>\n<th style='padding: 10px; text-align: left; border-right: 1px solid rgba(150&comma;150&comma;150&comma;0.3);'>kpps<\/th>\n<th style='padding: 10px; text-align: left;'>Mbps<\/th>\n<\/tr>\n<\/thead>\n<tbody>\n<tr style='border-bottom: 1px solid rgba(150&comma;150&comma;150&comma;0.3);'>\n<td style='padding: 10px; border-right: 1px solid rgba(150&comma;150&comma;150&comma;0.3);'>Bridging<\/td>\n<td style='padding: 10px; border-right: 1px solid rgba(150&comma;150&comma;150&comma;0.3);'>none (fast path)<\/td>\n<td style='padding: 10px; border-right: 1px solid rgba(150&comma;150&comma;150&comma;0.3);'>81&comma;2<\/td>\n<td style='padding: 10px; border-right: 1px solid rgba(150&comma;150&comma;150&comma;0.3);'>986.1<\/td>\n<td style='padding: 10px; border-right: 1px solid rgba(150&comma;150&comma;150&comma;0.3);'>234&comma;9<\/td>\n<td style='padding: 10px; border-right: 1px solid rgba(150&comma;150&comma;150&comma;0.3);'>962.2<\/td>\n<td style='padding: 10px; border-right: 1px solid rgba(150&comma;150&comma;150&comma;0.3);'>1482&comma;6<\/td>\n<td style='padding: 10px;'>759.1<\/td>\n<\/tr>\n<tr style='border-bottom: 1px solid rgba(150&comma;150&comma;150&comma;0.3);'>\n<td style='padding: 10px; border-right: 1px solid rgba(150&comma;150&comma;150&comma;0.3);'>Bridging<\/td>\n<td style='padding: 10px; border-right: 1px solid rgba(150&comma;150&comma;150&comma;0.3);'>25 bridge filter rules<\/td>\n<td style='padding: 10px; border-right: 1px solid rgba(150&comma;150&comma;150&comma;0.3);'>81&comma;2<\/td>\n<td style='padding: 10px; border-right: 1px solid rgba(150&comma;150&comma;150&comma;0.3);'>986.1<\/td>\n<td style='padding: 10px; border-right: 1px solid rgba(150&comma;150&comma;150&comma;0.3);'>227&comma;7<\/td>\n<td style='padding: 10px; border-right: 1px solid rgba(150&comma;150&comma;150&comma;0.3);'>932.7<\/td>\n<td style='padding: 10px; border-right: 1px solid rgba(150&comma;150&comma;150&comma;0.3);'>231&comma;9<\/td>\n<td style='padding: 10px;'>118.7<\/td>\n<\/tr>\n<tr style='border-bottom: 1px solid rgba(150&comma;150&comma;150&comma;0.3);'>\n<td style='padding: 10px; border-right: 1px solid rgba(150&comma;150&comma;150&comma;0.3);'>Routing<\/td>\n<td style='padding: 10px; border-right: 1px solid rgba(150&comma;150&comma;150&comma;0.3);'>none (fast path)<\/td>\n<td style='padding: 10px; border-right: 1px solid rgba(150&comma;150&comma;150&comma;0.3);'>81&comma;2<\/td>\n<td style='padding: 10px; border-right: 1px solid rgba(150&comma;150&comma;150&comma;0.3);'>986.1<\/td>\n<td style='padding: 10px; border-right: 1px solid rgba(150&comma;150&comma;150&comma;0.3);'>235&comma;1<\/td>\n<td style='padding: 10px; border-right: 1px solid rgba(150&comma;150&comma;150&comma;0.3);'>963.0<\/td>\n<td style='padding: 10px; border-right: 1px solid rgba(150&comma;150&comma;150&comma;0.3);'>1421&comma;8<\/td>\n<td style='padding: 10px;'>728.0<\/td>\n<\/tr>\n<tr style='border-bottom: 1px solid rgba(150&comma;150&comma;150&comma;0.3);'>\n<td style='padding: 10px; border-right: 1px solid rgba(150&comma;150&comma;150&comma;0.3);'>Routing<\/td>\n<td style='padding: 10px; border-right: 1px solid rgba(150&comma;150&comma;150&comma;0.3);'>25 simple queues<\/td>\n<td style='padding: 10px; border-right: 1px solid rgba(150&comma;150&comma;150&comma;0.3);'>81&comma;2<\/td>\n<td style='padding: 10px; border-right: 1px solid rgba(150&comma;150&comma;150&comma;0.3);'>986.1<\/td>\n<td style='padding: 10px; border-right: 1px solid rgba(150&comma;150&comma;150&comma;0.3);'>235&comma;1<\/td>\n<td style='padding: 10px; border-right: 1px solid rgba(150&comma;150&comma;150&comma;0.3);'>963.0<\/td>\n<td style='padding: 10px; border-right: 1px solid rgba(150&comma;150&comma;150&comma;0.3);'>458&comma;3<\/td>\n<td style='padding: 10px;'>234.6<\/td>\n<\/tr>\n<tr style='border-bottom: 1px solid rgba(150&comma;150&comma;150&comma;0.3);'>\n<td style='padding: 10px; border-right: 1px solid rgba(150&comma;150&comma;150&comma;0.3);'>Routing<\/td>\n<td style='padding: 10px; border-right: 1px solid rgba(150&comma;150&comma;150&comma;0.3);'>25 ip filter rules<\/td>\n<td style='padding: 10px; border-right: 1px solid rgba(150&comma;150&comma;150&comma;0.3);'>81&comma;2<\/td>\n<td style='padding: 10px; border-right: 1px solid rgba(150&comma;150&comma;150&comma;0.3);'>986.1<\/td>\n<td style='padding: 10px; border-right: 1px solid rgba(150&comma;150&comma;150&comma;0.3);'>234&comma;9<\/td>\n<td style='padding: 10px; border-right: 1px solid rgba(150&comma;150&comma;150&comma;0.3);'>962.2<\/td>\n<td style='padding: 10px; border-right: 1px solid rgba(150&comma;150&comma;150&comma;0.3);'>236&comma;8<\/td>\n<td style='padding: 10px;'>121.2<\/td>\n<\/tr>\n<\/tbody>\n<\/table><\/div>\n<ul style='padding-left: 20px; margin: 0; font-size: 13px; color: inherit;'>\n<li style='margin-bottom: 5px;'>All tests are done with Xena Networks specialized test equipment (XenaBay)&comma; and done according to RFC2544 (Xena2544)<\/li>\n<li style='margin-bottom: 5px;'>Max throughput is determined with 30+ second attempts with 0&comma;1% packet loss tolerance in 64&comma; 512&comma; 1518 byte packet sizes<\/li>\n<li style='margin-bottom: 5px;'>Test results show device maximum performance&comma; and are reached using mentioned hardware and software configuration&comma; different configurations most likely will result in lower results<\/li>\n<\/ul><\/div>\n<div style='margin-bottom: 30px;'>\n<h3 style='font-size: 22px; border-bottom: 2px solid currentColor; padding-bottom: 5px; margin-top: 0; margin-bottom: 15px; color: inherit; opacity: 0.8;'>Partes incluidas<\/h3>\n<div style='display: grid; grid-template-columns: repeat(auto-fill&comma; minmax(140px&comma; 1fr)); gap: 20px;'>\n<div style='text-align: center;'> <a style='color: inherit; text-decoration: none;' href='https:\/\/i.mt.lv\/cdn\/rb_images\/part181391163711m.jpg'> <img style='width: 100%; height: auto; border: 1px solid rgba(150&comma;150&comma;150&comma;0.3); border-radius: 8px; margin-bottom: 8px;' src='https:\/\/i.mt.lv\/cdn\/rb_images\/part181391163711s.jpg' alt='Anillo de metal'> <br \/> <span style='font-size: 14px; color: inherit;'>Anillo de metal (uno)<\/span> <\/a> <\/div>\n<div style='text-align: center;'> <a style='color: inherit; text-decoration: none;' href='https:\/\/i.mt.lv\/cdn\/rb_images\/part91391160033m.jpg'> <img style='width: 100%; height: auto; border: 1px solid rgba(150&comma;150&comma;150&comma;0.3); border-radius: 8px; margin-bottom: 8px;' src='https:\/\/i.mt.lv\/cdn\/rb_images\/part91391160033s.jpg' alt='Corbata de pl\u00e1stico con cremallera'> <br \/> <span style='font-size: 14px; color: inherit;'>Corbata de pl\u00e1stico con cremallera<\/span> <\/a> <\/div>\n<div style='text-align: center;'> <a style='color: inherit; text-decoration: none;' href='https:\/\/i.mt.lv\/cdn\/rb_images\/part651499777780m.jpg'> <img style='width: 100%; height: auto; border: 1px solid rgba(150&comma;150&comma;150&comma;0.3); border-radius: 8px; margin-bottom: 8px;' src='https:\/\/i.mt.lv\/cdn\/rb_images\/part651499777780s.jpg' alt='soporte de escritorio wAP'> <br \/> <span style='font-size: 14px; color: inherit;'>soporte de escritorio wAP<\/span> <\/a> <\/div>\n<div style='text-align: center;'> <a style='color: inherit; text-decoration: none;' href='https:\/\/i.mt.lv\/cdn\/rb_images\/part171391162306m.jpg'> <img style='width: 100%; height: auto; border: 1px solid rgba(150&comma;150&comma;150&comma;0.3); border-radius: 8px; margin-bottom: 8px;' src='https:\/\/i.mt.lv\/cdn\/rb_images\/part171391162306s.jpg' alt='Adaptador de corriente de 24 V 0&comma;38 A'> <br \/> <span style='font-size: 14px; color: inherit;'>Adaptador de corriente de 24 V 0&comma;38 A<\/span> <\/a> <\/div>\n<div style='text-align: center;'> <a style='color: inherit; text-decoration: none;' href='https:\/\/i.mt.lv\/cdn\/rb_images\/part661499777872m.jpg'> <img style='width: 100%; height: auto; border: 1px solid rgba(150&comma;150&comma;150&comma;0.3); border-radius: 8px; margin-bottom: 8px;' src='https:\/\/i.mt.lv\/cdn\/rb_images\/part661499777872s.jpg' alt='soporte de montaje wAP'> <br \/> <span style='font-size: 14px; color: inherit;'>soporte de montaje wAP<\/span> <\/a> <\/div>\n<div style='text-align: center;'> <a style='color: inherit; text-decoration: none;' href='https:\/\/i.mt.lv\/cdn\/rb_images\/part111600929333m.jpg'> <img style='width: 100%; height: auto; border: 1px solid rgba(150&comma;150&comma;150&comma;0.3); border-radius: 8px; margin-bottom: 8px;' src='https:\/\/i.mt.lv\/cdn\/rb_images\/part111600929333s.jpg' alt='Inyector Gigabit PoE'> <br \/> <span style='font-size: 14px; color: inherit;'>Inyector Gigabit PoE<\/span> <\/a> <\/div>\n<\/p><\/div>\n<\/p><\/div>\n<hr style='border: 0; border-top: 1px solid rgba(150&comma; 150&comma; 150&comma; 0.3); margin: 30px 0;'> <\/div>\n","protected":false},"excerpt":{"rendered":"<p>(wAP 60G AP) Punto de Acceso en 60GHz apertura 60\u00ba con Velocidades de &#8220;Hasta 1Gbps&#8221;, Alcance aprox 200mts, p\/8 CPE<\/p>\n","protected":false},"featured_media":72464,"comment_status":"open","ping_status":"closed","template":"","meta":[],"product_brand":[],"product_cat":[1978,1979],"product_tag":[1981,1982,1980,643],"class_list":{"0":"post-72465","1":"product","2":"type-product","3":"status-publish","4":"has-post-thumbnail","6":"product_cat-1978","7":"product_cat-70-y-80-ghz","8":"product_tag-1981","9":"product_tag-70-y-80-ghz","10":"product_tag-enlaces-ptp-y-ptmp","11":"product_tag-mikrotik","13":"first","14":"instock","15":"sale","16":"shipping-taxable","17":"purchasable","18":"product-type-simple"},"_links":{"self":[{"href":"https:\/\/soydeaqui.ddns.net\/pachuca\/index.php\/wp-json\/wp\/v2\/product\/72465","targetHints":{"allow":["GET"]}}],"collection":[{"href":"https:\/\/soydeaqui.ddns.net\/pachuca\/index.php\/wp-json\/wp\/v2\/product"}],"about":[{"href":"https:\/\/soydeaqui.ddns.net\/pachuca\/index.php\/wp-json\/wp\/v2\/types\/product"}],"replies":[{"embeddable":true,"href":"https:\/\/soydeaqui.ddns.net\/pachuca\/index.php\/wp-json\/wp\/v2\/comments?post=72465"}],"wp:featuredmedia":[{"embeddable":true,"href":"https:\/\/soydeaqui.ddns.net\/pachuca\/index.php\/wp-json\/wp\/v2\/media\/72464"}],"wp:attachment":[{"href":"https:\/\/soydeaqui.ddns.net\/pachuca\/index.php\/wp-json\/wp\/v2\/media?parent=72465"}],"wp:term":[{"taxonomy":"product_brand","embeddable":true,"href":"https:\/\/soydeaqui.ddns.net\/pachuca\/index.php\/wp-json\/wp\/v2\/product_brand?post=72465"},{"taxonomy":"product_cat","embeddable":true,"href":"https:\/\/soydeaqui.ddns.net\/pachuca\/index.php\/wp-json\/wp\/v2\/product_cat?post=72465"},{"taxonomy":"product_tag","embeddable":true,"href":"https:\/\/soydeaqui.ddns.net\/pachuca\/index.php\/wp-json\/wp\/v2\/product_tag?post=72465"}],"curies":[{"name":"wp","href":"https:\/\/api.w.org\/{rel}","templated":true}]}}