{"id":72446,"date":"2026-03-19T12:44:18","date_gmt":"2026-03-19T12:44:18","guid":{"rendered":"https:\/\/soydeaqui.ddns.net\/pachuca\/index.php\/producto\/hex-s-router-dual-core-5-puertos-gigabit-1-puerto-sfp-poe-in-poe-out\/"},"modified":"2026-03-19T12:44:23","modified_gmt":"2026-03-19T12:44:23","slug":"hex-s-router-dual-core-5-puertos-gigabit-1-puerto-sfp-poe-in-poe-out","status":"publish","type":"product","link":"https:\/\/soydeaqui.ddns.net\/pachuca\/index.php\/producto\/hex-s-router-dual-core-5-puertos-gigabit-1-puerto-sfp-poe-in-poe-out\/","title":{"rendered":"(hEX S) Router Dual Core, 5 puertos Gigabit, 1 Puerto SFP, PoE in, PoE Out"},"content":{"rendered":"<div style='width: 100%; max-width: 1200px; margin: 0 auto; font-family: sans-serif; line-height: 1.6; color: inherit; background-color: transparent;'> <!-- Imagen principal --> <\/p>\n<div style='margin-bottom: 30px;'> <img style='width: 100%; height: auto; border: 1px solid rgba(150&comma;150&comma;150&comma;0.3); border-radius: 8px;' src='https:\/\/ftp3.syscom.mx\/usuarios\/fotos\/RB760IGS\/159271-hex_s_banner.png' alt='Banner hEX S'> <\/div>\n<p> <!-- Descripci\u00f3n principal --> <\/p>\n<div style='margin-bottom: 30px; font-size: 15px;'>\n<p>hEX S es un enrutador Gigabit Ethernet de cinco puertos para ubicaciones donde no se requiere conectividad inal\u00e1mbrica. Comparado con el hEX&comma; el hEX S tambi\u00e9n presenta un puerto SFP y salida PoE en el \u00faltimo puerto.<\/p>\n<p>Es asequible&comma; peque\u00f1o y f\u00e1cil de usar&comma; pero al mismo tiempo viene con una poderosa CPU de doble n\u00facleo de 880 MHz y 256 MB de RAM&comma; capaz de todas las configuraciones avanzadas que admite RouterOS. El dispositivo tiene una salida USB 2.0&comma; PoE para el puerto Ethernet n.\u00b05 y una SFP de 1&comma;25 Gbit\/s.<\/p>\n<p>Cifrado de hardware IPsec (~ 470 Mbps) y se admite el paquete de servidor Dude&comma; la ranura microSD proporciona una velocidad mejorada de r\/w para el almacenamiento de archivos y Dude.<\/p>\n<\/p><\/div>\n<p> <!-- Enlace a soporte --> <\/p>\n<div style='margin-bottom: 30px;'> <a href='https:\/\/soporte.syscom.mx\/es\/collections\/3502429-mikrotik' target='_blank' rel='noopener'> <img style='width: 100%; height: auto; border: 1px solid rgba(150&comma;150&comma;150&comma;0.3); border-radius: 8px;' src='https:\/\/ftp3.syscom.mx\/usuarios\/raragon\/Imagenes_Generales\/Manuales_de_configuracion.jpg' alt='Manuales de configuraci\u00f3n'> <\/a> <\/div>\n<p> <!-- Caracter\u00edsticas de RouterOS --> <\/p>\n<div style='margin-bottom: 30px;'>\n<h2 style='font-size: 22px; border-bottom: 2px solid currentColor; padding-bottom: 5px; margin-top: 0; color: inherit; opacity: 0.8;'> <a href='http:\/\/soporte.syscom.mx\/networking\/mikrotik\/mikrotik-caracteristicas-principales-de-routeros' style='color: inherit; text-decoration: none;'> Caracter\u00edsticas principales de RouterOS <\/a> <\/h2>\n<\/p><\/div>\n<p> <!-- Secci\u00f3n de caracter\u00edsticas t\u00e9cnicas --> <\/p>\n<div style='display: flex; flex-wrap: wrap; gap: 30px; margin-bottom: 30px;'> <!-- Presupuesto --> <\/p>\n<div style='flex: 1 1 300px; min-width: 280px;'>\n<h3 style='font-size: 20px; border-bottom: 2px solid currentColor; padding-bottom: 5px; margin-top: 0; color: inherit; opacity: 0.8;'>Presupuesto<\/h3>\n<ul style='padding-left: 20px; font-size: 15px; color: inherit;'>\n<li style='margin-bottom: 5px;'><strong>C\u00f3digo de producto:<\/strong> RB760iGS<\/li>\n<li style='margin-bottom: 5px;'><strong>Arquitectura:<\/strong> MMIPS<\/li>\n<li style='margin-bottom: 5px;'><strong>CPU:<\/strong> MT7621A<\/li>\n<li style='margin-bottom: 5px;'><strong>Recuento de CPU:<\/strong> 2<\/li>\n<li style='margin-bottom: 5px;'><strong>Frecuencia nominal de la CPU:<\/strong> 880 MHz<\/li>\n<li style='margin-bottom: 5px;'><strong>N\u00famero de subprocesos de CPU:<\/strong> 4<\/li>\n<li style='margin-bottom: 5px;'><strong>Dimensiones:<\/strong> 113 x 89 x 28 mm<\/li>\n<li style='margin-bottom: 5px;'><strong>Nivel de licencia:<\/strong> 4<\/li>\n<li style='margin-bottom: 5px;'><strong>Sistema operativo:<\/strong> RouterOS<\/li>\n<li style='margin-bottom: 5px;'><strong>Tama\u00f1o de la RAM:<\/strong> 256 MB<\/li>\n<li style='margin-bottom: 5px;'><strong>Tama\u00f1o de almacenamiento:<\/strong> 16 MB<\/li>\n<li style='margin-bottom: 5px;'><strong>Tipo de almacenamiento:<\/strong> FLASH<\/li>\n<li style='margin-bottom: 5px;'><strong>Temperatura ambiente probada:<\/strong> -40 \u00b0C .. +70 \u00b0C<\/li>\n<\/ul><\/div>\n<p> <!-- Encendido --> <\/p>\n<div style='flex: 1 1 300px; min-width: 280px;'>\n<h3 style='font-size: 20px; border-bottom: 2px solid currentColor; padding-bottom: 5px; margin-top: 0; color: inherit; opacity: 0.8;'>Encendido<\/h3>\n<ul style='padding-left: 20px; font-size: 15px; color: inherit;'>\n<li style='margin-bottom: 5px;'><strong>Consumo m\u00e1ximo de energ\u00eda:<\/strong> 11W<\/li>\n<li style='margin-bottom: 5px;'><strong>PoE in:<\/strong> 802.3af\/at<\/li>\n<li style='margin-bottom: 5px;'><strong>PoE out:<\/strong> Pasivo PoE hasta 57V<\/li>\n<li style='margin-bottom: 5px;'><strong>PoE en voltaje de entrada:<\/strong> 12-57 V<\/li>\n<li style='margin-bottom: 5px;'><strong>Cantidad de entradas de CC:<\/strong> 2 (toma de CC&comma; PoE-IN)<\/li>\n<li style='margin-bottom: 5px;'><strong>Voltaje de entrada de CC:<\/strong> 12-57 V<\/li>\n<\/ul><\/div>\n<p> <!-- Ethernet --> <\/p>\n<div style='flex: 1 1 300px; min-width: 280px;'>\n<h3 style='font-size: 20px; border-bottom: 2px solid currentColor; padding-bottom: 5px; margin-top: 0; color: inherit; opacity: 0.8;'>Ethernet<\/h3>\n<ul style='padding-left: 20px; font-size: 15px; color: inherit;'>\n<li style='margin-bottom: 5px;'><strong>10\/100\/1000 puertos Ethernet:<\/strong> 5<\/li>\n<\/ul><\/div>\n<p> <!-- Fibra --> <\/p>\n<div style='flex: 1 1 300px; min-width: 280px;'>\n<h3 style='font-size: 20px; border-bottom: 2px solid currentColor; padding-bottom: 5px; margin-top: 0; color: inherit; opacity: 0.8;'>Fibra<\/h3>\n<ul style='padding-left: 20px; font-size: 15px; color: inherit;'>\n<li style='margin-bottom: 5px;'><strong>Puertos SFP:<\/strong> 1<\/li>\n<\/ul><\/div>\n<p> <!-- Perif\u00e9ricos --> <\/p>\n<div style='flex: 1 1 300px; min-width: 280px;'>\n<h3 style='font-size: 20px; border-bottom: 2px solid currentColor; padding-bottom: 5px; margin-top: 0; color: inherit; opacity: 0.8;'>Perif\u00e9ricos<\/h3>\n<ul style='padding-left: 20px; font-size: 15px; color: inherit;'>\n<li style='margin-bottom: 5px;'><strong>Cantidad de puertos USB:<\/strong> 1<\/li>\n<li style='margin-bottom: 5px;'><strong>Restablecimiento de energ\u00eda USB:<\/strong> S\u00ed<\/li>\n<li style='margin-bottom: 5px;'><strong>Tipo de ranura USB:<\/strong> USB tipo A<\/li>\n<li style='margin-bottom: 5px;'><strong>Corriente m\u00e1xima del USB (A):<\/strong> 1<\/li>\n<\/ul><\/div>\n<p> <!-- Otro --> <\/p>\n<div style='flex: 1 1 300px; min-width: 280px;'>\n<h3 style='font-size: 20px; border-bottom: 2px solid currentColor; padding-bottom: 5px; margin-top: 0; color: inherit; opacity: 0.8;'>Otro<\/h3>\n<ul style='padding-left: 20px; font-size: 15px; color: inherit;'>\n<li style='margin-bottom: 5px;'><strong>Monitor de temperatura PCB:<\/strong> S\u00ed<\/li>\n<li style='margin-bottom: 5px;'><strong>Monitor de voltaje:<\/strong> S\u00ed<\/li>\n<\/ul><\/div>\n<\/p><\/div>\n<p> <!-- Garant\u00eda --> <\/p>\n<div style='margin-bottom: 30px;'> <img style='width: 100%; height: auto; border: 1px solid rgba(150&comma;150&comma;150&comma;0.3); border-radius: 8px;' src='https:\/\/ftp3.syscom.mx\/usuarios\/fotos\/RB760IGS\/159271-garantia1.png' alt='Garant\u00eda'> <\/div>\n<p> <!-- Partes incluidas --> <\/p>\n<div style='margin-bottom: 30px;'>\n<h3 style='font-size: 20px; border-bottom: 2px solid currentColor; padding-bottom: 5px; margin-top: 0; margin-bottom: 15px; color: inherit; opacity: 0.8;'>Partes incluidas<\/h3>\n<div style='display: flex; flex-wrap: wrap; gap: 15px;'>\n<div style='flex: 1 1 150px; min-width: 150px; text-align: center;'> <a href='https:\/\/img.routerboard.com\/mimg\/part331393422988m.jpg' target='_blank' rel='noopener' style='text-decoration: none; color: inherit;'> <img style='width: 80px; height: 80px; object-fit: contain; border: 1px solid rgba(150&comma;150&comma;150&comma;0.3); border-radius: 8px; margin-bottom: 8px;' src='https:\/\/ftp3.syscom.mx\/usuarios\/fotos\/ROUTEROS\/85314-power_adapter.jpeg' alt='Adaptador de corriente'> <br \/>Adaptador de corriente 24V 1.2A <\/a> <\/div>\n<\/p><\/div>\n<\/p><\/div>\n<p> <!-- Separador final --> <\/p>\n<hr style='border: 0; border-top: 1px solid rgba(150&comma; 150&comma; 150&comma; 0.3); margin: 30px 0;'> <\/div>\n","protected":false},"excerpt":{"rendered":"<p>(hEX S) Router Dual Core, 5 puertos Gigabit, 1 Puerto SFP, PoE in, PoE Out<\/p>\n","protected":false},"featured_media":72445,"comment_status":"open","ping_status":"closed","template":"","meta":[],"product_brand":[],"product_cat":[2036,2035,2034],"product_tag":[2039,2038,643,664,2037],"class_list":{"0":"post-72446","1":"product","2":"type-product","3":"status-publish","4":"has-post-thumbnail","6":"product_cat-balanceadores","7":"product_cat-firewalls","8":"product_cat-routers","9":"product_tag-balanceadores","10":"product_tag-firewalls","11":"product_tag-mikrotik","12":"product_tag-networking","13":"product_tag-routers","15":"first","16":"instock","17":"sale","18":"shipping-taxable","19":"purchasable","20":"product-type-simple"},"_links":{"self":[{"href":"https:\/\/soydeaqui.ddns.net\/pachuca\/index.php\/wp-json\/wp\/v2\/product\/72446","targetHints":{"allow":["GET"]}}],"collection":[{"href":"https:\/\/soydeaqui.ddns.net\/pachuca\/index.php\/wp-json\/wp\/v2\/product"}],"about":[{"href":"https:\/\/soydeaqui.ddns.net\/pachuca\/index.php\/wp-json\/wp\/v2\/types\/product"}],"replies":[{"embeddable":true,"href":"https:\/\/soydeaqui.ddns.net\/pachuca\/index.php\/wp-json\/wp\/v2\/comments?post=72446"}],"wp:featuredmedia":[{"embeddable":true,"href":"https:\/\/soydeaqui.ddns.net\/pachuca\/index.php\/wp-json\/wp\/v2\/media\/72445"}],"wp:attachment":[{"href":"https:\/\/soydeaqui.ddns.net\/pachuca\/index.php\/wp-json\/wp\/v2\/media?parent=72446"}],"wp:term":[{"taxonomy":"product_brand","embeddable":true,"href":"https:\/\/soydeaqui.ddns.net\/pachuca\/index.php\/wp-json\/wp\/v2\/product_brand?post=72446"},{"taxonomy":"product_cat","embeddable":true,"href":"https:\/\/soydeaqui.ddns.net\/pachuca\/index.php\/wp-json\/wp\/v2\/product_cat?post=72446"},{"taxonomy":"product_tag","embeddable":true,"href":"https:\/\/soydeaqui.ddns.net\/pachuca\/index.php\/wp-json\/wp\/v2\/product_tag?post=72446"}],"curies":[{"name":"wp","href":"https:\/\/api.w.org\/{rel}","templated":true}]}}