{"id":72443,"date":"2026-03-19T12:44:12","date_gmt":"2026-03-19T12:44:12","guid":{"rendered":"https:\/\/soydeaqui.ddns.net\/pachuca\/index.php\/producto\/punto-de-acceso-para-interiores-256-usuarios-802-11-wave-2-2x2-con-administracion-cloud-360-pl-e430w00a-rw\/"},"modified":"2026-03-19T12:44:15","modified_gmt":"2026-03-19T12:44:15","slug":"punto-de-acceso-para-interiores-256-usuarios-802-11-wave-2-2x2-con-administracion-cloud-360-pl-e430w00a-rw","status":"publish","type":"product","link":"https:\/\/soydeaqui.ddns.net\/pachuca\/index.php\/producto\/punto-de-acceso-para-interiores-256-usuarios-802-11-wave-2-2x2-con-administracion-cloud-360-pl-e430w00a-rw\/","title":{"rendered":"Punto de Acceso para interiores \/ 256 usuarios \/ 802.11 WAVE 2, 2&#215;2 \/ con Administraci\u00f3n Cloud \/ 360\u00b0 \/ PL-E430W00A-RW"},"content":{"rendered":"<div style='width: 100%; max-width: 1200px; margin: 0 auto; font-family: sans-serif; line-height: 1.6; color: inherit; background-color: transparent;'>\n<div style='display: flex; flex-wrap: wrap; gap: 30px; margin-bottom: 30px;'>\n<div style='flex: 1 1 300px; min-width: 280px;'>\n<h3 style='font-size: 22px; border-bottom: 2px solid currentColor; padding-bottom: 5px; margin-top: 0; color: inherit; opacity: 0.8;'>Caracter\u00edsticas<\/h3>\n<ul style='padding-left: 20px; font-size: 15px; color: inherit;'>\n<li style='margin-bottom: 5px;'><strong>Est\u00e1ndar:<\/strong> 802.11ac WAVE 2<\/li>\n<li style='margin-bottom: 5px;'><strong>Usuarios:<\/strong> 256 dispositivos<\/li>\n<li style='margin-bottom: 5px;'><strong>MU-MIMO:<\/strong> 2 x 2 Streams<\/li>\n<li style='margin-bottom: 5px;'><strong>Velocidad:<\/strong> 1.3 Gbps<\/li>\n<\/ul><\/div>\n<\/p><\/div>\n<div style='display: flex; flex-wrap: wrap; gap: 20px; margin-bottom: 30px;'>\n<div style='flex: 1 1 250px; border: 1px solid rgba(150&comma; 150&comma; 150&comma; 0.4); border-radius: 8px; overflow: hidden; display: flex; flex-direction: column;'>\n<div style='padding: 15px; border-bottom: 1px solid rgba(150&comma; 150&comma; 150&comma; 0.2); font-weight: bold; font-size: 18px; color: inherit;'>Caracter\u00edsticas T\u00e9cnicas<\/div>\n<div style='padding: 15px; color: inherit;'>\n<ul style='padding-left: 20px; margin: 0; font-size: 14px; list-style-type: disc;'>\n<li style='margin-bottom: 5px;'>Gesti\u00f3n en cloud con cnMaestro<\/li>\n<li style='margin-bottom: 5px;'>Cobertura Omni 360\u00b0<\/li>\n<li style='margin-bottom: 5px;'>Est\u00e1ndares: IEEE 802.11a\/b\/g\/n\/ac Wave 2<\/li>\n<li style='margin-bottom: 5px;'>Fast Roaming 802.11r<\/li>\n<li style='margin-bottom: 5px;'>Soporte MESH<\/li>\n<li style='margin-bottom: 5px;'>Doble Banda 2&#215;2 (2.4 GHz)&comma; 4&#215;4 (5 GHz)<\/li>\n<li style='margin-bottom: 5px;'>Funciones de router (NAT&comma; DHCP&comma; firewall)<\/li>\n<li style='margin-bottom: 5px;'>16 SSIDs<\/li>\n<li style='margin-bottom: 5px;'>Hasta 256 usuarios concurrentes<\/li>\n<\/ul><\/div>\n<\/p><\/div>\n<div style='flex: 1 1 250px; border: 1px solid rgba(150&comma; 150&comma; 150&comma; 0.4); border-radius: 8px; overflow: hidden; display: flex; flex-direction: column;'>\n<div style='padding: 15px; border-bottom: 1px solid rgba(150&comma; 150&comma; 150&comma; 0.2); font-weight: bold; font-size: 18px; color: inherit;'>Caracter\u00edsticas de Seguridad<\/div>\n<div style='padding: 15px; color: inherit;'>\n<ul style='padding-left: 20px; margin: 0; font-size: 14px; list-style-type: disc;'>\n<li style='margin-bottom: 5px;'>WPA2 Enterprise<\/li>\n<li style='margin-bottom: 5px;'>WPA2 PSK<\/li>\n<li style='margin-bottom: 5px;'>802.1x<\/li>\n<li style='margin-bottom: 5px;'>802.11w<\/li>\n<li style='margin-bottom: 5px;'>Aislamiento entre clientes<\/li>\n<\/ul><\/div>\n<\/p><\/div>\n<div style='flex: 1 1 250px; border: 1px solid rgba(150&comma; 150&comma; 150&comma; 0.4); border-radius: 8px; overflow: hidden; display: flex; flex-direction: column;'>\n<div style='padding: 15px; border-bottom: 1px solid rgba(150&comma; 150&comma; 150&comma; 0.2); font-weight: bold; font-size: 18px; color: inherit;'>Especificaciones F\u00edsicas<\/div>\n<div style='padding: 15px; color: inherit;'>\n<ul style='padding-left: 20px; margin: 0; font-size: 14px; list-style-type: disc;'>\n<li style='margin-bottom: 5px;'><strong>Puertos:<\/strong> 4 x 1GigE&comma; 2 x pass-through<\/li>\n<li style='margin-bottom: 5px;'><strong>Alimentaci\u00f3n:<\/strong> PoE 802.3at (PSE activo)&comma; 802.3af (PSE desactivado)&comma; 48Vdc<\/li>\n<li style='margin-bottom: 5px;'><strong>Peso:<\/strong> 384g<\/li>\n<li style='margin-bottom: 5px;'><strong>Dimensiones:<\/strong> 145 x 90 x 40 mm<\/li>\n<li style='margin-bottom: 5px;'><strong>Temperatura:<\/strong> 0\u00b0C a +40\u00b0C<\/li>\n<\/ul><\/div>\n<\/p><\/div>\n<div style='flex: 1 1 250px; border: 1px solid rgba(150&comma; 150&comma; 150&comma; 0.4); border-radius: 8px; overflow: hidden; display: flex; flex-direction: column;'>\n<div style='padding: 15px; border-bottom: 1px solid rgba(150&comma; 150&comma; 150&comma; 0.2); font-weight: bold; font-size: 18px; color: inherit;'>Caracter\u00edsticas Adicionales<\/div>\n<div style='padding: 15px; color: inherit;'>\n<ul style='padding-left: 20px; margin: 0; font-size: 14px; list-style-type: disc;'>\n<li style='margin-bottom: 5px;'>Monitorizaci\u00f3n extremo a extremo<\/li>\n<li style='margin-bottom: 5px;'>Selecci\u00f3n autom\u00e1tica de canal<\/li>\n<li style='margin-bottom: 5px;'>Activaci\u00f3n de SSID por horario<\/li>\n<li style='margin-bottom: 5px;'>Acceso invitados<\/li>\n<li style='margin-bottom: 5px;'>Balanceo de carga entre bandas<\/li>\n<li style='margin-bottom: 5px;'>Certificaci\u00f3n WiFi Alliance<\/li>\n<\/ul><\/div>\n<\/p><\/div>\n<\/p><\/div>\n<div style='display: flex; flex-wrap: wrap; gap: 30px; margin-bottom: 30px;'>\n<div style='flex: 1 1 300px; min-width: 280px;'>\n<div style='border: 1px solid rgba(150&comma;150&comma;150&comma;0.3); border-radius: 8px; overflow: hidden; padding: 15px;'>\n<div style='text-align: center; margin-bottom: 15px;'> <img style='width: 53px; height: auto; border: 1px solid rgba(150&comma;150&comma;150&comma;0.3); border-radius: 8px;' src='data:image\/png;base64&comma;iVBORw0KGgoAAAANSUhEUgAAAEsAAABLCAYAAAA4TnrqAAAGTklEQVR4Ae2aaYwURRSAv9czswuKgHLIIRHB+wgqKuwOqwS8iILGqNEfRCQGjPcP8djF2LjMgkYwGsQjokQxUZcYj3gQEUUs7gYU4xER5NC4nmi8iMrO0c\/UzBJmEWZ62G5cSNWfqZ5X\/d6rr6ur3qtqsMUSsAQsAUvAErAELAFLwBKwBCwBS8ASsAQsAUvAErAELAFLwBKwBCwBS8AS8E3gH7GzRz9vP80oAAAAAElFTkSuQmCC' alt='' \/> <\/div>\n<h4 style='font-size: 18px; text-align: center; margin-top: 0; color: inherit; opacity: 0.8;'>GESTI\u00d3N EN cn-MAESTRO<\/h4>\n<p style='font-size: 14px; text-align: center; color: inherit;'>Gesti\u00f3n integral de toda la red para manejo de inventario&comma; incorporaci\u00f3n de dispositivos&comma; operaciones diarias&comma; mantenimiento&comma; configuraci\u00f3n y aprovisionamiento&comma; as\u00ed como la creaci\u00f3n de ticket y\/o vouchers&comma; control de tiempos y Anchos de Banda&comma; y portal cautivo.<\/p>\n<\/p><\/div>\n<\/p><\/div>\n<div style='flex: 1 1 300px; min-width: 280px;'>\n<div style='border: 1px solid rgba(150&comma;150&comma;150&comma;0.3); border-radius: 8px; overflow: hidden; padding: 15px;'>\n<div style='text-align: center; margin-bottom: 15px;'> <img style='width: 48px; height: auto; border: 1px solid rgba(150&comma;150&comma;150&comma;0.3); border-radius: 8px;' src='data:image\/png;base64&comma;iVBORw0KGgoAAAANSUhEUgAAAB8AAAAWCAYAAAA4oUfxAAAC5ElEQVRIDe2Vz08TQRTHv9vtdmGBYgoorQIiU00QE6KISiAqEhP9iFdsbGxYiPjPQMSQsLEx1F8QkZDgR8DEhIiNcLW700470050ZtLpJG10Z3fS7D8z0zRNGPZjZ3Z33+993\/fe97533oNlWVhM4jVZ3v8D8Vf8oq419gAAAABJRU5ErkJggg==' alt='' \/> <\/div>\n<h4 style='font-size: 18px; text-align: center; margin-top: 0; color: inherit; opacity: 0.8;'>ALTO RENDIMIENTO SIN LICENCIA<\/h4>\n<p style='font-size: 14px; text-align: center; color: inherit;'>Las soluciones de cnPilot 802.11ac vienen con un controlador gratuito y sin tarifas de licencia de administraci\u00f3n del AP. No hay cargos ocultos.<\/p>\n<\/p><\/div>\n<\/p><\/div>\n<div style='flex: 1 1 300px; min-width: 280px;'>\n<div style='border: 1px solid rgba(150&comma;150&comma;150&comma;0.3); border-radius: 8px; overflow: hidden; padding: 15px;'>\n<div style='text-align: center; margin-bottom: 15px;'> <img style='width: 29px; height: auto; border: 1px solid rgba(150&comma;150&comma;150&comma;0.3); border-radius: 8px;' src='data:image\/png;base64&comma;iVBORw0KGgoAAAANSUhEUgAAABsAAAAbCAYAAACN1PRVAAACsElEQVRIDd1WS2wbRRj+1rtre\/2I0+b9oNCQhJQEjCK1zaFqAqVSIvE6ICTUCyekgkC8LhQhwQVxAIkDHHiIC1IRUBCVQARCoSUkrFJSVAXcR4pD64RUiRPb9Xrt3fXsoNnUj4kdO1x6YC5emf+f75v\/\/7\/5xwKllOImDsdN5LKp\/v+E0n9N6d8rWYydz2AmYoIkgNcloK1WRFtAxK7tTnQ2VIYUNisaiwKfntZwMmxg+E4Xbm+QbKIaxQHNpJi8rOPouQx2bpNxYOc2sQAAIABJREFU4AqK0jThg4kUPLKApx7wI5e48TrXOZ5I61hJWXj5gXbGZrV042UvIqE04uG03X58oB3VjV5sRAnfHlYR0yge2+PDVq84WqFZ+GAihaAq4vF9Pm6dTaomvDmWQHeThP52B96a1rB9u4S9W0T8tGzg64kU3j2u4u91E9892o5QvR8D7Q68N63h44kU1lMW5uM2R3Y1S7h4jT9IA6msYQBLcQt1Hv686VnC3k4XHg157Yfs7yGYvmqgu0lCf5uM9xZ07GqWcG5Uw4VrBq5+o+L9Y2346ZqB+4Ii3v0piYlFHV9NpHjy3oA7BQAn53V8c0nH11cM3Hq9Hb1tMk7P6Xj9qIqXh334+pqB3a0S5uM23jyq4v4dMvq2S3jzqIq5eBZ3A0R88VjM1lWfMrhmEQ5XARfjeQcxesC7rFtnFoZQSziwqtzDiKRfAEagzCCZqA+0M9+t+ouhY5agch5wKdv6QusqFaGSyk+YIZhwUg3AOGAhycSDIViAVXN+RqJXgS+QvV24rUGLtTixK5+qK4aFRMaPEhjON1mK4oN43I7A9RcqbJ5lJvp7EDKozGesGy0UB10PHhc7PO+kumz1\/wPb4P\/oSs19B5UlcilKp78a359GpYJgKcrE84tA5Z5eB88bR0VlB1hBdY1EJL0QTSMMI163nkzsfda434blfAe96ixFvFo8nQiEsvI+6wYKxHsvlE49GZGpKFPKz1j327Dc76BXnaUIV4unE4FQVsZvA0qFeO2FMg1kgejB6G733d1hNwEvkNUErGn4qUPngp4wOadlv19Bf2fxxqE0NnpUzxyGI31RL4tkthHt\/n1nAtjyYZn0xYs9gHAgYFbH5G8k8yqNc39irFuJW2pOMJEVCYhlM6lOayRkWzYHjSjDvqqalfn5kwmcyTb6EiElzvIUTPKF6CyhPzr21FcuKqOdlkPd7E9y9+1C1HkRGA98R5SJWJlo3bMN1yGeuRbVR3MjTbiF5sTje27fSUm81oC4ESVOTG4gq\/NQ\/QaoABnRnsT3bH\/I91IRm1vOSClvzoo4z+VAiTzLoA1TaWw0K1CR4no0s4j4P6tR7DdU+RZoH4HI2ZzbDnO0FysTLcBlHZSOdbuRSpkH\/CRIPal0FTV3T8kFuB0a7v7C\/2oYr52Ry\/iFRn+gCgw213\/O4C+PpaXBRPbhFY8vgBSqv+\/WiNlANCGNZI7HPHCYQNZZ7DeY9Qdrws2VqNwKbAFnVukRtRtX86Mw3GS3MroOnjeOisoPduPBzr+aH9hGzz+mASYWnEBb+qadwj3X\/M1ZVTMvRvR1hDqaE+GOjj37GrxkzF3D8CLLgD5UxQaV2rr2N7JEzcoH4hjFB05pmrsF9CngUFJpk5QXLf5gwelAGwPXf1xU2\/4o9JzX2t2+rZT7fmH1y4UKJVe\/Uua6oHx1dAPwK3BiKe\/8whJUS4QJpUx1VbnrgRhgvUt56BfWH4gMDzOjL+VouHKtbN+1KGrGJ6wc+b5UbTfleQdWMSdH+eO5raU65hOWZzbXgOgFpRTud\/JD2s7MpUOqa0r57g9WW8VLwDZEp2OO3Q+k4jhX5rsjZj+saPEHK7c9LI8Ap5CV2UU17k\/C6rpLgGuAjyQTxaN+nbydEe9mj+1zQI3CyVTX3VHwHULx+7qqdNTMY1AaUKIgd\/o52fZ\/bri5Jc2QmmT7Zt\/VDCl7IMPHN\/H1iv\/965ayn0e8bjQOJhsZguhsWhKL\/ejwlxsWahpVezgReZN8VP8PyEIi2acZsGnDXiXYhbrDrJvNgG29T8Xz7gPOz48kmU7LbJPu+Erwy4dlOmTO51Kpq0Aeyh0S5DvpofyDYI7o98m3B\/7ZajcQ8\/2XCRPMDPI+mr2+3O8u9g7WDi\/Huj1IZ8aB1uBxxo6\/u9yvYx6ebMXz1hOR92hKNPsdTV2uL9YhS8ASsAQsAUvAErAELAFLwBKwBCwBS8ASsAQsAUvAErAELAFLwBKwBCwBnwT+BVpQ2A88MSNcAAAAAElFTkSuQmCC' data-fr-image-pasted='true' \/><\/div>\n<p style='text-align: center;'><span style='font-size: 12px;'><strong>GESTI\u00d3N EN cn-MAESTRO<\/strong><\/span><\/p>\n<p style='text-align: center;'><span style='font-size: 12px;'>Gesti\u00f3n integral de toda la red para manejo de inventario&comma; incorporaci\u00f3n de dispositivos&comma; operaciones diarias&comma; mantenimiento&comma; configuraci\u00f3n y aprovisionamiento&comma; as\u00ed como la creaci\u00f3n de ticket y\/o vouchers&comma; control de tiempos y Anchos de Banda&comma; y portal cautivo.<\/span><\/p>\n<\/td>\n<td style='width: 50.0000%;'>\n<div style='text-align: center;' data-empty='true'><img class='fr-fic fr-dib' style='width: 48px;' src='data:image\/png;base64&comma;iVBORw0KGgoAAAANSUhEUgAAAB8AAAAWCAYAAAA4oUfxAAAC5ElEQVRIDe2Vz08TQRTHv9vtdmGBYgoorQIiU00QE6KISiAqEhP9iFdsbGxYiPjPQMSQsLEx1F8QkZDgR8DEhIiNcLW700470050ZtLpJG10Z3fS7D8z0zRNGPZjZ3Z33+993\/fe97533oNlWVhM4jVZ3v8D8Vf8oq419gAAAABJRU5ErkJggg==' data-fr-image-pasted='true' \/><\/div>\n<p style='text-align: center;'><strong>ALTO RENDIMIENTO SIN LICENCIA<\/strong><\/p>\n<p style='text-align: center;'>Las soluciones de cnPilot 802.11ac vienen con un controlador gratuito y sin tarifas de licencia de administraci\u00f3n del AP. No hay cargos ocultos.<\/p>\n<\/td>\n<\/tr>\n<tr>\n<td style='width: 50.0000%;'>\n<div style='text-align: center;' data-empty='true'><img class='fr-fic fr-dib' style='width: 29px;' src='data:image\/png;base64&comma;iVBORw0KGgoAAAANSUhEUgAAABcAAAAdCAYAAABBsffGAAAB8klEQVRIDbWWSy8DURiG37ZjSluiLhvELUgkxIYmhLjERvgBIhKxloidjYW1nYUfQIjYCGvXhEQ0sbARJRbuIlJTTNupTo9MmxHTzjlOyZzNubzne+adc\/lmbIQQAouK3SJuEmspXPjNuawQ7AWiOHuK4yaoothtR3OZgMHmPLhEGzPcxlrzh5CKhT0ZA01O+GpEaLtzch3DTkBBMJzAVF8+qooc9AdocLPyFlHJ9LpE7l7jZjI5uIySybVXIisJU10bpK759rmCrjoR5YXmzjrrnOioFXH5\/Jm985nNEHkMmbumWk0TqM5fZBWlHnPXdKtGhQqPq4CDqhohtN4\/w2nY1LjhnC8eyYbZ6X2DSOmMtbu\/FAP88CqGEZ8rKVYXG6TvAFZj2R8GFa4Fdjc4WfFMTYP\/LJauOTf8XlKxG4jiNqj+NMdsc8G1Wzi\/+4EHKYG5rXfsXyjMqC5y7duyP4LJXg8qvA60VAhY8UfQw7E3XM6lcAJeV2pqbUkOIp98Hy8u562VIpaOZVR6Hcm83lYl6m\/OrLmcj\/hcqC8VsHEaRYnHjuHW1F1gkgFwwbUc09+Ym2SNt7shcOYzLrjukJbbdT29zgo+O1SQHs\/sZwVnkkzEjNMSU\/mOmQkrYygDP7EqZUz66wDz1+KvUD3O0jX\/AgeDKbUIcQbuAAAAAElFTkSuQmCC' data-fr-image-pasted='true' \/><\/div>\n<p style='text-align: center;'><strong>SEGURIDAD<\/strong><\/p>\n<p style='text-align: center;'>Soporta WPA2 Enterprise y WPA2 PSK<\/p>\n<\/td>\n<td style='width: 50.0000%;'>\n<div style='text-align: center;' data-empty='true'><img class='fr-fic fr-dib' style='width: 39px;' src='data:image\/png;base64&comma;iVBORw0KGgoAAAANSUhEUgAAABwAAAAbCAYAAACN1PRVAAACsElEQVRIDd1WS2wbRRj+1rtre\/2I0+b9oNCQhJQEjCK1zaFqAqVSIvE6ICTUCyekgkC8LhQhwQVxAIkDHHiIC1IRUBCVQARCoSUkrFJSVAXcR4pD64RUiRPb9Xrt3fXsoNnUj4kdO1x6YC5emf+f75v\/\/7\/5xwKllOImDsdN5LKp\/v+E0n9N6d8rWYydz2AmYoIkgNcloK1WRFtAxK7tTnQ2VIYUNisaiwKfntZwMmxg+E4Xbm+QbKIaxQHNpJi8rOPouQx2bpNxYOc2sQAAIABJREFU4AqK0jThg4kUPLKApx7wI5e48TrXOZ5I61hJWXj5gXbGZrV042UvIqE04uG03X58oB3VjV5sRAnfHlYR0yge2+PDVq84WqFZ+GAihaAq4vF9Pm6dTaomvDmWQHeThP52B96a1rB9u4S9W0T8tGzg64kU3j2u4u91E9892o5QvR8D7Q68N63h44kU1lMW5uM2R3Y1S7h4jT9IA6msYQBLcQt1Hv686VnC3k4XHg157Yfs7yGYvmqgu0lCf5uM9xZ07GqWcG5Uw4VrBq5+o+L9Y2346ZqB+4Ii3v0piYlFHV9PpHjy3oA7BQAn53V8c0nH11cM3Hq9Hb1tMk7P6Xj9qIqXh334+pqB3a0S5uM23jyq4v4dMvq2S3jzqIq5eBZ3A0R88VjM1lWfMrhmEQ5XARfjeQcxesC7rFtnFoZQSziwqtzDiKRfAEagzCCZqA+0M9+t+ouhY5agch5wKdv6QusqFaGSyk+YIZhwUg3AOGAhycSDIViAVXN+RqJXgS+QvV24rUGLtTixK5+qK4aFRMaPEhjON1mK4oN43I7A9RcqbJ5lJvp7EDKozGesGy0UB10PHhc7PO+kumz1\/wPb4P\/oSs19B5UlcilKp78a359GpYJgKcrE84tA5Z5eB88bR0VlB1hBdY1EJL0QTSMMI163nkzsfda434blfAe96ixFvFo8nAiEsvI+6wYKxHsvlE49GZGpKFPKz1j327Dc76DXnWUIV4unE4FQVsZvA0qFeO2FMg1kgejB6G733d1hNwEvkNUErGn4qUPngp4wOadlv19Bf2fxxqE0NnpUzxyGI31RL4tkthHt\/n1nAthKYZn0xYs9gHAgYFbH5G8k8yqNc39irFuJW2pOMJEVCYhlM6lOayRkWzYHjSjDvqqalfn5kwmcyTb6EiElzvIUTPKF6CyhPzr21FcuKqOdlkPd7E9y9+1C1HkRGA98R5SJWJlo3bMN1yGeuRbVR3MjTbhF5sTje27fSUm81oC4ESVOTG4gq\/NQ\/QaoABnRnsT3bH\/I91IRm1vOSClvzoo4z+VAiTzLoA1TaWw0K1CR4no0s4j4P6tR7DdU+RZoH4HI2ZzbDnO0FysTLcBlHZSOdbuRSpkH\/CRIPal0FTV3T8kFuB0a7v7C\/2oYr52Ry\/iFRn+gCgw213\/O4C+PpaXBRPbhFY8vgBSqv+\/WiNlANCGNZI7HPHCYQNZZ7DeY9Qdrws2VqNwKbAFnVukRtRtX86Mw3GS3MroOnjeOisoPduPBzr+aH9hGzz+mASYWnEBb+qadwj3X\/M1ZVTMvRvR1hDqaE+GOjj37GrxkzF3D8CLLgD5UxQaV2rr2N7JEzcoH4hjFB05pmrsF9CngUFJpk5QXLf5gwelAGwPXf1xU2\/4o9JzX2t2+rZT7fmH1y4UKJVe\/Uua6oHx1dAPwK3BiKe\/8whJUS4QJpUx1VbnrgRhgvUt56BfWH4gMDzOjL+VouHKtbN+1KGrGJ6wc+b5UbTfleQdWMSdH+eO5raU65hOWZzbXgOgFpRTud\/JD2s7MpUOqa0r57g9WW8VLwDZEp2OO3Q+k4jhX5rsjZj+saPEHK7c9LI8Ap5CV2UU17k\/C6rpLgGuAjyQTxaN+nbydEe9mj+1zQI3CyVTX3VHwHULx+7qqdNTMY1AaUKIgd\/o52fZ\/bri5Jc2QmmT7Zt\/VDCl7IMPHN\/H1iv\/965ayn0e8bjQOJhsZguhsWhKL\/ejwlxsWahpVezgReZN8VP8PyEIi2acZsGnDXiXYhbrDrJvNgG29T8Xz7gPOz48kmU7LbJPu+Erwy4dlOmTO51Kpq0Aeyh0S5DvpofyDYI7o98m3B\/7ZajcQ8\/2XCRPMDPI+mr2+3O8u9g7WDi\/Huj1IZ8aB1uBxxo6\/u9yvYx6ebMXz1hOR92hKNPsdTV2uL9YhS8ASsAQsAUvAErAELAFLwBKwBCwBS8ASsAQsAUvAErAELAFLwBKwBCwBnwT+BVpQ2A88MSNcAAAAAElFTkSuQmCC' data-fr-image-pasted='true' \/><\/div>\n<div style='text-align: center;' data-empty='true'> <\/div>\n<div style='text-align: center;' data-empty='true'><strong>MU-MIMO<\/strong><\/div>\n<p style='text-align: center;'>WAVE-2 2&#215;2<\/p>\n<\/td>\n<\/tr>\n<\/tbody>\n<\/table>\n<hr style='border: 0; border-top: 1px solid rgba(150&comma; 150&comma; 150&comma; 0.3); margin: 30px 0;'>\n<p><strong>Funciones principales<\/strong><\/p>\n<ul style='padding-left: 20px; font-size: 14px; list-style-type: disc;'>\n<li style='margin-bottom: 5px;'>Gesti\u00f3n en cloud con cnMaestro<\/li>\n<li style='margin-bottom: 5px;'>Tipo de cobertura Omni (<strong>360<\/strong>\u00b0)<\/li>\n<li style='margin-bottom: 5px;'>Est\u00e1ndares IEEE 802.11a\/b\/g\/n\/ac Wave 2 Otros: 802.11 h\/d\/r\/u\/w\/<\/li>\n<li style='margin-bottom: 5px;'>Fast roaming entre AP (<strong>802.11r<\/strong>)<\/li>\n<li style='margin-bottom: 5px;'>Soporte para red tipo <strong>MESH<\/strong><\/li>\n<li style='margin-bottom: 5px;'>Doble Banda simult\u00e1nea <strong>2&#215;2<\/strong> (2.4 GHz) &comma; <strong>4&#215;4<\/strong> (5 GHz) <\/li>\n<li style='margin-bottom: 5px;'>Monitorizaci\u00f3n extremo a extremo de la conexi\u00f3n a Internet<\/li>\n<li style='margin-bottom: 5px;'>Funciones de router (NAT&comma; DHCP server&comma; firewall\u2026)<\/li>\n<li style='margin-bottom: 5px;'>16 SSIDs <\/li>\n<li style='margin-bottom: 5px;'>Hasta 256 usuarios concurrentes por AP<\/li>\n<li style='margin-bottom: 5px;'>Incluye portal cautivo hotspot ( A trav\u00e9s de cnMaestro )<\/li>\n<li style='margin-bottom: 5px;'>Aislamiento entre clientes inal\u00e1mbricos<\/li>\n<li style='margin-bottom: 5px;'>Limitaci\u00f3n de ancho de banda por usuario o por SSID<\/li>\n<li style='margin-bottom: 5px;'>Selecci\u00f3n autom\u00e1tica del canal<\/li>\n<li style='margin-bottom: 5px;'>Activaci\u00f3n de SSID seg\u00fan horario<\/li>\n<li style='margin-bottom: 5px;'>Acceso invitados<\/li>\n<li style='margin-bottom: 5px;'>Balanceo de carga entre bandas<\/li>\n<li style='margin-bottom: 5px;'>Certificado WiFi Alliance.<\/li>\n<\/ul>\n<table style='width: 100%; margin: 20px 0; border-collapse: collapse;'>\n<tbody>\n<tr>\n<td style='border: 1px solid rgba(150&comma;150&comma;150&comma;0.3); padding: 15px; font-weight: bold; width: 30%; color: inherit;'>Wi-Fi<\/td>\n<td style='border: 1px solid rgba(150&comma;150&comma;150&comma;0.3); padding: 15px; color: inherit;'>IEEE 802.11a\/b\/g\/n\/ac Wave 2 | Otros est\u00e1ndares: 802.11 h\/d\/r\/u\/w\/<\/td>\n<\/tr>\n<tr>\n<td style='border: 1px solid rgba(150&comma;150&comma;150&comma;0.3); padding: 15px; font-weight: bold; color: inherit;'>Bandas de operaci\u00f3n<\/td>\n<td style='border: 1px solid rgba(150&comma;150&comma;150&comma;0.3); padding: 15px; color: inherit;'>2.4 GHz: 2400-2484 MHz 5 GHz: 5150-5850 MHz con DFS<\/td>\n<\/tr>\n<tr>\n<td style='border: 1px solid rgba(150&comma;150&comma;150&comma;0.3); padding: 15px; font-weight: bold; color: inherit;'>Seguridad Wireless<\/td>\n<td style='border: 1px solid rgba(150&comma;150&comma;150&comma;0.3); padding: 15px; color: inherit;'>WPA-TKIP&comma; WPA2 AES&comma; 802.1x 802.11w<\/td>\n<\/tr>\n<tr>\n<td style='border: 1px solid rgba(150&comma;150&comma;150&comma;0.3); padding: 15px; font-weight: bold; color: inherit;'>Puertos Ethernet<\/td>\n<td style='border: 1px solid rgba(150&comma;150&comma;150&comma;0.3); padding: 15px; color: inherit;'>4 x 1 GigE (10\/100\/1000 Mbps) RJ45&comma; 2 x pass-through RJ45<\/td>\n<\/tr>\n<tr>\n<td style='border: 1px solid rgba(150&comma;150&comma;150&comma;0.3); padding: 15px; font-weight: bold; color: inherit;'>Alimentaci\u00f3n PoE<\/td>\n<td style='border: 1px solid rgba(150&comma;150&comma;150&comma;0.3); padding: 15px; color: inherit;'>\u2022 PoE In: 802.3at compliant. PSE out port is enabled.<br \/>\u2022 PoE In: 802.3af compliant: PSE out port is disabled<br \/>\u2022 Fuente 48Vdc auxiliar<\/td>\n<\/tr>\n<tr>\n<td style='border: 1px solid rgba(150&comma;150&comma;150&comma;0.3); padding: 15px; font-weight: bold; color: inherit;'>Peso<\/td>\n<td style='border: 1px solid rgba(150&comma;150&comma;150&comma;0.3); padding: 15px; color: inherit;'>384 gramos (0.384kg)<\/td>\n<\/tr>\n<tr>\n<td style='border: 1px solid rgba(150&comma;150&comma;150&comma;0.3); padding: 15px; font-weight: bold; color: inherit;'>Garant\u00eda<\/td>\n<td style='border: 1px solid rgba(150&comma;150&comma;150&comma;0.3); padding: 15px; color: inherit;'>1 a\u00f1o<\/td>\n<\/tr>\n<tr>\n<td style='border: 1px solid rgba(150&comma;150&comma;150&comma;0.3); padding: 15px; font-weight: bold; color: inherit;'>Dimensiones<\/td>\n<td style='border: 1px solid rgba(150&comma;150&comma;150&comma;0.3); padding: 15px; color: inherit;'>145 x 90 x 40 mm<\/td>\n<\/tr>\n<tr>\n<td style='border: 1px solid rgba(150&comma;150&comma;150&comma;0.3); padding: 15px; font-weight: bold; color: inherit;'>Tipo de Antena<\/td>\n<td style='border: 1px solid rgba(150&comma;150&comma;150&comma;0.3); padding: 15px; color: inherit;'>3 dBi (2.4 GHz)&comma; 4 dBi (5 GHz)<\/td>\n<\/tr>\n<tr>\n<td style='border: 1px solid rgba(150&comma;150&comma;150&comma;0.3); padding: 15px; font-weight: bold; color: inherit;'>Temperatura<\/td>\n<td style='border: 1px solid rgba(150&comma;150&comma;150&comma;0.3); padding: 15px; color: inherit;'>0\u00b0C a +40\u00b0C<\/td>\n<\/tr>\n<\/tbody>\n<\/table>\n<div style='border: 1px solid rgba(150&comma;150&comma;150&comma;0.3); padding: 10px; margin: 20px 0; color: inherit;'> <strong>PoE NO incluido&comma; no incluye fuente de alimentaci\u00f3n<\/strong> <\/div>\n<div style='width: 100%; margin: 30px 0;'> <img style='width: 100%; height: auto; border: 1px solid rgba(150&comma;150&comma;150&comma;0.3); border-radius: 8px;' src='https:\/\/ftp3.syscom.mx\/usuarios\/hortega\/Cambium\/cnpilot\/cnp430-1.png' alt='' \/> <\/div>\n<div style='width: 100%; margin: 30px 0;'> <img style='width: 100%; height: auto; border: 1px solid rgba(150&comma;150&comma;150&comma;0.3); border-radius: 8px;' src='https:\/\/ftp3.syscom.mx\/usuarios\/hortega\/Cambium\/cnpilot\/cnp430-2.png' alt='' \/> <\/div>\n<div style='display: flex; flex-wrap: wrap; gap: 30px; margin-top: 40px;'>\n<div style='flex: 1 1 300px; min-width: 280px;'>\n<div style='border: 1px solid rgba(150&comma;150&comma;150&comma;0.3); border-radius: 8px; overflow: hidden; padding: 15px;'>\n<div style='text-align: center; margin-bottom: 15px;'> <img style='width: 59px; height: auto; border: 1px solid rgba(150&comma;150&comma;150&comma;0.3); border-radius: 8px;' src='data:image\/png;base64&comma;iVBORw0KGgoAAAANSUhEUgAAAB0AAAAeCAYAAADQBxWhAAAA50lEQVRIDWP8\/\/\/\/fwY6AyY62we2btRSjFBPXfIeQwyfAD71AxK8DKDUSwy49fIXMcrgavCpZwSpwhdMtJAbkOBlweaTnt2fwcIlrrxwaZgYXIAIBjb9IDGslvrrc2AYefPlH4YyNx4McVwCXbu+oEghm4nVUlUxVhQNMA4ucZg8Xo2s90Di9NRSfFGDcrlR4KU4CPEZMHKCF2uJdPvVb3DoIJciIAEYH19Q4ZKD6QWZidVSfz0OjGInIT4dOQkJAGjta6223KdQrEDu9XW0O\/HbFYObW2W8c1zFfJzg0X4v7A5w4Wp662E1i28eVbEYJ9jZ4MCHF3Q81K\/g0X4F93c48dKwD99OprCQsPDzJQMLcQK3TcF0xMC922T8c83A6ZCO+3Z48c91A88M+3D9Rw13N0t44YCP82GZf5gNqWw=' alt='' \/> <\/div>\n<h4 style='font-size: 18px; text-align: center; margin-top: 0; color: inherit; opacity: 0.8;'>cnMaestro \u2122<\/h4>\n<p style='font-size: 14px; text-align: center; color: inherit;'>Control de la red de extremo a extremo con el aprovisionamiento cero y configuraci\u00f3n del dispositivo<\/p>\n<p style='font-size: 14px; text-align: center; color: inherit;'>cnMaestro \u2122 es una plataforma de software local o basada en la nube para el control seguro y completo de la red. El administrador de red inal\u00e1mbrica de cnMaestro simplifica la administraci\u00f3n de dispositivos al ofrecer una visibilidad completa de la red y un aprovisionamiento sin contacto. Vea y realice un conjunto completo de funciones de administraci\u00f3n de redes inal\u00e1mbricas en tiempo real. Optimice la disponibilidad del sistema&comma; maximice el rendimiento y satisfaga las necesidades emergentes de los clientes comerciales y residenciales&comma; SIN COSTO ALGUNO<\/p>\n<div style='text-align: center; margin: 20px 0;'> <a style='background-color: #51a4f5; color: #ffffff; font-weight: 400; transition: background-color 0.25s ease-out 0s&comma; color 0.25s ease-out 0s; border: 1px solid transparent; border-radius: 50px; display: inline-block; text-decoration: none; padding: 10px 20px; margin: 10px;' href='https:\/\/cloud.cambiumnetworks.com\/app\/createaccount.html' rel='noopener'>Obtener una cuenta en la nube<\/a> <a style='background-color: #51a4f5; color: #ffffff; font-weight: 400; transition: background-color 0.25s ease-out 0s&comma; color 0.25s ease-out 0s; border: 1px solid transparent; border-radius: 50px; display: inline-block; text-decoration: none; padding: 10px 20px; margin: 10px;' href='https:\/\/support.cambiumnetworks.com\/files\/cnmaestro\/' rel='noopener'>Descarga<\/a> <\/div>\n<\/p><\/div>\n<div style='text-align: center;'> <img style='width: 433px; height: auto; border: 1px solid rgba(150&comma;150&comma;150&comma;0.3); border-radius: 8px;' src='https:\/\/3fdumf3rqw5xx4mjgywguwz9-wpengine.netdna-ssl.com\/wp-content\/uploads\/2015\/08\/cnMaestro-screen_569x431.png' alt='Aprovisionamiento de cero toque&comma; cnMaestro&comma; configuraci\u00f3n de dispositivos.' data-fr-image-pasted='true' \/> <\/div>\n<\/p><\/div>\n<\/p><\/div>\n","protected":false},"excerpt":{"rendered":"<p>Punto de Acceso para interiores \/ 256 usuarios \/ 802.11 WAVE 2, 2&#215;2 \/ con Administraci\u00f3n Cloud \/ 360\u00b0 \/ PL-E430W00A-RW<\/p>\n","protected":false},"featured_media":72442,"comment_status":"open","ping_status":"closed","template":"","meta":[],"product_brand":[],"product_cat":[1794],"product_tag":[1316,1795,1479],"class_list":{"0":"post-72443","1":"product","2":"type-product","3":"status-publish","4":"has-post-thumbnail","6":"product_cat-puntos-de-acceso","7":"product_tag-cambium-networks","8":"product_tag-puntos-de-acceso","9":"product_tag-redes-wifi","11":"first","12":"outofstock","13":"sale","14":"shipping-taxable","15":"purchasable","16":"product-type-simple"},"_links":{"self":[{"href":"https:\/\/soydeaqui.ddns.net\/pachuca\/index.php\/wp-json\/wp\/v2\/product\/72443","targetHints":{"allow":["GET"]}}],"collection":[{"href":"https:\/\/soydeaqui.ddns.net\/pachuca\/index.php\/wp-json\/wp\/v2\/product"}],"about":[{"href":"https:\/\/soydeaqui.ddns.net\/pachuca\/index.php\/wp-json\/wp\/v2\/types\/product"}],"replies":[{"embeddable":true,"href":"https:\/\/soydeaqui.ddns.net\/pachuca\/index.php\/wp-json\/wp\/v2\/comments?post=72443"}],"wp:featuredmedia":[{"embeddable":true,"href":"https:\/\/soydeaqui.ddns.net\/pachuca\/index.php\/wp-json\/wp\/v2\/media\/72442"}],"wp:attachment":[{"href":"https:\/\/soydeaqui.ddns.net\/pachuca\/index.php\/wp-json\/wp\/v2\/media?parent=72443"}],"wp:term":[{"taxonomy":"product_brand","embeddable":true,"href":"https:\/\/soydeaqui.ddns.net\/pachuca\/index.php\/wp-json\/wp\/v2\/product_brand?post=72443"},{"taxonomy":"product_cat","embeddable":true,"href":"https:\/\/soydeaqui.ddns.net\/pachuca\/index.php\/wp-json\/wp\/v2\/product_cat?post=72443"},{"taxonomy":"product_tag","embeddable":true,"href":"https:\/\/soydeaqui.ddns.net\/pachuca\/index.php\/wp-json\/wp\/v2\/product_tag?post=72443"}],"curies":[{"name":"wp","href":"https:\/\/api.w.org\/{rel}","templated":true}]}}