{"id":72437,"date":"2026-03-19T12:43:59","date_gmt":"2026-03-19T12:43:59","guid":{"rendered":"https:\/\/soydeaqui.ddns.net\/pachuca\/index.php\/producto\/router-inalambrico-mesh-interior-para-hogar-doble-banda-wi-fi-5-ac1300-mbps-2-puerto-gigabit-wan-lan-4-antenas-internas-administracion-mediante-la-app-deco-ios-android-proteccion-homecare\/"},"modified":"2026-03-19T12:44:09","modified_gmt":"2026-03-19T12:44:09","slug":"router-inalambrico-mesh-interior-para-hogar-doble-banda-wi-fi-5-ac1300-mbps-2-puerto-gigabit-wan-lan-4-antenas-internas-administracion-mediante-la-app-deco-ios-android-proteccion-homecare","status":"publish","type":"product","link":"https:\/\/soydeaqui.ddns.net\/pachuca\/index.php\/producto\/router-inalambrico-mesh-interior-para-hogar-doble-banda-wi-fi-5-ac1300-mbps-2-puerto-gigabit-wan-lan-4-antenas-internas-administracion-mediante-la-app-deco-ios-android-proteccion-homecare\/","title":{"rendered":"Router Inal\u00e1mbrico MESH Interior para Hogar \/ Doble Banda Wi-Fi 5 AC1300 Mbps \/ 2 Puerto Gigabit WAN\/LAN \/ 4 Antenas Internas \/ Administraci\u00f3n Mediante la App Deco (iOS, Android) \/ Protecci\u00f3n HomeCare \/ Antivirus Integrado"},"content":{"rendered":"<div style='width: 100%; max-width: 1200px; margin: 0 auto; font-family: sans-serif; line-height: 1.6; color: inherit; background-color: transparent;'>\n<div style='text-align: center; margin-bottom: 30px;'>\n<h2 style='font-size: 24px; border-bottom: 2px solid currentColor; padding-bottom: 5px; color: inherit; opacity: 0.8;'>Caracter\u00edsticas Principales<\/h2>\n<\/p><\/div>\n<div style='margin-bottom: 30px;'> <img style='width: 100%; height: auto; border: 1px solid rgba(150&comma;150&comma;150&comma;0.3); border-radius: 8px;' src='https:\/\/ftp3.syscom.mx\/usuarios\/fotos\/DECOM5\/159278-captura_de_pantalla_2024-02-28_a_la(s)_5.17.08%E2%80%AFp.m..png' alt='Captura de pantalla 2024-02-28 a la(s) 5.17.08 p.m.'> <\/div>\n<div style='margin-bottom: 30px;'> <img style='width: 100%; height: auto; border: 1px solid rgba(150&comma;150&comma;150&comma;0.3); border-radius: 8px;' src='https:\/\/ftp3.syscom.mx\/usuarios\/fotos\/DECOM5\/159278-captura_de_pantalla_2024-02-28_a_la(s)_5.17.22%E2%80%AFp.m..png' alt='Captura de pantalla 2024-02-28 a la(s) 5.17.22 p.m.'> <\/div>\n<div style='text-align: center; margin-bottom: 30px;'>\n<h2 style='font-size: 24px; border-bottom: 2px solid currentColor; padding-bottom: 5px; color: inherit; opacity: 0.8;'>Roaming sin interrupciones<\/h2>\n<\/p><\/div>\n<div style='margin-bottom: 30px;'> <img style='width: 100%; height: auto; border: 1px solid rgba(150&comma;150&comma;150&comma;0.3); border-radius: 8px;' src='https:\/\/ftp3.syscom.mx\/usuarios\/fotos\/DECOM5\/159278-captura_de_pantalla_2024-02-28_a_la(s)_5.17.34%E2%80%AFp.m..png' alt='Captura de pantalla 2024-02-28 a la(s) 5.17.34 p.m.'> <\/div>\n<div style='text-align: center; margin-bottom: 30px;'>\n<h2 style='font-size: 24px; border-bottom: 2px solid currentColor; padding-bottom: 5px; color: inherit; opacity: 0.8;'>Configuraci\u00f3n mediante aplicaci\u00f3n celular<\/h2>\n<\/p><\/div>\n<div style='margin-bottom: 30px;'> <img style='width: 100%; height: auto; border: 1px solid rgba(150&comma;150&comma;150&comma;0.3); border-radius: 8px;' src='https:\/\/ftp3.syscom.mx\/usuarios\/fotos\/DECOM5\/159278-captura_de_pantalla_2024-02-28_a_la(s)_5.17.41%E2%80%AFp.m..png' alt='Captura de pantalla 2024-02-28 a la(s) 5.17.41 p.m.'> <\/div>\n<div style='text-align: center; margin-bottom: 30px;'>\n<h2 style='font-size: 24px; border-bottom: 2px solid currentColor; padding-bottom: 5px; color: inherit; opacity: 0.8;'>Expande la cobertura en tu hogar<\/h2>\n<\/p><\/div>\n<div style='margin-bottom: 30px;'> <img style='width: 100%; height: auto; border: 1px solid rgba(150&comma;150&comma;150&comma;0.3); border-radius: 8px;' src='https:\/\/ftp3.syscom.mx\/usuarios\/fotos\/DECOM5\/159278-captura_de_pantalla_2024-02-28_a_la(s)_5.28.18%E2%80%AFp.m..png' alt='Captura de pantalla 2024-02-28 a la(s) 5.28.18 p.m.'> <\/div>\n<div style='text-align: center; margin-bottom: 30px;'>\n<h2 style='font-size: 24px; border-bottom: 2px solid currentColor; padding-bottom: 5px; color: inherit; opacity: 0.8;'>Protecci\u00f3n de tu red con TP-Link HomeCare<\/h2>\n<\/p><\/div>\n<div style='margin-bottom: 30px;'> <img style='width: 100%; height: auto; border: 1px solid rgba(150&comma;150&comma;150&comma;0.3); border-radius: 8px;' src='https:\/\/ftp3.syscom.mx\/usuarios\/fotos\/DECOM5\/159278-captura_de_pantalla_2024-02-28_a_la(s)_5.46.33%E2%80%AFp.m..png' alt='Captura de pantalla 2024-02-28 a la(s) 5.46.33 p.m.'> <\/div>\n<div style='margin: 30px 0;'>\n<hr style='border: 0; border-top: 1px solid rgba(150&comma; 150&comma; 150&comma; 0.3);'> <\/div>\n<div style='display: flex; flex-wrap: wrap; gap: 30px; margin-bottom: 30px;'>\n<div style='flex: 1 1 300px; min-width: 280px;'>\n<h3 style='font-size: 22px; border-bottom: 2px solid currentColor; padding-bottom: 5px; margin-top: 0; color: inherit; opacity: 0.8;'>Especificaciones<\/h3>\n<ul style='padding-left: 20px; font-size: 15px; color: inherit;'>\n<li style='margin-bottom: 5px;'><strong>Dimensiones:<\/strong> 120 x 120 x 38 mm<\/li>\n<li style='margin-bottom: 5px;'><strong>Puertos:<\/strong> (2) Puerto 10\/100\/1000 Mbps Detecci\u00f3n Autom\u00e1tica WAN\/LAN<\/li>\n<li style='margin-bottom: 5px;'><strong>Modos de Operaci\u00f3n:<\/strong> Router \/ Punto de Acceso<\/li>\n<li style='margin-bottom: 5px;'><strong>Garant\u00eda:<\/strong> 2 a\u00f1os<\/li>\n<li style='margin-bottom: 5px;'><strong>Gesti\u00f3n:<\/strong> Mediante Aplicaci\u00f3n (iOS \/ Android)<\/li>\n<li style='margin-bottom: 5px;'><strong>Consumo m\u00e1ximo:<\/strong> W<\/li>\n<li style='margin-bottom: 5px;'><strong>Alimentaci\u00f3n:<\/strong> 12 Vcc \/ 1.2A<\/li>\n<li style='margin-bottom: 5px;'><strong>Antenas:<\/strong> 4 Antenas Internas<\/li>\n<li style='margin-bottom: 5px;'><strong>WiFi:<\/strong> 5<\/li>\n<li style='margin-bottom: 5px;'><strong>Bot\u00f3n Reset:<\/strong> S\u00ed<\/li>\n<li style='margin-bottom: 5px;'><strong>Seguridad Inal\u00e1mbrica:<\/strong> WPA\/WPA2<\/li>\n<li style='margin-bottom: 5px;'><strong>Reenv\u00edo NAT:<\/strong> Reenv\u00edo de puertos \/ uPnP<\/li>\n<li style='margin-bottom: 5px;'><strong>Tipos de conexi\u00f3n WAN:<\/strong> IP est\u00e1tica\/ din\u00e1mica \/ PPPoE \/ PPTP \/ L2TP \/ Banda ancho m\u00f3vil<\/li>\n<li style='margin-bottom: 5px;'><strong>IPV6\/IPV4:<\/strong> Conexi\u00f3n WAN<\/li>\n<li style='margin-bottom: 5px;'><strong>IPTV:<\/strong> Proxy IGMP<\/li>\n<li style='margin-bottom: 5px;'><strong>Temperatura de operaci\u00f3n:<\/strong> 0 a 40\u00b0 C<\/li>\n<li style='margin-bottom: 5px;'><strong>Certificaciones:<\/strong> CE&comma; FCC&comma; RoHS<\/li>\n<\/ul><\/div>\n<div style='flex: 1 1 300px; min-width: 280px;'>\n<h3 style='font-size: 22px; border-bottom: 2px solid currentColor; padding-bottom: 5px; margin-top: 0; color: inherit; opacity: 0.8;'>Caracter\u00edsticas<\/h3>\n<ul style='padding-left: 20px; font-size: 15px; color: inherit;'>\n<li style='margin-bottom: 5px;'><strong>WiFi:<\/strong> Tecnolog\u00eda Mesh TP-Link (Solo Compatible con Decos) MU-MIMO 2X2: Se comunica simult\u00e1neamente con m\u00faltiples clientes Beamforming: Concentra la se\u00f1al hacia los clientes para ampliar el alcance 4 antenas&comma; mejora la conectividad de los dispositivos<\/li>\n<li style='margin-bottom: 5px;'><strong>Seguridad HomeCare:<\/strong> <a href='https:\/\/www.tp-link.com\/mx\/homecare\/' style='color: #3598db; text-decoration: none;'>Prevenci\u00f3n de Intrusi\u00f3n \/ Calidad de Servicio \/ Controles Parentales \/ Cuarentena de dispositivos<\/a><\/li>\n<li style='margin-bottom: 5px;'><strong>Control Parental:<\/strong> Perfiles de Usuario \/ Niveles de filtrado \/ Limites de tiempo \/ Insights<\/li>\n<li style='margin-bottom: 5px;'><strong>Potencia de Transmisi\u00f3n WiFi:<\/strong> CE: <20 dBm (2&comma;4 GHz) \/ <23 dBm (5 GHz) FCC:<30 dBm (5 GHz)<\/li>\n<\/ul><\/div>\n<div style='flex: 1 1 300px; min-width: 280px;'>\n<h3 style='font-size: 22px; border-bottom: 2px solid currentColor; padding-bottom: 5px; margin-top: 0; color: inherit; opacity: 0.8;'>Otros<\/h3>\n<ul style='padding-left: 20px; font-size: 15px; color: inherit;'>\n<li style='margin-bottom: 5px;'><strong>Contenido del Paquete:<\/strong> 1 Deco M5 \/ 1 Cable Ethernet RJ45 \/ 1 Fuentes de Poder \/ 1 Gu\u00eda de instalaci\u00f3n r\u00e1pida<\/li>\n<\/ul><\/div>\n<\/p><\/div>\n<div style='margin: 30px 0;'>\n<hr style='border: 0; border-top: 1px solid rgba(150&comma; 150&comma; 150&comma; 0.3);'> <\/div>\n<\/p><\/div>\n","protected":false},"excerpt":{"rendered":"<p>Router Inal\u00e1mbrico MESH Interior para Hogar \/ Doble Banda Wi-Fi 5 AC1300 Mbps \/ 2 Puerto Gigabit WAN\/LAN \/ 4 Antenas Internas \/ Administraci\u00f3n Mediante la App Deco (iOS, Android) \/ Protecci\u00f3n HomeCare \/ Antivirus Integrado<\/p>\n","protected":false},"featured_media":72436,"comment_status":"open","ping_status":"closed","template":"","meta":[],"product_brand":[],"product_cat":[1794],"product_tag":[1795,1479,71],"class_list":{"0":"post-72437","1":"product","2":"type-product","3":"status-publish","4":"has-post-thumbnail","6":"product_cat-puntos-de-acceso","7":"product_tag-puntos-de-acceso","8":"product_tag-redes-wifi","9":"product_tag-tp-link","11":"first","12":"instock","13":"sale","14":"shipping-taxable","15":"purchasable","16":"product-type-simple"},"_links":{"self":[{"href":"https:\/\/soydeaqui.ddns.net\/pachuca\/index.php\/wp-json\/wp\/v2\/product\/72437","targetHints":{"allow":["GET"]}}],"collection":[{"href":"https:\/\/soydeaqui.ddns.net\/pachuca\/index.php\/wp-json\/wp\/v2\/product"}],"about":[{"href":"https:\/\/soydeaqui.ddns.net\/pachuca\/index.php\/wp-json\/wp\/v2\/types\/product"}],"replies":[{"embeddable":true,"href":"https:\/\/soydeaqui.ddns.net\/pachuca\/index.php\/wp-json\/wp\/v2\/comments?post=72437"}],"wp:featuredmedia":[{"embeddable":true,"href":"https:\/\/soydeaqui.ddns.net\/pachuca\/index.php\/wp-json\/wp\/v2\/media\/72436"}],"wp:attachment":[{"href":"https:\/\/soydeaqui.ddns.net\/pachuca\/index.php\/wp-json\/wp\/v2\/media?parent=72437"}],"wp:term":[{"taxonomy":"product_brand","embeddable":true,"href":"https:\/\/soydeaqui.ddns.net\/pachuca\/index.php\/wp-json\/wp\/v2\/product_brand?post=72437"},{"taxonomy":"product_cat","embeddable":true,"href":"https:\/\/soydeaqui.ddns.net\/pachuca\/index.php\/wp-json\/wp\/v2\/product_cat?post=72437"},{"taxonomy":"product_tag","embeddable":true,"href":"https:\/\/soydeaqui.ddns.net\/pachuca\/index.php\/wp-json\/wp\/v2\/product_tag?post=72437"}],"curies":[{"name":"wp","href":"https:\/\/api.w.org\/{rel}","templated":true}]}}