{"id":72386,"date":"2026-03-19T12:41:56","date_gmt":"2026-03-19T12:41:56","guid":{"rendered":"https:\/\/soydeaqui.ddns.net\/pachuca\/index.php\/producto\/diadema-binaudal-duo-con-tecnologia-antishock-para-telefonos-ip-fanvil-y-polycom-con-microfono-de-cancelacion-de-ruido-larga-durabilidad\/"},"modified":"2026-03-19T12:42:07","modified_gmt":"2026-03-19T12:42:07","slug":"diadema-binaudal-duo-con-tecnologia-antishock-para-telefonos-ip-fanvil-y-polycom-con-microfono-de-cancelacion-de-ruido-larga-durabilidad","status":"publish","type":"product","link":"https:\/\/soydeaqui.ddns.net\/pachuca\/index.php\/producto\/diadema-binaudal-duo-con-tecnologia-antishock-para-telefonos-ip-fanvil-y-polycom-con-microfono-de-cancelacion-de-ruido-larga-durabilidad\/","title":{"rendered":"Diadema binaudal (duo) con tecnolog\u00eda antishock para tel\u00e9fonos IP FANVIL y Polycom con micr\u00f3fono de cancelaci\u00f3n de ruido, larga durabilidad"},"content":{"rendered":"<div style='width: 100%; max-width: 1200px; margin: 0 auto; font-family: sans-serif; line-height: 1.6; color: inherit; background-color: transparent;'> <!-- Secci\u00f3n de descripci\u00f3n principal --> <\/p>\n<div style='margin-bottom: 30px; font-size: 15px; color: inherit;'>\n<p>Fanvil HT201 y HT202 es el auricular de estilo Headset hecho para trabajadores de oficina&comma; SOHO o personal de Call Center. Con tecnolog\u00eda de cancelaci\u00f3n de ruido y audio de banda ancha&comma; ofrece conversaciones m\u00e1s claras y una experiencia profesional en cada llamada.<\/p>\n<p style='margin-top: 20px; color: inherit;'><strong>Compatibles con tel\u00e9fonos Fanvil<\/strong><\/p>\n<p style='color: inherit;'>Para compatibilidad con tel\u00e9fonos Grandstream&comma; anal\u00f3gicos y digitales&comma; agregar adaptador modelo QD03<\/p>\n<\/p><\/div>\n<p> <!-- Secci\u00f3n de caracter\u00edsticas con iconos --> <\/p>\n<div style='display: flex; flex-wrap: wrap; gap: 30px; margin-bottom: 30px;'>\n<div style='flex: 1 1 300px; min-width: 280px;'>\n<h3 style='font-size: 22px; border-bottom: 2px solid currentColor; padding-bottom: 5px; margin-top: 0; color: inherit; opacity: 0.8;'>Caracter\u00edsticas de audio<\/h3>\n<ul style='padding-left: 20px; font-size: 15px; color: inherit;'>\n<li style='margin-bottom: 5px; color: inherit;'>Calidad de voz clara&comma; asegurando una experiencia de sonido clara y natural.<\/li>\n<li style='margin-bottom: 5px; color: inherit;'>Micr\u00f3fono con cancelaci\u00f3n de ruido superior que bloquea el ruido no deseado&comma; provee conversaciones claras incluso en ambientes ruidosos.<\/li>\n<li style='margin-bottom: 5px; color: inherit;'>Tecnolog\u00eda Peakstop que elimina el ruido fuerte repentino antes de que llegue a sus o\u00eddos&comma; protegiendo su audici\u00f3n del ruido nocivo.<\/li>\n<\/ul><\/div>\n<div style='flex: 1 1 300px; min-width: 280px;'>\n<h3 style='font-size: 22px; border-bottom: 2px solid currentColor; padding-bottom: 5px; margin-top: 0; color: inherit; opacity: 0.8;'>Confort y durabilidad<\/h3>\n<ul style='padding-left: 20px; font-size: 15px; color: inherit;'>\n<li style='margin-bottom: 5px; color: inherit;'>Almohadillas de espuma suave cubiertas de alta calidad&comma; mantienen la oreja fresca y ofrecen comodidad durante todo el d\u00eda.<\/li>\n<li style='margin-bottom: 5px; color: inherit;'>Conexi\u00f3n robusta y duradera&comma; dise\u00f1o monobloque y cable reforzado para proteger contra cualquier uso.<\/li>\n<\/ul><\/div>\n<div style='flex: 1 1 300px; min-width: 280px;'>\n<h3 style='font-size: 22px; border-bottom: 2px solid currentColor; padding-bottom: 5px; margin-top: 0; color: inherit; opacity: 0.8;'>Especificaciones<\/h3>\n<ul style='padding-left: 20px; font-size: 15px; color: inherit;'>\n<li style='margin-bottom: 5px; color: inherit;'><strong>Tipo de Headset:<\/strong> Binaural<\/li>\n<li style='margin-bottom: 5px; color: inherit;'><strong>Puerto:<\/strong> 1 RJ9<\/li>\n<li style='margin-bottom: 5px; color: inherit;'><strong>Di\u00e1metro del Speaker:<\/strong> 28nm<\/li>\n<li style='margin-bottom: 5px; color: inherit;'><strong>Impedancia del Speaker:<\/strong> 300\u03a9<\/li>\n<li style='margin-bottom: 5px; color: inherit;'><strong>Rango de frecuencia:<\/strong> 150Hz-6400Hz<\/li>\n<li style='margin-bottom: 5px; color: inherit;'><strong>Sensibilidad del Speaker:<\/strong> 95db \u00b15db<\/li>\n<li style='margin-bottom: 5px; color: inherit;'><strong>Sensibilidad del Mic:<\/strong> -42db \u00b13db<\/li>\n<li style='margin-bottom: 5px; color: inherit;'><strong>Tipo de reducci\u00f3n de ruido del Mic:<\/strong> Polaridad uni-direccional<\/li>\n<li style='margin-bottom: 5px; color: inherit;'><strong>Longitud del cable:<\/strong> 1m<\/li>\n<li style='margin-bottom: 5px; color: inherit;'><strong>Tipo de cable:<\/strong> Di\u00e1metro de 2.5&comma; cubierta con retardo de fuego<\/li>\n<li style='margin-bottom: 5px; color: inherit;'><strong>Cable de Mic:<\/strong> Cable multi cubierto<\/li>\n<li style='margin-bottom: 5px; color: inherit;'><strong>Barras de acero:<\/strong> Acero inoxidable de alta dureza&comma; negro<\/li>\n<\/ul><\/div>\n<div style='flex: 1 1 300px; min-width: 280px;'>\n<h3 style='font-size: 22px; border-bottom: 2px solid currentColor; padding-bottom: 5px; margin-top: 0; color: inherit; opacity: 0.8;'>Compatibilidad<\/h3>\n<ul style='padding-left: 20px; font-size: 15px; color: inherit;'>\n<li style='margin-bottom: 5px; color: inherit;'>Compatible con todos los tel\u00e9fonos Fanvil<\/li>\n<li style='margin-bottom: 5px; color: inherit;'>Para compatibilidad con tel\u00e9fonos Grandstream&comma; anal\u00f3gicos y digitales&comma; agregar adaptador modelo QD03<\/li>\n<\/ul><\/div>\n<\/p><\/div>\n<\/p><\/div>\n","protected":false},"excerpt":{"rendered":"<p>Diadema binaudal (duo) con tecnolog\u00eda antishock para tel\u00e9fonos IP FANVIL y Polycom con micr\u00f3fono de cancelaci\u00f3n de ruido, larga durabilidad<\/p>\n","protected":false},"featured_media":72385,"comment_status":"open","ping_status":"closed","template":"","meta":[],"product_brand":[],"product_cat":[2040],"product_tag":[93,859,2004],"class_list":{"0":"post-72386","1":"product","2":"type-product","3":"status-publish","4":"has-post-thumbnail","6":"product_cat-accesorios-voip-telefonia-ip-videoconferencia","7":"product_tag-accesorios","8":"product_tag-fanvil","9":"product_tag-voip-telefonia-ip-videoconferencia","11":"first","12":"outofstock","13":"sale","14":"shipping-taxable","15":"purchasable","16":"product-type-simple"},"_links":{"self":[{"href":"https:\/\/soydeaqui.ddns.net\/pachuca\/index.php\/wp-json\/wp\/v2\/product\/72386","targetHints":{"allow":["GET"]}}],"collection":[{"href":"https:\/\/soydeaqui.ddns.net\/pachuca\/index.php\/wp-json\/wp\/v2\/product"}],"about":[{"href":"https:\/\/soydeaqui.ddns.net\/pachuca\/index.php\/wp-json\/wp\/v2\/types\/product"}],"replies":[{"embeddable":true,"href":"https:\/\/soydeaqui.ddns.net\/pachuca\/index.php\/wp-json\/wp\/v2\/comments?post=72386"}],"wp:featuredmedia":[{"embeddable":true,"href":"https:\/\/soydeaqui.ddns.net\/pachuca\/index.php\/wp-json\/wp\/v2\/media\/72385"}],"wp:attachment":[{"href":"https:\/\/soydeaqui.ddns.net\/pachuca\/index.php\/wp-json\/wp\/v2\/media?parent=72386"}],"wp:term":[{"taxonomy":"product_brand","embeddable":true,"href":"https:\/\/soydeaqui.ddns.net\/pachuca\/index.php\/wp-json\/wp\/v2\/product_brand?post=72386"},{"taxonomy":"product_cat","embeddable":true,"href":"https:\/\/soydeaqui.ddns.net\/pachuca\/index.php\/wp-json\/wp\/v2\/product_cat?post=72386"},{"taxonomy":"product_tag","embeddable":true,"href":"https:\/\/soydeaqui.ddns.net\/pachuca\/index.php\/wp-json\/wp\/v2\/product_tag?post=72386"}],"curies":[{"name":"wp","href":"https:\/\/api.w.org\/{rel}","templated":true}]}}