{"id":72380,"date":"2026-03-19T12:41:42","date_gmt":"2026-03-19T12:41:42","guid":{"rendered":"https:\/\/soydeaqui.ddns.net\/pachuca\/index.php\/producto\/gateway-para-voceo-paging-y-video-soporte-1-camara-amplificador-integrado-de-hasta-30-w-2\/"},"modified":"2026-03-19T12:41:54","modified_gmt":"2026-03-19T12:41:54","slug":"gateway-para-voceo-paging-y-video-soporte-1-camara-amplificador-integrado-de-hasta-30-w-2","status":"publish","type":"product","link":"https:\/\/soydeaqui.ddns.net\/pachuca\/index.php\/producto\/gateway-para-voceo-paging-y-video-soporte-1-camara-amplificador-integrado-de-hasta-30-w-2\/","title":{"rendered":"Gateway para Voceo, Paging y Video \/ Soporte 1 C\u00e1mara \/ Amplificador integrado de hasta 30 W"},"content":{"rendered":"<div style='width: 100%; max-width: 1200px; margin: 0 auto; font-family: sans-serif; line-height: 1.6; color: inherit; background-color: transparent;'>\n<div style='margin-bottom: 30px;'>\n<p style='margin-bottom: 15px; font-size: 15px; color: inherit;'> PA2 es un intercom de video SIP y un dispositivo de voceo para aplicaciones industriales. La transmisi\u00f3n de flujo de medios adopta el est\u00e1ndar de protocolos IP\/RTP\/RTSP. Hereda las ventajas de la estabilidad y la calidad de sonido del Tel\u00e9fono FANVIL VOIP. Es perfectamente compatible con todas las plataformas SIP IP PBX\/IMS actuales&comma; como Asterisk&comma; Broadsoft&comma; 3CX&comma; Elastix&comma; Grandstream&comma; etc. Posee diversas funciones e interfaces&comma; como Intercom&comma; transmisi\u00f3n&comma; video&comma; seguridad&comma; grabaci\u00f3n&comma; para adaptar diferentes entornos de aplicaci\u00f3n&comma; puede hacer muy f\u00e1cilmente su intercomunicador de video y voceo. PA2 es la mejor opci\u00f3n para diferentes escenarios. <\/p>\n<\/p><\/div>\n<div style='display: flex; flex-wrap: wrap; gap: 30px; margin-bottom: 30px;'>\n<div style='flex: 1 1 300px; min-width: 280px;'>\n<div style='border-left: 5px solid #cb3234; border-right: 5px solid #cb3234; border-radius: 5px; padding: 5px; box-shadow: 2px 2px 10px rgba(216&comma; 216&comma; 216&comma; 0.5);'>\n<h3 style='font-size: 18px; margin-top: 0; margin-bottom: 15px; color: inherit; font-weight: bold;'>Caracter\u00edsticas principales<\/h3>\n<ul style='padding-left: 20px; font-size: 14px; color: inherit; list-style-type: disc;'>\n<li style='margin-bottom: 5px;'>Compatible con el protocolo SIP est\u00e1ndar y la plataforma principal IPPBX \/ IMS<\/li>\n<li style='margin-bottom: 5px;'>Dise\u00f1o todo en uno montado en la pared&comma; integrado con c\u00f3dec de audio de red&comma; amplificador digital<\/li>\n<li style='margin-bottom: 5px;'>Amplificador de potencia Max 30W incorporado<\/li>\n<li style='margin-bottom: 5px;'>Ajuste de salida de volumen en l\u00ednea o teclado<\/li>\n<li style='margin-bottom: 5px;'>Salida de audio incorporada para conectar a un altavoz externo<\/li>\n<li style='margin-bottom: 5px;'>Entrada de audio incorporada para conectar a un micr\u00f3fono externo 1 puerto de detecci\u00f3n de cortocircuito incorporado y 1 puerto de control de salida de cortocircuito opcional para 1 o 2 llaves DSS<\/li>\n<li style='margin-bottom: 5px;'>2 puertos est\u00e1ndar RJ45&comma; 1 puerto WAN&comma; entrada de c\u00e1mara de video<\/li>\n<li style='margin-bottom: 5px;'>2 L\u00edneas SIP<\/li>\n<li style='margin-bottom: 5px;'>Soporta 2 l\u00edneas de SRTP<\/li>\n<\/ul><\/div>\n<\/p><\/div>\n<div style='flex: 1 1 300px; min-width: 280px;'>\n<div style='border-left: 5px solid #cb3234; border-right: 5px solid #cb3234; border-radius: 5px; padding: 5px; box-shadow: 2px 2px 10px rgba(216&comma; 216&comma; 216&comma; 0.5);'>\n<h3 style='font-size: 18px; margin-top: 0; margin-bottom: 15px; color: inherit; font-weight: bold;'>Caracter\u00edsticas F\u00edsicas y El\u00e9ctricas:<\/h3>\n<ul style='padding-left: 20px; font-size: 14px; color: inherit; list-style-type: disc;'>\n<li style='margin-bottom: 5px;'>Interfaz de salida de grabaci\u00f3n: interfaz de audio est\u00e1ndar de 3&comma;5 mm Impedancia de 15 ohmios<\/li>\n<li style='margin-bottom: 5px;'>Interfaz de altavoz pasivo de 1 v\u00eda: potencia de salida: 4\u03a9&comma; POE \/ 10W&comma; 12V \/ 10 W&comma; 18 V \/ 20 W&comma; 24 V \/ 30 W; relacionado con voltaje de suministro<\/li>\n<li style='margin-bottom: 5px;'>Interfaz: bloque de terminales enchufable<\/li>\n<li style='margin-bottom: 5px;'>Di\u00e1metro del alambre: 18 AWG o di\u00e1metro m\u00e1s grande<\/li>\n<li style='margin-bottom: 5px;'>1 altavoz de auriculares: Salida 32 Ohm 1.2V<\/li>\n<li style='margin-bottom: 5px;'>Interfaz de entrada de micr\u00f3fono de 1 v\u00eda Recomendaci\u00f3n: utilice un micr\u00f3fono de condensador electret<\/li>\n<li style='margin-bottom: 5px;'>Sensibilidad: -38dB&comma; impedancia 2.2 K&comma; Voltaje de polarizaci\u00f3n de Ohmios 2.2V<\/li>\n<li style='margin-bottom: 5px;'>1 entrada y salida de cortocircuito interfaz (rel\u00e9 incorporado): Relevador: MAX DC30V \/ 1A&comma; AC125V \/ 0.5 A<\/li>\n<li style='margin-bottom: 5px;'>2 interfaz de entrada de alimentaci\u00f3n paralela: 12V-24V \/ 2A DC 1<\/li>\n<li style='margin-bottom: 5px;'>Consumo de energ\u00eda en espera: DC12V 1.32W \/ POE 1.78W<\/li>\n<li style='margin-bottom: 5px;'>Material de la carcasa: aleaci\u00f3n de aluminio<\/li>\n<li style='margin-bottom: 5px;'>Temperatura de funcionamiento: -30 ~ 60 \u00b0C<\/li>\n<li style='margin-bottom: 5px;'>Humedad relativa: 10% &#8211; 95%<\/li>\n<li style='margin-bottom: 5px;'>Tama\u00f1o del equipo: 113 x 83 x 28mm<\/li>\n<li style='margin-bottom: 5px;'>Tama\u00f1o del paquete: 138 x 108 x 77mm<\/li>\n<li style='margin-bottom: 5px;'>Peso del equipo: 250 g<\/li>\n<\/ul><\/div>\n<\/p><\/div>\n<div style='flex: 1 1 300px; min-width: 280px;'>\n<div style='border-left: 5px solid #cb3234; border-right: 5px solid #cb3234; border-radius: 5px; padding: 5px; box-shadow: 2px 2px 10px rgba(216&comma; 216&comma; 216&comma; 0.5);'>\n<h3 style='font-size: 18px; margin-top: 0; margin-bottom: 15px; color: inherit; font-weight: bold;'>Caracter\u00edsticas de Red:<\/h3>\n<ul style='padding-left: 20px; font-size: 14px; color: inherit; list-style-type: disc;'>\n<li style='margin-bottom: 5px;'>Puerto Ethernet 10\/100 Mbps<\/li>\n<li style='margin-bottom: 5px;'>Soporta PoE<\/li>\n<li style='margin-bottom: 5px;'>Configuraci\u00f3n IP: Est\u00e1tico \/ DHCP\/ PPPoE<\/li>\n<li style='margin-bottom: 5px;'>VPN: L2TP \/ OpenVPN<\/li>\n<li style='margin-bottom: 5px;'>VLAN<\/li>\n<li style='margin-bottom: 5px;'>OpenVPN<\/li>\n<\/ul><\/div>\n<\/p><\/div>\n<\/p><\/div>\n<div style='margin-bottom: 30px;'> <img style='width: 100%; height: auto; border: 1px solid rgba(150&comma;150&comma;150&comma;0.3); border-radius: 8px;' src='https:\/\/ftp3.syscom.mx\/usuarios\/esanchez\/FANVIL\/PA2F\/Fanvil -PA2.jpg' alt=''> <\/div>\n<div style='margin-bottom: 30px;'> <img style='width: 100%; height: auto; border: 1px solid rgba(150&comma;150&comma;150&comma;0.3); border-radius: 8px;' src='http:\/\/www.hk-matrix.com\/wp-content\/uploads\/2018\/04\/5a8fd61c8b582.png' alt=''> <\/div>\n<div style='margin-bottom: 30px;'> <img style='width: 100%; height: auto; border: 1px solid rgba(150&comma;150&comma;150&comma;0.3); border-radius: 8px;' src='http:\/\/www.hk-matrix.com\/wp-content\/uploads\/2018\/04\/5a8fd658b0a53.png' alt=''> <\/div>\n<div style='margin-bottom: 30px;'> <img style='width: 100%; height: auto; border: 1px solid rgba(150&comma;150&comma;150&comma;0.3); border-radius: 8px;' src='http:\/\/www.hk-matrix.com\/wp-content\/uploads\/2018\/04\/5a8fd68ea4715.png' alt=''> <\/div>\n<\/p><\/div>\n","protected":false},"excerpt":{"rendered":"<p>Gateway para Voceo, Paging y Video \/ Soporte 1 C\u00e1mara \/ Amplificador integrado de hasta 30 W<\/p>\n","protected":false},"featured_media":72379,"comment_status":"open","ping_status":"closed","template":"","meta":[],"product_brand":[],"product_cat":[907],"product_tag":[859,908,557],"class_list":{"0":"post-72380","1":"product","2":"type-product","3":"status-publish","4":"has-post-thumbnail","6":"product_cat-interfones","7":"product_tag-fanvil","8":"product_tag-interfones","9":"product_tag-videoporteros-e-interfonos","11":"first","12":"outofstock","13":"sale","14":"shipping-taxable","15":"purchasable","16":"product-type-simple"},"_links":{"self":[{"href":"https:\/\/soydeaqui.ddns.net\/pachuca\/index.php\/wp-json\/wp\/v2\/product\/72380","targetHints":{"allow":["GET"]}}],"collection":[{"href":"https:\/\/soydeaqui.ddns.net\/pachuca\/index.php\/wp-json\/wp\/v2\/product"}],"about":[{"href":"https:\/\/soydeaqui.ddns.net\/pachuca\/index.php\/wp-json\/wp\/v2\/types\/product"}],"replies":[{"embeddable":true,"href":"https:\/\/soydeaqui.ddns.net\/pachuca\/index.php\/wp-json\/wp\/v2\/comments?post=72380"}],"wp:featuredmedia":[{"embeddable":true,"href":"https:\/\/soydeaqui.ddns.net\/pachuca\/index.php\/wp-json\/wp\/v2\/media\/72379"}],"wp:attachment":[{"href":"https:\/\/soydeaqui.ddns.net\/pachuca\/index.php\/wp-json\/wp\/v2\/media?parent=72380"}],"wp:term":[{"taxonomy":"product_brand","embeddable":true,"href":"https:\/\/soydeaqui.ddns.net\/pachuca\/index.php\/wp-json\/wp\/v2\/product_brand?post=72380"},{"taxonomy":"product_cat","embeddable":true,"href":"https:\/\/soydeaqui.ddns.net\/pachuca\/index.php\/wp-json\/wp\/v2\/product_cat?post=72380"},{"taxonomy":"product_tag","embeddable":true,"href":"https:\/\/soydeaqui.ddns.net\/pachuca\/index.php\/wp-json\/wp\/v2\/product_tag?post=72380"}],"curies":[{"name":"wp","href":"https:\/\/api.w.org\/{rel}","templated":true}]}}