{"id":72365,"date":"2026-03-19T12:41:09","date_gmt":"2026-03-19T12:41:09","guid":{"rendered":"https:\/\/soydeaqui.ddns.net\/pachuca\/index.php\/producto\/kit-de-radio-c5c-con-antena-de-28dbi-frecuencia-4-9-6-5-ghz-para-hasta-20-km-radomo-poe-y-jumpers-incluidos\/"},"modified":"2026-03-19T12:41:11","modified_gmt":"2026-03-19T12:41:11","slug":"kit-de-radio-c5c-con-antena-de-28dbi-frecuencia-4-9-6-5-ghz-para-hasta-20-km-radomo-poe-y-jumpers-incluidos","status":"publish","type":"product","link":"https:\/\/soydeaqui.ddns.net\/pachuca\/index.php\/producto\/kit-de-radio-c5c-con-antena-de-28dbi-frecuencia-4-9-6-5-ghz-para-hasta-20-km-radomo-poe-y-jumpers-incluidos\/","title":{"rendered":"Kit de radio C5C con Antena de 28dBi, Frecuencia (4.9-6.5 GHz), para hasta 20 km, Radomo, PoE y Jumpers Incluidos"},"content":{"rendered":"<div style='width: 100%; max-width: 1200px; margin: 0 auto; font-family: sans-serif; line-height: 1.6; color: inherit;'>\n<div style='display: flex; flex-direction: column; gap: 30px;'>\n<div style='width: 100%;'> <img style='width: 100%; height: auto; border: 1px solid rgba(150&comma;150&comma;150&comma;0.3); border-radius: 8px;' src='https:\/\/ftp3.syscom.mx\/usuarios\/fotos\/C5CTXPKIT\/158781-captura456.jpg' alt=''> <\/div>\n<div style='display: flex; flex-direction: column; gap: 15px;'>\n<div style='font-size: 22px; border-bottom: 2px solid currentColor; padding-bottom: 5px; margin-top: 0; color: inherit; opacity: 0.8;'>Descripci\u00f3n<\/div>\n<div style='font-size: 15px; color: inherit;'>\n<p style='margin: 0 0 15px 0;'>Las antenas de TxPRO son ideales para ambientes de bajo nivel de ruido como en \u00e1reas rurales o remotas donde se cuenta con alta disponibilidad del espectro de radiofrecuencia. Ahora en combinaci\u00f3n con los radios de alta velocidad C5c de 500 Mbps super econ\u00f3micos y rango de frecuencia extenso 4.9 &#8211; 6.4 GHz&comma; hacen la mejor combinaci\u00f3n costo-beneficio para establecer enlaces punto a punto ideales para el mercado WISP.<\/p>\n<p style='margin: 0; color: #ff9900; font-weight: bold;'>\u00a1Se conecta directamente al radio C5c de Mimosa Networks ya que incluye los jumpers SMA Macho Inverso!<\/p>\n<\/p><\/div>\n<\/p><\/div>\n<div style='display: flex; flex-direction: column; gap: 15px;'>\n<div style='font-size: 22px; border-bottom: 2px solid currentColor; padding-bottom: 5px; margin-top: 0; color: inherit; opacity: 0.8;'>Especificaciones t\u00e9cnicas del kit<\/div>\n<ul style='padding-left: 20px; font-size: 15px; color: inherit; margin: 0;'>\n<li style='margin-bottom: 5px;'>1 radio C5C hasta 500 Mbps de acuerdo a condiciones de los sitios y distancia del enlace.<\/li>\n<li style='margin-bottom: 5px;'>1 antena parab\u00f3lica TXP-D4865-28-SMA de 28 dBi.<\/li>\n<li style='margin-bottom: 5px;'>Distancia promedio m\u00e1xima hasta 20 km con l\u00ednea de vista plena.<\/li>\n<li style='margin-bottom: 5px;'>Distancia promedio para m\u00e1xima velocidad hasta 10 km con l\u00ednea de vista plena.<\/li>\n<li style='margin-bottom: 5px;'>La capacidad en Mbps depende de la distancia del enlace.<\/li>\n<li style='margin-bottom: 5px;'>Rango de frecuencia de parab\u00f3lica: 4.8 &#8211; 6.5 GHz.<\/li>\n<li style='margin-bottom: 5px;'>Rango de frecuencia de radio: 4.9 &#8211; 6.4 GHz.<\/li>\n<li style='margin-bottom: 5px; font-weight: bold;'>Incluye radomo&comma; PoE24V&comma; cable de alimentaci\u00f3n PCC53.<\/li>\n<li style='margin-bottom: 5px; font-weight: bold;'>Los jumpers vienen junto con la antena.<\/li>\n<\/ul>\n<div style='margin-top: 15px; font-weight: bold; color: inherit;'>*1 a\u00f1o de garant\u00eda<\/div>\n<\/p><\/div>\n<\/p><\/div>\n<\/p><\/div>\n","protected":false},"excerpt":{"rendered":"<p>Kit de radio C5C con Antena de 28dBi, Frecuencia (4.9-6.5 GHz), para hasta 20 km, Radomo, PoE y Jumpers Incluidos<\/p>\n","protected":false},"featured_media":72364,"comment_status":"open","ping_status":"closed","template":"","meta":[],"product_brand":[],"product_cat":[1998],"product_tag":[1999,1980,2046],"class_list":{"0":"post-72365","1":"product","2":"type-product","3":"status-publish","4":"has-post-thumbnail","6":"product_cat-5-y-6-ghz","7":"product_tag-5-y-6-ghz","8":"product_tag-enlaces-ptp-y-ptmp","9":"product_tag-mimosa-networks","11":"first","12":"outofstock","13":"sale","14":"shipping-taxable","15":"purchasable","16":"product-type-simple"},"_links":{"self":[{"href":"https:\/\/soydeaqui.ddns.net\/pachuca\/index.php\/wp-json\/wp\/v2\/product\/72365","targetHints":{"allow":["GET"]}}],"collection":[{"href":"https:\/\/soydeaqui.ddns.net\/pachuca\/index.php\/wp-json\/wp\/v2\/product"}],"about":[{"href":"https:\/\/soydeaqui.ddns.net\/pachuca\/index.php\/wp-json\/wp\/v2\/types\/product"}],"replies":[{"embeddable":true,"href":"https:\/\/soydeaqui.ddns.net\/pachuca\/index.php\/wp-json\/wp\/v2\/comments?post=72365"}],"wp:featuredmedia":[{"embeddable":true,"href":"https:\/\/soydeaqui.ddns.net\/pachuca\/index.php\/wp-json\/wp\/v2\/media\/72364"}],"wp:attachment":[{"href":"https:\/\/soydeaqui.ddns.net\/pachuca\/index.php\/wp-json\/wp\/v2\/media?parent=72365"}],"wp:term":[{"taxonomy":"product_brand","embeddable":true,"href":"https:\/\/soydeaqui.ddns.net\/pachuca\/index.php\/wp-json\/wp\/v2\/product_brand?post=72365"},{"taxonomy":"product_cat","embeddable":true,"href":"https:\/\/soydeaqui.ddns.net\/pachuca\/index.php\/wp-json\/wp\/v2\/product_cat?post=72365"},{"taxonomy":"product_tag","embeddable":true,"href":"https:\/\/soydeaqui.ddns.net\/pachuca\/index.php\/wp-json\/wp\/v2\/product_tag?post=72365"}],"curies":[{"name":"wp","href":"https:\/\/api.w.org\/{rel}","templated":true}]}}