{"id":7236,"date":"2026-03-18T06:53:44","date_gmt":"2026-03-18T06:53:44","guid":{"rendered":"https:\/\/soydeaqui.ddns.net\/pachuca\/index.php\/producto\/ra2-select-kit-de-inicio-para-sistemas-ra2-select-ideal-para-sus-proyectos\/"},"modified":"2026-03-18T06:53:44","modified_gmt":"2026-03-18T06:53:44","slug":"ra2-select-kit-de-inicio-para-sistemas-ra2-select-ideal-para-sus-proyectos","status":"publish","type":"product","link":"https:\/\/soydeaqui.ddns.net\/pachuca\/index.php\/producto\/ra2-select-kit-de-inicio-para-sistemas-ra2-select-ideal-para-sus-proyectos\/","title":{"rendered":"(RA2 Select) Kit de inicio,  para sistemas RA2 Select, ideal para sus proyectos."},"content":{"rendered":"<div style='width: 100%; max-width: 1200px; margin: 0 auto; font-family: sans-serif; line-height: 1.6; color: inherit; background-color: transparent;'>\n<div style='display: flex; flex-wrap: wrap; gap: 30px; margin-bottom: 30px;'>\n<div style='flex: 1 1 300px; min-width: 280px;'>\n<h3 style='font-size: 22px; border-bottom: 2px solid currentColor; padding-bottom: 5px; margin-top: 0; color: inherit; opacity: 0.8;'>Introducci\u00f3n<\/h3>\n<p style='font-size: 15px; color: inherit; text-align: justify;'> Controle las luces y las persianas desde cualquier lugar&comma; estando fuera o dentro de su hogar. Los atenuadores e interruptores de la l\u00ednea Ra2 Select o RadioRA2 se instalan en minutos&comma; funcionan con una variedad de tipos de focos&comma; entre los que se incluyen LEDs y CFL (fluorescentes compactos) atenuables&comma; y brindan la comodidad de tener un hogar inteligente y conectado. <\/p>\n<\/p><\/div>\n<\/p><\/div>\n<div style='display: flex; flex-wrap: wrap; gap: 20px; margin-bottom: 30px;'>\n<div style='flex: 1 1 250px; border: 1px solid rgba(150&comma; 150&comma; 150&comma; 0.4); border-radius: 8px; overflow: hidden; display: flex; flex-direction: column;'>\n<div style='padding: 15px; border-bottom: 1px solid rgba(150&comma; 150&comma; 150&comma; 0.2); font-weight: bold; font-size: 18px; color: inherit;'>Caracter\u00edsticas principales<\/div>\n<div style='padding: 15px; color: inherit;'>\n<ul style='padding-left: 20px; margin: 0; font-size: 14px; list-style-type: disc;'>\n<li style='margin-bottom: 5px;'><strong>Controle y agregue hasta 100 dispositivos.<\/strong><\/li>\n<li style='margin-bottom: 5px;'><strong>Soporta 4 repetidores de se\u00f1al Clear Connect\u00ae<\/strong><\/li>\n<li style='margin-bottom: 5px;'>Permite control de iluminaci\u00f3n y persianas a trav\u00e9s de la aplicaci\u00f3n de Lutron.<\/li>\n<li style='margin-bottom: 5px;'>Compatible con los atenuadores e interruptores Ra2 Select&comma; RadioRA2 y cortinas&comma; persianas Lutron.<\/li>\n<li style='margin-bottom: 5px;'>F\u00e1cil de instalar y configurar por medio de la App.<\/li>\n<li style='margin-bottom: 5px;'>Usa tecnolog\u00eda inal\u00e1mbrica Clear Connect\u00ae<\/li>\n<li style='margin-bottom: 5px;'>Compatibilidad para crecer a un sistema mucho mayor como RadioRA2&comma; solo cambie el HUB y reutilice todo lo dem\u00e1s.<\/li>\n<li style='margin-bottom: 5px;'>Compatibilidad con sensores de vacancia y ocupancia de Lutron.<\/li>\n<\/ul><\/div>\n<\/p><\/div>\n<div style='flex: 1 1 250px; border: 1px solid rgba(150&comma; 150&comma; 150&comma; 0.4); border-radius: 8px; overflow: hidden; display: flex; flex-direction: column;'>\n<div style='padding: 15px; border-bottom: 1px solid rgba(150&comma; 150&comma; 150&comma; 0.2); font-weight: bold; font-size: 18px; color: inherit;'>Caracter\u00edsticas Destacadas<\/div>\n<div style='padding: 15px; color: inherit;'>\n<ul style='padding-left: 20px; margin: 0; font-size: 14px; list-style-type: disc;'>\n<li style='margin-bottom: 5px;'><strong>Trabaja directo con su HUB RRSELREP2BL rrd6cl<\/strong><\/li>\n<li style='margin-bottom: 5px;'>Controla luces individuales y cortinas&comma; incluso al estar fuera de casa.<\/li>\n<li style='margin-bottom: 5px;'>Agregue escenas para controlar m\u00faltiples luces y cortinas con un solo toque.<\/li>\n<li style='margin-bottom: 5px;'>Programe escenas&comma; calendarios para ejecutar autom\u00e1ticamente.<\/li>\n<li style='margin-bottom: 5px;'>App sin costo&comma; Store o Google Play.<\/li>\n<li style='margin-bottom: 5px;'>Utilice la funci\u00f3n \u201cgeo cerca\u201d (geofencing) para encender.<\/li>\n<li style='margin-bottom: 5px;'>Reciba notificaciones en su tel\u00e9fono cuando deje las luces encendidas.<\/li>\n<li style='margin-bottom: 5px;'>Utilice la funci\u00f3n Widget para establecer una escena sin desbloquear su tel\u00e9fono.<\/li>\n<li style='margin-bottom: 5px;'>D\u00edgale a Alexa&comma; Google y Siri que apague las luces.<\/li>\n<li style='margin-bottom: 5px;'>Compatible con Apple HomeKit.<\/li>\n<li style='margin-bottom: 5px;'>App gratuita.<\/li>\n<\/ul><\/div>\n<\/p><\/div>\n<div style='flex: 1 1 250px; border: 1px solid rgba(150&comma; 150&comma; 150&comma; 0.4); border-radius: 8px; overflow: hidden; display: flex; flex-direction: column;'>\n<div style='padding: 15px; border-bottom: 1px solid rgba(150&comma; 150&comma; 150&comma; 0.2); font-weight: bold; font-size: 18px; color: inherit;'>Caracter\u00edsticas el\u00e9ctricas<\/div>\n<div style='padding: 15px; color: inherit;'>\n<ul style='padding-left: 20px; margin: 0; font-size: 14px; list-style-type: disc;'>\n<li style='margin-bottom: 5px;'>5 V- 300 mA<\/li>\n<li style='margin-bottom: 5px;'>Power Supply (included): 5 V- 550 mA<\/li>\n<li style='margin-bottom: 5px;'>Consumo 1.3 W<\/li>\n<li style='margin-bottom: 5px;'>Temperatura de trabajo (0 \u00b0C a 40 \u00b0C)<\/li>\n<li style='margin-bottom: 5px;'>Uso \u00fanicamente interior<\/li>\n<li style='margin-bottom: 5px;'>69.9 x 2.75 x 69.9 mm<\/li>\n<li style='margin-bottom: 5px;'>Puerto Ethernet CAT5<\/li>\n<\/ul><\/div>\n<\/p><\/div>\n<div style='flex: 1 1 250px; border: 1px solid rgba(150&comma; 150&comma; 150&comma; 0.4); border-radius: 8px; overflow: hidden; display: flex; flex-direction: column;'>\n<div style='padding: 15px; border-bottom: 1px solid rgba(150&comma; 150&comma; 150&comma; 0.2); font-weight: bold; font-size: 18px; color: inherit;'>Integraci\u00f3n&comma; compatibilidad<\/div>\n<div style='padding: 15px; color: inherit;'>\n<ul style='padding-left: 20px; margin: 0; font-size: 14px; list-style-type: disc;'>\n<li style='margin-bottom: 5px;'>Nest&comma; ecobee<\/li>\n<li style='margin-bottom: 5px;'>Alexa&comma; Google&comma; Siri&comma; ecobee<\/li>\n<li style='margin-bottom: 5px;'>IFTTT<\/li>\n<li style='margin-bottom: 5px;'>SmartThings<\/li>\n<li style='margin-bottom: 5px;'>Sonos<\/li>\n<li style='margin-bottom: 5px;'>Control4&comma; URC&comma; ELAN&comma; Savant&comma; RTI&comma; etc<\/li>\n<\/ul><\/div>\n<\/p><\/div>\n<div style='flex: 1 1 250px; border: 1px solid rgba(150&comma; 150&comma; 150&comma; 0.4); border-radius: 8px; overflow: hidden; display: flex; flex-direction: column;'>\n<div style='padding: 15px; border-bottom: 1px solid rgba(150&comma; 150&comma; 150&comma; 0.2); font-weight: bold; font-size: 18px; color: inherit;'>Incluye<\/div>\n<div style='padding: 15px; color: inherit;'>\n<ul style='padding-left: 20px; margin: 0; font-size: 14px; list-style-type: disc;'>\n<li style='margin-bottom: 5px;'>1 HUB<\/li>\n<li style='margin-bottom: 5px;'>2 Dimmer<\/li>\n<li style='margin-bottom: 5px;'>1 Control PICO inal\u00e1mbrico<\/li>\n<li style='margin-bottom: 5px;'>1 Base de pared para control PICO inal\u00e1mbrico<\/li>\n<li style='margin-bottom: 5px;'>3 Tapas de pared&comma; todo el color Blanco WH&comma; el HUB en color negro BL.<\/li>\n<\/ul><\/div>\n<\/p><\/div>\n<\/p><\/div>\n<div style='display: flex; flex-wrap: wrap; gap: 30px; margin-bottom: 30px;'>\n<div style='flex: 1 1 300px; min-width: 280px;'> <img style='width: 100%; height: auto; border: 1px solid rgba(150&comma;150&comma;150&comma;0.3); border-radius: 8px;' src='http:\/\/www.lutron.com\/en-US\/Products\/PublishingImages\/WholeHomeSystems\/RA2%20Select\/Integration\/lutron-app.png' alt='App de control Lutron'> <\/div>\n<div style='flex: 1 1 300px; min-width: 280px;'>\n<h3 style='font-size: 22px; border-bottom: 2px solid currentColor; padding-bottom: 5px; margin-top: 0; color: inherit; opacity: 0.8;'>Parece que estuviera en casa&comma; aunque no est\u00e9<\/h3>\n<p style='font-size: 15px; color: inherit;'> La caracter\u00edstica Smart Away enciende y apaga las luces en forma aleatoria durante la noche cuando no est\u00e1 en casa. <\/p>\n<\/p><\/div>\n<\/p><\/div>\n<hr style='border: 0; border-top: 1px solid rgba(150&comma; 150&comma; 150&comma; 0.3); margin: 30px 0;'> <\/div>\n","protected":false},"excerpt":{"rendered":"<p>(RA2 Select) Kit de inicio,  para sistemas RA2 Select, ideal para sus proyectos.<\/p>\n","protected":false},"featured_media":7235,"comment_status":"open","ping_status":"closed","template":"","meta":[],"product_brand":[],"product_cat":[34],"product_tag":[30,35,36],"class_list":{"0":"post-7236","1":"product","2":"type-product","3":"status-publish","4":"has-post-thumbnail","6":"product_cat-lutron","7":"product_tag-automatizacion-casa-inteligente","8":"product_tag-lutron","9":"product_tag-lutron-electronics","11":"first","12":"instock","13":"sale","14":"shipping-taxable","15":"purchasable","16":"product-type-simple"},"_links":{"self":[{"href":"https:\/\/soydeaqui.ddns.net\/pachuca\/index.php\/wp-json\/wp\/v2\/product\/7236","targetHints":{"allow":["GET"]}}],"collection":[{"href":"https:\/\/soydeaqui.ddns.net\/pachuca\/index.php\/wp-json\/wp\/v2\/product"}],"about":[{"href":"https:\/\/soydeaqui.ddns.net\/pachuca\/index.php\/wp-json\/wp\/v2\/types\/product"}],"replies":[{"embeddable":true,"href":"https:\/\/soydeaqui.ddns.net\/pachuca\/index.php\/wp-json\/wp\/v2\/comments?post=7236"}],"wp:featuredmedia":[{"embeddable":true,"href":"https:\/\/soydeaqui.ddns.net\/pachuca\/index.php\/wp-json\/wp\/v2\/media\/7235"}],"wp:attachment":[{"href":"https:\/\/soydeaqui.ddns.net\/pachuca\/index.php\/wp-json\/wp\/v2\/media?parent=7236"}],"wp:term":[{"taxonomy":"product_brand","embeddable":true,"href":"https:\/\/soydeaqui.ddns.net\/pachuca\/index.php\/wp-json\/wp\/v2\/product_brand?post=7236"},{"taxonomy":"product_cat","embeddable":true,"href":"https:\/\/soydeaqui.ddns.net\/pachuca\/index.php\/wp-json\/wp\/v2\/product_cat?post=7236"},{"taxonomy":"product_tag","embeddable":true,"href":"https:\/\/soydeaqui.ddns.net\/pachuca\/index.php\/wp-json\/wp\/v2\/product_tag?post=7236"}],"curies":[{"name":"wp","href":"https:\/\/api.w.org\/{rel}","templated":true}]}}