{"id":72355,"date":"2026-03-19T12:40:46","date_gmt":"2026-03-19T12:40:46","guid":{"rendered":"https:\/\/soydeaqui.ddns.net\/pachuca\/index.php\/producto\/telefono-ip-grandstream-empresarial-para-videoconferencias-con-android-7-16-lineas-procesador-4-nucleos\/"},"modified":"2026-03-19T12:40:57","modified_gmt":"2026-03-19T12:40:57","slug":"telefono-ip-grandstream-empresarial-para-videoconferencias-con-android-7-16-lineas-procesador-4-nucleos","status":"publish","type":"product","link":"https:\/\/soydeaqui.ddns.net\/pachuca\/index.php\/producto\/telefono-ip-grandstream-empresarial-para-videoconferencias-con-android-7-16-lineas-procesador-4-nucleos\/","title":{"rendered":"Tel\u00e9fono IP GrandStream Empresarial para Videoconferencias con Android 7, 16 lineas, procesador 4 nucleos"},"content":{"rendered":"<div style='width: 100%; max-width: 1200px; margin: 0 auto; font-family: sans-serif; line-height: 1.6; color: inherit; background-color: transparent;'> <!-- Descripci\u00f3n principal --> <\/p>\n<div style='margin-bottom: 30px; font-size: 15px; color: inherit;'>\n<p style='margin: 0 0 15px 0; color: inherit;'>El GXV3370 es un poderoso videotel\u00e9fono de escritorio para usuarios de empresas. Ofrece una pantalla t\u00e1ctil de 7 pulgadas&comma; avanzada c\u00e1mara megap\u00edxel para videoconferencia HD&comma; wifi y Bluetooth incorporados&comma; velocidad de red Gigabit&comma; innovadoras funciones de telefon\u00eda&comma; opera en Android 7.0 y cuenta con SDK flexible para aplicaciones personalizadas. El GXV3370 es totalmente interoperable con casi todas las principales plataformas SIP en el mercado y puede integrarse sin problemas a los productos Grandstream incluyendo las c\u00e1maras de seguridad basadas en SIP&comma; sistemas de control de puerta&comma; IP PBX y sistemas y servicios de videoconferencia. Este videotel\u00e9fono es la elecci\u00f3n perfecta para usuarios que buscan una soluci\u00f3n de comunicaciones de video integrado para su escritorio.<\/p>\n<\/p><\/div>\n<p> <!-- Secci\u00f3n de caracter\u00edsticas --> <\/p>\n<div style='display: flex; flex-wrap: wrap; gap: 30px; margin-bottom: 30px;'>\n<div style='flex: 1 1 300px; min-width: 280px;'>\n<h3 style='font-size: 22px; border-bottom: 2px solid currentColor; padding-bottom: 5px; margin-top: 0; color: inherit; opacity: 0.8;'>Caracter\u00edsticas principales<\/h3>\n<ul style='padding-left: 20px; font-size: 15px; color: inherit;'>\n<li style='margin-bottom: 5px;'>Pantalla tactil capacitiva de 5 puntos LCD TFT de 7&#8242; a color 1024 x 600 pixeles<\/li>\n<li style='margin-bottom: 5px;'>Sistema operativo Android 7.0 con acceso a Google Play Store<\/li>\n<li style='margin-bottom: 5px;'>Procesador ARM Corex de 1.3GHz de 4 n\u00facleos con 2GB de RAM y 8GB de flash eMM<\/li>\n<li style='margin-bottom: 5px;'>Ofrece una soluci\u00f3n de videoconferencia multiplataforma (Skype&comma; Microsoft Lync y otros)<\/li>\n<li style='margin-bottom: 5px;'>Capacidad de conferencia de audio de 7 participantes y videoconferencia HD 720p 30fps de 3 participantes<\/li>\n<li style='margin-bottom: 5px;'>Crea aplicaciones Android personalizadas para cualquier necesidad para ejecutar en el GXV3370 usando el API de Google y el set de herramientas SDK de Grandstream<\/li>\n<li style='margin-bottom: 5px;'>16 cuentas SIP&comma; 16 lineas&comma; 5 teclas programables XML<\/li>\n<\/ul><\/div>\n<div style='flex: 1 1 300px; min-width: 280px;'>\n<h3 style='font-size: 22px; border-bottom: 2px solid currentColor; padding-bottom: 5px; margin-top: 0; color: inherit; opacity: 0.8;'>Especificaciones t\u00e9cnicas<\/h3>\n<ul style='padding-left: 20px; font-size: 15px; color: inherit;'>\n<li style='margin-bottom: 5px;'>Agenda telef\u00f3nica de hasta 1000 contactos e historial de llamadas con un m\u00e1ximo de 1000 registros<\/li>\n<li style='margin-bottom: 5px;'>Doble puerto de red de 10\/100\/1000 Mbps&comma; PoE integrado<\/li>\n<li style='margin-bottom: 5px;'>Soporta Bluetooth 4 + EDR&comma; 1 puertos USB&comma; un puerto HDMI y adem\u00e1s cuenta con tarjeta wifi 802.11 b\/g\/n doble banda (2.4Ghz y 5Ghz) y Punto de acceso<\/li>\n<li style='margin-bottom: 5px;'>Soporta QoS tanto en capa 2 como en capa 3<\/li>\n<li style='margin-bottom: 5px;'>C\u00f3decs soportados: G.711 (I y II)&comma; G.723.1A&comma; G.729A\/B&comma; G.726&comma; G.722 e iLBC<\/li>\n<li style='margin-bottom: 5px;'>19 idiomas soportados&comma; entre ellos Espa\u00f1ol<\/li>\n<li style='margin-bottom: 5px;'>Rango de temperatura soportado: 0\u00b0C hasta 40\u00b0C<\/li>\n<li style='margin-bottom: 5px;'>Alimentaci\u00f3n: 12 Vcc&comma; 1.5 A con su fuente (incluida); soporta 802.3 at para PoE<\/li>\n<li style='margin-bottom: 5px;'>Consumo m\u00e1ximo de energ\u00eda: 26 W<\/li>\n<li style='margin-bottom: 5px;'>Dimensiones: 211 x 84 x 252 mm<\/li>\n<li style='margin-bottom: 5px;'>Peso: 1.08 kg<\/li>\n<\/ul><\/div>\n<\/p><\/div>\n<p> <!-- Separador --> <\/p>\n<hr style='border: 0; border-top: 1px solid rgba(150&comma; 150&comma; 150&comma; 0.3); margin: 30px 0;'> <\/div>\n","protected":false},"excerpt":{"rendered":"<p>Tel\u00e9fono IP GrandStream Empresarial para Videoconferencias con Android 7, 16 lineas, procesador 4 nucleos<\/p>\n","protected":false},"featured_media":72354,"comment_status":"open","ping_status":"closed","template":"","meta":[],"product_brand":[],"product_cat":[2003],"product_tag":[909,2005,2004],"class_list":{"0":"post-72355","1":"product","2":"type-product","3":"status-publish","4":"has-post-thumbnail","6":"product_cat-telefonos-ip","7":"product_tag-grandstream","8":"product_tag-telefonos-ip","9":"product_tag-voip-telefonia-ip-videoconferencia","11":"first","12":"outofstock","13":"sale","14":"shipping-taxable","15":"purchasable","16":"product-type-simple"},"_links":{"self":[{"href":"https:\/\/soydeaqui.ddns.net\/pachuca\/index.php\/wp-json\/wp\/v2\/product\/72355","targetHints":{"allow":["GET"]}}],"collection":[{"href":"https:\/\/soydeaqui.ddns.net\/pachuca\/index.php\/wp-json\/wp\/v2\/product"}],"about":[{"href":"https:\/\/soydeaqui.ddns.net\/pachuca\/index.php\/wp-json\/wp\/v2\/types\/product"}],"replies":[{"embeddable":true,"href":"https:\/\/soydeaqui.ddns.net\/pachuca\/index.php\/wp-json\/wp\/v2\/comments?post=72355"}],"wp:featuredmedia":[{"embeddable":true,"href":"https:\/\/soydeaqui.ddns.net\/pachuca\/index.php\/wp-json\/wp\/v2\/media\/72354"}],"wp:attachment":[{"href":"https:\/\/soydeaqui.ddns.net\/pachuca\/index.php\/wp-json\/wp\/v2\/media?parent=72355"}],"wp:term":[{"taxonomy":"product_brand","embeddable":true,"href":"https:\/\/soydeaqui.ddns.net\/pachuca\/index.php\/wp-json\/wp\/v2\/product_brand?post=72355"},{"taxonomy":"product_cat","embeddable":true,"href":"https:\/\/soydeaqui.ddns.net\/pachuca\/index.php\/wp-json\/wp\/v2\/product_cat?post=72355"},{"taxonomy":"product_tag","embeddable":true,"href":"https:\/\/soydeaqui.ddns.net\/pachuca\/index.php\/wp-json\/wp\/v2\/product_tag?post=72355"}],"curies":[{"name":"wp","href":"https:\/\/api.w.org\/{rel}","templated":true}]}}