{"id":7234,"date":"2026-03-18T06:53:43","date_gmt":"2026-03-18T06:53:43","guid":{"rendered":"https:\/\/soydeaqui.ddns.net\/pachuca\/index.php\/producto\/bateria-cxt-litio-ion-de-12v-max-2-0ah\/"},"modified":"2026-03-18T06:53:43","modified_gmt":"2026-03-18T06:53:43","slug":"bateria-cxt-litio-ion-de-12v-max-2-0ah","status":"publish","type":"product","link":"https:\/\/soydeaqui.ddns.net\/pachuca\/index.php\/producto\/bateria-cxt-litio-ion-de-12v-max-2-0ah\/","title":{"rendered":"Bater\u00eda CXT\u00ae Litio-Ion de 12V max 2.0Ah"},"content":{"rendered":"<div style='width: 100%; max-width: 1200px; margin: 0 auto; font-family: sans-serif; line-height: 1.6; color: inherit; background-color: transparent;'>\n<div style='display: flex; flex-wrap: wrap; gap: 30px; margin-bottom: 30px;'>\n<div style='flex: 1 1 300px; min-width: 280px;'>\n<h3 style='font-size: 22px; border-bottom: 2px solid currentColor; padding-bottom: 5px; margin-top: 0; color: inherit; opacity: 0.8;'>Caracter\u00edsticas<\/h3>\n<ul style='padding-left: 20px; font-size: 15px; color: inherit;'>\n<li style='margin-bottom: 5px;'>TIEMPO DE FUNCIONAMIENTO: la bater\u00eda de iones de litio ofrece un tiempo de funcionamiento m\u00e1s prolongado y una autodescarga m\u00e1s baja<\/li>\n<li style='margin-bottom: 5px;'>VERSATILIDAD: En expansi\u00f3n&comma; que combina el rendimiento con una ergonom\u00eda superior.<\/li>\n<li style='margin-bottom: 5px;'>DISE\u00d1O: Cuenta con un indicador de nivel de carga de bater\u00eda LED integrado<\/li>\n<li style='margin-bottom: 5px;'>COMPATIBILIDAD: \u00daselo solo con los cargador Makita DC10SB<\/li>\n<li style='margin-bottom: 5px;'>INCLUYE: Incluye bater\u00eda de 12 V m\u00e1x. De CXT\u00ae de iones de litio 2.0Ah<\/li>\n<\/ul><\/div>\n<\/p><\/div>\n<div style='display: flex; flex-wrap: wrap; gap: 20px; margin-bottom: 30px;'>\n<div style='flex: 1 1 250px; border: 1px solid rgba(150&comma; 150&comma; 150&comma; 0.4); border-radius: 8px; overflow: hidden; display: flex; flex-direction: column;'>\n<div style='padding: 15px; border-bottom: 1px solid rgba(150&comma; 150&comma; 150&comma; 0.2); font-weight: bold; font-size: 18px; color: inherit;'>Compatibilidad<\/div>\n<div style='padding: 15px; color: inherit;'>\n<p style='margin-top: 0; font-size: 14px;'>Los cargadores de bater\u00edas Makita est\u00e1n dise\u00f1ados especialmente para ser compatibles con las bater\u00edas Makita correspondientes. Esto significa que cada cargador est\u00e1 dise\u00f1ado para proporcionar la corriente y el voltaje para cada modelo.<\/p>\n<p style='margin-top: 15px; margin-bottom: 0; font-size: 14px;'>Es importante destacar que no todos los cargadores Makita son compatibles con todas las bater\u00edas Makita. Makita ofrece una amplia variedad de bater\u00edas con diferentes capacidades y tecnolog\u00edas&comma; a continuaci\u00f3n se presenta una tabla de compatibilidad:<\/p>\n<\/p><\/div>\n<\/p><\/div>\n<\/p><\/div>\n<div style='margin-bottom: 30px;'> <img style='width: 100%; height: auto; border: 1px solid rgba(150&comma;150&comma;150&comma;0.3); border-radius: 8px;' src='https:\/\/ftp3.syscom.mx\/usuarios\/mtopete\/Imagen%20Pagina\/Makita\/COMPATIBILIDAD%20MAKITA%20BAT.JPG' alt=''> <\/div>\n<div style='display: flex; flex-wrap: wrap; gap: 20px;'>\n<div style='flex: 1 1 250px; border: 1px solid rgba(150&comma; 150&comma; 150&comma; 0.4); border-radius: 8px; overflow: hidden; display: flex; flex-direction: column;'>\n<div style='padding: 15px; border-bottom: 1px solid rgba(150&comma; 150&comma; 150&comma; 0.2); font-weight: bold; font-size: 18px; color: inherit;'>Nota<\/div>\n<div style='padding: 15px; color: inherit;'>\n<p style='margin-top: 0; font-size: 14px;'>La serie &#8216;G&#8217; es solo compatible con equipos que manejan bater\u00eda blanca de f\u00e1brica.<\/p>\n<\/p><\/div>\n<\/p><\/div>\n<\/p><\/div>\n<hr style='border: 0; border-top: 1px solid rgba(150&comma; 150&comma; 150&comma; 0.3); margin: 30px 0;'> <\/div>\n","protected":false},"excerpt":{"rendered":"<p>Bater\u00eda CXT\u00ae Litio-Ion de 12V max 2.0Ah<\/p>\n","protected":false},"featured_media":7233,"comment_status":"open","ping_status":"closed","template":"","meta":[],"product_brand":[],"product_cat":[130],"product_tag":[25,131,252],"class_list":{"0":"post-7234","1":"product","2":"type-product","3":"status-publish","4":"has-post-thumbnail","6":"product_cat-herramientas-electricas","7":"product_tag-herramientas","8":"product_tag-herramientas-electricas","9":"product_tag-makita","11":"first","12":"outofstock","13":"sale","14":"shipping-taxable","15":"purchasable","16":"product-type-simple"},"_links":{"self":[{"href":"https:\/\/soydeaqui.ddns.net\/pachuca\/index.php\/wp-json\/wp\/v2\/product\/7234","targetHints":{"allow":["GET"]}}],"collection":[{"href":"https:\/\/soydeaqui.ddns.net\/pachuca\/index.php\/wp-json\/wp\/v2\/product"}],"about":[{"href":"https:\/\/soydeaqui.ddns.net\/pachuca\/index.php\/wp-json\/wp\/v2\/types\/product"}],"replies":[{"embeddable":true,"href":"https:\/\/soydeaqui.ddns.net\/pachuca\/index.php\/wp-json\/wp\/v2\/comments?post=7234"}],"wp:featuredmedia":[{"embeddable":true,"href":"https:\/\/soydeaqui.ddns.net\/pachuca\/index.php\/wp-json\/wp\/v2\/media\/7233"}],"wp:attachment":[{"href":"https:\/\/soydeaqui.ddns.net\/pachuca\/index.php\/wp-json\/wp\/v2\/media?parent=7234"}],"wp:term":[{"taxonomy":"product_brand","embeddable":true,"href":"https:\/\/soydeaqui.ddns.net\/pachuca\/index.php\/wp-json\/wp\/v2\/product_brand?post=7234"},{"taxonomy":"product_cat","embeddable":true,"href":"https:\/\/soydeaqui.ddns.net\/pachuca\/index.php\/wp-json\/wp\/v2\/product_cat?post=7234"},{"taxonomy":"product_tag","embeddable":true,"href":"https:\/\/soydeaqui.ddns.net\/pachuca\/index.php\/wp-json\/wp\/v2\/product_tag?post=7234"}],"curies":[{"name":"wp","href":"https:\/\/api.w.org\/{rel}","templated":true}]}}