{"id":72329,"date":"2026-03-19T12:39:43","date_gmt":"2026-03-19T12:39:43","guid":{"rendered":"https:\/\/soydeaqui.ddns.net\/pachuca\/index.php\/producto\/router-inalambrico-wisp-n-2-4-ghz-de-300-mbps-1-puerto-wan-10-100-mbps-2-puertos-lan-10-100-mbps-version-con-2-antenas-de-5-dbi\/"},"modified":"2026-03-19T12:39:49","modified_gmt":"2026-03-19T12:39:49","slug":"router-inalambrico-wisp-n-2-4-ghz-de-300-mbps-1-puerto-wan-10-100-mbps-2-puertos-lan-10-100-mbps-version-con-2-antenas-de-5-dbi","status":"publish","type":"product","link":"https:\/\/soydeaqui.ddns.net\/pachuca\/index.php\/producto\/router-inalambrico-wisp-n-2-4-ghz-de-300-mbps-1-puerto-wan-10-100-mbps-2-puertos-lan-10-100-mbps-version-con-2-antenas-de-5-dbi\/","title":{"rendered":"Router Inal\u00e1mbrico WISP N 2.4 GHz de 300 Mbps 1 puerto WAN 10\/100 Mbps 2 puertos LAN 10\/100 Mbps versi\u00f3n con 2 antenas de 5 dBi"},"content":{"rendered":"<div style='width: 100%; max-width: 1200px; margin: 0 auto; font-family: sans-serif; line-height: 1.6; color: inherit; background-color: transparent;'>\n<div style='display: flex; flex-wrap: wrap; gap: 30px; margin-bottom: 30px;'>\n<div style='flex: 1 1 300px; min-width: 280px;'>\n<h3 style='font-size: 22px; border-bottom: 2px solid currentColor; padding-bottom: 5px; margin-top: 0; color: inherit; opacity: 0.8;'>Descripci\u00f3n General<\/h3>\n<p style='margin: 0 0 10px;'>El MW301R de Mercusys contiene todas las funciones ideales para Wireless Internet Service Provider (WISP)&comma; la principal funci\u00f3n es la posibilidad de realizar una configuraci\u00f3n totalmente personalizada y convertirla en la configuraci\u00f3n de f\u00e1brica (por defecto) del dispositivo&comma; con esto cuando el usuario intente regresar a valores de f\u00e1brica&comma; dicho dispositivo tendr\u00e1 la configuraci\u00f3n personalizada que se cargo en un principio&comma; eliminando fallas en el servicio por esta causa!<\/p>\n<\/p><\/div>\n<\/p><\/div>\n<div style='display: flex; flex-wrap: wrap; gap: 30px; margin-bottom: 30px;'>\n<div style='flex: 1 1 300px; min-width: 280px;'>\n<h3 style='font-size: 22px; border-bottom: 2px solid currentColor; padding-bottom: 5px; margin-top: 0; color: inherit; opacity: 0.8;'>Configuraci\u00f3n Agile<\/h3>\n<div style='position: relative; padding-bottom: 56.25%; height: 0; overflow: hidden; margin-bottom: 30px;'>   <\/div>\n<p style='margin: 0 0 10px;'><a href='http:\/\/ftp3.syscom.mx\/usuarios\/ftp\/2020\/07\/24\/05e5c\/Agile%20server%201.1-20200724T215155Z-001.zip' style='color: inherit; text-decoration: underline;'>Descargar la herramienta Agile<\/a><\/p>\n<p style='margin: 0 0 10px; background-color: #f1c40f; padding: 8px 12px; border-radius: 4px; display: inline-block;'>La contrase\u00f1a para abrir los archivos .ZIP es= Tplinkonly1<\/p>\n<\/p><\/div>\n<\/p><\/div>\n<div style='display: flex; flex-wrap: wrap; gap: 30px; margin-bottom: 30px;'>\n<div style='flex: 1 1 300px; min-width: 280px;'>\n<h3 style='font-size: 22px; border-bottom: 2px solid currentColor; padding-bottom: 5px; margin-top: 0; color: inherit; opacity: 0.8;'>Caracter\u00edsticas Principales<\/h3>\n<ul style='padding-left: 20px; font-size: 15px; color: inherit;'>\n<li style='margin-bottom: 5px;'>La velocidad inal\u00e1mbrica de 300 Mbps es ideal para streaming HD&comma; juegos en l\u00ednea y descargas de archivos grandes.<\/li>\n<li style='margin-bottom: 5px;'>Tres antenas 5dBi aumentan considerablemente la fuerza&comma; el tama\u00f1o y la estabilidad de la se\u00f1al inal\u00e1mbrica.<\/li>\n<li style='margin-bottom: 5px;'>La p\u00e1gina web intuitiva le gu\u00eda a trav\u00e9s del proceso de configuraci\u00f3n en cuesti\u00f3n de minutos.<\/li>\n<\/ul><\/div>\n<\/p><\/div>\n<div style='display: flex; flex-wrap: wrap; gap: 20px; margin-bottom: 30px;'>\n<div style='flex: 1 1 250px; border: 1px solid rgba(150&comma; 150&comma; 150&comma; 0.4); border-radius: 8px; overflow: hidden; display: flex; flex-direction: column;'>\n<div style='padding: 15px; border-bottom: 1px solid rgba(150&comma; 150&comma; 150&comma; 0.2); font-weight: bold; font-size: 18px; color: inherit;'>Especificaciones<\/div>\n<div style='padding: 15px; color: inherit;'>\n<ul style='padding-left: 20px; margin: 0; font-size: 14px; list-style-type: disc;'>\n<li style='margin-bottom: 5px;'>2 puertos LAN 10\/100Mbps<\/li>\n<li style='margin-bottom: 5px;'>1 puerto WAN 10\/100Mbps<\/li>\n<li style='margin-bottom: 5px;'>Velocidad de transmision 300 Mbps<\/li>\n<li style='margin-bottom: 5px;'>2 antenas externas omni direccionales de 5 dBi<\/li>\n<li style='margin-bottom: 5px;'>Estandares IEEE 802.11n&comma; IEEE 802.11g&comma; IEEE 802.11b<\/li>\n<li style='margin-bottom: 5px;'>Frecuencia 2.4 &#8211; 2.4835GHz<\/li>\n<li style='margin-bottom: 5px;'>Seguridad inal\u00e1mbrica WPA-PSK \/ WPA2-PSK<\/li>\n<li style='margin-bottom: 5px;'>Potencia de transmision <20dBm<\/li>\n<\/ul><\/div>\n<\/p><\/div>\n<div style='flex: 1 1 250px; border: 1px solid rgba(150&comma; 150&comma; 150&comma; 0.4); border-radius: 8px; overflow: hidden; display: flex; flex-direction: column;'>\n<div style='padding: 15px; border-bottom: 1px solid rgba(150&comma; 150&comma; 150&comma; 0.2); font-weight: bold; font-size: 18px; color: inherit;'>Caracter\u00edsticas F\u00edsicas y El\u00e9ctricas<\/div>\n<div style='padding: 15px; color: inherit;'>\n<ul style='padding-left: 20px; margin: 0; font-size: 14px; list-style-type: disc;'>\n<li style='margin-bottom: 5px;'>Temperatura de operaci\u00f3n: 0\u00b0C ~ 40\u00b0C (32\u00b0F ~ 104\u00b0F)<\/li>\n<li style='margin-bottom: 5px;'>Temperatura de almacenamiento: -40\u00b0C ~ 70\u00b0C (-40\u00b0F ~ 158\u00b0F)<\/li>\n<li style='margin-bottom: 5px;'>Dimensiones (W X D X H) 114 x 94 x 26 mm<\/li>\n<li style='margin-bottom: 5px;'>Fuente de alimentacion externa 5 VDC\/0.6 A<\/li>\n<\/ul><\/div>\n<\/p><\/div>\n<div style='flex: 1 1 250px; border: 1px solid rgba(150&comma; 150&comma; 150&comma; 0.4); border-radius: 8px; overflow: hidden; display: flex; flex-direction: column;'>\n<div style='padding: 15px; border-bottom: 1px solid rgba(150&comma; 150&comma; 150&comma; 0.2); font-weight: bold; font-size: 18px; color: inherit;'>Incluye<\/div>\n<div style='padding: 15px; color: inherit;'>\n<ul style='padding-left: 20px; margin: 0; font-size: 14px; list-style-type: disc;'>\n<li style='margin-bottom: 5px;'>Router inal\u00e1mbrico MW301R<\/li>\n<li style='margin-bottom: 5px;'>Adaptador de poder<\/li>\n<li style='margin-bottom: 5px;'>Guia rapida de instalacion<\/li>\n<li style='margin-bottom: 5px;'>Cable Ethernet<\/li>\n<\/ul><\/div>\n<\/p><\/div>\n<\/p><\/div>\n<hr style='border: 0; border-top: 1px solid rgba(150&comma; 150&comma; 150&comma; 0.3); margin: 30px 0;'> <\/div>\n","protected":false},"excerpt":{"rendered":"<p>Router Inal\u00e1mbrico WISP N 2.4 GHz de 300 Mbps 1 puerto WAN 10\/100 Mbps 2 puertos LAN 10\/100 Mbps versi\u00f3n con 2 antenas de 5 dBi<\/p>\n","protected":false},"featured_media":72328,"comment_status":"open","ping_status":"closed","template":"","meta":[],"product_brand":[],"product_cat":[2024],"product_tag":[2045,1479,2025],"class_list":{"0":"post-72329","1":"product","2":"type-product","3":"status-publish","4":"has-post-thumbnail","6":"product_cat-routers-inalambricos","7":"product_tag-mercusys","8":"product_tag-redes-wifi","9":"product_tag-routers-inalambricos","11":"first","12":"outofstock","13":"sale","14":"shipping-taxable","15":"purchasable","16":"product-type-simple"},"_links":{"self":[{"href":"https:\/\/soydeaqui.ddns.net\/pachuca\/index.php\/wp-json\/wp\/v2\/product\/72329","targetHints":{"allow":["GET"]}}],"collection":[{"href":"https:\/\/soydeaqui.ddns.net\/pachuca\/index.php\/wp-json\/wp\/v2\/product"}],"about":[{"href":"https:\/\/soydeaqui.ddns.net\/pachuca\/index.php\/wp-json\/wp\/v2\/types\/product"}],"replies":[{"embeddable":true,"href":"https:\/\/soydeaqui.ddns.net\/pachuca\/index.php\/wp-json\/wp\/v2\/comments?post=72329"}],"wp:featuredmedia":[{"embeddable":true,"href":"https:\/\/soydeaqui.ddns.net\/pachuca\/index.php\/wp-json\/wp\/v2\/media\/72328"}],"wp:attachment":[{"href":"https:\/\/soydeaqui.ddns.net\/pachuca\/index.php\/wp-json\/wp\/v2\/media?parent=72329"}],"wp:term":[{"taxonomy":"product_brand","embeddable":true,"href":"https:\/\/soydeaqui.ddns.net\/pachuca\/index.php\/wp-json\/wp\/v2\/product_brand?post=72329"},{"taxonomy":"product_cat","embeddable":true,"href":"https:\/\/soydeaqui.ddns.net\/pachuca\/index.php\/wp-json\/wp\/v2\/product_cat?post=72329"},{"taxonomy":"product_tag","embeddable":true,"href":"https:\/\/soydeaqui.ddns.net\/pachuca\/index.php\/wp-json\/wp\/v2\/product_tag?post=72329"}],"curies":[{"name":"wp","href":"https:\/\/api.w.org\/{rel}","templated":true}]}}