{"id":72321,"date":"2026-03-19T12:39:25","date_gmt":"2026-03-19T12:39:25","guid":{"rendered":"https:\/\/soydeaqui.ddns.net\/pachuca\/index.php\/producto\/audioportero-ip-sip-antivandalico-apertura-por-codigo-llamada-y-o-tarjeta-teclado-iluminado\/"},"modified":"2026-03-19T12:39:36","modified_gmt":"2026-03-19T12:39:36","slug":"audioportero-ip-sip-antivandalico-apertura-por-codigo-llamada-y-o-tarjeta-teclado-iluminado","status":"publish","type":"product","link":"https:\/\/soydeaqui.ddns.net\/pachuca\/index.php\/producto\/audioportero-ip-sip-antivandalico-apertura-por-codigo-llamada-y-o-tarjeta-teclado-iluminado\/","title":{"rendered":"Audioportero IP (SIP), Antivand\u00e1lico, apertura por c\u00f3digo, llamada y\/o tarjeta, teclado iluminado"},"content":{"rendered":"<div style='width: 100%; max-width: 1200px; margin: 0 auto; font-family: sans-serif; line-height: 1.6; color: inherit; background-color: transparent;'>\n<div style='display: flex; flex-wrap: wrap; gap: 30px; margin-bottom: 30px;'>\n<div style='flex: 1 1 300px; min-width: 280px;'>\n<h3 style='font-size: 22px; border-bottom: 2px solid currentColor; padding-bottom: 5px; margin-top: 0; color: inherit; opacity: 0.8;'>Descripci\u00f3n<\/h3>\n<p style='font-size: 15px; color: inherit; margin-bottom: 15px;'>El GDS3705 se dise\u00f1\u00f3 para usuarios que buscan una soluci\u00f3n s\u00f3lida de control de acceso a instalaciones s\u00f3lo con audio y de monitoreo de seguridad que pueda implementarse en ambientes de cualquier tama\u00f1o. Este sistema de intercomunicador (cit\u00f3fono) incluye micr\u00f3fonos duales y altavoz HD con AEC de tecnolog\u00eda avanzada para ofrecer la funci\u00f3n de intercomunicaci\u00f3n&comma; puede soportar llamadas SIP a tel\u00e9fonos IP y tiene un lector de tarjeta de proximidad RFID integrado y teclado para acceso seguro con o sin clave. El GDS3705 viene equipado con una carcasa met\u00e1lica con aleaci\u00f3n de zinc&comma; haci\u00e9ndolo impermeable y a prueba de vandalismo y ofrece soporte de entrada y salida de alarma para integraci\u00f3n con dispositivos de seguridad existentes. El GDS3705 se integra con el software gratuito de gesti\u00f3n de servicios de Grandstream&comma; el GDS Manager&comma; permitiendo que la informaci\u00f3n de la tarjeta RFID&comma; as\u00ed como el dispositivo sean totalmente gestionados por este software. Gracias a su integraci\u00f3n con otros dispositivos Grandstream como los tel\u00e9fonos IP y la aplicaci\u00f3n m\u00f3vil GS Wave&comma; el GDS3705 ofrece una soluci\u00f3n continua completa para control de acceso&comma; intercomunicaci\u00f3n y necesidades de seguridad.<\/p>\n<p style='font-size: 15px; color: inherit; margin-bottom: 15px;'>Audioportero IP protocolo SIP&comma; se puede conectar a sistemas de telefon\u00eda IP<\/p>\n<\/p><\/div>\n<\/p><\/div>\n<div style='display: flex; flex-wrap: wrap; gap: 20px; margin-bottom: 30px;'>\n<div style='flex: 1 1 250px; border: 1px solid rgba(150&comma; 150&comma; 150&comma; 0.4); border-radius: 8px; overflow: hidden; display: flex; flex-direction: column;'>\n<div style='padding: 15px; border-bottom: 1px solid rgba(150&comma; 150&comma; 150&comma; 0.2); font-weight: bold; font-size: 18px; color: inherit;'>Caracter\u00edsticas<\/div>\n<div style='padding: 15px; color: inherit;'>\n<ul style='padding-left: 20px; margin: 0; font-size: 14px; list-style-type: disc;'>\n<li style='margin-bottom: 5px; color: inherit;'>Teclado iluminado y encendido de tecla presionada<\/li>\n<li style='margin-bottom: 5px; color: inherit;'>Micr\u00f3fono interno con cobertura de 1.5m aproximadamente y bocina con audio HD con cobertura de 3m aproximadamente<\/li>\n<li style='margin-bottom: 5px; color: inherit;'>Tres entradas de alarma y dos salidas que pueden usarse para apertura de puerta (por el momento solo una puerta)<\/li>\n<li style='margin-bottom: 5px; color: inherit;'>Apertura de puertas por medio de c\u00f3digo&comma; tarjeta RFID o remota (por llamada a un tel\u00e9fono)<\/li>\n<li style='margin-bottom: 5px; color: inherit;'>Soporta alimentaci\u00f3n PoE IEEE 802.3af o con eliminador de 12VDC\/1A (no incluida)<\/li>\n<li style='margin-bottom: 5px; color: inherit;'>Armaz\u00f3n met\u00e1lico con protecci\u00f3n IP65 para intemperie y anti vand\u00e1lico IK06<\/li>\n<li style='margin-bottom: 5px; color: inherit;'>Dimensiones 173 x 80 x 36 mm<\/li>\n<\/ul><\/div>\n<\/p><\/div>\n<\/p><\/div>\n<hr style='border: 0; border-top: 1px solid rgba(150&comma; 150&comma; 150&comma; 0.3); margin: 30px 0;'>\n<div style='display: flex; flex-wrap: wrap; gap: 30px; justify-content: center; margin-bottom: 30px;'> <img style='width: 100%; max-width: 400px; height: auto; border: 1px solid rgba(150&comma;150&comma;150&comma;0.3); border-radius: 8px;' src='https:\/\/ftp.grandstream.com\/marketing_sync\/voip\/GDS3705\/Images\/GDS3705_front.png' alt=''> <img style='width: 100%; max-width: 400px; height: auto; border: 1px solid rgba(150&comma;150&comma;150&comma;0.3); border-radius: 8px;' src='https:\/\/ftp.grandstream.com\/marketing_sync\/voip\/GDS3705\/Images\/GDS3705_right.png' alt=''> <img style='width: 100%; max-width: 400px; height: auto; border: 1px solid rgba(150&comma;150&comma;150&comma;0.3); border-radius: 8px;' src='https:\/\/ftp.grandstream.com\/marketing_sync\/voip\/GDS3705\/Images\/GDS3705_mounted.png' alt=''> <\/div>\n<\/p><\/div>\n","protected":false},"excerpt":{"rendered":"<p>Audioportero IP (SIP), Antivand\u00e1lico, apertura por c\u00f3digo, llamada y\/o tarjeta, teclado iluminado<\/p>\n","protected":false},"featured_media":72320,"comment_status":"open","ping_status":"closed","template":"","meta":[],"product_brand":[],"product_cat":[907],"product_tag":[909,908,557],"class_list":{"0":"post-72321","1":"product","2":"type-product","3":"status-publish","4":"has-post-thumbnail","6":"product_cat-interfones","7":"product_tag-grandstream","8":"product_tag-interfones","9":"product_tag-videoporteros-e-interfonos","11":"first","12":"instock","13":"sale","14":"shipping-taxable","15":"purchasable","16":"product-type-simple"},"_links":{"self":[{"href":"https:\/\/soydeaqui.ddns.net\/pachuca\/index.php\/wp-json\/wp\/v2\/product\/72321","targetHints":{"allow":["GET"]}}],"collection":[{"href":"https:\/\/soydeaqui.ddns.net\/pachuca\/index.php\/wp-json\/wp\/v2\/product"}],"about":[{"href":"https:\/\/soydeaqui.ddns.net\/pachuca\/index.php\/wp-json\/wp\/v2\/types\/product"}],"replies":[{"embeddable":true,"href":"https:\/\/soydeaqui.ddns.net\/pachuca\/index.php\/wp-json\/wp\/v2\/comments?post=72321"}],"wp:featuredmedia":[{"embeddable":true,"href":"https:\/\/soydeaqui.ddns.net\/pachuca\/index.php\/wp-json\/wp\/v2\/media\/72320"}],"wp:attachment":[{"href":"https:\/\/soydeaqui.ddns.net\/pachuca\/index.php\/wp-json\/wp\/v2\/media?parent=72321"}],"wp:term":[{"taxonomy":"product_brand","embeddable":true,"href":"https:\/\/soydeaqui.ddns.net\/pachuca\/index.php\/wp-json\/wp\/v2\/product_brand?post=72321"},{"taxonomy":"product_cat","embeddable":true,"href":"https:\/\/soydeaqui.ddns.net\/pachuca\/index.php\/wp-json\/wp\/v2\/product_cat?post=72321"},{"taxonomy":"product_tag","embeddable":true,"href":"https:\/\/soydeaqui.ddns.net\/pachuca\/index.php\/wp-json\/wp\/v2\/product_tag?post=72321"}],"curies":[{"name":"wp","href":"https:\/\/api.w.org\/{rel}","templated":true}]}}