{"id":72311,"date":"2026-03-19T12:39:02","date_gmt":"2026-03-19T12:39:02","guid":{"rendered":"https:\/\/soydeaqui.ddns.net\/pachuca\/index.php\/producto\/switch-industrial-poe-capa-3-d-8-puertos-10-100-1000-poe-af-at-4-x-sfp\/"},"modified":"2026-03-19T12:39:10","modified_gmt":"2026-03-19T12:39:10","slug":"switch-industrial-poe-capa-3-d-8-puertos-10-100-1000-poe-af-at-4-x-sfp","status":"publish","type":"product","link":"https:\/\/soydeaqui.ddns.net\/pachuca\/index.php\/producto\/switch-industrial-poe-capa-3-d-8-puertos-10-100-1000-poe-af-at-4-x-sfp\/","title":{"rendered":"Switch Industrial PoE+ Capa 3 D\/8 Puertos 10\/100\/1000 PoE af\/at, 4 x SFP"},"content":{"rendered":"<div style='width: 100%; max-width: 1200px; margin: 0 auto; font-family: sans-serif; line-height: 1.6; color: inherit; background-color: transparent;'> <!-- T\u00edtulo y descripci\u00f3n breve --> <\/p>\n<div style='margin-bottom: 30px;'>\n<h1 style='font-size: 2.5rem; margin-top: 0; margin-bottom: 0.5em; color: inherit; font-weight: 400; line-height: 1.2em;'> <span style='display: inline-block;'>Serie IE340<\/span> <\/h1>\n<div style='font-size: 1.1rem; color: inherit; opacity: 0.8; margin-bottom: 15px;'> Switches Ethernet industrial Gigabit Layer 3 <\/div>\n<\/p><\/div>\n<p> <!-- Secci\u00f3n principal --> <\/p>\n<div style='display: flex; flex-direction: column; gap: 30px;'> <!-- Descripci\u00f3n general --> <\/p>\n<div style='font-size: 15px; color: inherit;'>\n<p style='margin-top: 0; margin-bottom: 1em;'> Interruptores robustos dise\u00f1ados para proporcionar un rendimiento duradero en entornos hostiles&comma; como la fabricaci\u00f3n&comma; el transporte y la seguridad f\u00edsica. Los conmutadores IE340 ofrecen el rendimiento y la fiabilidad exigidos por las implementaciones en la era del Internet de las cosas (IoT). <\/p>\n<\/p><\/div>\n<p> <!-- Caracter\u00edsticas principales --> <\/p>\n<div>\n<h3 style='font-size: 22px; border-bottom: 2px solid currentColor; padding-bottom: 5px; margin-top: 0; color: inherit; opacity: 0.8;'> DESCRIPCI\u00d3N <\/h3>\n<ul style='padding-left: 20px; margin: 15px 0; font-size: 15px; color: inherit;'>\n<li style='margin-bottom: 5px;'>Ofreciendo un alto rendimiento&comma; una rica funcionalidad y funciones de seguridad avanzadas<\/li>\n<li style='margin-bottom: 5px;'>Robusto para cumplir con los \u00faltimos est\u00e1ndares de Ethernet industrial para la temperatura&comma; la vibraci\u00f3n y el ruido el\u00e9ctrico<\/li>\n<li style='margin-bottom: 5px;'>Admite una conmutaci\u00f3n de red altamente estable y fiable&comma; con un tiempo de recuperaci\u00f3n de menos de 50 ms<\/li>\n<li style='margin-bottom: 5px;'>Seguridad superior que incluye SSL&comma; SSH&comma; 802.1X&comma; MAC&comma; filtrado IP&comma; RADIUS&comma; TACACS+ y VLAN<\/li>\n<li style='margin-bottom: 5px;'>Gesti\u00f3n de dispositivos a trav\u00e9s de Web GUI&comma; SNMP&comma; Telnet&comma; SSH o Allied Telesis Autonomous Management FrameworkTM (AMF)<\/li>\n<\/ul><\/div>\n<p> <!-- Caracter\u00edsticas clave --> <\/p>\n<div>\n<h3 style='font-size: 22px; border-bottom: 2px solid currentColor; padding-bottom: 5px; margin-top: 0; color: inherit; opacity: 0.8;'> Caracter\u00edsticas clave <\/h3>\n<ul style='padding-left: 20px; margin: 15px 0; font-size: 15px; color: inherit;'>\n<li style='margin-bottom: 5px;'>Sistema operativo aliado de prestaciones PlusTM<\/li>\n<li style='margin-bottom: 5px;'>Nodo de Autonomous Management FrameworkTM (AMF)<\/li>\n<li style='margin-bottom: 5px;'>OpenFlow para SDN<\/li>\n<li style='margin-bottom: 5px;'>Active Fiber MonitoringTM (AFM) detecta y previene los intentos de manipular enlaces de fibra<\/li>\n<li style='margin-bottom: 5px;'>Soporte de protocolo de automatizaci\u00f3n industrial (Modbus\/TCP)<\/li>\n<li style='margin-bottom: 5px;'>Anillo conmutado de protecci\u00f3n Ethernet (EPSRingTM)<\/li>\n<li style='margin-bottom: 5px;'>Conmutaci\u00f3n de protecci\u00f3n de anillo Ethernet (ITU-T G.8032)<\/li>\n<li style='margin-bottom: 5px;'>Capacidad de enrutamiento (ECMP&comma; OSPF&comma; RIP&comma; est\u00e1tica y BGP)<\/li>\n<li style='margin-bottom: 5px;'>Solo reenv\u00edo ascendente (OVNI)<\/li>\n<li style='margin-bottom: 5px;'>Sincronizaci\u00f3n precisa de tiempo (IEEE 1588 PTP)<\/li>\n<li style='margin-bottom: 5px;'>Abastecimiento de PoE+ IEEE 802.3at (30 W)<\/li>\n<li style='margin-bottom: 5px;'>Asignaci\u00f3n din\u00e1mica de energ\u00eda PoE<\/li>\n<li style='margin-bottom: 5px;'>El PoE continuo garantiza el tiempo de actividad del punto final&comma; incluso durante una actualizaci\u00f3n del firmware del conmutador<\/li>\n<li style='margin-bottom: 5px;'>Apagado t\u00e9rmico mejorado<\/li>\n<li style='margin-bottom: 5px;'>Entradas de alimentaci\u00f3n redundantes<\/li>\n<li style='margin-bottom: 5px;'>Puertos de entrada y salida de alarma<\/li>\n<li style='margin-bottom: 5px;'>Dise\u00f1o sin ventilador para una alta fiabilidad y un funcionamiento silencioso<\/li>\n<\/ul><\/div>\n<\/p><\/div>\n<\/p><\/div>\n","protected":false},"excerpt":{"rendered":"<p>Switch Industrial PoE+ Capa 3 D\/8 Puertos 10\/100\/1000 PoE af\/at, 4 x SFP<\/p>\n","protected":false},"featured_media":72310,"comment_status":"open","ping_status":"closed","template":"","meta":[],"product_brand":[],"product_cat":[1984],"product_tag":[1995,1985,664],"class_list":{"0":"post-72311","1":"product","2":"type-product","3":"status-publish","4":"has-post-thumbnail","6":"product_cat-industrial","7":"product_tag-allied-telesis","8":"product_tag-industrial","9":"product_tag-networking","11":"first","12":"outofstock","13":"sale","14":"shipping-taxable","15":"purchasable","16":"product-type-simple"},"_links":{"self":[{"href":"https:\/\/soydeaqui.ddns.net\/pachuca\/index.php\/wp-json\/wp\/v2\/product\/72311","targetHints":{"allow":["GET"]}}],"collection":[{"href":"https:\/\/soydeaqui.ddns.net\/pachuca\/index.php\/wp-json\/wp\/v2\/product"}],"about":[{"href":"https:\/\/soydeaqui.ddns.net\/pachuca\/index.php\/wp-json\/wp\/v2\/types\/product"}],"replies":[{"embeddable":true,"href":"https:\/\/soydeaqui.ddns.net\/pachuca\/index.php\/wp-json\/wp\/v2\/comments?post=72311"}],"wp:featuredmedia":[{"embeddable":true,"href":"https:\/\/soydeaqui.ddns.net\/pachuca\/index.php\/wp-json\/wp\/v2\/media\/72310"}],"wp:attachment":[{"href":"https:\/\/soydeaqui.ddns.net\/pachuca\/index.php\/wp-json\/wp\/v2\/media?parent=72311"}],"wp:term":[{"taxonomy":"product_brand","embeddable":true,"href":"https:\/\/soydeaqui.ddns.net\/pachuca\/index.php\/wp-json\/wp\/v2\/product_brand?post=72311"},{"taxonomy":"product_cat","embeddable":true,"href":"https:\/\/soydeaqui.ddns.net\/pachuca\/index.php\/wp-json\/wp\/v2\/product_cat?post=72311"},{"taxonomy":"product_tag","embeddable":true,"href":"https:\/\/soydeaqui.ddns.net\/pachuca\/index.php\/wp-json\/wp\/v2\/product_tag?post=72311"}],"curies":[{"name":"wp","href":"https:\/\/api.w.org\/{rel}","templated":true}]}}