{"id":72292,"date":"2026-03-19T12:38:15","date_gmt":"2026-03-19T12:38:15","guid":{"rendered":"https:\/\/soydeaqui.ddns.net\/pachuca\/index.php\/producto\/antena-direccional-dimensiones-2-ft-60-96-cm-ganancia-36-dbi-10-1-12-ghz-conector-de-guia-de-onda-para-b11-incluye-montaje-de-alineacion\/"},"modified":"2026-03-19T12:38:35","modified_gmt":"2026-03-19T12:38:35","slug":"antena-direccional-dimensiones-2-ft-60-96-cm-ganancia-36-dbi-10-1-12-ghz-conector-de-guia-de-onda-para-b11-incluye-montaje-de-alineacion","status":"publish","type":"product","link":"https:\/\/soydeaqui.ddns.net\/pachuca\/index.php\/producto\/antena-direccional-dimensiones-2-ft-60-96-cm-ganancia-36-dbi-10-1-12-ghz-conector-de-guia-de-onda-para-b11-incluye-montaje-de-alineacion\/","title":{"rendered":"Antena Direccional, Dimensiones (2 ft \/ 60.96 cm), Ganancia 36 dBi, 10.1-12 GHz, Conector de gu\u00eda de onda para B11, Incluye montaje de alineaci\u00f3n"},"content":{"rendered":"<div style='width: 100%; max-width: 1200px; margin: 0 auto; font-family: sans-serif; line-height: 1.6; color: inherit; background-color: transparent;'> <!-- Secci\u00f3n de caracter\u00edsticas --> <\/p>\n<div style='display: flex; flex-wrap: wrap; gap: 30px; margin-bottom: 30px;'>\n<div style='flex: 1 1 300px; min-width: 280px;'>\n<h3 style='font-size: 22px; border-bottom: 2px solid currentColor; padding-bottom: 5px; margin-top: 0; color: inherit; opacity: 0.8;'>Antena de microondas de 10.1 &#8211; 12 GHz para radio B11 de Mimosa Networks o serie AF11 de Ubiquiti Networks<\/h3>\n<ul style='padding-left: 20px; font-size: 15px; color: inherit;'>\n<li style='margin-bottom: 5px;'><strong>Rango de frecuencia:<\/strong> 10.1 a 12 GHz<\/li>\n<li style='margin-bottom: 5px;'><strong>Front to back ratio:<\/strong> \u2265 55.5 dB<\/li>\n<li style='margin-bottom: 5px;'><strong>Ganancia en 10.1 GHz:<\/strong> 34 dBi<\/li>\n<li style='margin-bottom: 5px;'><strong>Ganancia en 11.7 GHz:<\/strong> 36 dBi<\/li>\n<li style='margin-bottom: 5px;'><strong>Ancho de haz (-3 dB):<\/strong> 3\u00b0 \u00b1 0.5\u00b0<\/li>\n<li style='margin-bottom: 5px;'><strong>Polarizaci\u00f3n:<\/strong> Vertical\/Horizontal<\/li>\n<li style='margin-bottom: 5px;'><strong>Di\u00e1metro:<\/strong> 0.6 m<\/li>\n<li style='margin-bottom: 5px;'><strong>Peso:<\/strong> 5.5 Kg (12 lbs)<\/li>\n<li style='margin-bottom: 5px;'><strong>Conector:<\/strong> Gu\u00eda de onda especial para radio B11 de Mimosa Networks (No requiere cables coaxiales)<\/li>\n<li style='margin-bottom: 5px;'><strong>Compatibilidad:<\/strong> Para montaje en radios AF11 de Ubiquiti Networks requiere adaptador modelo JX-AF11<\/li>\n<\/ul><\/div>\n<\/p><\/div>\n<p> <!-- Secci\u00f3n de informaci\u00f3n importante --> <\/p>\n<div style='margin-bottom: 30px; padding: 15px; border: 1px solid rgba(150&comma;150&comma;150&comma;0.4); border-radius: 8px;'>\n<h3 style='font-size: 18px; color: inherit; margin-top: 0; margin-bottom: 10px;'>Informaci\u00f3n importante<\/h3>\n<p style='margin: 0 0 10px 0;'><strong>PRODUCTO BAJO PEDIDO ESPECIAL<\/strong><\/p>\n<p style='margin: 0 0 10px 0;'><strong>*<\/strong><\/p>\n<\/p><\/div>\n<p> <!-- Secci\u00f3n de todos los tama\u00f1os --> <\/p>\n<div style='margin-bottom: 30px; text-align: center;'>\n<h2 style='font-size: 24px; color: inherit; margin: 0 0 15px 0;'><strong>TODOS LOS TAMA\u00d1OS<\/strong><\/h2>\n<p style='margin: 0 0 20px 0; font-size: 16px; color: inherit;'>Desde los enlaces m\u00e1s cortos hasta los m\u00e1s largos&comma; podemos indicarle todos los tama\u00f1os de antena que necesita para sus enlaces B11.<\/p>\n<\/p><\/div>\n<p> <!-- Imagen 1 --> <\/p>\n<div style='margin-bottom: 30px;'> <img style='width: 100%; height: auto; border: 1px solid rgba(150&comma;150&comma;150&comma;0.3); border-radius: 8px;' src='https:\/\/ftp3.syscom.mx\/usuarios\/fotos\/JRMA0120010\/11\/87101-capturab11.jpg' alt=''> <\/div>\n<p> <!-- Secci\u00f3n de ingenier\u00eda --> <\/p>\n<div style='margin-bottom: 30px; text-align: center;'>\n<h2 style='font-size: 24px; color: inherit; margin: 0 0 15px 0;'><strong>INGENIER\u00cdA DE PRECISI\u00d3N Y ALTA CONFIABILIDAD<\/strong><\/h2>\n<p style='margin: 0 0 20px 0; font-size: 16px; color: inherit;'>El espectro con licencia siempre se ha preferido por su mayor confiabilidad de enlace. Una incre\u00edble estabilidad l\u00edder en la industria.<\/p>\n<\/p><\/div>\n<p> <!-- Imagen 2 --> <\/p>\n<div style='margin-bottom: 30px;'> <img style='width: 100%; height: auto; border: 1px solid rgba(150&comma;150&comma;150&comma;0.3); border-radius: 8px;' src='https:\/\/ftp3.syscom.mx\/usuarios\/fotos\/JRMA0120010\/11\/87101-jirousjpg.jpg' alt=''> <\/div>\n<p> <!-- Separador final --> <\/p>\n<hr style='border: 0; border-top: 1px solid rgba(150&comma; 150&comma; 150&comma; 0.3); margin: 30px 0;'> <\/div>\n","protected":false},"excerpt":{"rendered":"<p>Antena Direccional, Dimensiones (2 ft \/ 60.96 cm), Ganancia 36 dBi, 10.1-12 GHz, Conector de gu\u00eda de onda para B11, Incluye montaje de alineaci\u00f3n<\/p>\n","protected":false},"featured_media":72291,"comment_status":"open","ping_status":"closed","template":"","meta":[],"product_brand":[],"product_cat":[1918],"product_tag":[1404,1919,1936],"class_list":{"0":"post-72292","1":"product","2":"type-product","3":"status-publish","4":"has-post-thumbnail","6":"product_cat-direccionales","7":"product_tag-antenas","8":"product_tag-direccionales","9":"product_tag-jirous","11":"first","12":"outofstock","13":"sale","14":"shipping-taxable","15":"purchasable","16":"product-type-simple"},"_links":{"self":[{"href":"https:\/\/soydeaqui.ddns.net\/pachuca\/index.php\/wp-json\/wp\/v2\/product\/72292","targetHints":{"allow":["GET"]}}],"collection":[{"href":"https:\/\/soydeaqui.ddns.net\/pachuca\/index.php\/wp-json\/wp\/v2\/product"}],"about":[{"href":"https:\/\/soydeaqui.ddns.net\/pachuca\/index.php\/wp-json\/wp\/v2\/types\/product"}],"replies":[{"embeddable":true,"href":"https:\/\/soydeaqui.ddns.net\/pachuca\/index.php\/wp-json\/wp\/v2\/comments?post=72292"}],"wp:featuredmedia":[{"embeddable":true,"href":"https:\/\/soydeaqui.ddns.net\/pachuca\/index.php\/wp-json\/wp\/v2\/media\/72291"}],"wp:attachment":[{"href":"https:\/\/soydeaqui.ddns.net\/pachuca\/index.php\/wp-json\/wp\/v2\/media?parent=72292"}],"wp:term":[{"taxonomy":"product_brand","embeddable":true,"href":"https:\/\/soydeaqui.ddns.net\/pachuca\/index.php\/wp-json\/wp\/v2\/product_brand?post=72292"},{"taxonomy":"product_cat","embeddable":true,"href":"https:\/\/soydeaqui.ddns.net\/pachuca\/index.php\/wp-json\/wp\/v2\/product_cat?post=72292"},{"taxonomy":"product_tag","embeddable":true,"href":"https:\/\/soydeaqui.ddns.net\/pachuca\/index.php\/wp-json\/wp\/v2\/product_tag?post=72292"}],"curies":[{"name":"wp","href":"https:\/\/api.w.org\/{rel}","templated":true}]}}