{"id":72281,"date":"2026-03-19T12:37:49","date_gmt":"2026-03-19T12:37:49","guid":{"rendered":"https:\/\/soydeaqui.ddns.net\/pachuca\/index.php\/producto\/repetidor-extensor-de-cobertura-wifi-ac-1750-mbps-doble-banda-2-4-ghz-y-5-ghz-con-1-puerto-10-100-1000-mbps-3-antenas-externas\/"},"modified":"2026-03-19T12:38:00","modified_gmt":"2026-03-19T12:38:00","slug":"repetidor-extensor-de-cobertura-wifi-ac-1750-mbps-doble-banda-2-4-ghz-y-5-ghz-con-1-puerto-10-100-1000-mbps-3-antenas-externas","status":"publish","type":"product","link":"https:\/\/soydeaqui.ddns.net\/pachuca\/index.php\/producto\/repetidor-extensor-de-cobertura-wifi-ac-1750-mbps-doble-banda-2-4-ghz-y-5-ghz-con-1-puerto-10-100-1000-mbps-3-antenas-externas\/","title":{"rendered":"Repetidor \/ Extensor de Cobertura WiFi AC, 1750 Mbps, doble banda 2.4 GHz y 5 GHz, con 1 puerto 10\/100\/1000 Mbps, 3 antenas externas"},"content":{"rendered":"<div style='width: 100%; max-width: 1200px; margin: 0 auto; font-family: sans-serif; line-height: 1.6; color: inherit; background-color: transparent;'> <!-- Descripci\u00f3n general --> <\/p>\n<div style='margin-bottom: 30px;'>\n<h2 style='font-size: 28px; margin: 0 0 20px; color: inherit; text-align: center;'>Aumente su cobertura de Wi-Fi hasta 10&comma;000 pies cuadrados *<\/h2>\n<p style='margin: 0 0 15px; font-size: 16px; color: inherit; text-align: justify;'>\u00bfCansado de Wi-Fi &#8216;zonas muertas&#8217;? El Repetidor de WiFi TP-Link AC1750 se conecta a su router de forma inal\u00e1mbrica&comma; fortaleciendo y expandiendo su se\u00f1al en \u00e1reas que no puede alcanzar por s\u00ed sola. El dispositivo tambi\u00e9n reduce la interferencia para garantizar una cobertura Wi-Fi confiable en todo su hogar u oficina.<\/p>\n<\/p><\/div>\n<p> <!-- Im\u00e1genes --> <\/p>\n<div style='margin-bottom: 30px;'> <img style='width: 100%; height: auto; border: 1px solid rgba(150&comma;150&comma;150&comma;0.3); border-radius: 8px; margin-bottom: 15px;' src='https:\/\/ftp3.syscom.mx\/usuarios\/fotos\/RE450\/189851-captura_de_pantalla_2020-08-19_a_la(s)_11.05.25.png' alt='Vista frontal del extensor de cobertura TP-Link RE450'> <img style='width: 100%; height: auto; border: 1px solid rgba(150&comma;150&comma;150&comma;0.3); border-radius: 8px;' src='https:\/\/ftp3.syscom.mx\/usuarios\/fotos\/RE450\/189851-captura_de_pantalla_2020-08-19_a_la(s)_11.06.57.png' alt='Vista posterior del extensor de cobertura TP-Link RE450'> <\/div>\n<p> <!-- Caracter\u00edsticas principales --> <\/p>\n<div style='margin-bottom: 30px;'>\n<h3 style='font-size: 22px; border-bottom: 2px solid currentColor; padding-bottom: 5px; margin-top: 0; color: inherit; opacity: 0.8;'>Caracter\u00edsticas principales<\/h3>\n<ul style='padding-left: 20px; font-size: 15px; color: inherit;'>\n<li style='margin-bottom: 5px;'>Cobertura m\u00e1xima: ampl\u00ede la cobertura de Wi-Fi hasta<\/li>\n<li style='margin-bottom: 5px;'>Wi-Fi de doble banda AC1750: 450 Mbps simult\u00e1neos a 2&comma;4 GHz + 1300 Mbps a 5 GHz<\/li>\n<li style='margin-bottom: 5px;'>Tres antenas: tres antenas externas ajustables proporcionan una cobertura Wi-Fi \u00f3ptima y conexiones confiables<\/li>\n<li style='margin-bottom: 5px;'>Puerto Gigabit Ethernet: act\u00fae como un adaptador inal\u00e1mbrico para conectar un dispositivo con cable a su red a velocidad Gigabit<\/li>\n<li style='margin-bottom: 5px;'>Luz de se\u00f1al inteligente: ayuda a encontrar la mejor ubicaci\u00f3n para una cobertura Wi-Fi \u00f3ptima al mostrar la intensidad de la se\u00f1al<\/li>\n<li style='margin-bottom: 5px;'>Modo AP: cree un nuevo punto de acceso Wi-Fi para mejorar su red cableada con capacidad Wi-Fi<\/li>\n<li style='margin-bottom: 5px;'>Aplicaci\u00f3n TP-Link Tether: acceda y administre f\u00e1cilmente su red utilizando cualquier dispositivo m\u00f3vil iOS o Android<\/li>\n<li style='margin-bottom: 5px;'>Compatibilidad definitiva: ampl\u00ede el alcance de cualquier router Wi-Fi o punto de acceso inal\u00e1mbrico<\/li>\n<\/ul><\/div>\n<p> <!-- Secci\u00f3n de especificaciones --> <\/p>\n<div style='display: flex; flex-wrap: wrap; gap: 20px; margin-bottom: 30px;'> <!-- Caracter\u00edsticas de hardware --> <\/p>\n<div style='flex: 1 1 250px; border: 1px solid rgba(150&comma; 150&comma; 150&comma; 0.4); border-radius: 8px; overflow: hidden; display: flex; flex-direction: column;'>\n<div style='padding: 15px; border-bottom: 1px solid rgba(150&comma; 150&comma; 150&comma; 0.2); font-weight: bold; font-size: 18px; color: inherit;'>CARACTER\u00cdSTICAS DE HARDWARE<\/div>\n<div style='padding: 15px; color: inherit;'>\n<ul style='padding-left: 20px; margin: 0; font-size: 14px; list-style-type: disc;'>\n<li style='margin-bottom: 5px;'><strong>Tipo de Enchufe:<\/strong> EU&comma; UK&comma; US&comma; AU&comma; KR&comma; JP<\/li>\n<li style='margin-bottom: 5px;'><strong>Est\u00e1ndares y Protocolos:<\/strong> IEEE802.11ac&comma; IEEE 802.11n&comma; IEEE 802.11g&comma; IEEE 802.11b<\/li>\n<li style='margin-bottom: 5px;'><strong>Interface:<\/strong> 1 x 10\/100\/1000M Ethernet Port (RJ45)<\/li>\n<li style='margin-bottom: 5px;'><strong>Bot\u00f3n:<\/strong> WPS Button&comma; Reset Button&comma; LED Button&comma; Power Button<\/li>\n<li style='margin-bottom: 5px;'><strong>Consumo de Energ\u00eda:<\/strong> 10W (max power consumption)<\/li>\n<li style='margin-bottom: 5px;'><strong>Dimensiones (W X D X H):<\/strong> 6.4 x 3.0 x 2.6 in. (163 x 76.4 x 66.5mm)<\/li>\n<li style='margin-bottom: 5px;'><strong>Antena:<\/strong> 3 x external<\/li>\n<\/ul><\/div>\n<\/p><\/div>\n<p> <!-- Caracter\u00edsticas inal\u00e1mbricas --> <\/p>\n<div style='flex: 1 1 250px; border: 1px solid rgba(150&comma; 150&comma; 150&comma; 0.4); border-radius: 8px; overflow: hidden; display: flex; flex-direction: column;'>\n<div style='padding: 15px; border-bottom: 1px solid rgba(150&comma; 150&comma; 150&comma; 0.2); font-weight: bold; font-size: 18px; color: inherit;'>CARACTER\u00cdSTICAS INAL\u00c1MBRICAS<\/div>\n<div style='padding: 15px; color: inherit;'>\n<ul style='padding-left: 20px; margin: 0; font-size: 14px; list-style-type: disc;'>\n<li style='margin-bottom: 5px;'><strong>Frecuencia:<\/strong> 2.4GHz &#038; 5GHz (11ac)<\/li>\n<li style='margin-bottom: 5px;'><strong>Tasa de Se\u00f1al:<\/strong> 5GHz: Up to 1300Mbps&comma; 2.4GHz: Up to 450Mbps<\/li>\n<li style='margin-bottom: 5px;'><strong>Sensibilidad de Recepci\u00f3n:<\/strong> 5GHz: 11a 6Mbps:-93dBm@10% PER&comma; 11a 54Mbps: -76dBm@10% PER&comma; 11ac HT20 mcs8: -68dBm@10% PER&comma; 11ac HT40 mcs9: -64dBm@10% PER&comma; 11ac HT80 mcs9: -61dBm@10% PER&comma; 2.4GHz: 11g 54M: -77dBm@10% PER&comma; 11n HT20 mcs7: -73dBm@10% PER&comma; 11n HT40 mcs7: -70dBm@10% PER<\/li>\n<li style='margin-bottom: 5px;'><strong>Modos Inal\u00e1mbricos:<\/strong> Range Extender\/Access Point<\/li>\n<li style='margin-bottom: 5px;'><strong>Funciones Inal\u00e1mbricas:<\/strong> Wireless Statistic&comma; Concurrent Mode Boost Both 2.4G\/5G WiFi Band&comma; Access Control&comma; LED Control&comma; Domain Login Function&comma; Wi-Fi Coverage<\/li>\n<li style='margin-bottom: 5px;'><strong>Seguridad Inal\u00e1mbrica:<\/strong> 64\/128-bit WEP&comma; WPA-PSK \/ WPA2-PSK<\/li>\n<li style='margin-bottom: 5px;'><strong>Potencia de Transmisi\u00f3n:<\/strong> <20dBm (2.4GHz)&comma; <23dBm (5GHz)<\/li>\n<\/ul><\/div>\n<\/p><\/div>\n<p> <!-- Otros --> <\/p>\n<div style='flex: 1 1 250px; border: 1px solid rgba(150&comma; 150&comma; 150&comma; 0.4); border-radius: 8px; overflow: hidden; display: flex; flex-direction: column;'>\n<div style='padding: 15px; border-bottom: 1px solid rgba(150&comma; 150&comma; 150&comma; 0.2); font-weight: bold; font-size: 18px; color: inherit;'>OTROS<\/div>\n<div style='padding: 15px; color: inherit;'>\n<ul style='padding-left: 20px; margin: 0; font-size: 14px; list-style-type: disc;'>\n<li style='margin-bottom: 5px;'><strong>Certificaci\u00f3n:<\/strong> CE&comma; FCC&comma; RoHS<\/li>\n<li style='margin-bottom: 5px;'><strong>Contenidos del Paquete:<\/strong> AC1750 Wi-Fi Range Extender RE450&comma; Quick Installation Guide<\/li>\n<li style='margin-bottom: 5px;'><strong>Dimensiones de la Caja (W X D X H):<\/strong> 7.9 x 4.9 x 3.4in. (202x 125 x 86mm)<\/li>\n<li style='margin-bottom: 5px;'><strong>Requisitos del Sistema:<\/strong> Microsoft\u00ae Windows\u00ae 98SE&comma; NT&comma; 2000&comma; XP&comma; Vista or Windows 7&comma; 8&comma; 10&comma; Mac\u00ae OS&comma; NetWare\u00ae&comma; UNIX\u00ae or Linux<\/li>\n<li style='margin-bottom: 5px;'><strong>Ambiente:<\/strong> Operating Temperature: 0\u00b0C~30\u00b0C (32\u00b0F~86\u00b0F)&comma; Storage Temperature: -40\u00b0C~70\u00b0C (-40\u00b0F~158\u00b0F)&comma; Operating Humidity: 10%~90% non-condensing&comma; Storage Humidity: 5%~90% non-condensing<\/li>\n<\/ul><\/div>\n<\/p><\/div>\n<\/p><\/div>\n<p> <!-- Separador final --> <\/p>\n<hr style='border: 0; border-top: 1px solid rgba(150&comma; 150&comma; 150&comma; 0.3); margin: 30px 0;'> <\/div>\n","protected":false},"excerpt":{"rendered":"<p>Repetidor \/ Extensor de Cobertura WiFi AC, 1750 Mbps, doble banda 2.4 GHz y 5 GHz, con 1 puerto 10\/100\/1000 Mbps, 3 antenas externas<\/p>\n","protected":false},"featured_media":72280,"comment_status":"open","ping_status":"closed","template":"","meta":[],"product_brand":[],"product_cat":[2026],"product_tag":[1479,2027,71],"class_list":{"0":"post-72281","1":"product","2":"type-product","3":"status-publish","4":"has-post-thumbnail","6":"product_cat-repetidores-de-senal","7":"product_tag-redes-wifi","8":"product_tag-repetidores-de-senal","9":"product_tag-tp-link","11":"first","12":"instock","13":"sale","14":"shipping-taxable","15":"purchasable","16":"product-type-simple"},"_links":{"self":[{"href":"https:\/\/soydeaqui.ddns.net\/pachuca\/index.php\/wp-json\/wp\/v2\/product\/72281","targetHints":{"allow":["GET"]}}],"collection":[{"href":"https:\/\/soydeaqui.ddns.net\/pachuca\/index.php\/wp-json\/wp\/v2\/product"}],"about":[{"href":"https:\/\/soydeaqui.ddns.net\/pachuca\/index.php\/wp-json\/wp\/v2\/types\/product"}],"replies":[{"embeddable":true,"href":"https:\/\/soydeaqui.ddns.net\/pachuca\/index.php\/wp-json\/wp\/v2\/comments?post=72281"}],"wp:featuredmedia":[{"embeddable":true,"href":"https:\/\/soydeaqui.ddns.net\/pachuca\/index.php\/wp-json\/wp\/v2\/media\/72280"}],"wp:attachment":[{"href":"https:\/\/soydeaqui.ddns.net\/pachuca\/index.php\/wp-json\/wp\/v2\/media?parent=72281"}],"wp:term":[{"taxonomy":"product_brand","embeddable":true,"href":"https:\/\/soydeaqui.ddns.net\/pachuca\/index.php\/wp-json\/wp\/v2\/product_brand?post=72281"},{"taxonomy":"product_cat","embeddable":true,"href":"https:\/\/soydeaqui.ddns.net\/pachuca\/index.php\/wp-json\/wp\/v2\/product_cat?post=72281"},{"taxonomy":"product_tag","embeddable":true,"href":"https:\/\/soydeaqui.ddns.net\/pachuca\/index.php\/wp-json\/wp\/v2\/product_tag?post=72281"}],"curies":[{"name":"wp","href":"https:\/\/api.w.org\/{rel}","templated":true}]}}