{"id":72274,"date":"2026-03-19T12:37:34","date_gmt":"2026-03-19T12:37:34","guid":{"rendered":"https:\/\/soydeaqui.ddns.net\/pachuca\/index.php\/producto\/tarjeta-minipci-express-802-11a-n-de-doble-cadena\/"},"modified":"2026-03-19T12:37:35","modified_gmt":"2026-03-19T12:37:35","slug":"tarjeta-minipci-express-802-11a-n-de-doble-cadena","status":"publish","type":"product","link":"https:\/\/soydeaqui.ddns.net\/pachuca\/index.php\/producto\/tarjeta-minipci-express-802-11a-n-de-doble-cadena\/","title":{"rendered":"Tarjeta MiniPCI-express 802.11a\/n de doble cadena"},"content":{"rendered":"<div style='width: 100%; max-width: 1200px; margin: 0 auto; font-family: sans-serif; line-height: 1.6; color: inherit; background-color: transparent;'>\n<div style='margin-bottom: 30px;'>\n<p style='margin: 0 0 15px; font-size: 15px; color: inherit;'>Tarjeta inal\u00e1mbrica de doble cadena 802.11a\/n de alta potencia 4920-5920MHz en formato miniPCI-e. Ideal para la nueva serie RB912&comma; RB800 o nuestra nueva tarjeta adaptadora miniPCIe &#8211; RB14e.<\/p>\n<p style='margin: 0 0 15px; font-size: 15px; color: inherit;'>La tarjeta cuenta con indicadores LED integrados para el modo inal\u00e1mbrico&comma; el estado de la conexi\u00f3n (conectado&comma; buscando&comma; deshabilitado)&comma; la actividad de TX y RX y la intensidad de la se\u00f1al inal\u00e1mbrica; solo mirar la tarjeta ayudar\u00e1 con la instalaci\u00f3n y alineaci\u00f3n.<\/p>\n<\/p><\/div>\n<p> <!-- Especificaciones del producto --> <\/p>\n<div style='display: flex; flex-wrap: wrap; gap: 20px; margin-bottom: 30px;'>\n<div style='flex: 1 1 250px; border: 1px solid rgba(150&comma; 150&comma; 150&comma; 0.4); border-radius: 8px; overflow: hidden; display: flex; flex-direction: column;'>\n<div style='padding: 15px; border-bottom: 1px solid rgba(150&comma; 150&comma; 150&comma; 0.2); font-weight: bold; font-size: 18px; color: inherit;'>Especificaciones del producto<\/div>\n<div style='padding: 15px; color: inherit;'>\n<ul style='padding-left: 20px; margin: 0; font-size: 14px; list-style-type: disc;'>\n<li style='margin-bottom: 5px;'><strong>C\u00f3digo de producto:<\/strong> R11e-5HnD<\/li>\n<li style='margin-bottom: 5px;'><strong>Banda 5 GHz:<\/strong> S\u00ed<\/li>\n<li style='margin-bottom: 5px;'><strong>Antenas:<\/strong> 2<\/li>\n<li style='margin-bottom: 5px;'><strong>Uso:<\/strong> Interior y exterior<\/li>\n<li style='margin-bottom: 5px;'><strong>Certificaciones:<\/strong> FCC&comma; IC<\/li>\n<li style='margin-bottom: 5px;'><strong>Chipset:<\/strong> AR9580<\/li>\n<li style='margin-bottom: 5px;'><strong>Conector:<\/strong> MMCX<\/li>\n<li style='margin-bottom: 5px;'><strong>Formato:<\/strong> miniPCI-e<\/li>\n<li style='margin-bottom: 5px;'><strong>Potencia de salida:<\/strong> Hasta 27dBm<\/li>\n<li style='margin-bottom: 5px;'><strong>Memoria:<\/strong> 4 KB FLASH<\/li>\n<li style='margin-bottom: 5px;'><strong>Temperatura operativa:<\/strong> -40 \u00b0C a +65 \u00b0C<\/li>\n<li style='margin-bottom: 5px;'><strong>Wi-Fi:<\/strong> Wi-Fi 4 (802.11a\/n)<\/li>\n<\/ul><\/div>\n<\/p><\/div>\n<\/p><\/div>\n<p> <!-- Especificaciones inal\u00e1mbricas --> <\/p>\n<div style='margin-bottom: 30px;'>\n<h3 style='font-size: 20px; border-bottom: 2px solid currentColor; padding-bottom: 5px; margin-top: 0; margin-bottom: 15px; color: inherit; opacity: 0.8;'>Especificaciones inal\u00e1mbricas<\/h3>\n<div style='overflow-x: auto;'>\n<table style='width: 100%; border-collapse: collapse; margin-bottom: 15px;'>\n<thead style='background-color: rgba(240&comma; 240&comma; 240&comma; 0.6);'>\n<tr>\n<th style='padding: 10px; border: 1px solid rgba(150&comma; 150&comma; 150&comma; 0.3); text-align: left; font-weight: bold; min-width: 100px;'>Banda<\/th>\n<th style='padding: 10px; border: 1px solid rgba(150&comma; 150&comma; 150&comma; 0.3); text-align: left; font-weight: bold; min-width: 120px;'>Transmisi\u00f3n (dBm)<\/th>\n<th style='padding: 10px; border: 1px solid rgba(150&comma; 150&comma; 150&comma; 0.3); text-align: left; font-weight: bold; min-width: 120px;'>Sensibilidad RX<\/th>\n<\/tr>\n<\/thead>\n<tbody>\n<tr style='background-color: rgba(240&comma; 240&comma; 240&comma; 0.4);'>\n<td style='padding: 10px; border: 1px solid rgba(150&comma; 150&comma; 150&comma; 0.3);'>6 MBit\/s<\/td>\n<td style='padding: 10px; border: 1px solid rgba(150&comma; 150&comma; 150&comma; 0.3);'>27<\/td>\n<td style='padding: 10px; border: 1px solid rgba(150&comma; 150&comma; 150&comma; 0.3);'>-96<\/td>\n<\/tr>\n<tr>\n<td style='padding: 10px; border: 1px solid rgba(150&comma; 150&comma; 150&comma; 0.3);'>54 MBit\/s<\/td>\n<td style='padding: 10px; border: 1px solid rgba(150&comma; 150&comma; 150&comma; 0.3);'>24<\/td>\n<td style='padding: 10px; border: 1px solid rgba(150&comma; 150&comma; 150&comma; 0.3);'>-80<\/td>\n<\/tr>\n<tr style='background-color: rgba(240&comma; 240&comma; 240&comma; 0.4);'>\n<td style='padding: 10px; border: 1px solid rgba(150&comma; 150&comma; 150&comma; 0.3);'>MCS0<\/td>\n<td style='padding: 10px; border: 1px solid rgba(150&comma; 150&comma; 150&comma; 0.3);'>26<\/td>\n<td style='padding: 10px; border: 1px solid rgba(150&comma; 150&comma; 150&comma; 0.3);'>-96<\/td>\n<\/tr>\n<tr>\n<td style='padding: 10px; border: 1px solid rgba(150&comma; 150&comma; 150&comma; 0.3);'>MCS7<\/td>\n<td style='padding: 10px; border: 1px solid rgba(150&comma; 150&comma; 150&comma; 0.3);'>23<\/td>\n<td style='padding: 10px; border: 1px solid rgba(150&comma; 150&comma; 150&comma; 0.3);'>-79<\/td>\n<\/tr>\n<\/tbody>\n<\/table><\/div>\n<\/p><\/div>\n<\/p><\/div>\n","protected":false},"excerpt":{"rendered":"<p>Tarjeta MiniPCI-express 802.11a\/n de doble cadena<\/p>\n","protected":false},"featured_media":72273,"comment_status":"open","ping_status":"closed","template":"","meta":[],"product_brand":[],"product_cat":[1998],"product_tag":[1999,1980,643],"class_list":{"0":"post-72274","1":"product","2":"type-product","3":"status-publish","4":"has-post-thumbnail","6":"product_cat-5-y-6-ghz","7":"product_tag-5-y-6-ghz","8":"product_tag-enlaces-ptp-y-ptmp","9":"product_tag-mikrotik","11":"first","12":"outofstock","13":"sale","14":"shipping-taxable","15":"purchasable","16":"product-type-simple"},"_links":{"self":[{"href":"https:\/\/soydeaqui.ddns.net\/pachuca\/index.php\/wp-json\/wp\/v2\/product\/72274","targetHints":{"allow":["GET"]}}],"collection":[{"href":"https:\/\/soydeaqui.ddns.net\/pachuca\/index.php\/wp-json\/wp\/v2\/product"}],"about":[{"href":"https:\/\/soydeaqui.ddns.net\/pachuca\/index.php\/wp-json\/wp\/v2\/types\/product"}],"replies":[{"embeddable":true,"href":"https:\/\/soydeaqui.ddns.net\/pachuca\/index.php\/wp-json\/wp\/v2\/comments?post=72274"}],"wp:featuredmedia":[{"embeddable":true,"href":"https:\/\/soydeaqui.ddns.net\/pachuca\/index.php\/wp-json\/wp\/v2\/media\/72273"}],"wp:attachment":[{"href":"https:\/\/soydeaqui.ddns.net\/pachuca\/index.php\/wp-json\/wp\/v2\/media?parent=72274"}],"wp:term":[{"taxonomy":"product_brand","embeddable":true,"href":"https:\/\/soydeaqui.ddns.net\/pachuca\/index.php\/wp-json\/wp\/v2\/product_brand?post=72274"},{"taxonomy":"product_cat","embeddable":true,"href":"https:\/\/soydeaqui.ddns.net\/pachuca\/index.php\/wp-json\/wp\/v2\/product_cat?post=72274"},{"taxonomy":"product_tag","embeddable":true,"href":"https:\/\/soydeaqui.ddns.net\/pachuca\/index.php\/wp-json\/wp\/v2\/product_tag?post=72274"}],"curies":[{"name":"wp","href":"https:\/\/api.w.org\/{rel}","templated":true}]}}