{"id":72242,"date":"2026-03-19T12:36:17","date_gmt":"2026-03-19T12:36:17","guid":{"rendered":"https:\/\/soydeaqui.ddns.net\/pachuca\/index.php\/producto\/audifonos-hd-usb-con-microfono-con-cancelacion-de-ruido\/"},"modified":"2026-03-19T12:36:25","modified_gmt":"2026-03-19T12:36:25","slug":"audifonos-hd-usb-con-microfono-con-cancelacion-de-ruido","status":"publish","type":"product","link":"https:\/\/soydeaqui.ddns.net\/pachuca\/index.php\/producto\/audifonos-hd-usb-con-microfono-con-cancelacion-de-ruido\/","title":{"rendered":"Aud\u00edfonos HD USB con Micr\u00f3fono con Cancelaci\u00f3n de Ruido"},"content":{"rendered":"<div style='width: 100%; max-width: 1200px; margin: 0 auto; font-family: sans-serif; line-height: 1.6; color: inherit; background-color: transparent;'>\n<div style='display: flex; flex-wrap: wrap; gap: 30px; margin-bottom: 30px;'>\n<div style='flex: 1 1 300px; min-width: 280px;'>\n<h1 style='font-size: 28px; border-bottom: 2px solid currentColor; padding-bottom: 5px; margin-top: 0; color: inherit; opacity: 0.8;'>Aud\u00edfonos HD USB con Micr\u00f3fono con Cancelaci\u00f3n de Ruido<\/h1>\n<hr style='border: 0; border-top: 2px solid #1056BC; width: 40px; margin: 15px 0; opacity: 0.8;'>\n<p>Ideales para empleados que trabajan a distancia y entornos concurridos&comma; los Aud\u00edfonos HD USB GUV3000 y GUV3005 se incorporan a laptops&comma; computadoras&comma; tel\u00e9fonos IP y otros dispositivos para ofrecer sonido de alta calidad.<\/p>\n<p>Estos aud\u00edfonos USB cuentan con un micr\u00f3fono con cancelaci\u00f3n de ruido que minimiza el ruido de fondo para proporcionar audio HD n\u00edtido. Los aud\u00edfonos GUV3000 y GUV3005 proporcionan comodidad todo el d\u00eda gracias a las diademas ajustables y sus suaves almohadillas mientras que el audio se ajusta f\u00e1cilmente usando los controles integrados. Los aud\u00edfonos de la serie GUV son compatibles con cualquier dispositivo que ofrezca una conexi\u00f3n USB&comma; incluyendo laptops y tel\u00e9fonos IP Grandstream. Soportan todas las principales plataformas&comma; aplicaciones y softphones de comunicaci\u00f3n de otros proveedores&comma; as\u00ed como las aplicaciones IPVideoTalk Meetings y Wave de Grandstream. Al ofrecer audio HD n\u00edtido&comma; comodidad de uso y amplia compatibilidad&comma; la serie GUV es ideal para empleados que trabajan a distancia&comma; call centers&comma; recepcionistas&comma; equipos de ventas y m\u00e1s.<\/p>\n<\/div>\n<div style='flex: 1 1 300px; min-width: 280px;'>\n<div style='position: relative; padding-bottom: 56.25%; height: 0; overflow: hidden; margin-bottom: 30px;'> <\/div>\n<\/div>\n<\/div>\n<div style='display: flex; flex-wrap: wrap; gap: 30px; margin-bottom: 30px;'>\n<div style='flex: 1 1 300px; min-width: 280px;'>\n<h2 style='font-size: 24px; border-bottom: 2px solid currentColor; padding-bottom: 5px; margin-top: 0; color: inherit; opacity: 0.8;'>Caracter\u00edsticas Clave de GUV3001\/GUV3005<\/h2>\n<hr style='border: 0; border-top: 2px solid #1056BC; width: 40px; margin: 15px 0; opacity: 0.8;'>\n<ul style='padding-left: 20px; font-size: 15px; color: inherit; list-style-type: disc;'>\n<li style='margin-bottom: 5px;'><strong>Audio HD:<\/strong> Para comunicaci\u00f3n clara y sencilla<\/li>\n<li style='margin-bottom: 5px;'><strong>Conexi\u00f3n USB:<\/strong> Proporciona flexibilidad en cualquier dispositivo con compatibilidad USB<\/li>\n<li style='margin-bottom: 5px;'><strong>Tecnolog\u00eda de cancelaci\u00f3n de ruido:<\/strong> Para minimizar el ruido de fondo<\/li>\n<li style='margin-bottom: 5px;'><strong>GUV3005:<\/strong> Incluye una luz de ocupado para indicar una llamada en curso<\/li>\n<li style='margin-bottom: 5px;'><strong>Dise\u00f1o ergon\u00f3mico:<\/strong> Diadema ajustable&comma; controles integrados y estilo de uso a la izquierda o a la derecha<\/li>\n<li style='margin-bottom: 5px;'><strong>Compatibilidad:<\/strong> Con cualquier dispositivo USB&comma; soporta plataformas&comma; aplicaciones y softphones de Grandstream y de otros proveedores<\/li>\n<\/ul>\n<\/div>\n<\/div>\n<\/div>\n<\/div>\n","protected":false},"excerpt":{"rendered":"<p>Aud\u00edfonos HD USB con Micr\u00f3fono con Cancelaci\u00f3n de Ruido<\/p>\n","protected":false},"featured_media":72241,"comment_status":"open","ping_status":"closed","template":"","meta":[],"product_brand":[],"product_cat":[2040],"product_tag":[93,909,2004],"class_list":{"0":"post-72242","1":"product","2":"type-product","3":"status-publish","4":"has-post-thumbnail","6":"product_cat-accesorios-voip-telefonia-ip-videoconferencia","7":"product_tag-accesorios","8":"product_tag-grandstream","9":"product_tag-voip-telefonia-ip-videoconferencia","11":"first","12":"instock","13":"sale","14":"shipping-taxable","15":"purchasable","16":"product-type-simple"},"_links":{"self":[{"href":"https:\/\/soydeaqui.ddns.net\/pachuca\/index.php\/wp-json\/wp\/v2\/product\/72242","targetHints":{"allow":["GET"]}}],"collection":[{"href":"https:\/\/soydeaqui.ddns.net\/pachuca\/index.php\/wp-json\/wp\/v2\/product"}],"about":[{"href":"https:\/\/soydeaqui.ddns.net\/pachuca\/index.php\/wp-json\/wp\/v2\/types\/product"}],"replies":[{"embeddable":true,"href":"https:\/\/soydeaqui.ddns.net\/pachuca\/index.php\/wp-json\/wp\/v2\/comments?post=72242"}],"wp:featuredmedia":[{"embeddable":true,"href":"https:\/\/soydeaqui.ddns.net\/pachuca\/index.php\/wp-json\/wp\/v2\/media\/72241"}],"wp:attachment":[{"href":"https:\/\/soydeaqui.ddns.net\/pachuca\/index.php\/wp-json\/wp\/v2\/media?parent=72242"}],"wp:term":[{"taxonomy":"product_brand","embeddable":true,"href":"https:\/\/soydeaqui.ddns.net\/pachuca\/index.php\/wp-json\/wp\/v2\/product_brand?post=72242"},{"taxonomy":"product_cat","embeddable":true,"href":"https:\/\/soydeaqui.ddns.net\/pachuca\/index.php\/wp-json\/wp\/v2\/product_cat?post=72242"},{"taxonomy":"product_tag","embeddable":true,"href":"https:\/\/soydeaqui.ddns.net\/pachuca\/index.php\/wp-json\/wp\/v2\/product_tag?post=72242"}],"curies":[{"name":"wp","href":"https:\/\/api.w.org\/{rel}","templated":true}]}}