{"id":72223,"date":"2026-03-19T12:35:33","date_gmt":"2026-03-19T12:35:33","guid":{"rendered":"https:\/\/soydeaqui.ddns.net\/pachuca\/index.php\/producto\/webcam-full-hd-usb-1080p-herramienta-ideal-para-trabajo-remoto\/"},"modified":"2026-03-19T12:35:48","modified_gmt":"2026-03-19T12:35:48","slug":"webcam-full-hd-usb-1080p-herramienta-ideal-para-trabajo-remoto","status":"publish","type":"product","link":"https:\/\/soydeaqui.ddns.net\/pachuca\/index.php\/producto\/webcam-full-hd-usb-1080p-herramienta-ideal-para-trabajo-remoto\/","title":{"rendered":"Webcam Full-HD USB 1080P herramienta ideal para trabajo remoto"},"content":{"rendered":"<div style='width: 100%; max-width: 1200px; margin: 0 auto; font-family: sans-serif; line-height: 1.6; color: inherit; background-color: transparent;'>\n<div style='display: flex; flex-wrap: wrap; gap: 30px; margin-bottom: 30px;'>\n<div style='flex: 1 1 300px; min-width: 280px;'>\n<h3 style='font-size: 22px; border-bottom: 2px solid currentColor; padding-bottom: 5px; margin-top: 0; color: inherit; opacity: 0.8;'>Acerca de la GUV3100<\/h3>\n<p style='font-size: 15px; color: inherit; margin-bottom: 15px;'>La GUV3100 es una c\u00e1mara USB HD que permite la colaboraci\u00f3n de audio y video de alta calidad a trav\u00e9s de laptops&comma; computadoras de escritorio y m\u00e1s. Esta c\u00e1mara web HD admite video en tiempo real Full HD de 1080p a trav\u00e9s de un sensor de imagen CMOS de 2 megap\u00edxeles e incluye 2 micr\u00f3fonos omnidireccionales incorporados con captura de voz de 1 metro para comunicaciones claras.<\/p>\n<\/p><\/div>\n<div style='flex: 1 1 400px; min-width: 300px;'>\n<div style='position: relative; padding-bottom: 56.25%; height: 0; overflow: hidden; margin-bottom: 30px;'>   <\/div>\n<\/p><\/div>\n<\/p><\/div>\n<div style='display: flex; flex-wrap: wrap; gap: 30px; margin-bottom: 30px;'>\n<div style='flex: 1 1 300px; min-width: 280px;'>\n<h3 style='font-size: 22px; border-bottom: 2px solid currentColor; padding-bottom: 5px; margin-top: 0; color: inherit; opacity: 0.8;'>Caracter\u00edsticas Competitivas<\/h3>\n<ul style='padding-left: 20px; font-size: 15px; color: inherit;'>\n<li style='margin-bottom: 5px;'>Soporta video Full HD de 1080p a 30 fps<\/li>\n<li style='margin-bottom: 5px;'>El puerto USB 2.0 ofrece configuraci\u00f3n plug-and-play&comma; no necesita software<\/li>\n<li style='margin-bottom: 5px;'>2 micr\u00f3fonos incorporados ofrecen un rango de captura de voz de m\u00e1s de 1 metro<\/li>\n<li style='margin-bottom: 5px;'>Compatible con todas las principales plataformas&comma; aplicaciones y softphones de terceros<\/li>\n<li style='margin-bottom: 5px;'>La configuraci\u00f3n de video ajustable incluye brillo&comma; resoluci\u00f3n&comma; saturaci\u00f3n&comma; contraste&comma; poca luz y m\u00e1s<\/li>\n<\/ul><\/div>\n<div style='flex: 1 1 400px; min-width: 300px;'> <img style='width: 100%; height: auto; border: 1px solid rgba(150&comma;150&comma;150&comma;0.3); border-radius: 8px;' src='https:\/\/ftp3.syscom.mx\/usuarios\/lcuevas\/Grandstream\/GUV3100\/GUV3100_all.png' alt='GUV3100'> <\/div>\n<\/p><\/div>\n<div style='display: flex; flex-wrap: wrap; gap: 30px; margin-bottom: 30px;'>\n<div style='flex: 1 1 300px; min-width: 280px;'>\n<h3 style='font-size: 22px; border-bottom: 2px solid currentColor; padding-bottom: 5px; margin-top: 0; color: inherit; opacity: 0.8;'>Posicionamiento<\/h3>\n<p style='font-size: 15px; color: inherit; margin-bottom: 15px;'>La GUV3100 es ideal para trabajadores remotos&comma; estudiantes&comma; maestros&comma; centros de llamadas&comma; recepcionistas&comma; equipos de ventas y m\u00e1s. Es compatible con todas las principales plataformas de comunicaci\u00f3n de terceros&comma; aplicaciones&comma; as\u00ed como con la aplicaci\u00f3n IPVideoTalk Meetings y Wave de Grandstream&comma; ofreciendo flexibilidad y tranquilidad. El GUV3100 ofrece uso plug and play con cualquier dispositivo que ofrezca una conexi\u00f3n USB&comma; incluidas computadoras port\u00e1tiles&comma; computadoras y tel\u00e9fonos IP Grandstream.<\/p>\n<\/p><\/div>\n<div style='flex: 1 1 300px; min-width: 280px;'>\n<h3 style='font-size: 22px; border-bottom: 2px solid currentColor; padding-bottom: 5px; margin-top: 0; color: inherit; opacity: 0.8;'>Especificaciones t\u00e9cnicas<\/h3>\n<div style='display: flex; flex-direction: column; gap: 15px; margin-top: 20px;'>\n<div style='display: flex; justify-content: space-between; border: 1px solid rgba(150&comma; 150&comma; 150&comma; 0.2); border-radius: 4px; padding: 8px 12px; font-size: 14px; color: inherit; background-color: rgba(255&comma; 255&comma; 255&comma; 0.02);'> <strong style='color: inherit; width: 40%;'>Sensor de im\u00e1gen:<\/strong> <span style='color: inherit; width: 60%;'>Sensor CMOS de alta calidad.<\/span> <\/div>\n<div style='display: flex; justify-content: space-between; border: 1px solid rgba(150&comma; 150&comma; 150&comma; 0.2); border-radius: 4px; padding: 8px 12px; font-size: 14px; color: inherit; background-color: rgba(255&comma; 255&comma; 255&comma; 0.02);'> <strong style='color: inherit; width: 40%;'>Pixeles Efectivos:<\/strong> <span style='color: inherit; width: 60%;'>2MP&comma; 16:9<\/span> <\/div>\n<div style='display: flex; justify-content: space-between; border: 1px solid rgba(150&comma; 150&comma; 150&comma; 0.2); border-radius: 4px; padding: 8px 12px; font-size: 14px; color: inherit; background-color: rgba(255&comma; 255&comma; 255&comma; 0.02);'> <strong style='color: inherit; width: 40%;'>Compresi\u00f3n de Video:<\/strong> <span style='color: inherit; width: 60%;'>MJPEG&comma; YUV2&comma; H.264&comma; H.265<\/span> <\/div>\n<div style='display: flex; justify-content: space-between; border: 1px solid rgba(150&comma; 150&comma; 150&comma; 0.2); border-radius: 4px; padding: 8px 12px; font-size: 14px; color: inherit; background-color: rgba(255&comma; 255&comma; 255&comma; 0.02);'> <strong style='color: inherit; width: 40%;'>Micr\u00f3fono:<\/strong> <span style='color: inherit; width: 60%;'>2 micr\u00f3fonos omnidireccionales integrados con una distancia de captura de voz de m\u00e1s de 1m.<\/span> <\/div>\n<div style='display: flex; justify-content: space-between; border: 1px solid rgba(150&comma; 150&comma; 150&comma; 0.2); border-radius: 4px; padding: 8px 12px; font-size: 14px; color: inherit; background-color: rgba(255&comma; 255&comma; 255&comma; 0.02);'> <strong style='color: inherit; width: 40%;'>USB:<\/strong> <span style='color: inherit; width: 60%;'>USB 2.0 (para energ\u00eda y firmware)<\/span> <\/div>\n<div style='display: flex; justify-content: space-between; border: 1px solid rgba(150&comma; 150&comma; 150&comma; 0.2); border-radius: 4px; padding: 8px 12px; font-size: 14px; color: inherit; background-color: rgba(255&comma; 255&comma; 255&comma; 0.02);'> <strong style='color: inherit; width: 40%;'>Compatibilidad:<\/strong> <span style='color: inherit; width: 60%;'>Compatible con todas las principales plataformas de comunicaci\u00f3n de terceros&comma; aplicaciones y softphones&comma; incluidos los equipos de Microsoft&comma; Zoom&comma; Cisco WebEx&comma; las reuniones IPVideoTalk de Grandstream&comma; Grandstream Wave&comma; el softphone Bria de Counterpath&comma; el softphone 3CX&comma; etc.<\/span> <\/div>\n<div style='display: flex; justify-content: space-between; border: 1px solid rgba(150&comma; 150&comma; 150&comma; 0.2); border-radius: 4px; padding: 8px 12px; font-size: 14px; color: inherit; background-color: rgba(255&comma; 255&comma; 255&comma; 0.02);'> <strong style='color: inherit; width: 40%;'>Energ\u00eda:<\/strong> <span style='color: inherit; width: 60%;'>2.5W (m\u00e1ximo)<\/span> <\/div>\n<\/p><\/div>\n<\/p><\/div>\n<\/p><\/div>\n<hr style='border: 0; border-top: 1px solid rgba(150&comma; 150&comma; 150&comma; 0.3); margin: 30px 0;'> <\/div>\n","protected":false},"excerpt":{"rendered":"<p>Webcam Full-HD USB 1080P herramienta ideal para trabajo remoto<\/p>\n","protected":false},"featured_media":72222,"comment_status":"open","ping_status":"closed","template":"","meta":[],"product_brand":[],"product_cat":[2048],"product_tag":[2049,909,2004],"class_list":{"0":"post-72223","1":"product","2":"type-product","3":"status-publish","4":"has-post-thumbnail","6":"product_cat-audio-video-conferencia","7":"product_tag-audio-video-conferencia","8":"product_tag-grandstream","9":"product_tag-voip-telefonia-ip-videoconferencia","11":"first","12":"outofstock","13":"sale","14":"shipping-taxable","15":"purchasable","16":"product-type-simple"},"_links":{"self":[{"href":"https:\/\/soydeaqui.ddns.net\/pachuca\/index.php\/wp-json\/wp\/v2\/product\/72223","targetHints":{"allow":["GET"]}}],"collection":[{"href":"https:\/\/soydeaqui.ddns.net\/pachuca\/index.php\/wp-json\/wp\/v2\/product"}],"about":[{"href":"https:\/\/soydeaqui.ddns.net\/pachuca\/index.php\/wp-json\/wp\/v2\/types\/product"}],"replies":[{"embeddable":true,"href":"https:\/\/soydeaqui.ddns.net\/pachuca\/index.php\/wp-json\/wp\/v2\/comments?post=72223"}],"wp:featuredmedia":[{"embeddable":true,"href":"https:\/\/soydeaqui.ddns.net\/pachuca\/index.php\/wp-json\/wp\/v2\/media\/72222"}],"wp:attachment":[{"href":"https:\/\/soydeaqui.ddns.net\/pachuca\/index.php\/wp-json\/wp\/v2\/media?parent=72223"}],"wp:term":[{"taxonomy":"product_brand","embeddable":true,"href":"https:\/\/soydeaqui.ddns.net\/pachuca\/index.php\/wp-json\/wp\/v2\/product_brand?post=72223"},{"taxonomy":"product_cat","embeddable":true,"href":"https:\/\/soydeaqui.ddns.net\/pachuca\/index.php\/wp-json\/wp\/v2\/product_cat?post=72223"},{"taxonomy":"product_tag","embeddable":true,"href":"https:\/\/soydeaqui.ddns.net\/pachuca\/index.php\/wp-json\/wp\/v2\/product_tag?post=72223"}],"curies":[{"name":"wp","href":"https:\/\/api.w.org\/{rel}","templated":true}]}}