{"id":72217,"date":"2026-03-19T12:35:17","date_gmt":"2026-03-19T12:35:17","guid":{"rendered":"https:\/\/soydeaqui.ddns.net\/pachuca\/index.php\/producto\/disco-duro-gold-de-1tb-clase-enterprise-5-anos-de-garantia\/"},"modified":"2026-03-19T12:35:28","modified_gmt":"2026-03-19T12:35:28","slug":"disco-duro-gold-de-1tb-clase-enterprise-5-anos-de-garantia","status":"publish","type":"product","link":"https:\/\/soydeaqui.ddns.net\/pachuca\/index.php\/producto\/disco-duro-gold-de-1tb-clase-enterprise-5-anos-de-garantia\/","title":{"rendered":"Disco Duro Gold de 1TB \/ Clase Enterprise \/ 5 A\u00d1OS DE GARANT\u00cdA"},"content":{"rendered":"<div style='width: 100%; max-width: 1200px; margin: 0 auto; font-family: sans-serif; line-height: 1.6; color: inherit; background-color: transparent;'> <!-- Secci\u00f3n de contenido con flex\/grid --> <\/p>\n<div style='display: flex; flex-wrap: wrap; gap: 30px; margin-bottom: 30px;'>\n<div style='flex: 1 1 300px; min-width: 280px;'>\n<h3 style='font-size: 22px; border-bottom: 2px solid currentColor; padding-bottom: 5px; margin-top: 0; color: inherit; opacity: 0.8;'>Especificaciones T\u00e9cnicas<\/h3>\n<ul style='padding-left: 20px; font-size: 15px; color: inherit;'>\n<li style='margin-bottom: 5px;'><strong>Capacidad:<\/strong> 1 TB<\/li>\n<li style='margin-bottom: 5px;'><strong>Factor de forma:<\/strong> 3.5 pulgadas<\/li>\n<li style='margin-bottom: 5px;'><strong>Velocidad de Transferencia de datos:<\/strong><\/li>\n<ul style='padding-left: 30px; margin: 5px 0;'>\n<li style='margin-bottom: 5px;'>B\u00fafer a host: 6Gb\/s<\/li>\n<li style='margin-bottom: 5px;'>Host a\/desde disco (sostenido): 110 MB\/s<\/li>\n<\/ul>\n<li style='margin-bottom: 5px;'><strong>Cache:<\/strong> 64 MB<\/li>\n<li style='margin-bottom: 5px;'><strong>Velocidad de rotaci\u00f3n:<\/strong> 7200RPM<\/li>\n<li style='margin-bottom: 5px;'><strong>Interfaz:<\/strong> SATA III&comma; 6.0 Gb\/s<\/li>\n<li style='margin-bottom: 5px;'><strong>Aplicaci\u00f3n:<\/strong> Optimizado para Aplicaciones de Centro de Datos (NAS y SAN)<\/li>\n<\/ul><\/div>\n<\/p><\/div>\n<p> <!-- Secci\u00f3n de caracter\u00edsticas f\u00edsicas y el\u00e9ctricas --> <\/p>\n<div style='display: flex; flex-wrap: wrap; gap: 30px; margin-bottom: 30px;'>\n<div style='flex: 1 1 300px; min-width: 280px;'>\n<h3 style='font-size: 22px; border-bottom: 2px solid currentColor; padding-bottom: 5px; margin-top: 0; color: inherit; opacity: 0.8;'>Caracter\u00edsticas F\u00edsicas y El\u00e9ctricas<\/h3>\n<ul style='padding-left: 20px; font-size: 15px; color: inherit;'>\n<li style='margin-bottom: 5px;'><strong>Temperatura de Operaci\u00f3n:<\/strong><\/li>\n<ul style='padding-left: 30px; margin: 5px 0;'>\n<li style='margin-bottom: 5px;'>En funcionamiento: 0 &#8211; 65 \u00baC<\/li>\n<li style='margin-bottom: 5px;'>Inactivo: -40 &#8211; 70 \u00baC<\/li>\n<\/ul>\n<li style='margin-bottom: 5px;'><strong>Consumo el\u00e9ctrico:<\/strong><\/li>\n<ul style='padding-left: 30px; margin: 5px 0;'>\n<li style='margin-bottom: 5px;'>Lectura \/ escritura: 3.3W<\/li>\n<li style='margin-bottom: 5px;'>Inactivo: 2.9W<\/li>\n<li style='margin-bottom: 5px;'>Espera y suspensi\u00f3n: 0.4W<\/li>\n<\/ul>\n<li style='margin-bottom: 5px;'><strong>Dimensiones:<\/strong> 25.4 x 147 x 101.6mm<\/li>\n<li style='margin-bottom: 5px;'><strong>Peso:<\/strong> 450g<\/li>\n<\/ul><\/div>\n<\/p><\/div>\n<p> <!-- Secci\u00f3n de garant\u00eda --> <\/p>\n<div style='display: flex; flex-wrap: wrap; gap: 30px; margin-bottom: 30px;'>\n<div style='flex: 1 1 300px; min-width: 280px;'>\n<h3 style='font-size: 22px; border-bottom: 2px solid currentColor; padding-bottom: 5px; margin-top: 0; color: inherit; opacity: 0.8;'>Garant\u00eda<\/h3>\n<ul style='padding-left: 20px; font-size: 15px; color: inherit;'>\n<li style='margin-bottom: 5px;'><strong>Garant\u00eda:<\/strong> 5 A\u00f1os<\/li>\n<li style='margin-bottom: 5px;'><strong>Distribuidor autorizado:<\/strong> SYSCOM<\/li>\n<li style='margin-bottom: 5px;'><strong>Observaci\u00f3n:<\/strong> \u00danico distribuidor autorizado para ofrecer garant\u00eda de discos duros sin complicaciones<\/li>\n<\/ul><\/div>\n<\/p><\/div>\n<p> <!-- Separador --> <\/p>\n<hr style='border: 0; border-top: 1px solid rgba(150&comma; 150&comma; 150&comma; 0.3); margin: 30px 0;'> <\/div>\n","protected":false},"excerpt":{"rendered":"<p>Disco Duro Gold de 1TB \/ Clase Enterprise \/ 5 A\u00d1OS DE GARANT\u00cdA<\/p>\n","protected":false},"featured_media":72216,"comment_status":"open","ping_status":"closed","template":"","meta":[],"product_brand":[],"product_cat":[2021],"product_tag":[1974,2022,2023],"class_list":{"0":"post-72217","1":"product","2":"type-product","3":"status-publish","4":"has-post-thumbnail","6":"product_cat-discos-duros-mecanicos-hdd","7":"product_tag-almacenamiento","8":"product_tag-discos-duros-mecanicos-hdd","9":"product_tag-western-digital-wd","11":"first","12":"outofstock","13":"sale","14":"shipping-taxable","15":"purchasable","16":"product-type-simple"},"_links":{"self":[{"href":"https:\/\/soydeaqui.ddns.net\/pachuca\/index.php\/wp-json\/wp\/v2\/product\/72217","targetHints":{"allow":["GET"]}}],"collection":[{"href":"https:\/\/soydeaqui.ddns.net\/pachuca\/index.php\/wp-json\/wp\/v2\/product"}],"about":[{"href":"https:\/\/soydeaqui.ddns.net\/pachuca\/index.php\/wp-json\/wp\/v2\/types\/product"}],"replies":[{"embeddable":true,"href":"https:\/\/soydeaqui.ddns.net\/pachuca\/index.php\/wp-json\/wp\/v2\/comments?post=72217"}],"wp:featuredmedia":[{"embeddable":true,"href":"https:\/\/soydeaqui.ddns.net\/pachuca\/index.php\/wp-json\/wp\/v2\/media\/72216"}],"wp:attachment":[{"href":"https:\/\/soydeaqui.ddns.net\/pachuca\/index.php\/wp-json\/wp\/v2\/media?parent=72217"}],"wp:term":[{"taxonomy":"product_brand","embeddable":true,"href":"https:\/\/soydeaqui.ddns.net\/pachuca\/index.php\/wp-json\/wp\/v2\/product_brand?post=72217"},{"taxonomy":"product_cat","embeddable":true,"href":"https:\/\/soydeaqui.ddns.net\/pachuca\/index.php\/wp-json\/wp\/v2\/product_cat?post=72217"},{"taxonomy":"product_tag","embeddable":true,"href":"https:\/\/soydeaqui.ddns.net\/pachuca\/index.php\/wp-json\/wp\/v2\/product_tag?post=72217"}],"curies":[{"name":"wp","href":"https:\/\/api.w.org\/{rel}","templated":true}]}}