{"id":72213,"date":"2026-03-19T12:35:08","date_gmt":"2026-03-19T12:35:08","guid":{"rendered":"https:\/\/soydeaqui.ddns.net\/pachuca\/index.php\/producto\/fuente-de-luz-estabilizada-para-fibra-ptica-multimodo-850-1300-nm\/"},"modified":"2026-03-19T12:35:14","modified_gmt":"2026-03-19T12:35:14","slug":"fuente-de-luz-estabilizada-para-fibra-ptica-multimodo-850-1300-nm","status":"publish","type":"product","link":"https:\/\/soydeaqui.ddns.net\/pachuca\/index.php\/producto\/fuente-de-luz-estabilizada-para-fibra-ptica-multimodo-850-1300-nm\/","title":{"rendered":"Fuente de Luz Estabilizada para Fibra ?ptica Multimodo 850\/1300 nm"},"content":{"rendered":"<div style='width: 100%; max-width: 1200px; margin: 0 auto; font-family: sans-serif; line-height: 1.6; color: inherit; background-color: transparent;'> <!-- Logo de la marca --> <\/p>\n<div style='text-align: center; margin: 20px 0;'> <img style='width: 100%; max-width: 270px; height: auto; border: 1px solid rgba(150&comma;150&comma;150&comma;0.3); border-radius: 8px;' src='https:\/\/ftp3.syscom.mx\/usuarios\/orobles\/GREENLEE\/TEMPO-COMMUNICATIONS-lg.jpg' alt='Logo TEMPO'> <\/div>\n<p> <!-- Descripci\u00f3n principal --> <\/p>\n<div style='margin: 30px 0; font-size: 15px;'>\n<p>Las fuentes de luz estabilizada para fibra \u00f3ptica de Tempo Communications (SLS520&comma; SLS525&comma; SLS530&comma; SLS535&comma; SLS536) est\u00e1n disponibles en l\u00e1seres de longitud de onda doble&comma; triple y LED de longitud de onda doble. Es posible realizar mediciones precisas de la p\u00e9rdida de inserci\u00f3n cuando se utiliza junto con los medidores de potencia \u00f3ptica Tempo Communications. Al colocar tonos en la fibra&comma; el medidor de potencia \u00f3ptica Tempo Communications identificar\u00e1 r\u00e1pidamente la fibra.<\/p>\n<p>La funda de goma act\u00faa como protector y cumple con IP54&comma; brindando confianza cuando se prueban redes de fibra \u00f3ptica.<\/p>\n<\/p><\/div>\n<p> <!-- Secci\u00f3n de caracter\u00edsticas --> <\/p>\n<div style='display: flex; flex-wrap: wrap; gap: 30px; margin: 30px 0;'>\n<div style='flex: 1 1 300px; min-width: 280px;'>\n<h3 style='font-size: 22px; border-bottom: 2px solid currentColor; padding-bottom: 5px; margin-top: 0; color: inherit; opacity: 0.8;'>Caracter\u00edsticas<\/h3>\n<ul style='padding-left: 20px; font-size: 15px; color: inherit;'>\n<li style='margin-bottom: 5px;'><strong style='color: inherit;'>Longitudes de onda:<\/strong> 850\/1300 nm<\/li>\n<li style='margin-bottom: 5px;'><strong style='color: inherit;'>Mediciones:<\/strong> Precisas de p\u00e9rdida de inserci\u00f3n<\/li>\n<li style='margin-bottom: 5px;'><strong style='color: inherit;'>Redes de fibra:<\/strong> Tono y sonda a 270 Hz&comma; 1 kHz y 2 kHz<\/li>\n<li style='margin-bottom: 5px;'><strong style='color: inherit;'>Entrada para conector:<\/strong> SC\/UPC (Adaptadores disponibles LC&comma; FC y ST por separado)<\/li>\n<li style='margin-bottom: 5px;'><strong style='color: inherit;'>Funda:<\/strong> Reforzada&comma; cumple con IP54<\/li>\n<li style='margin-bottom: 5px;'><strong style='color: inherit;'>Compatibilidad:<\/strong> Redes multimodo<\/li>\n<li style='margin-bottom: 5px;'><strong style='color: inherit;'>Operaci\u00f3n:<\/strong> Apagado autom\u00e1tico o encendido continuo<\/li>\n<li style='margin-bottom: 5px;'><strong style='color: inherit;'>Alimentaci\u00f3n:<\/strong> Bater\u00eda 9Vcc o adaptador 9 Vca<\/li>\n<li style='margin-bottom: 5px;'><strong style='color: inherit;'>Caracter\u00edsticas:<\/strong> Resistentes&comma; adaptables y estables<\/li>\n<\/ul><\/div>\n<\/p><\/div>\n<p> <!-- Separador --> <\/p>\n<hr style='border: 0; border-top: 1px solid rgba(150&comma; 150&comma; 150&comma; 0.3); margin: 30px 0;'> <!-- Videos de YouTube --> <\/p>\n<div style='margin: 30px 0;'>\n<div style='position: relative; padding-bottom: 56.25%; height: 0; overflow: hidden; margin-bottom: 30px;'>   <\/div>\n<div style='position: relative; padding-bottom: 56.25%; height: 0; overflow: hidden;'>   <\/div>\n<\/p><\/div>\n<\/p><\/div>\n","protected":false},"excerpt":{"rendered":"<p>Fuente de Luz Estabilizada para Fibra ?ptica Multimodo 850\/1300 nm<\/p>\n","protected":false},"featured_media":72212,"comment_status":"open","ping_status":"closed","template":"","meta":[],"product_brand":[],"product_cat":[636],"product_tag":[611,25,658],"class_list":{"0":"post-72213","1":"product","2":"type-product","3":"status-publish","4":"has-post-thumbnail","6":"product_cat-herramientas-fibra-optica","7":"product_tag-fibra-optica","8":"product_tag-herramientas","9":"product_tag-tempo","11":"first","12":"outofstock","13":"sale","14":"shipping-taxable","15":"purchasable","16":"product-type-simple"},"_links":{"self":[{"href":"https:\/\/soydeaqui.ddns.net\/pachuca\/index.php\/wp-json\/wp\/v2\/product\/72213","targetHints":{"allow":["GET"]}}],"collection":[{"href":"https:\/\/soydeaqui.ddns.net\/pachuca\/index.php\/wp-json\/wp\/v2\/product"}],"about":[{"href":"https:\/\/soydeaqui.ddns.net\/pachuca\/index.php\/wp-json\/wp\/v2\/types\/product"}],"replies":[{"embeddable":true,"href":"https:\/\/soydeaqui.ddns.net\/pachuca\/index.php\/wp-json\/wp\/v2\/comments?post=72213"}],"wp:featuredmedia":[{"embeddable":true,"href":"https:\/\/soydeaqui.ddns.net\/pachuca\/index.php\/wp-json\/wp\/v2\/media\/72212"}],"wp:attachment":[{"href":"https:\/\/soydeaqui.ddns.net\/pachuca\/index.php\/wp-json\/wp\/v2\/media?parent=72213"}],"wp:term":[{"taxonomy":"product_brand","embeddable":true,"href":"https:\/\/soydeaqui.ddns.net\/pachuca\/index.php\/wp-json\/wp\/v2\/product_brand?post=72213"},{"taxonomy":"product_cat","embeddable":true,"href":"https:\/\/soydeaqui.ddns.net\/pachuca\/index.php\/wp-json\/wp\/v2\/product_cat?post=72213"},{"taxonomy":"product_tag","embeddable":true,"href":"https:\/\/soydeaqui.ddns.net\/pachuca\/index.php\/wp-json\/wp\/v2\/product_tag?post=72213"}],"curies":[{"name":"wp","href":"https:\/\/api.w.org\/{rel}","templated":true}]}}