{"id":72203,"date":"2026-03-19T12:34:42","date_gmt":"2026-03-19T12:34:42","guid":{"rendered":"https:\/\/soydeaqui.ddns.net\/pachuca\/index.php\/producto\/antena-direccional-de-alto-desempeno-dimensiones-2-ft-ganancia-de-29-dbi-4-9-6-ghz-conectores-n-hembra-facil-instalacion-preensamblada-montaje-incluido\/"},"modified":"2026-03-19T12:34:56","modified_gmt":"2026-03-19T12:34:56","slug":"antena-direccional-de-alto-desempeno-dimensiones-2-ft-ganancia-de-29-dbi-4-9-6-ghz-conectores-n-hembra-facil-instalacion-preensamblada-montaje-incluido","status":"publish","type":"product","link":"https:\/\/soydeaqui.ddns.net\/pachuca\/index.php\/producto\/antena-direccional-de-alto-desempeno-dimensiones-2-ft-ganancia-de-29-dbi-4-9-6-ghz-conectores-n-hembra-facil-instalacion-preensamblada-montaje-incluido\/","title":{"rendered":"Antena Direccional de alto desempe\u00f1o, Dimensiones (2 ft), Ganancia de 29 dBi, 4.9-6 GHz, Conectores N-hembra, F\u00e1cil instalaci\u00f3n, Preensamblada, Montaje incluido"},"content":{"rendered":"<div style='width: 100%; max-width: 1200px; margin: 0 auto; font-family: sans-serif; line-height: 1.6; color: inherit; background-color: transparent;'> <!-- Secci\u00f3n de contenido con flex\/grid --> <\/p>\n<div style='display: flex; flex-wrap: wrap; gap: 30px; margin-bottom: 30px;'>\n<div style='flex: 1 1 300px; min-width: 280px;'>\n<h3 style='font-size: 22px; border-bottom: 2px solid currentColor; padding-bottom: 5px; margin-top: 0; color: inherit; opacity: 0.8;'>Especificaciones El\u00e9ctricas<\/h3>\n<ul style='padding-left: 20px; font-size: 15px; color: inherit;'>\n<li style='margin-bottom: 5px;'><strong>Medida:<\/strong> 0.6 m (2 ft)<\/li>\n<li style='margin-bottom: 5px;'><strong>Polarizaci\u00f3n:<\/strong> Doble<\/li>\n<li style='margin-bottom: 5px;'><strong>Conectores:<\/strong> N-Hembra (x2)<\/li>\n<li style='margin-bottom: 5px;'><strong>Frecuencia:<\/strong> 4.9 \u2013 6 GHz<\/li>\n<li style='margin-bottom: 5px;'><strong>Ancho de haz horizontal\/vertical:<\/strong> 6.2 \u00b0<\/li>\n<li style='margin-bottom: 5px;'>Discriminaci\u00f3n en polarizaci\u00f3n cruzada: 30 dB<\/li>\n<li style='margin-bottom: 5px;'><strong>Front to Back Ratio (F\/B):<\/strong> 38 dB<\/li>\n<li style='margin-bottom: 5px;'><strong>Ganancia en frecuencia baja:<\/strong> 28.5 dBi<\/li>\n<li style='margin-bottom: 5px;'><strong>Ganancia en frecuencia media:<\/strong> 29 dBi<\/li>\n<li style='margin-bottom: 5px;'><strong>Ganancia en frecuencia alta:<\/strong> 29.5 dBi<\/li>\n<li style='margin-bottom: 5px;'><strong>Perdida por retorno:<\/strong> -14 dB<\/li>\n<\/ul><\/div>\n<div style='flex: 1 1 300px; min-width: 280px;'>\n<h3 style='font-size: 22px; border-bottom: 2px solid currentColor; padding-bottom: 5px; margin-top: 0; color: inherit; opacity: 0.8;'>Especificaciones Mec\u00e1nicas<\/h3>\n<ul style='padding-left: 20px; font-size: 15px; color: inherit;'>\n<li style='margin-bottom: 5px;'><strong>Ajuste fino de azimut:<\/strong> \u00b1 10 \u00b0<\/li>\n<li style='margin-bottom: 5px;'><strong>Ajuste fino de elevaci\u00f3n:<\/strong> \u00b1 30 \u00b0<\/li>\n<li style='margin-bottom: 5px;'><strong>Peso neto:<\/strong> 9.9 kg (22 lbs) \/ 11.7 kg (26 lbs) con radomo<\/li>\n<li style='margin-bottom: 5px;'><strong>Velocidad de resistencia al viento operacional:<\/strong> 145 km\/h (90 mph)<\/li>\n<li style='margin-bottom: 5px;'><strong>Rango de temperatura de operaci\u00f3n:<\/strong> -40 a 60 \u00b0C<\/li>\n<li style='margin-bottom: 5px;'>Soporta radomo modelo RD2 (no incluido)<\/li>\n<\/ul><\/div>\n<\/p><\/div>\n<p> <!-- Secci\u00f3n de imagen --> <\/p>\n<div style='width: 100%; margin-bottom: 30px;'> <img style='width: 100%; height: auto; border: 1px solid rgba(150&comma;150&comma;150&comma;0.3); border-radius: 8px;' src='https:\/\/ftp3.syscom.mx\/usuarios\/fotos\/SPD25.2NS\/94575-garantia-7.jpg' alt=''> <\/div>\n<p> <!-- Separador --> <\/p>\n<hr style='border: 0; border-top: 1px solid rgba(150&comma; 150&comma; 150&comma; 0.3); margin: 30px 0;'> <!-- Secci\u00f3n de informaci\u00f3n de env\u00edo --> <\/p>\n<div style='margin-bottom: 30px;'>\n<h3 style='font-size: 22px; border-bottom: 2px solid currentColor; padding-bottom: 5px; margin-top: 0; color: inherit; opacity: 0.8;'>Informaci\u00f3n de Env\u00edo<\/h3>\n<ul style='padding-left: 20px; font-size: 15px; color: inherit;'>\n<li style='margin-bottom: 5px;'><strong>Dimensiones:<\/strong> 71 (largo) x 20 (ancho) x 71 (altura) cm \/ 28 (largo) x 8 (ancho) x 28 (altura) in<\/li>\n<li style='margin-bottom: 5px;'><strong>Empaque:<\/strong> Caja de cart\u00f3n<\/li>\n<\/ul><\/div>\n<p> <!-- Secci\u00f3n de video --> <\/p>\n<div style='width: 100%; margin-bottom: 30px;'>\n<div style='position: relative; padding-bottom: 56.25%; height: 0; overflow: hidden; margin-bottom: 30px;'>   <\/div>\n<\/p><\/div>\n<\/p><\/div>\n","protected":false},"excerpt":{"rendered":"<p>Antena Direccional de alto desempe\u00f1o, Dimensiones (2 ft), Ganancia de 29 dBi, 4.9-6 GHz, Conectores N-hembra, F\u00e1cil instalaci\u00f3n, Preensamblada, Montaje incluido<\/p>\n","protected":false},"featured_media":72202,"comment_status":"open","ping_status":"closed","template":"","meta":[],"product_brand":[],"product_cat":[1918],"product_tag":[1404,1919,938],"class_list":{"0":"post-72203","1":"product","2":"type-product","3":"status-publish","4":"has-post-thumbnail","6":"product_cat-direccionales","7":"product_tag-antenas","8":"product_tag-direccionales","9":"product_tag-radiowaves","11":"first","12":"outofstock","13":"sale","14":"shipping-taxable","15":"purchasable","16":"product-type-simple"},"_links":{"self":[{"href":"https:\/\/soydeaqui.ddns.net\/pachuca\/index.php\/wp-json\/wp\/v2\/product\/72203","targetHints":{"allow":["GET"]}}],"collection":[{"href":"https:\/\/soydeaqui.ddns.net\/pachuca\/index.php\/wp-json\/wp\/v2\/product"}],"about":[{"href":"https:\/\/soydeaqui.ddns.net\/pachuca\/index.php\/wp-json\/wp\/v2\/types\/product"}],"replies":[{"embeddable":true,"href":"https:\/\/soydeaqui.ddns.net\/pachuca\/index.php\/wp-json\/wp\/v2\/comments?post=72203"}],"wp:featuredmedia":[{"embeddable":true,"href":"https:\/\/soydeaqui.ddns.net\/pachuca\/index.php\/wp-json\/wp\/v2\/media\/72202"}],"wp:attachment":[{"href":"https:\/\/soydeaqui.ddns.net\/pachuca\/index.php\/wp-json\/wp\/v2\/media?parent=72203"}],"wp:term":[{"taxonomy":"product_brand","embeddable":true,"href":"https:\/\/soydeaqui.ddns.net\/pachuca\/index.php\/wp-json\/wp\/v2\/product_brand?post=72203"},{"taxonomy":"product_cat","embeddable":true,"href":"https:\/\/soydeaqui.ddns.net\/pachuca\/index.php\/wp-json\/wp\/v2\/product_cat?post=72203"},{"taxonomy":"product_tag","embeddable":true,"href":"https:\/\/soydeaqui.ddns.net\/pachuca\/index.php\/wp-json\/wp\/v2\/product_tag?post=72203"}],"curies":[{"name":"wp","href":"https:\/\/api.w.org\/{rel}","templated":true}]}}