{"id":72181,"date":"2026-03-19T12:33:52","date_gmt":"2026-03-19T12:33:52","guid":{"rendered":"https:\/\/soydeaqui.ddns.net\/pachuca\/index.php\/producto\/kit-de-videoportero-ip-wifi-con-llamada-a-app-de-smartphone-hikconnect-programacion-por-interfaz-web-frente-de-calle-ik08-ip65-soporta-poe\/"},"modified":"2026-03-19T12:34:00","modified_gmt":"2026-03-19T12:34:00","slug":"kit-de-videoportero-ip-wifi-con-llamada-a-app-de-smartphone-hikconnect-programacion-por-interfaz-web-frente-de-calle-ik08-ip65-soporta-poe","status":"publish","type":"product","link":"https:\/\/soydeaqui.ddns.net\/pachuca\/index.php\/producto\/kit-de-videoportero-ip-wifi-con-llamada-a-app-de-smartphone-hikconnect-programacion-por-interfaz-web-frente-de-calle-ik08-ip65-soporta-poe\/","title":{"rendered":"Kit de Videoportero IP WiFi con llamada a App de Smartphone (HikConnect) \/ Programaci\u00f3n por Interfaz Web \/ Frente de calle IK08 &#038; IP65 \/ Soporta PoE"},"content":{"rendered":"<div style='width: 100%; max-width: 1200px; margin: 0 auto; font-family: sans-serif; line-height: 1.6; color: inherit; background-color: transparent;'> <!-- Banner principal --> <\/p>\n<div style='width: 100%; margin: 0 auto;'> <a href='http:\/\/soporte.syscom.mx\/control-de-acceso#hikvision' target='_blank' rel='noopener'> <img style='width: 100%; height: auto; border: 1px solid rgba(150&comma;150&comma;150&comma;0.3); border-radius: 8px;' src='https:\/\/ftp3.syscom.mx\/usuarios\/ftp\/web_img\/web_banners\/videoporteros.jpg' alt='Banner Hikvision Videoporteros'> <\/a> <\/div>\n<p> <!-- Informaci\u00f3n del producto --> <\/p>\n<div style='width: 100%; margin-top: 30px;'>\n<h1 style='text-align: center; font-size: 28px; color: inherit; margin-bottom: 15px;'>DS-KIS604-P<\/h1>\n<h3 style='text-align: center; font-size: 20px; color: inherit; margin-bottom: 20px;'>El KIT incluye:<\/h3>\n<div style='display: flex; flex-direction: column; align-items: center; gap: 8px; margin-bottom: 30px;'>\n<p style='margin: 0; font-size: 16px;'>1 x DS-KV8113-WME1<\/p>\n<p style='margin: 0; font-size: 16px;'>1 x DS-KH6320-WTE1<\/p>\n<p style='margin: 0; font-size: 16px;'>2 x Fuente de alimentaci\u00f3n<\/p>\n<p style='margin: 0; font-size: 16px;'>1 x Micro SD 16 GB (Para monitor)<\/p>\n<\/p><\/div>\n<\/p><\/div>\n<p> <!-- Enlace de descarga de software --> <\/p>\n<div style='width: 100%; margin: 30px 0; padding: 15px; border-left: 4px solid #ff0000; background-color: rgba(255&comma; 0&comma; 0&comma; 0.05);'>\n<p style='text-align: center; font-size: 15px; margin: 0;'> <strong>Utilizar \u00fanica y exclusivamente la versi\u00f3n de software <\/strong> <a href='https:\/\/ftp3.syscom.mx\/usuarios\/jsosa\/HIKVISION\/programas\/ivms\/3.4.0.10\/iVMS-4200V3.4.0.10_Ewindows.exe' target='_blank' rel='noopener' style='color: inherit; text-decoration: none; font-weight: 600;'> IVMS v3.0.4.10 (Descarga aqu\u00ed) <\/a> <\/p>\n<\/p><\/div>\n<p> <!-- Secci\u00f3n de caracter\u00edsticas en tres columnas --> <\/p>\n<div style='display: flex; flex-wrap: wrap; gap: 30px; margin-bottom: 40px;'> <!-- Caracter\u00edsticas del Frente de Calle --> <\/p>\n<div style='flex: 1 1 300px; min-width: 280px;'>\n<div style='border: 1px solid rgba(150&comma; 150&comma; 150&comma; 0.3); border-radius: 8px; overflow: hidden;'>\n<div style='padding: 15px; border-bottom: 1px solid rgba(150&comma; 150&comma; 150&comma; 0.2); font-weight: bold; font-size: 18px; color: inherit; background-color: rgba(255&comma; 0&comma; 0&comma; 0.05);'>Caracter\u00edsticas del Frente de Calle<\/div>\n<div style='padding: 15px; color: inherit;'>\n<ul style='padding-left: 20px; margin: 0; font-size: 14px; list-style-type: disc;'>\n<li style='margin-bottom: 5px;'><strong>Modelo:<\/strong> <a href='https:\/\/www.syscom.mx\/producto\/DS-KV8113-WME1-HIKVISION-184572.html' target='_blank' rel='noopener' style='color: inherit; text-decoration: none; font-weight: 600;'>DS-KV8113-WME1<\/a><\/li>\n<li style='margin-bottom: 5px;'>C\u00e1mara de 1080p con IR 3m&comma; H.264&comma; \u00c1ngulo 129\u00b0<\/li>\n<li style='margin-bottom: 5px;'>Funci\u00f3n de control de acceso<\/li>\n<li style='margin-bottom: 5px;'>Micr\u00f3fono y Altavoz integrados<\/li>\n<li style='margin-bottom: 5px;'>Audio de dos v\u00edas<\/li>\n<li style='margin-bottom: 5px;'>WDR<\/li>\n<li style='margin-bottom: 5px;'>Protocolo: TCP\/IP 10\/100mbps&comma; RTSP&comma; Self-Adaptive Ethernet<\/li>\n<li style='margin-bottom: 5px;'>Conexi\u00f3n WiFi 2.4 GHz<\/li>\n<li style='margin-bottom: 5px;'>Entrada de alarma: 4 in<\/li>\n<li style='margin-bottom: 5px;'>RS485 x 1<\/li>\n<li style='margin-bottom: 5px;'><strong>Soporta hasta 128 Tarjetas Mifare (13.56MHz)<\/strong><\/li>\n<li style='margin-bottom: 5px;'>Salida Relay x 2 (abre 2 puertas)<\/li>\n<li style='margin-bottom: 5px;'>Protecci\u00f3n: IK08<\/li>\n<li style='margin-bottom: 5px;'>Voltaje de operaci\u00f3n: 12 Vcc&comma; PoE Est\u00e1ndar IEEE802.3af<\/li>\n<li style='margin-bottom: 5px;'>Consumo: 10W<\/li>\n<li style='margin-bottom: 5px;'><strong>Nivel de protecci\u00f3n: IP65 &#038; IK08<\/strong><\/li>\n<li style='margin-bottom: 5px;'>Temperatura de operaci\u00f3n: -40 \u00b0C a +53 \u00b0C (-40 \u00b0F a 127.4 \u00b0F)<\/li>\n<li style='margin-bottom: 5px;'><strong>2 A\u00f1os de garant\u00eda<\/strong><\/li>\n<li><strong>Funci\u00f3n de Memoria SD no disponible por el momento<\/strong><\/li>\n<\/ul><\/div>\n<\/p><\/div>\n<\/p><\/div>\n<p> <!-- Caracter\u00edsticas del Monitor --> <\/p>\n<div style='flex: 1 1 300px; min-width: 280px;'>\n<div style='border: 1px solid rgba(150&comma; 150&comma; 150&comma; 0.3); border-radius: 8px; overflow: hidden;'>\n<div style='padding: 15px; border-bottom: 1px solid rgba(150&comma; 150&comma; 150&comma; 0.2); font-weight: bold; font-size: 18px; color: inherit; background-color: rgba(255&comma; 0&comma; 0&comma; 0.05);'>Caracter\u00edsticas del Monitor<\/div>\n<div style='padding: 15px; color: inherit;'>\n<ul style='padding-left: 20px; margin: 0; font-size: 14px; list-style-type: disc;'>\n<li style='margin-bottom: 5px;'><strong>Modelo:<\/strong> <a href='https:\/\/www.syscom.mx\/principal\/searchcont?route=DS-KH6320-WTE1-HIKVISION-170761&#038;autodetect=dskh6320wte1' target='_blank' rel='noopener' style='color: inherit; text-decoration: none; font-weight: 600;'>DS-KH6320-WTE1<\/a><\/li>\n<li style='margin-bottom: 5px;'>Pantalla Touch a color de 7&#8242;<\/li>\n<li style='margin-bottom: 5px;'>Resoluci\u00f3n: 1024 x 600<\/li>\n<li style='margin-bottom: 5px;'>Apertura desde monitor<\/li>\n<li style='margin-bottom: 5px;'>Vista en vivo de frente de calle<\/li>\n<li style='margin-bottom: 5px;'>Micr\u00f3fono y altavoz integrados<\/li>\n<li style='margin-bottom: 5px;'>Soporta hasta 16 canales de video<\/li>\n<li style='margin-bottom: 5px;'>Entrada de Alarma: 8 inputs<\/li>\n<li style='margin-bottom: 5px;'>Micro SD m\u00e1x. 32G para almacenar capturas de imagen<\/li>\n<li style='margin-bottom: 5px;'>Red WiFi&comma; Ethernet 10\/100 Mbps. TCP\/IP&comma; SIP&comma; RTSP<\/li>\n<li style='margin-bottom: 5px;'>Voltaje de operaci\u00f3n: 12Vcc&comma; 1 A PoE Est\u00e1ndar IEEE802.3af<\/li>\n<li style='margin-bottom: 5px;'>Consumo el\u00e9ctrico: 6W<\/li>\n<li style='margin-bottom: 5px;'>Material: Pl\u00e1stico<\/li>\n<li style='margin-bottom: 5px;'>Temperatura de operaci\u00f3n: -10\u00ba ~ 55\u00ba C (14\u00ba ~ 131\u00ba F)<\/li>\n<li style='margin-bottom: 5px;'>Dimensiones 200 mm \u00d7 140 mm \u00d7 15.1 mm (7.9&#8242; \u00d7 5.5&#8242; \u00d7 0.6&#8242;)<\/li>\n<li style='margin-bottom: 5px;'>Soporta memoria SD (incluida en este kit DSKIS604P)<\/li>\n<li><strong>Garant\u00eda: 2 a\u00f1os<\/strong><\/li>\n<\/ul><\/div>\n<\/p><\/div>\n<\/p><\/div>\n<p> <!-- Caracter\u00edsticas Destacadas --> <\/p>\n<div style='flex: 1 1 300px; min-width: 280px;'>\n<div style='border: 1px solid rgba(150&comma; 150&comma; 150&comma; 0.3); border-radius: 8px; overflow: hidden;'>\n<div style='padding: 15px; border-bottom: 1px solid rgba(150&comma; 150&comma; 150&comma; 0.2); font-weight: bold; font-size: 18px; color: inherit; background-color: rgba(255&comma; 0&comma; 0&comma; 0.05);'>Caracter\u00edsticas Destacadas<\/div>\n<div style='padding: 15px; color: inherit;'>\n<p style='margin-top: 0; margin-bottom: 15px;'>Kit de Videoportero IP de \u00daltima Generaci\u00f3n<\/p>\n<ul style='padding-left: 20px; margin: 0; font-size: 14px; list-style-type: disc;'>\n<li style='margin-bottom: 5px;'>Garant\u00eda: 2 a\u00f1os<\/li>\n<li style='margin-bottom: 5px;'>Programaci\u00f3n por interfaz Web<\/li>\n<li style='margin-bottom: 5px;'>Antivand\u00e1lico IK08 &#038; IP65<\/li>\n<li style='margin-bottom: 5px;'>Conexi\u00f3n WiFi o Cable (tanto el monitor como el frente)<\/li>\n<li style='margin-bottom: 5px;'><strong>No requiere instalar software para la puesta en marcha<\/strong><\/li>\n<li><strong>Lector de tarjetas MIFARE<\/strong><\/li>\n<\/ul><\/div>\n<\/p><\/div>\n<\/p><\/div>\n<\/p><\/div>\n<p> <!-- Im\u00e1genes adicionales --> <\/p>\n<div style='display: grid; grid-template-columns: repeat(auto-fit&comma; minmax(280px&comma; 1fr)); gap: 20px; margin-bottom: 30px;'>\n<div style='display: flex; justify-content: center;'> <img style='width: 100%; height: auto; border: 1px solid rgba(150&comma;150&comma;150&comma;0.3); border-radius: 8px;' src='https:\/\/ftp3.syscom.mx\/usuarios\/fespinoza\/HIKVISION\/Dispositivos\/Videoporteros\/videoportero.gif' alt='Videoportero en funcionamiento'> <\/div>\n<div style='display: flex; justify-content: center;'> <img style='width: 100%; height: auto; border: 1px solid rgba(150&comma;150&comma;150&comma;0.3); border-radius: 8px;' src='https:\/\/ftp3.syscom.mx\/usuarios\/fespinoza\/HIKVISION\/Dispositivos\/Videoporteros\/videportero2.gif' alt='Videoportero en funcionamiento 2'> <\/div>\n<\/p><\/div>\n<p> <!-- Video de YouTube --> <\/p>\n<div style='position: relative; padding-bottom: 56.25%; height: 0; overflow: hidden; margin-bottom: 30px;'>   <\/div>\n<p> <!-- Manual de configuraci\u00f3n --> <\/p>\n<div style='width: 100%; margin: 30px 0;'> <a href='http:\/\/soporte.syscom.mx\/es\/articles\/4296720-hikvision-videoportero-configuraciones-tercera-generacion-con-interfaz-web' target='_blank' rel='noopener'> <img style='display: block; margin: 0 auto; width: auto; max-width: 100%; height: auto; border: 1px solid rgba(150&comma;150&comma;150&comma;0.3); border-radius: 8px;' src='https:\/\/ftp3.syscom.mx\/usuarios\/fespinoza\/HIKVISION\/Dispositivos\/Videoporteros\/HIKVISION-VIDEOPORTEROS.png' alt='Manual de configuraci\u00f3n'> <\/a> <\/div>\n<\/p><\/div>\n","protected":false},"excerpt":{"rendered":"<p>Kit de Videoportero IP WiFi con llamada a App de Smartphone (HikConnect) \/ Programaci\u00f3n por Interfaz Web \/ Frente de calle IK08 &#038; IP65 \/ Soporta PoE<\/p>\n","protected":false},"featured_media":72180,"comment_status":"open","ping_status":"closed","template":"","meta":[],"product_brand":[],"product_cat":[856],"product_tag":[54,557,857],"class_list":{"0":"post-72181","1":"product","2":"type-product","3":"status-publish","4":"has-post-thumbnail","6":"product_cat-videoporteros-ip","7":"product_tag-hikvision","8":"product_tag-videoporteros-e-interfonos","9":"product_tag-videoporteros-ip","11":"first","12":"outofstock","13":"sale","14":"shipping-taxable","15":"purchasable","16":"product-type-simple"},"_links":{"self":[{"href":"https:\/\/soydeaqui.ddns.net\/pachuca\/index.php\/wp-json\/wp\/v2\/product\/72181","targetHints":{"allow":["GET"]}}],"collection":[{"href":"https:\/\/soydeaqui.ddns.net\/pachuca\/index.php\/wp-json\/wp\/v2\/product"}],"about":[{"href":"https:\/\/soydeaqui.ddns.net\/pachuca\/index.php\/wp-json\/wp\/v2\/types\/product"}],"replies":[{"embeddable":true,"href":"https:\/\/soydeaqui.ddns.net\/pachuca\/index.php\/wp-json\/wp\/v2\/comments?post=72181"}],"wp:featuredmedia":[{"embeddable":true,"href":"https:\/\/soydeaqui.ddns.net\/pachuca\/index.php\/wp-json\/wp\/v2\/media\/72180"}],"wp:attachment":[{"href":"https:\/\/soydeaqui.ddns.net\/pachuca\/index.php\/wp-json\/wp\/v2\/media?parent=72181"}],"wp:term":[{"taxonomy":"product_brand","embeddable":true,"href":"https:\/\/soydeaqui.ddns.net\/pachuca\/index.php\/wp-json\/wp\/v2\/product_brand?post=72181"},{"taxonomy":"product_cat","embeddable":true,"href":"https:\/\/soydeaqui.ddns.net\/pachuca\/index.php\/wp-json\/wp\/v2\/product_cat?post=72181"},{"taxonomy":"product_tag","embeddable":true,"href":"https:\/\/soydeaqui.ddns.net\/pachuca\/index.php\/wp-json\/wp\/v2\/product_tag?post=72181"}],"curies":[{"name":"wp","href":"https:\/\/api.w.org\/{rel}","templated":true}]}}