{"id":72177,"date":"2026-03-19T12:33:41","date_gmt":"2026-03-19T12:33:41","guid":{"rendered":"https:\/\/soydeaqui.ddns.net\/pachuca\/index.php\/producto\/medidor-de-alta-potencia-para-fibra-ptica\/"},"modified":"2026-03-19T12:33:43","modified_gmt":"2026-03-19T12:33:43","slug":"medidor-de-alta-potencia-para-fibra-ptica","status":"publish","type":"product","link":"https:\/\/soydeaqui.ddns.net\/pachuca\/index.php\/producto\/medidor-de-alta-potencia-para-fibra-ptica\/","title":{"rendered":"Medidor de Alta Potencia para Fibra ?ptica"},"content":{"rendered":"<div style='width: 100%; max-width: 1200px; margin: 0 auto; font-family: sans-serif; line-height: 1.6; color: inherit; background-color: transparent;'> <!-- Imagen del producto --> <\/p>\n<div style='margin: 0 0 30px 0; text-align: center;'> <img style='width: 100%; max-width: 270px; height: auto; border: 1px solid rgba(150&comma;150&comma;150&comma;0.3); border-radius: 8px;' src='https:\/\/ftp3.syscom.mx\/usuarios\/orobles\/GREENLEE\/TEMPO-COMMUNICATIONS-lg.jpg' alt=''> <\/div>\n<p> <!-- Descripci\u00f3n general --> <\/p>\n<div style='margin-bottom: 30px;'>\n<p style='font-size: 15px; color: inherit; text-align: justify; margin-bottom: 15px;'> Los medidores de potencia \u00f3ptica de Tempo Communications (OPM510\/520) est\u00e1n disponibles en versiones est\u00e1ndar y de alta potencia para los mercados de telecomunicaciones y MSO. <\/p>\n<p style='font-size: 15px; color: inherit; text-align: justify; margin-bottom: 15px;'> Las mediciones de potencia absoluta y referenciada garantizan mediciones r\u00e1pidas y precisas del presupuesto de p\u00e9rdida y de la p\u00e9rdida de inserci\u00f3n. <\/p>\n<p style='font-size: 15px; color: inherit; text-align: justify; margin-bottom: 15px;'> Al colocar tonos en la fibra utilizando una fuente de Tempo Communications&comma; el medidor de potencia \u00f3ptica identificar\u00e1 definitivamente los cables de fibra \u00f3ptica. <\/p>\n<\/p><\/div>\n<p> <!-- Caracter\u00edsticas principales --> <\/p>\n<div style='margin-bottom: 30px;'>\n<h3 style='font-size: 22px; border-bottom: 2px solid currentColor; padding-bottom: 5px; margin-top: 0; margin-bottom: 15px; color: inherit; opacity: 0.8;'>Caracter\u00edsticas<\/h3>\n<ul style='padding-left: 20px; font-size: 15px; color: inherit; list-style: disc;'>\n<li style='margin-bottom: 8px;'>Medidores de potencia \u00f3ptica est\u00e1ndar y de alta potencia<\/li>\n<li style='margin-bottom: 8px;'>Medir la potencia \u00f3ptica<\/li>\n<li style='margin-bottom: 8px;'>Mediciones precisas de p\u00e9rdida de inserci\u00f3n<\/li>\n<li style='margin-bottom: 8px;'>Redes de Fibra de Tono y Sonda a 270Hz&comma; 1kHz y 2kHz<\/li>\n<li style='margin-bottom: 8px;'>Mediciones de potencia \u00f3ptica absoluta o referenciada<\/li>\n<li style='margin-bottom: 8px;'>Detector InGaAs para M\u00e1xima Sensibilidad<\/li>\n<li style='margin-bottom: 8px;'>Longitudes de onda calibradas 850nm&comma; 1300nm&comma; 1310nm&comma; 1490nm&comma; 1550nm y 1625nm<\/li>\n<li style='margin-bottom: 8px;'>Adaptadores intercambiables SC&comma; LC&comma; FC y ST<\/li>\n<li style='margin-bottom: 8px;'>Paquete reforzado&comma; compatible con IP54<\/li>\n<li style='margin-bottom: 8px;'>Compatible con Redes Monomodo y Multimodo<\/li>\n<li style='margin-bottom: 8px;'>Operaci\u00f3n de apagado autom\u00e1tico o encendido continuo<\/li>\n<li style='margin-bottom: 8px;'>Funcionamiento con bater\u00eda o 120\/240 VCA<\/li>\n<\/ul><\/div>\n<p> <!-- Especificaciones t\u00e9cnicas --> <\/p>\n<div style='margin-bottom: 30px;'>\n<h3 style='font-size: 22px; border-bottom: 2px solid currentColor; padding-bottom: 5px; margin-top: 0; margin-bottom: 15px; color: inherit; opacity: 0.8;'>Especificaciones t\u00e9cnicas<\/h3>\n<div style='display: flex; flex-wrap: wrap; gap: 20px;'>\n<div style='flex: 1 1 250px; border: 1px solid rgba(150&comma; 150&comma; 150&comma; 0.4); border-radius: 8px; overflow: hidden; display: flex; flex-direction: column;'>\n<div style='padding: 15px; border-bottom: 1px solid rgba(150&comma; 150&comma; 150&comma; 0.2); font-weight: bold; font-size: 18px; color: inherit;'>Especificaciones generales<\/div>\n<div style='padding: 15px; color: inherit;'>\n<ul style='padding-left: 20px; margin: 0; font-size: 14px; list-style-type: disc;'>\n<li style='margin-bottom: 5px;'><strong>Longitudes de onda:<\/strong> 850&comma; 1300&comma; 1310&comma; 1490&comma; 1550&comma; 1625 nm<\/li>\n<li style='margin-bottom: 5px;'><strong>Tipo de detector:<\/strong> InGaAs<\/li>\n<li style='margin-bottom: 5px;'><strong>Resoluci\u00f3n:<\/strong> 0.01dB<\/li>\n<li style='margin-bottom: 5px;'><strong>Funciones:<\/strong> \u00b5W\/dBm\/dB(REF)\/DETECCI\u00d3N DE TONO MOD 270Hz&comma; 1kHz&comma; 2kHz<\/li>\n<li style='margin-bottom: 5px;'><strong>Tipo de conector:<\/strong> SC\/PC (LC&comma; ST&comma; SC intercambiables)<\/li>\n<li style='margin-bottom: 5px;'><strong>Tipo de fibra:<\/strong> Monomodo y Multimodo<\/li>\n<\/ul><\/div>\n<\/p><\/div>\n<div style='flex: 1 1 250px; border: 1px solid rgba(150&comma; 150&comma; 150&comma; 0.4); border-radius: 8px; overflow: hidden; display: flex; flex-direction: column;'>\n<div style='padding: 15px; border-bottom: 1px solid rgba(150&comma; 150&comma; 150&comma; 0.2); font-weight: bold; font-size: 18px; color: inherit;'>Rango y precisi\u00f3n<\/div>\n<div style='padding: 15px; color: inherit;'>\n<ul style='padding-left: 20px; margin: 0; font-size: 14px; list-style-type: disc;'>\n<li style='margin-bottom: 5px;'><strong>Rango de medici\u00f3n:<\/strong> OPM510: -65 ~ +10 dBm; OPM520: -50 ~ +27 dBm<\/li>\n<li style='margin-bottom: 5px;'><strong>Exactitud:<\/strong> OPM510: \u00b10.25dB (\u00b10.5dB@850nm); OPM520: \u00b10.25dB (\u00b10.5dB@850nm)<\/li>\n<li style='margin-bottom: 5px;'><strong>Linealidad:<\/strong> OPM510: +\/-0&comma;5 dB (+10 a -3 dBm) +\/-0&comma;1 dB (-3 a -50 dBm) +\/-0&comma;5 dB (-50 a -65 dBm); OPM520: +\/-0.5dB +27 a -3dBm +\/-0.1dB -3 a -50dBm<\/li>\n<\/ul><\/div>\n<\/p><\/div>\n<div style='flex: 1 1 250px; border: 1px solid rgba(150&comma; 150&comma; 150&comma; 0.4); border-radius: 8px; overflow: hidden; display: flex; flex-direction: column;'>\n<div style='padding: 15px; border-bottom: 1px solid rgba(150&comma; 150&comma; 150&comma; 0.2); font-weight: bold; font-size: 18px; color: inherit;'>Caracter\u00edsticas f\u00edsicas<\/div>\n<div style='padding: 15px; color: inherit;'>\n<ul style='padding-left: 20px; margin: 0; font-size: 14px; list-style-type: disc;'>\n<li style='margin-bottom: 5px;'><strong>Duraci\u00f3n de la bater\u00eda:<\/strong> > 100 Horas<\/li>\n<li style='margin-bottom: 5px;'><strong>Fuente de alimentaci\u00f3n:<\/strong> Bater\u00eda alcalina de 9 V o bater\u00eda de litio de 1000 mAh\/adaptador de CA de 9 V<\/li>\n<li style='margin-bottom: 5px;'><strong>Temperatura de funcionamiento:<\/strong> -10\u00baC ~ 50\u00baC<\/li>\n<li style='margin-bottom: 5px;'><strong>Temperatura de almacenamiento:<\/strong> -20\u00baC ~70\u00baC<\/li>\n<li style='margin-bottom: 5px;'><strong>Humedad relativa:<\/strong> 0 A 95% (SIN CONDENSACI\u00d3N)<\/li>\n<li style='margin-bottom: 5px;'><strong>Peso:<\/strong> 0&comma;68 libras (300 g)<\/li>\n<li style='margin-bottom: 5px;'><strong>Dimensiones:<\/strong> 6&comma;1 \u00d7 3&comma;5 \u00d7 1&comma;3&#8242; (155 \u00d7 88 \u00d7 33 mm)<\/li>\n<li style='margin-bottom: 5px;'><strong>Clasificaci\u00f3n del IP:<\/strong> IP54<\/li>\n<li style='margin-bottom: 5px;'><strong>Vibraci\u00f3n:<\/strong> 5 Hz a 150 Hz&comma; Amplitud+0&comma;15 mm<\/li>\n<li style='margin-bottom: 5px;'><strong>Choque:<\/strong> Aceleraci\u00f3n m\u00e1xima de 25 g con una duraci\u00f3n de pulso de 6 ms<\/li>\n<li style='margin-bottom: 5px;'><strong>Cumplimiento:<\/strong> CE&comma; FCC<\/li>\n<\/ul><\/div>\n<\/p><\/div>\n<\/p><\/div>\n<\/p><\/div>\n<p> <!-- Video --> <\/p>\n<div style='margin-bottom: 30px;'>\n<div style='position: relative; padding-bottom: 56.25%; height: 0; overflow: hidden;'>   <\/div>\n<\/p><\/div>\n<p> <!-- Separador final --> <\/p>\n<hr style='border: 0; border-top: 1px solid rgba(150&comma; 150&comma; 150&comma; 0.3); margin: 30px 0;'> <\/div>\n","protected":false},"excerpt":{"rendered":"<p>Medidor de Alta Potencia para Fibra ?ptica<\/p>\n","protected":false},"featured_media":72176,"comment_status":"open","ping_status":"closed","template":"","meta":[],"product_brand":[],"product_cat":[636],"product_tag":[611,25,658],"class_list":{"0":"post-72177","1":"product","2":"type-product","3":"status-publish","4":"has-post-thumbnail","6":"product_cat-herramientas-fibra-optica","7":"product_tag-fibra-optica","8":"product_tag-herramientas","9":"product_tag-tempo","11":"first","12":"outofstock","13":"sale","14":"shipping-taxable","15":"purchasable","16":"product-type-simple"},"_links":{"self":[{"href":"https:\/\/soydeaqui.ddns.net\/pachuca\/index.php\/wp-json\/wp\/v2\/product\/72177","targetHints":{"allow":["GET"]}}],"collection":[{"href":"https:\/\/soydeaqui.ddns.net\/pachuca\/index.php\/wp-json\/wp\/v2\/product"}],"about":[{"href":"https:\/\/soydeaqui.ddns.net\/pachuca\/index.php\/wp-json\/wp\/v2\/types\/product"}],"replies":[{"embeddable":true,"href":"https:\/\/soydeaqui.ddns.net\/pachuca\/index.php\/wp-json\/wp\/v2\/comments?post=72177"}],"wp:featuredmedia":[{"embeddable":true,"href":"https:\/\/soydeaqui.ddns.net\/pachuca\/index.php\/wp-json\/wp\/v2\/media\/72176"}],"wp:attachment":[{"href":"https:\/\/soydeaqui.ddns.net\/pachuca\/index.php\/wp-json\/wp\/v2\/media?parent=72177"}],"wp:term":[{"taxonomy":"product_brand","embeddable":true,"href":"https:\/\/soydeaqui.ddns.net\/pachuca\/index.php\/wp-json\/wp\/v2\/product_brand?post=72177"},{"taxonomy":"product_cat","embeddable":true,"href":"https:\/\/soydeaqui.ddns.net\/pachuca\/index.php\/wp-json\/wp\/v2\/product_cat?post=72177"},{"taxonomy":"product_tag","embeddable":true,"href":"https:\/\/soydeaqui.ddns.net\/pachuca\/index.php\/wp-json\/wp\/v2\/product_tag?post=72177"}],"curies":[{"name":"wp","href":"https:\/\/api.w.org\/{rel}","templated":true}]}}