{"id":72171,"date":"2026-03-19T12:33:26","date_gmt":"2026-03-19T12:33:26","guid":{"rendered":"https:\/\/soydeaqui.ddns.net\/pachuca\/index.php\/producto\/ventilador-110-vca-de-12-x-12-cm-con-cable-y-clavija\/"},"modified":"2026-03-19T12:33:37","modified_gmt":"2026-03-19T12:33:37","slug":"ventilador-110-vca-de-12-x-12-cm-con-cable-y-clavija","status":"publish","type":"product","link":"https:\/\/soydeaqui.ddns.net\/pachuca\/index.php\/producto\/ventilador-110-vca-de-12-x-12-cm-con-cable-y-clavija\/","title":{"rendered":"Ventilador 110 Vca de 12 x 12 cm con Cable y Clavija"},"content":{"rendered":"<div style='width: 100%; max-width: 1200px; margin: 0 auto; font-family: sans-serif; line-height: 1.6; color: inherit; background-color: transparent;'>\n<div style='display: flex; flex-wrap: wrap; gap: 30px; margin-bottom: 30px;'>\n<div style='flex: 1 1 300px; min-width: 280px;'>\n<h3 style='font-size: 22px; border-bottom: 2px solid currentColor; padding-bottom: 5px; margin-top: 0; color: inherit; opacity: 0.8;'>Caracter\u00edsticas Principales<\/h3>\n<ul style='padding-left: 20px; font-size: 15px; color: inherit;'>\n<li style='margin-bottom: 5px;'>Incluye bracket y torniller\u00eda para f\u00e1cil instalaci\u00f3n<\/li>\n<li style='margin-bottom: 5px;'>Ventilador de 12 x 12 cm<\/li>\n<li style='margin-bottom: 5px;'>Compatible con cualquier gabinete con preparaci\u00f3n de ventilador 12 x 12 cm<\/li>\n<li style='margin-bottom: 5px;'>Incluye cable de conexi\u00f3n de 1.6 m y clavija tipo NEMA 5-15 P<\/li>\n<li style='margin-bottom: 5px;'>Voltaje nominal de operaci\u00f3n: 110 Vca 50-60 Hz<\/li>\n<li style='margin-bottom: 5px;'>Corriente promedio: 0.25 A \u00b1 0.01A<\/li>\n<li style='margin-bottom: 5px;'>Consumo promedio: 20 W \u00b1 0.1W<\/li>\n<li style='margin-bottom: 5px;'>Incluye torniller\u00eda para fijaci\u00f3n<\/li>\n<li style='margin-bottom: 5px;'>Vida \u00fatil: 20.000 horas (considerando temperatura de 25\u00b0C a 50\u00b0C)<\/li>\n<li style='margin-bottom: 5px;'>Flujo de aire: 38 CFM (pies c\u00fabicos por minuto)<\/li>\n<\/ul><\/div>\n<\/p><\/div>\n<hr style='border: 0; border-top: 1px solid rgba(150&comma; 150&comma; 150&comma; 0.3); margin: 30px 0;'>\n<div style='display: flex; flex-wrap: wrap; gap: 20px; margin-bottom: 30px;'>\n<div style='flex: 1 1 250px; border: 1px solid rgba(150&comma; 150&comma; 150&comma; 0.4); border-radius: 8px; overflow: hidden; display: flex; flex-direction: column;'>\n<div style='padding: 15px; border-bottom: 1px solid rgba(150&comma; 150&comma; 150&comma; 0.2); font-weight: bold; font-size: 18px; color: inherit;'>Especificaciones El\u00e9ctricas<\/div>\n<div style='padding: 15px; color: inherit;'>\n<ul style='padding-left: 20px; margin: 0; font-size: 14px; list-style-type: disc;'>\n<li style='margin-bottom: 5px;'><strong>Voltaje:<\/strong> 110 Vca 50-60 Hz<\/li>\n<li style='margin-bottom: 5px;'><strong>Corriente:<\/strong> 0.25 A \u00b1 0.01A<\/li>\n<li style='margin-bottom: 5px;'><strong>Consumo:<\/strong> 20 W \u00b1 0.1W<\/li>\n<\/ul><\/div>\n<\/p><\/div>\n<div style='flex: 1 1 250px; border: 1px solid rgba(150&comma; 150&comma; 150&comma; 0.4); border-radius: 8px; overflow: hidden; display: flex; flex-direction: column;'>\n<div style='padding: 15px; border-bottom: 1px solid rgba(150&comma; 150&comma; 150&comma; 0.2); font-weight: bold; font-size: 18px; color: inherit;'>Caracter\u00edsticas F\u00edsicas<\/div>\n<div style='padding: 15px; color: inherit;'>\n<ul style='padding-left: 20px; margin: 0; font-size: 14px; list-style-type: disc;'>\n<li style='margin-bottom: 5px;'><strong>Dimensiones:<\/strong> 12 x 12 cm<\/li>\n<li style='margin-bottom: 5px;'><strong>Compatibilidad:<\/strong> Gabinetes con preparaci\u00f3n 12 x 12 cm<\/li>\n<li style='margin-bottom: 5px;'><strong>Flujo de aire:<\/strong> 38 CFM<\/li>\n<li style='margin-bottom: 5px;'><strong>Vida \u00fatil:<\/strong> 20.000 horas (25\u00b0C a 50\u00b0C)<\/li>\n<\/ul><\/div>\n<\/p><\/div>\n<div style='flex: 1 1 250px; border: 1px solid rgba(150&comma; 150&comma; 150&comma; 0.4); border-radius: 8px; overflow: hidden; display: flex; flex-direction: column;'>\n<div style='padding: 15px; border-bottom: 1px solid rgba(150&comma; 150&comma; 150&comma; 0.2); font-weight: bold; font-size: 18px; color: inherit;'>Incluye<\/div>\n<div style='padding: 15px; color: inherit;'>\n<ul style='padding-left: 20px; margin: 0; font-size: 14px; list-style-type: disc;'>\n<li style='margin-bottom: 5px;'>Bracket de montaje<\/li>\n<li style='margin-bottom: 5px;'>Torniller\u00eda para instalaci\u00f3n<\/li>\n<li style='margin-bottom: 5px;'>Cable de conexi\u00f3n de 1.6 m<\/li>\n<li style='margin-bottom: 5px;'>Clavija tipo NEMA 5-15 P<\/li>\n<\/ul><\/div>\n<\/p><\/div>\n<\/p><\/div>\n<\/p><\/div>\n","protected":false},"excerpt":{"rendered":"<p>Ventilador 110 Vca de 12 x 12 cm con Cable y Clavija<\/p>\n","protected":false},"featured_media":72170,"comment_status":"open","ping_status":"closed","template":"","meta":[],"product_brand":[],"product_cat":[604],"product_tag":[606,435,605],"class_list":{"0":"post-72171","1":"product","2":"type-product","3":"status-publish","4":"has-post-thumbnail","6":"product_cat-accesorios-para-racks-y-gabinetes","7":"product_tag-accesorios-para-racks-y-gabinetes","8":"product_tag-linkedpro-by-epcom","9":"product_tag-racks-y-gabinetes","11":"first","12":"instock","13":"sale","14":"shipping-taxable","15":"purchasable","16":"product-type-simple"},"_links":{"self":[{"href":"https:\/\/soydeaqui.ddns.net\/pachuca\/index.php\/wp-json\/wp\/v2\/product\/72171","targetHints":{"allow":["GET"]}}],"collection":[{"href":"https:\/\/soydeaqui.ddns.net\/pachuca\/index.php\/wp-json\/wp\/v2\/product"}],"about":[{"href":"https:\/\/soydeaqui.ddns.net\/pachuca\/index.php\/wp-json\/wp\/v2\/types\/product"}],"replies":[{"embeddable":true,"href":"https:\/\/soydeaqui.ddns.net\/pachuca\/index.php\/wp-json\/wp\/v2\/comments?post=72171"}],"wp:featuredmedia":[{"embeddable":true,"href":"https:\/\/soydeaqui.ddns.net\/pachuca\/index.php\/wp-json\/wp\/v2\/media\/72170"}],"wp:attachment":[{"href":"https:\/\/soydeaqui.ddns.net\/pachuca\/index.php\/wp-json\/wp\/v2\/media?parent=72171"}],"wp:term":[{"taxonomy":"product_brand","embeddable":true,"href":"https:\/\/soydeaqui.ddns.net\/pachuca\/index.php\/wp-json\/wp\/v2\/product_brand?post=72171"},{"taxonomy":"product_cat","embeddable":true,"href":"https:\/\/soydeaqui.ddns.net\/pachuca\/index.php\/wp-json\/wp\/v2\/product_cat?post=72171"},{"taxonomy":"product_tag","embeddable":true,"href":"https:\/\/soydeaqui.ddns.net\/pachuca\/index.php\/wp-json\/wp\/v2\/product_tag?post=72171"}],"curies":[{"name":"wp","href":"https:\/\/api.w.org\/{rel}","templated":true}]}}