{"id":72139,"date":"2026-03-19T12:32:12","date_gmt":"2026-03-19T12:32:12","guid":{"rendered":"https:\/\/soydeaqui.ddns.net\/pachuca\/index.php\/producto\/generador-a-gasolina-planta-de-emergencia-de-6-5kw-220vac-2-fases-jaula-con-ruedas-para-facil-traslado-y-encendido-electronico\/"},"modified":"2026-03-19T12:32:24","modified_gmt":"2026-03-19T12:32:24","slug":"generador-a-gasolina-planta-de-emergencia-de-6-5kw-220vac-2-fases-jaula-con-ruedas-para-facil-traslado-y-encendido-electronico","status":"publish","type":"product","link":"https:\/\/soydeaqui.ddns.net\/pachuca\/index.php\/producto\/generador-a-gasolina-planta-de-emergencia-de-6-5kw-220vac-2-fases-jaula-con-ruedas-para-facil-traslado-y-encendido-electronico\/","title":{"rendered":"Generador a Gasolina \/ Planta de Emergencia de 6.5KW, 220Vac 2 Fases, Jaula con Ruedas para F\u00e1cil Traslado y Encendido Electr\u00f3nico"},"content":{"rendered":"<div style='width: 100%; max-width: 1200px; margin: 0 auto; font-family: sans-serif; line-height: 1.6; color: inherit; background-color: transparent;'>\n<h2 style='font-size: 24px; margin-top: 0; margin-bottom: 10px; color: inherit;'><strong>Generador a Gasolina \/ Planta de Emergencia<\/strong><\/h2>\n<h2 style='font-size: 24px; margin-top: 0; margin-bottom: 20px; color: inherit;'><strong>de 6&comma;500 W de Potencia Nominal<\/strong><\/h2>\n<p> <!-- Caracter\u00edsticas --> <\/p>\n<div style='display: flex; flex-wrap: wrap; gap: 30px; margin-bottom: 30px;'>\n<div style='flex: 1 1 300px; min-width: 280px;'>\n<div style='border-left: 5px solid #F1C40F; border-radius: 5px; padding: 10px; box-shadow: 2px 2px 10px rgba(216&comma;216&comma;216&comma;0.3); background-color: rgba(241&comma;196&comma;15&comma;0.05);'> <strong style='font-size: 16px; color: inherit;'>Caracter\u00edsticas generales:<\/strong> <\/p>\n<ul style='padding-left: 20px; font-size: 15px; color: inherit;'>\n<li style='margin-bottom: 5px;'>Funcionamiento continuo por 12 h.<\/li>\n<li style='margin-bottom: 5px;'>Estructura de 25 mm de di\u00e1metro que sostiene el generador.<\/li>\n<li style='margin-bottom: 5px;'>Salida de tensi\u00f3n estable.<\/li>\n<li style='margin-bottom: 5px;'>Se detiene autom\u00e1ticamente al detectar bajos niveles de aceite.<\/li>\n<li style='margin-bottom: 5px;'>Nivel de ruido: 97 dB(A).<\/li>\n<\/ul><\/div>\n<\/p><\/div>\n<div style='flex: 1 1 300px; min-width: 280px;'>\n<div style='border-left: 5px solid #F1C40F; border-radius: 5px; padding: 10px; box-shadow: 2px 2px 10px rgba(216&comma;216&comma;216&comma;0.3); background-color: rgba(241&comma;196&comma;15&comma;0.05);'> <strong style='font-size: 16px; color: inherit;'>Caracter\u00edsticas F\u00edsicas y El\u00e9ctricas:<\/strong> <\/p>\n<ul style='padding-left: 20px; font-size: 15px; color: inherit;'>\n<li style='margin-bottom: 5px;'>Potencia nominal: 6.5 kW.<\/li>\n<li style='margin-bottom: 5px;'>Potencia m\u00e1xima de salida: 7 kW.<\/li>\n<li style='margin-bottom: 5px;'>Frecuencia: 60 Hz<\/li>\n<li style='margin-bottom: 5px;'>Voltaje de salida: 110\/220 (bif\u00e1sico).<\/li>\n<li style='margin-bottom: 5px;'>Peso: 87.0 kg. Aprox.<\/li>\n<li style='margin-bottom: 5px;'>Dimensiones: 694 x 525 x 565 mm.<\/li>\n<\/ul><\/div>\n<\/p><\/div>\n<div style='flex: 1 1 300px; min-width: 280px;'>\n<div style='border-left: 5px solid #F1C40F; border-radius: 5px; padding: 10px; box-shadow: 2px 2px 10px rgba(216&comma;216&comma;216&comma;0.3); background-color: rgba(241&comma;196&comma;15&comma;0.05);'> <strong style='font-size: 16px; color: inherit;'>Aceite lubricante<\/strong> <\/p>\n<ul style='padding-left: 20px; font-size: 15px; color: inherit;'>\n<li style='margin-bottom: 5px;'>Tipo: SAE 5W\/30<\/li>\n<li style='margin-bottom: 5px;'>Volumen: 1.1 L<\/li>\n<\/ul>\n<p> <strong style='font-size: 16px; color: inherit;'>Combustible<\/strong> <\/p>\n<ul style='padding-left: 20px; font-size: 15px; color: inherit;'>\n<li style='margin-bottom: 5px;'>Tipo: Gasolina sin plomo.<\/li>\n<li style='margin-bottom: 5px;'>Capacidad del tanque: 25 L<\/li>\n<\/ul><\/div>\n<\/p><\/div>\n<\/p><\/div>\n<p> <!-- Notas importantes --> <\/p>\n<div style='margin-bottom: 30px;'>\n<h2 style='font-size: 20px; color: inherit; margin-top: 0; margin-bottom: 15px;'>IMPORTANTE:<\/h2>\n<ul style='padding-left: 20px; font-size: 15px; color: inherit;'>\n<li style='margin-bottom: 5px;'>EL EQUIPO NO INCLUYE ACEITE NI COMBUSTIBLE<\/li>\n<li style='margin-bottom: 5px;'>LEA EL MANUAL ANTES DE UTILIZAR<\/li>\n<li style='margin-bottom: 5px;'>NO INCLUYE BATERIA (<a href='https:\/\/www.syscom.mx\/producto\/PS-1290-NB-POWER-SONIC-196558.html' style='color: inherit; text-decoration: underline;'>PS-1290-NB<\/a>) PARA ARRANQUE CON LLAVE&comma; SE VENDE POR SEPARADO.<\/li>\n<\/ul><\/div>\n<p> <!-- Imagen principal --> <\/p>\n<div style='margin-bottom: 30px;'> <img style='width: 100%; height: auto; border: 1px solid rgba(150&comma;150&comma;150&comma;0.3); border-radius: 8px;' src='https:\/\/ftp3.syscom.mx\/usuarios\/mtopete\/Imagen%20Pagina\/Hailin\/EPGEN7000%20ismometrica.png' alt=''> <\/div>\n<p> <!-- Contenido adicional --> <\/p>\n<div style='display: flex; flex-wrap: wrap; gap: 30px; margin-bottom: 30px;'>\n<div style='flex: 1 1 300px; min-width: 280px;'> <img style='width: 100%; height: auto; border: 1px solid rgba(150&comma;150&comma;150&comma;0.3); border-radius: 8px;' src='https:\/\/ftp3.syscom.mx\/usuarios\/mtopete\/Generadores\/EPGEN7000\/EPGEN-7000-presa.jpg' alt=''> <\/div>\n<div style='flex: 1 1 300px; min-width: 280px;'>\n<h2 style='font-size: 20px; color: inherit; margin-top: 0; margin-bottom: 15px;'>Usos<\/h2>\n<ul style='padding-left: 20px; font-size: 15px; color: inherit;'>\n<li style='margin-bottom: 5px;'><span style='font-size: 12pt;'>\u00datil en lugares donde no se cuenta con red el\u00e9ctrica.<\/span><\/li>\n<li style='margin-bottom: 5px;'><span style='font-size: 12pt;'>Para alimentar equipos que requieren de potencia extra para su funcionamiento.<\/span><\/li>\n<li style='margin-bottom: 5px;'><span style='font-size: 12pt;'>Como fuente de respaldo.<\/span><\/li>\n<\/ul><\/div>\n<\/p><\/div>\n<p> <!-- Videos --> <\/p>\n<div style='margin-bottom: 30px;'>\n<div style='text-align: center; margin-bottom: 20px;'>\n<h1 style='color: #3498db; font-size: 24px; margin-top: 0; margin-bottom: 20px;'>EPGEN TRAINING<\/h1>\n<\/p><\/div>\n<div style='display: flex; flex-wrap: wrap; gap: 20px; justify-content: center;'>\n<div style='position: relative; padding-bottom: 56.25%; height: 0; overflow: hidden; flex: 1 1 400px; max-width: 640px;'>   <\/div>\n<div style='position: relative; padding-bottom: 56.25%; height: 0; overflow: hidden; flex: 1 1 400px; max-width: 640px;'>   <\/div>\n<\/p><\/div>\n<\/p><\/div>\n<p> <!-- Notas adicionales --> <\/p>\n<div style='margin-bottom: 30px;'>\n<p style='font-size: 15px; color: inherit; margin-bottom: 5px;'><strong>NOTAS:<\/strong><\/p>\n<ul style='padding-left: 20px; font-size: 15px; color: inherit;'>\n<li style='margin-bottom: 5px;'><span style='font-size: 12pt;'>Las im\u00e1genes pueden variar ligeramente al producto fisico.<\/span><\/li>\n<li style='margin-bottom: 5px;'><span style='font-size: 12pt;'>No incluye bateria (<a href='https:\/\/www.syscom.mx\/producto\/PS-1290-NB-POWER-SONIC-196558.html' style='color: inherit; text-decoration: underline;'>PS-1290-NB<\/a>) para arranque&comma; se vende por separado.<\/span><\/li>\n<li style='margin-bottom: 5px;'><span style='font-size: 12pt;'>No incluye aceite ni combustible.<\/span><\/li>\n<li style='margin-bottom: 5px;'><span style='font-size: 12pt;'>Es necesario leer el manual de operaci\u00f3n antes de encender el equipo.<\/span><\/li>\n<li style='margin-bottom: 5px;'><span style='font-size: 12pt; color: #c0392b;'>Se requiere verificar niveles de aceite para su \u00f3ptima operaci\u00f3n.<\/span><\/li>\n<li style='margin-bottom: 5px;'><span style='font-size: 12pt;'>El equipo no cuenta con transfer&comma; por lo que no enciende automaticamente por fallos de CFE.<\/span><\/li>\n<li style='margin-bottom: 5px;'><span style='font-size: 12pt;'>No se pueden dividir fases en salida de 220Vca&comma; no cuenta con neutro&comma; solo con tierra fisica&comma; la variacion de voltaje puede ocasionar da\u00f1os a los equipos conectados en caso de no utilizarse unicamente con equipo a 220Vca.<\/span><\/li>\n<li style='margin-bottom: 5px;'><span style='font-size: 12pt;'>Cualquier tipo de flete debe ir sin gasolina&comma; el equipo no incluye aceite ni gasolina a momento de su venta.<\/span><\/li>\n<\/ul><\/div>\n<p> <!-- Campo oculto --> <\/p>\n<div style='display: none;'> <input id='cant_product_190216' class='form-control' min='1' type='hidden' value='1' placeholder='Cantidad'> <\/div>\n<\/p><\/div>\n","protected":false},"excerpt":{"rendered":"<p>Generador a Gasolina \/ Planta de Emergencia de 6.5KW, 220Vac 2 Fases, Jaula con Ruedas para F\u00e1cil Traslado y Encendido Electr\u00f3nico<\/p>\n","protected":false},"featured_media":72138,"comment_status":"open","ping_status":"closed","template":"","meta":[],"product_brand":[],"product_cat":[1275],"product_tag":[454,1276,1062],"class_list":{"0":"post-72139","1":"product","2":"type-product","3":"status-publish","4":"has-post-thumbnail","6":"product_cat-plantas-de-energia","7":"product_tag-epcom-powerline","8":"product_tag-plantas-de-energia","9":"product_tag-ups-respaldo","11":"first","12":"outofstock","13":"sale","14":"shipping-taxable","15":"purchasable","16":"product-type-simple"},"_links":{"self":[{"href":"https:\/\/soydeaqui.ddns.net\/pachuca\/index.php\/wp-json\/wp\/v2\/product\/72139","targetHints":{"allow":["GET"]}}],"collection":[{"href":"https:\/\/soydeaqui.ddns.net\/pachuca\/index.php\/wp-json\/wp\/v2\/product"}],"about":[{"href":"https:\/\/soydeaqui.ddns.net\/pachuca\/index.php\/wp-json\/wp\/v2\/types\/product"}],"replies":[{"embeddable":true,"href":"https:\/\/soydeaqui.ddns.net\/pachuca\/index.php\/wp-json\/wp\/v2\/comments?post=72139"}],"wp:featuredmedia":[{"embeddable":true,"href":"https:\/\/soydeaqui.ddns.net\/pachuca\/index.php\/wp-json\/wp\/v2\/media\/72138"}],"wp:attachment":[{"href":"https:\/\/soydeaqui.ddns.net\/pachuca\/index.php\/wp-json\/wp\/v2\/media?parent=72139"}],"wp:term":[{"taxonomy":"product_brand","embeddable":true,"href":"https:\/\/soydeaqui.ddns.net\/pachuca\/index.php\/wp-json\/wp\/v2\/product_brand?post=72139"},{"taxonomy":"product_cat","embeddable":true,"href":"https:\/\/soydeaqui.ddns.net\/pachuca\/index.php\/wp-json\/wp\/v2\/product_cat?post=72139"},{"taxonomy":"product_tag","embeddable":true,"href":"https:\/\/soydeaqui.ddns.net\/pachuca\/index.php\/wp-json\/wp\/v2\/product_tag?post=72139"}],"curies":[{"name":"wp","href":"https:\/\/api.w.org\/{rel}","templated":true}]}}