{"id":72133,"date":"2026-03-19T12:31:59","date_gmt":"2026-03-19T12:31:59","guid":{"rendered":"https:\/\/soydeaqui.ddns.net\/pachuca\/index.php\/producto\/transceptor-minigbic-sfp-monomodo-10g-lr-distancia-10-km-conector-lc-version-taa\/"},"modified":"2026-03-19T12:32:10","modified_gmt":"2026-03-19T12:32:10","slug":"transceptor-minigbic-sfp-monomodo-10g-lr-distancia-10-km-conector-lc-version-taa","status":"publish","type":"product","link":"https:\/\/soydeaqui.ddns.net\/pachuca\/index.php\/producto\/transceptor-minigbic-sfp-monomodo-10g-lr-distancia-10-km-conector-lc-version-taa\/","title":{"rendered":"Transceptor MiniGbic SFP+ Monomodo 10G-LR, distancia 10 km conector LC, Versi\u00f3n TAA"},"content":{"rendered":"<div style='width: 100%; max-width: 1200px; margin: 0 auto; font-family: sans-serif; line-height: 1.6; color: inherit;'>\n<div style='display: flex; flex-wrap: wrap; gap: 30px; margin-bottom: 30px;'>\n<div style='flex: 1 1 300px; min-width: 280px;'>\n<h3 style='font-size: 22px; border-bottom: 2px solid currentColor; padding-bottom: 5px; margin-top: 0; color: inherit; opacity: 0.8;'>Especificaciones del producto<\/h3>\n<ul style='padding-left: 20px; font-size: 15px; color: inherit;'>\n<li style='margin-bottom: 5px;'><strong>Modelo<\/strong>: AT-SP10LRa\/I<\/li>\n<li style='margin-bottom: 5px;'><strong>Tipo de Fibra<\/strong>: SMF<\/li>\n<li style='margin-bottom: 5px;'><strong>Tipo de Conector<\/strong>: LC<\/li>\n<li style='margin-bottom: 5px;'><strong>Distancia m\u00e1xima<\/strong>: 10 km<\/li>\n<li style='margin-bottom: 5px;'><strong>Longitud de onda Tx\/Rx (nm)<\/strong>: 1310<\/li>\n<li style='margin-bottom: 5px;'><strong>DDM<\/strong>: Si<\/li>\n<li style='margin-bottom: 5px;'><strong>Transmisi\u00f3n M\u00ednima \/ M\u00e1xima<\/strong>: -8 dBm \/ 1 dBm<\/li>\n<li style='margin-bottom: 5px;'><strong>Sensibilidad<\/strong>: -14 dBm<\/li>\n<li style='margin-bottom: 5px;'><strong>Power Budget<\/strong>: 6 dBm<\/li>\n<li style='margin-bottom: 5px;'><strong>Overload<\/strong>: 1 dBm<\/li>\n<li style='margin-bottom: 5px;'><strong>Temperatura de operaci\u00f3n<\/strong>: -40 to 85\u00b0 C (-40 to 185\u00b0 F)<\/li>\n<\/ul><\/div>\n<\/p><\/div>\n<div style='display: flex; flex-wrap: wrap; gap: 30px; margin-bottom: 30px;'>\n<div style='flex: 1 1 300px; min-width: 280px;'>\n<p style='font-size: 14px; color: inherit; margin: 0; padding: 0;'>SMF = Single Mode Fiber<\/p>\n<p style='font-size: 14px; color: inherit; margin: 0; padding: 0;'>DDM = Digital Diagnostics Monitoring<\/p>\n<\/p><\/div>\n<\/p><\/div>\n<hr style='border: 0; border-top: 1px solid rgba(150&comma; 150&comma; 150&comma; 0.3); margin: 30px 0;'>\n<div style='display: flex; flex-wrap: wrap; gap: 30px;'>\n<div style='flex: 1 1 300px; min-width: 280px;'>\n<p style='font-size: 14px; color: inherit; margin: 0; padding: 0;'> <strong style='color: inherit;'>Garant\u00eda 1 a\u00f1o&comma; para un a\u00f1o adicional registra el producto en el siguiente link:<\/strong><br \/> <a href='http:\/\/www.alliedtelesis.com\/support\/maintenance-and-warranty\/register' style='color: inherit; text-decoration: underline;' target='_blank'>http:\/\/www.alliedtelesis.com\/support\/maintenance-and-warranty\/register<\/a> <\/p>\n<\/p><\/div>\n<\/p><\/div>\n<\/p><\/div>\n","protected":false},"excerpt":{"rendered":"<p>Transceptor MiniGbic SFP+ Monomodo 10G-LR, distancia 10 km conector LC, Versi\u00f3n TAA<\/p>\n","protected":false},"featured_media":72132,"comment_status":"open","ping_status":"closed","template":"","meta":[],"product_brand":[],"product_cat":[663],"product_tag":[1995,664,665],"class_list":{"0":"post-72133","1":"product","2":"type-product","3":"status-publish","4":"has-post-thumbnail","6":"product_cat-transceptores-de-fibra","7":"product_tag-allied-telesis","8":"product_tag-networking","9":"product_tag-transceptores-de-fibra","11":"first","12":"instock","13":"sale","14":"shipping-taxable","15":"purchasable","16":"product-type-simple"},"_links":{"self":[{"href":"https:\/\/soydeaqui.ddns.net\/pachuca\/index.php\/wp-json\/wp\/v2\/product\/72133","targetHints":{"allow":["GET"]}}],"collection":[{"href":"https:\/\/soydeaqui.ddns.net\/pachuca\/index.php\/wp-json\/wp\/v2\/product"}],"about":[{"href":"https:\/\/soydeaqui.ddns.net\/pachuca\/index.php\/wp-json\/wp\/v2\/types\/product"}],"replies":[{"embeddable":true,"href":"https:\/\/soydeaqui.ddns.net\/pachuca\/index.php\/wp-json\/wp\/v2\/comments?post=72133"}],"wp:featuredmedia":[{"embeddable":true,"href":"https:\/\/soydeaqui.ddns.net\/pachuca\/index.php\/wp-json\/wp\/v2\/media\/72132"}],"wp:attachment":[{"href":"https:\/\/soydeaqui.ddns.net\/pachuca\/index.php\/wp-json\/wp\/v2\/media?parent=72133"}],"wp:term":[{"taxonomy":"product_brand","embeddable":true,"href":"https:\/\/soydeaqui.ddns.net\/pachuca\/index.php\/wp-json\/wp\/v2\/product_brand?post=72133"},{"taxonomy":"product_cat","embeddable":true,"href":"https:\/\/soydeaqui.ddns.net\/pachuca\/index.php\/wp-json\/wp\/v2\/product_cat?post=72133"},{"taxonomy":"product_tag","embeddable":true,"href":"https:\/\/soydeaqui.ddns.net\/pachuca\/index.php\/wp-json\/wp\/v2\/product_tag?post=72133"}],"curies":[{"name":"wp","href":"https:\/\/api.w.org\/{rel}","templated":true}]}}