{"id":72131,"date":"2026-03-19T12:31:57","date_gmt":"2026-03-19T12:31:57","guid":{"rendered":"https:\/\/soydeaqui.ddns.net\/pachuca\/index.php\/producto\/fuente-de-alimentacion-para-poe-2-entradas-1g-fiber-sfp-4-salidas-10-100-1000-poe-poe-configurable-para-2-salidas-60w-hi-poe-nema-ip66-con-capacidad-de-bateria-de-respaldo-requiere-bateria\/"},"modified":"2026-03-19T12:31:57","modified_gmt":"2026-03-19T12:31:57","slug":"fuente-de-alimentacion-para-poe-2-entradas-1g-fiber-sfp-4-salidas-10-100-1000-poe-poe-configurable-para-2-salidas-60w-hi-poe-nema-ip66-con-capacidad-de-bateria-de-respaldo-requiere-bateria","status":"publish","type":"product","link":"https:\/\/soydeaqui.ddns.net\/pachuca\/index.php\/producto\/fuente-de-alimentacion-para-poe-2-entradas-1g-fiber-sfp-4-salidas-10-100-1000-poe-poe-configurable-para-2-salidas-60w-hi-poe-nema-ip66-con-capacidad-de-bateria-de-respaldo-requiere-bateria\/","title":{"rendered":"Fuente de Alimentaci\u00f3n para PoE \/ 2 Entradas 1G Fiber SFP \/ 4 Salidas 10\/100\/1000 PoE\/PoE+ configurable para 2 Salidas 60W Hi-PoE \/ Nema IP66 \/ Con capacidad de bater\u00eda de respaldo \/ Requiere bater\u00eda"},"content":{"rendered":"<div style='width: 100%; max-width: 1200px; margin: 0 auto; font-family: sans-serif; line-height: 1.6; color: inherit; background-color: transparent;'> <!-- T\u00edtulos originales (comentados) \n\n<h1 style='color: inherit; text-align: center; font-size: 24px; margin: 20px 0 10px; opacity: 0.9;'>NETWAYSP4WPX<\/h1>\n\n \n\n<h3 style='color: inherit; text-align: center; font-size: 16px; margin: 0 0 30px; opacity: 0.8;'>Fuente de alimentaci\u00f3n para PoE \/ 2 Entradas 1G Fiber SFP \/ 4 Salidas 10\/100\/100 PoE\/PoE+ configurable para 2 Salidas 60W Hi-PoE \/ Nema IP66 \/ Con capacidad de bater\u00eda de respaldo \/ Requiere bater\u00eda<\/h3>\n\n --> <!-- Secci\u00f3n principal con flex --> <\/p>\n<div style='display: flex; flex-wrap: wrap; gap: 30px; margin-bottom: 30px;'> <!-- Card 1 --> <\/p>\n<div style='flex: 1 1 300px; min-width: 280px;'>\n<h3 style='font-size: 22px; border-bottom: 2px solid currentColor; padding-bottom: 5px; margin-top: 0; color: inherit; opacity: 0.8;'>Caracter\u00edsticas<\/h3>\n<ul style='padding-left: 20px; font-size: 15px; color: inherit;'>\n<li style='margin-bottom: 5px;'><strong>Entrada:<\/strong> 115VAC&comma; 60 Hz&comma; 2.5A o 230VAC&comma; 50\/60 Hz&comma; 1.3A<\/li>\n<li style='margin-bottom: 5px;'>Fusible: 5A \/ 250V<\/li>\n<li style='margin-bottom: 5px;'><strong>Salida de Potencia:<\/strong><\/li>\n<li style='margin-bottom: 5px;'>Cuatro (4) puertos PoE + (30W) o hasta dos (2) puertos Hi-PoE (60W)<\/li>\n<li style='margin-bottom: 5px;'>Cumple con IEEE 802.3at (30W) e IEEE 802.3af (15W)<\/li>\n<li style='margin-bottom: 5px;'><strong>Potencia total:<\/strong> 120 W<\/li>\n<li style='margin-bottom: 5px;'>Protecci\u00f3n integral contra sobretensiones<\/li>\n<li style='margin-bottom: 5px;'><strong>Puertos de Fibra:<\/strong><\/li>\n<li style='margin-bottom: 5px;'>Dos (2) puertos Gigabit SFP<\/li>\n<li style='margin-bottom: 5px;'>\u00daselo con el m\u00f3dulo SFP 1000Base-X (1 Gb)&comma; compatible con el producto l\u00e1ser de Clase 1 (no incluido)<\/li>\n<li style='margin-bottom: 5px;'><strong>Puertos de Ethernet:<\/strong><\/li>\n<li style='margin-bottom: 5px;'>Cuatro (4) puertos 10\/100\/1000 Mbps<\/li>\n<li style='margin-bottom: 5px;'><strong>Conectividad:<\/strong> RJ45&comma; cruce autom\u00e1tico<\/li>\n<li style='margin-bottom: 5px;'><strong>Tipo de cable:<\/strong> CAT5 de 4 pares o mejor cable estructurado<\/li>\n<li style='margin-bottom: 5px;'><strong>Distancia:<\/strong> hasta 100m<\/li>\n<li style='margin-bottom: 5px;'><strong>Velocidad:<\/strong> 10\/100\/1000 Mbps&comma; half \/ full duplex&comma; negociaci\u00f3n autom\u00e1tica<\/li>\n<\/ul>\n<div style='margin-top: 20px;'> <img style='width: 100%; height: auto; border: 1px solid rgba(150&comma;150&comma;150&comma;0.3); border-radius: 8px;' src='https:\/\/ftp3.syscom.mx\/usuarios\/fotos\/BancoFotografiasSyscom\/ALTRONIX\/NETWAYSP4WPX\/NETWAYSP4WPX-p.PNG' alt=''> <\/div>\n<\/p><\/div>\n<p> <!-- Card 2 --> <\/p>\n<div style='flex: 1 1 300px; min-width: 280px;'>\n<h3 style='font-size: 22px; border-bottom: 2px solid currentColor; padding-bottom: 5px; margin-top: 0; color: inherit; opacity: 0.8;'>Caracter\u00edsticas<\/h3>\n<ul style='padding-left: 20px; font-size: 15px; color: inherit;'>\n<li style='margin-bottom: 5px;'><strong>Bater\u00eda de respaldo<\/strong> (no incluida)<\/li>\n<li style='margin-bottom: 5px;'><strong>Cargador incorporado<\/strong> para bater\u00edas selladas de plomo \u00e1cido o gel<\/li>\n<li style='margin-bottom: 5px;'><strong>Con capacidad de bater\u00eda de respaldo<\/strong><\/li>\n<li style='margin-bottom: 5px;'><strong>No se incluye bater\u00eda<\/strong><\/li>\n<li style='margin-bottom: 5px;'><strong>Bater\u00edas sugeridas:<\/strong> PL4.512 \/ PL712 \/ PL912<\/li>\n<li style='margin-bottom: 5px;'>Cambio autom\u00e1tico a bater\u00eda de reserva cuando falla la CA<\/li>\n<li style='margin-bottom: 5px;'><strong>LEDs<\/strong><\/li>\n<li style='margin-bottom: 5px;'>PoE individual en LED para cada puerto<\/li>\n<li style='margin-bottom: 5px;'>Estado del enlace IP individual&comma; 10 \/ 100Base-T \/ LED activos para cada puerto<\/li>\n<li style='margin-bottom: 5px;'>El LED ALOS indica la conexi\u00f3n de fibra para el puerto SFP<\/li>\n<li style='margin-bottom: 5px;'>El LED Heartbeat indica el correcto funcionamiento de la unidad<\/li>\n<li style='margin-bottom: 5px;'><strong>VLAN<\/strong><\/li>\n<li style='margin-bottom: 5px;'>Asignaci\u00f3n de VLAN de gesti\u00f3n m\u00faltiple<\/li>\n<li style='margin-bottom: 5px;'>VLAN etiquetada 802.1Q. Hasta 10 grupos de VLAN. Rango de identificaci\u00f3n 2-4095<\/li>\n<li style='margin-bottom: 5px;'><strong>Tecnolog\u00eda LINQ<\/strong><\/li>\n<li style='margin-bottom: 5px;'>La administraci\u00f3n remota de la red permite reiniciar y monitorear la c\u00e1mara \/ dispositivo<\/li>\n<li style='margin-bottom: 5px;'>Proporciona acceso local y \/ o remoto a informaci\u00f3n cr\u00edtica a trav\u00e9s de LAN \/ WAN<\/li>\n<li style='margin-bottom: 5px;'>Las notificaciones por correo electr\u00f3nico y alertas de panel de Windows informan diagn\u00f3sticos en tiempo real<\/li>\n<li style='margin-bottom: 5px;'>El registro de eventos rastrea el historial<\/li>\n<li style='margin-bottom: 5px;'><strong>Temperatura Operando a:<\/strong><\/li>\n<li style='margin-bottom: 5px;'>60W: -40\u00b0C a 75\u00b0C (-40\u00b0F a 167\u00b0F)<\/li>\n<li style='margin-bottom: 5px;'>75W: -40\u00b0C a 70\u00b0C (-40\u00b0F a 158\u00b0F)<\/li>\n<li style='margin-bottom: 5px;'>100W: -40\u00b0C a 55\u00b0C (-40\u00b0F a 131\u00b0F)<\/li>\n<li style='margin-bottom: 5px;'>120W: -40\u00b0C a 45\u00b0C (-40\u00b0F a 113\u00b0F)<\/li>\n<li style='margin-bottom: 5px;'>Almacenamiento: -40\u00b0C a 85\u00b0C (-40\u00b0F a 185\u00b0F)<\/li>\n<li style='margin-bottom: 5px;'><strong>Humedad relativa:<\/strong> 85% +\/- 5%<\/li>\n<\/ul>\n<div style='margin-top: 20px;'> <img style='width: 100%; height: auto; border: 1px solid rgba(150&comma;150&comma;150&comma;0.3); border-radius: 8px;' src='https:\/\/ftp3.syscom.mx\/usuarios\/fotos\/BancoFotografiasSyscom\/ALTRONIX\/NETWAYSP4WPX\/NETWAYSP4WPX-p.PNG' alt=''> <\/div>\n<\/p><\/div>\n<p> <!-- Card 3 --> <\/p>\n<div style='flex: 1 1 300px; min-width: 280px;'>\n<h3 style='font-size: 22px; border-bottom: 2px solid currentColor; padding-bottom: 5px; margin-top: 0; color: inherit; opacity: 0.8;'>Modelos Relacionados<\/h3>\n<ul style='padding-left: 20px; font-size: 15px; color: inherit;'>\n<li style='margin-bottom: 5px;'>NETWAYSP4WPX<\/li>\n<\/ul>\n<div style='margin-top: 20px;'> <img style='width: 100%; height: auto; border: 1px solid rgba(150&comma;150&comma;150&comma;0.3); border-radius: 8px;' src='https:\/\/ftp3.syscom.mx\/usuarios\/fotos\/BancoFotografiasSyscom\/ALTRONIX\/NETWAYSP4WPX\/NETWAYSP4WPX-p.PNG' alt=''> <\/div>\n<\/p><\/div>\n<\/p><\/div>\n<p> <!-- Separador --> <\/p>\n<hr style='border: 0; border-top: 1px solid rgba(150&comma; 150&comma; 150&comma; 0.3); margin: 30px 0;'> <\/div>\n","protected":false},"excerpt":{"rendered":"<p>Fuente de Alimentaci\u00f3n para PoE \/ 2 Entradas 1G Fiber SFP \/ 4 Salidas 10\/100\/1000 PoE\/PoE+ configurable para 2 Salidas 60W Hi-PoE \/ Nema IP66 \/ Con capacidad de bater\u00eda de respaldo \/ Requiere bater\u00eda<\/p>\n","protected":false},"featured_media":72130,"comment_status":"open","ping_status":"closed","template":"","meta":[],"product_brand":[],"product_cat":[1260],"product_tag":[495,1261,664],"class_list":{"0":"post-72131","1":"product","2":"type-product","3":"status-publish","4":"has-post-thumbnail","6":"product_cat-inyectores-poe","7":"product_tag-altronix","8":"product_tag-inyectores-poe","9":"product_tag-networking","11":"first","12":"instock","13":"sale","14":"shipping-taxable","15":"purchasable","16":"product-type-simple"},"_links":{"self":[{"href":"https:\/\/soydeaqui.ddns.net\/pachuca\/index.php\/wp-json\/wp\/v2\/product\/72131","targetHints":{"allow":["GET"]}}],"collection":[{"href":"https:\/\/soydeaqui.ddns.net\/pachuca\/index.php\/wp-json\/wp\/v2\/product"}],"about":[{"href":"https:\/\/soydeaqui.ddns.net\/pachuca\/index.php\/wp-json\/wp\/v2\/types\/product"}],"replies":[{"embeddable":true,"href":"https:\/\/soydeaqui.ddns.net\/pachuca\/index.php\/wp-json\/wp\/v2\/comments?post=72131"}],"wp:featuredmedia":[{"embeddable":true,"href":"https:\/\/soydeaqui.ddns.net\/pachuca\/index.php\/wp-json\/wp\/v2\/media\/72130"}],"wp:attachment":[{"href":"https:\/\/soydeaqui.ddns.net\/pachuca\/index.php\/wp-json\/wp\/v2\/media?parent=72131"}],"wp:term":[{"taxonomy":"product_brand","embeddable":true,"href":"https:\/\/soydeaqui.ddns.net\/pachuca\/index.php\/wp-json\/wp\/v2\/product_brand?post=72131"},{"taxonomy":"product_cat","embeddable":true,"href":"https:\/\/soydeaqui.ddns.net\/pachuca\/index.php\/wp-json\/wp\/v2\/product_cat?post=72131"},{"taxonomy":"product_tag","embeddable":true,"href":"https:\/\/soydeaqui.ddns.net\/pachuca\/index.php\/wp-json\/wp\/v2\/product_tag?post=72131"}],"curies":[{"name":"wp","href":"https:\/\/api.w.org\/{rel}","templated":true}]}}