{"id":72120,"date":"2026-03-19T12:31:30","date_gmt":"2026-03-19T12:31:30","guid":{"rendered":"https:\/\/soydeaqui.ddns.net\/pachuca\/index.php\/producto\/enlace-a-la-velocidad-de-la-fibra-banda-libre-en-mexico-sin-interferencia-10-gbps-simetricos-full-duplex-1-2-km-minima-latencia\/"},"modified":"2026-03-19T12:31:31","modified_gmt":"2026-03-19T12:31:31","slug":"enlace-a-la-velocidad-de-la-fibra-banda-libre-en-mexico-sin-interferencia-10-gbps-simetricos-full-duplex-1-2-km-minima-latencia","status":"publish","type":"product","link":"https:\/\/soydeaqui.ddns.net\/pachuca\/index.php\/producto\/enlace-a-la-velocidad-de-la-fibra-banda-libre-en-mexico-sin-interferencia-10-gbps-simetricos-full-duplex-1-2-km-minima-latencia\/","title":{"rendered":"Enlace a la velocidad de la fibra, Banda Libre en M\u00e9xico, Sin Interferencia, 10 Gbps sim\u00e9tricos Full Duplex, 1.2 km, m\u00ednima latencia"},"content":{"rendered":"<div style='width: 100%; max-width: 1200px; margin: 0 auto; font-family: sans-serif; line-height: 1.6; color: inherit; background-color: transparent;'> <!-- Logo --> <\/p>\n<div style='text-align: center; margin: 20px 0;'> <img style='width: 120px; height: 39px; border: 1px solid rgba(150&comma;150&comma;150&comma;0.3); border-radius: 8px;' src='https:\/\/ftp3.syscom.mx\/usuarios\/hortega\/Siklu\/Siklu.png' alt='Logo Siklu'> <\/div>\n<p> <!-- T\u00edtulos --> <\/p>\n<div style='text-align: center; margin: 20px 0;'>\n<h1 style='font-size: 24px; margin: 5px 0; color: inherit;'>Serie Kilo-EherHaul\u2122<\/h1>\n<h1 style='font-size: 22px; margin: 5px 0; color: #8e44ad; opacity: 0.9;'>Enlaces Backhaul Multigigabit Full Duplex en 70\/80 GHz<\/h1>\n<\/p><\/div>\n<p> <!-- Descripci\u00f3n general --> <\/p>\n<div style='margin: 30px 0;'>\n<ul style='padding-left: 20px; font-size: 15px; color: inherit;'>\n<li style='margin-bottom: 10px;'>Los productos de la Serie Kilo-EherHaul de Siklu; son los m\u00e1s desplegados en el mundo en ondas milimetricas en las bandas de 70\/80 GHz.<\/li>\n<li style='margin-bottom: 10px;'>T\u00edpicamente son instalados en techos o torres autosoportadas&comma; con antenas desde 0.5 a 2 ft seg\u00fan el alcance requerido.<\/li>\n<li style='margin-bottom: 10px;'>Las capacidades oscilan desde 1 Gbps Real Full Duplex en serie EH-1200FX&comma; 2 Gbps Real Full Duplex en serie EH-2500FX&comma; y hasta 10 Gbps Real Full Duplex en serie EH-8010FX.<\/li>\n<li style='margin-bottom: 10px;'>Soportan IP67 para todo tipo de climas.<\/li>\n<li style='margin-bottom: 10px;'>Conectividad en tiempo real con latencia < 10 \u00b5 seg para aplicaciones cr\u00edticas como video y voz.<\/li>\n<li style='margin-bottom: 10px;'>Modulaci\u00f3n adaptativa sincronizada con 8 niveles de priorizaci\u00f3n QoS.<\/li>\n<li style='margin-bottom: 10px;'>Inmune a la interferencias en la banda 70\/80GHz con FDD.<\/li>\n<li style='margin-bottom: 10px;'>Hasta 10 GHz de espectro disponible en las bandas 70\/80 GHz&comma; haces del ancho de un l\u00e1piz&comma; con una zona de Fresnel min\u00fascula.<\/li>\n<\/ul><\/div>\n<p> <!-- T\u00edtulo del producto --> <\/p>\n<div style='margin: 30px 0;'>\n<h2 style='font-size: 20px; margin: 10px 0; color: inherit; text-align: center;'>Enlace de Backhaul Completo Serie Kilo-EherHaul\u2122 EH-8010FX&comma; 10 Gbps Real Full Duplex<\/h2>\n<h2 style='font-size: 20px; margin: 10px 0; color: #18a085; text-align: center;'>Banda Libre en M\u00e9xico<\/h2>\n<h2 style='font-size: 20px; margin: 10px 0; color: #8e44ad; text-align: center;'>Sin Interferencia<\/h2>\n<\/p><\/div>\n<p> <!-- Productos incluidos en el kit --> <\/p>\n<div style='margin: 30px 0;'>\n<h3 style='font-size: 18px; border-bottom: 2px solid currentColor; padding-bottom: 5px; margin: 0 0 15px 0; color: inherit; opacity: 0.8;'>Productos incluidos en el kit modelo EH-8010FX-KIT-1FT<\/h3>\n<div style='overflow-x: auto;'>\n<table style='width: 100%; border-collapse: collapse; color: inherit;'>\n<thead style='background-color: rgba(150&comma;150&comma;150&comma;0.1);'>\n<tr>\n<th style='padding: 12px; border: 1px solid rgba(150&comma;150&comma;150&comma;0.3); text-align: center;'>Modelo<\/th>\n<th style='padding: 12px; border: 1px solid rgba(150&comma;150&comma;150&comma;0.3); text-align: center;'>Descripci\u00f3n<\/th>\n<th style='padding: 12px; border: 1px solid rgba(150&comma;150&comma;150&comma;0.3); text-align: center;'>Cantidad<\/th>\n<\/tr>\n<\/thead>\n<tbody>\n<tr>\n<td style='padding: 10px; border: 1px solid rgba(150&comma;150&comma;150&comma;0.3); text-align: center;'> <a style='color: inherit; text-decoration: none; font-weight: bold;' href='https:\/\/www.syscom.mx\/producto\/EH-8010FX-ODUL-N-2C1P-EX-D-Siklu-169857.html'>EH-8010FX-ODUL-N-2C1P-EX-D<\/a> <\/td>\n<td style='padding: 10px; border: 1px solid rgba(150&comma;150&comma;150&comma;0.3); text-align: center;'>Radio EH-8010FX Low Frequency<\/td>\n<td style='padding: 10px; border: 1px solid rgba(150&comma;150&comma;150&comma;0.3); text-align: center;'>1<\/td>\n<\/tr>\n<tr>\n<td style='padding: 10px; border: 1px solid rgba(150&comma;150&comma;150&comma;0.3); text-align: center;'> <a style='color: inherit; text-decoration: none; font-weight: bold;' href='https:\/\/www.syscom.mx\/producto\/EH-8010FX-ODUH-N-2C1P-EX-D-Siklu-169856.html'>EH-8010FX-ODUH-N-2C1P-EX-D<\/a> <\/td>\n<td style='padding: 10px; border: 1px solid rgba(150&comma;150&comma;150&comma;0.3); text-align: center;'>Radio EH-8010FX High Frequency<\/td>\n<td style='padding: 10px; border: 1px solid rgba(150&comma;150&comma;150&comma;0.3); text-align: center;'>1<\/td>\n<\/tr>\n<tr>\n<td style='padding: 10px; border: 1px solid rgba(150&comma;150&comma;150&comma;0.3); text-align: center;'> <a style='color: inherit; text-decoration: none; font-weight: bold;' href='https:\/\/www.syscom.mx\/producto\/EH-ANT-1FT-B-Siklu-172236.html'>EH-ANT-1FT-B<\/a> <\/td>\n<td style='padding: 10px; border: 1px solid rgba(150&comma;150&comma;150&comma;0.3); text-align: center;'>Parab\u00f3lica 1 ft\/31cm&comma; 43 dBi<\/td>\n<td style='padding: 10px; border: 1px solid rgba(150&comma;150&comma;150&comma;0.3); text-align: center;'>2<\/td>\n<\/tr>\n<tr>\n<td style='padding: 10px; border: 1px solid rgba(150&comma;150&comma;150&comma;0.3); text-align: center;'> <a style='color: inherit; text-decoration: none; font-weight: bold;' href='https:\/\/www.syscom.mx\/producto\/EH-MK-1FT-Siklu-152471.html'>AX-MK-1FT-B<\/a> <\/td>\n<td style='padding: 10px; border: 1px solid rgba(150&comma;150&comma;150&comma;0.3); text-align: center;'>Montaje EtherHaul para antena 1 ft<\/td>\n<td style='padding: 10px; border: 1px solid rgba(150&comma;150&comma;150&comma;0.3); text-align: center;'>2<\/td>\n<\/tr>\n<tr>\n<td style='padding: 10px; border: 1px solid rgba(150&comma;150&comma;150&comma;0.3); text-align: center;'> <a style='color: inherit; text-decoration: none; font-weight: bold;' href='https:\/\/www.syscom.mx\/principal\/searchcont?route=AX-IN-60W-AC-POE-US-Siklu-171549&#038;autodetect=AX-IN-60W-AC-POE-US'>AX-IN-60W-AC-POE-US<\/a> <\/td>\n<td style='padding: 10px; border: 1px solid rgba(150&comma;150&comma;150&comma;0.3); text-align: center;'>Inyector POE Gigabit 55 Vcc&comma; 60 W<\/td>\n<td style='padding: 10px; border: 1px solid rgba(150&comma;150&comma;150&comma;0.3); text-align: center;'>2<\/td>\n<\/tr>\n<\/tbody>\n<\/table><\/div>\n<\/p><\/div>\n<p> <!-- Nota sobre licencias --> <\/p>\n<div style='margin: 30px 0; padding: 15px; border-left: 4px solid rgba(150&comma;150&comma;150&comma;0.3); background-color: rgba(150&comma;150&comma;150&comma;0.05);'>\n<p style='margin: 0; font-size: 14px; color: inherit;'> <strong>Nota:<\/strong> La capacidad inicial es de 100 Mbps&comma; el enlace requiere 2 licencias <a style='color: inherit; text-decoration: underline;' href='https:\/\/www.syscom.mx\/producto\/EH-ICAP8010-10000-Siklu-171708.html' target='_blank' rel='noopener'>EH-ICAP8010-10000<\/a> para desbloquear la capacidad de 10 Gbps sim\u00e9tricos&comma; y 2 licencias <a style='color: inherit; text-decoration: underline;' href='https:\/\/www.syscom.mx\/products\/192280' target='_blank' rel='noopener'>EH-OPT-EXTENDMM8000<\/a> para habilitar el failover en un enlace de respaldo en banda Sub-6 Ghz. <\/p>\n<\/p><\/div>\n<p> <!-- Caracter\u00edsticas Generales --> <\/p>\n<div style='margin: 30px 0;'>\n<h3 style='font-size: 18px; border-bottom: 2px solid currentColor; padding-bottom: 5px; margin: 0 0 15px 0; color: inherit; opacity: 0.8;'>Caracter\u00edsticas Generales<\/h3>\n<ul style='padding-left: 20px; font-size: 15px; color: inherit;'>\n<li style='margin-bottom: 10px;'>Hasta <strong>10 Gbps Full Duplex<\/strong> de capacidad (10 Gbps Descarga \/ 10 Gbps Carga)<\/li>\n<li style='margin-bottom: 10px;'>Distancia recomendada hasta 1.2 km para mayor disponibilidad.<\/li>\n<li style='margin-bottom: 10px;'>Operaci\u00f3n en <strong>Banda-E<\/strong> en 71-76 \/ 81-86 GHz FDD <strong>Sin Interferencia<\/strong>.<\/li>\n<li style='margin-bottom: 10px;'>Anchos de canal de 250\/500\/1250\/2000 MHz.<\/li>\n<li style='margin-bottom: 10px;'>Latencia t\u00edpica en <strong>< 10\u00b5 seg<\/strong>.<\/li>\n<li style='margin-bottom: 10px;'>Modulaci\u00f3n adaptativa para ajustar la velocidad de acuerdo al clima.<\/li>\n<li style='margin-bottom: 10px;'>Soporta seguridad avanzada AES 128 bit y 256 bits.<\/li>\n<li style='margin-bottom: 10px;'>Alimentaci\u00f3n v\u00eda PoE: 36 &#8211; 57 Vcc.<\/li>\n<li style='margin-bottom: 10px;'>Soporta PoE-in PoE ++ (IEEE 802.3at).<\/li>\n<li style='margin-bottom: 10px;'>Consumo de potencia: 60W<\/li>\n<li style='margin-bottom: 10px;'>Temperatura de operaci\u00f3n; -45 a 55\u00ba C.<\/li>\n<li style='margin-bottom: 10px;'>Protecci\u00f3n de grado IP67 para cualquier clima.<\/li>\n<\/ul><\/div>\n<p> <!-- Administraci\u00f3n y aprovisionamiento --> <\/p>\n<div style='margin: 30px 0;'>\n<h3 style='font-size: 18px; border-bottom: 2px solid currentColor; padding-bottom: 5px; margin: 0 0 15px 0; color: inherit; opacity: 0.8;'>Administraci\u00f3n y aprovisionamiento<\/h3>\n<ul style='padding-left: 20px; font-size: 15px; color: inherit;'>\n<li style='margin-bottom: 10px;'>Configuraci\u00f3n Zero-touch<\/li>\n<li style='margin-bottom: 10px;'>Interfaz web de programaci\u00f3n.<\/li>\n<li style='margin-bottom: 10px;'>Soporta SNMP v2\/3&comma; TACACS&comma; Radius<\/li>\n<li style='margin-bottom: 10px;'>Soporta VLAN&#8217;s.<\/li>\n<li style='margin-bottom: 10px;'>Soporta Link Aggregation LAG y LACP (802.3ad)<\/li>\n<li style='margin-bottom: 10px;'>Soporta 16KB jumbo frames.<\/li>\n<li style='margin-bottom: 10px;'>8 niveles de prioridad de calidad de servicio QoS.<\/li>\n<li style='margin-bottom: 10px;'>Soporta seguridad AES-128 y 256 bit&comma; con licencia EH-OPT-AES.<\/li>\n<li style='margin-bottom: 10px;'>Agregacion LAG y LACP (IEEE 802.3ad).<\/li>\n<li style='margin-bottom: 10px;'>Tramas jumbo 16KB.<\/li>\n<\/ul><\/div>\n<p> <!-- Caracter\u00edsticas F\u00edsicas --> <\/p>\n<div style='margin: 30px 0;'>\n<h3 style='font-size: 18px; border-bottom: 2px solid currentColor; padding-bottom: 5px; margin: 0 0 15px 0; color: inherit; opacity: 0.8;'>Caracter\u00edsticas F\u00edsicas<\/h3>\n<ul style='padding-left: 20px; font-size: 15px; color: inherit;'>\n<li style='margin-bottom: 10px;'>1 puerto de cobre 1 Gbps RJ45 ETH1.<\/li>\n<li style='margin-bottom: 10px;'>1 puerto de cobre 10 Gbps RJ45 ETH2.<\/li>\n<li style='margin-bottom: 10px;'>1 puerto de fibra 10 Gbps SFP+ ETH3.<\/li>\n<\/ul><\/div>\n<p> <!-- Videos --> <\/p>\n<div style='margin: 30px 0;'>\n<h2 style='font-size: 20px; margin: 0 0 20px 0; color: inherit; text-align: center;'>Alineaci\u00f3n de antenas Siklu EtherHaul<\/h2>\n<div style='position: relative; padding-bottom: 56.25%; height: 0; overflow: hidden; margin-bottom: 30px;'>   <\/div>\n<h2 style='font-size: 20px; margin: 30px 0 20px 0; color: inherit; text-align: center;'>Instalaci\u00f3n de radios Banda-E con antenas 1 y 2 ft<\/h2>\n<div style='position: relative; padding-bottom: 56.25%; height: 0; overflow: hidden; margin-bottom: 30px;'>   <\/div>\n<\/p><\/div>\n<p> <!-- Link Budget Calculator --> <\/p>\n<div style='margin: 30px 0; padding: 15px; border: 1px solid rgba(150&comma;150&comma;150&comma;0.3); border-radius: 8px; text-align: center;'>\n<h3 style='font-size: 18px; margin: 0 0 15px 0; color: inherit; opacity: 0.8;'>IMPORTANTE<\/h3>\n<p style='margin: 0; font-size: 14px; color: inherit;'>Se recomienda realizar una simulaci\u00f3n de capacidad y disponibilidad con la herramienta <a style='color: inherit; text-decoration: underline;' href='https:\/\/lbc.siklu.com' target='_blank' rel='noopener'>Link Budget Calculator<\/a><\/p>\n<\/p><\/div>\n<\/p><\/div>\n","protected":false},"excerpt":{"rendered":"<p>Enlace a la velocidad de la fibra, Banda Libre en M\u00e9xico, Sin Interferencia, 10 Gbps sim\u00e9tricos Full Duplex, 1.2 km, m\u00ednima latencia<\/p>\n","protected":false},"featured_media":72119,"comment_status":"open","ping_status":"closed","template":"","meta":[],"product_brand":[],"product_cat":[1978,1979],"product_tag":[1981,1982,1980,2008],"class_list":{"0":"post-72120","1":"product","2":"type-product","3":"status-publish","4":"has-post-thumbnail","6":"product_cat-1978","7":"product_cat-70-y-80-ghz","8":"product_tag-1981","9":"product_tag-70-y-80-ghz","10":"product_tag-enlaces-ptp-y-ptmp","11":"product_tag-siklu","13":"first","14":"outofstock","15":"sale","16":"shipping-taxable","17":"purchasable","18":"product-type-simple"},"_links":{"self":[{"href":"https:\/\/soydeaqui.ddns.net\/pachuca\/index.php\/wp-json\/wp\/v2\/product\/72120","targetHints":{"allow":["GET"]}}],"collection":[{"href":"https:\/\/soydeaqui.ddns.net\/pachuca\/index.php\/wp-json\/wp\/v2\/product"}],"about":[{"href":"https:\/\/soydeaqui.ddns.net\/pachuca\/index.php\/wp-json\/wp\/v2\/types\/product"}],"replies":[{"embeddable":true,"href":"https:\/\/soydeaqui.ddns.net\/pachuca\/index.php\/wp-json\/wp\/v2\/comments?post=72120"}],"wp:featuredmedia":[{"embeddable":true,"href":"https:\/\/soydeaqui.ddns.net\/pachuca\/index.php\/wp-json\/wp\/v2\/media\/72119"}],"wp:attachment":[{"href":"https:\/\/soydeaqui.ddns.net\/pachuca\/index.php\/wp-json\/wp\/v2\/media?parent=72120"}],"wp:term":[{"taxonomy":"product_brand","embeddable":true,"href":"https:\/\/soydeaqui.ddns.net\/pachuca\/index.php\/wp-json\/wp\/v2\/product_brand?post=72120"},{"taxonomy":"product_cat","embeddable":true,"href":"https:\/\/soydeaqui.ddns.net\/pachuca\/index.php\/wp-json\/wp\/v2\/product_cat?post=72120"},{"taxonomy":"product_tag","embeddable":true,"href":"https:\/\/soydeaqui.ddns.net\/pachuca\/index.php\/wp-json\/wp\/v2\/product_tag?post=72120"}],"curies":[{"name":"wp","href":"https:\/\/api.w.org\/{rel}","templated":true}]}}