{"id":721,"date":"2026-03-18T05:43:19","date_gmt":"2026-03-18T05:43:19","guid":{"rendered":"https:\/\/soydeaqui.ddns.net\/pachuca\/index.php\/producto\/detector-fotoelectrico-infrarojo-relevador-nc-com-no-compatible-c-accessforce-fs1000apprt\/"},"modified":"2026-03-18T05:43:19","modified_gmt":"2026-03-18T05:43:19","slug":"detector-fotoelectrico-infrarojo-relevador-nc-com-no-compatible-c-accessforce-fs1000apprt","status":"publish","type":"product","link":"https:\/\/soydeaqui.ddns.net\/pachuca\/index.php\/producto\/detector-fotoelectrico-infrarojo-relevador-nc-com-no-compatible-c-accessforce-fs1000apprt\/","title":{"rendered":"Detector fotoelectrico infrarojo \/ RELEVADOR NC-COM-NO \/ Compatible C\/ ACCESSFORCE \/ FS1000APPRT."},"content":{"rendered":"<div style='width: 100%; max-width: 1200px; margin: 0 auto; font-family: sans-serif; line-height: 1.6; color: inherit; background-color: transparent;'>\n<div style='display: flex; flex-wrap: wrap; gap: 30px; margin-bottom: 30px;'>\n<div style='flex: 1 1 300px; min-width: 280px;'>\n<h3 style='font-size: 22px; border-bottom: 2px solid currentColor; padding-bottom: 5px; margin-top: 0; color: inherit; opacity: 0.8;'>Caracter\u00edsticas t\u00e9cnicas<\/h3>\n<ul style='padding-left: 20px; font-size: 15px; color: inherit;'>\n<li style='margin-bottom: 5px;'><strong>Voltaje de operaci\u00f3n:<\/strong> 12\/24 Vcc\/Vca<\/li>\n<li style='margin-bottom: 5px;'><strong>Consumo operativo:<\/strong> 0.040 mA<\/li>\n<li style='margin-bottom: 5px;'><strong>Tiempo de respuesta:<\/strong> 1 segundo<\/li>\n<li style='margin-bottom: 5px;'><strong>Temperatura de operaci\u00f3n:<\/strong> -20 a 70 \u00b0C<\/li>\n<li style='margin-bottom: 5px;'><strong>Distancia de operaci\u00f3n:<\/strong> 13 metros<\/li>\n<li style='margin-bottom: 5px;'><strong>Grado de protecci\u00f3n:<\/strong> IP54<\/li>\n<li style='margin-bottom: 5px;'><strong>\u00c1ngulo ajustable:<\/strong> Horizontalmente (-90\u00b0 ~ +90\u00b0)<\/li>\n<\/ul><\/div>\n<div style='flex: 1 1 300px; min-width: 280px;'>\n<h3 style='font-size: 22px; border-bottom: 2px solid currentColor; padding-bottom: 5px; margin-top: 0; color: inherit; opacity: 0.8;'>Especificaciones el\u00e9ctricas<\/h3>\n<ul style='padding-left: 20px; font-size: 15px; color: inherit;'>\n<li style='margin-bottom: 5px;'><strong>Alimentaci\u00f3n transmisor:<\/strong> 12-24 V<\/li>\n<li style='margin-bottom: 5px;'><strong>Alimentaci\u00f3n receptor:<\/strong> 12-24 V<\/li>\n<li style='margin-bottom: 5px;'><strong>Salida de rel\u00e9:<\/strong> NC\/NO<\/li>\n<li style='margin-bottom: 5px;'><strong>Consumo total:<\/strong> 0.5 W<\/li>\n<\/ul>\n<h3 style='font-size: 22px; border-bottom: 2px solid currentColor; padding-bottom: 5px; margin-top: 25px; margin-bottom: 15px; color: inherit; opacity: 0.8;'>Dimensiones<\/h3>\n<ul style='padding-left: 20px; font-size: 15px; color: inherit;'>\n<li style='margin-bottom: 5px;'><strong>Ancho:<\/strong> 4.3 cm<\/li>\n<li style='margin-bottom: 5px;'><strong>Alto:<\/strong> 14.4 cm<\/li>\n<li style='margin-bottom: 5px;'><strong>Peso:<\/strong> 100 gramos<\/li>\n<\/ul><\/div>\n<\/p><\/div>\n<div style='display: flex; flex-wrap: wrap; gap: 20px; margin-bottom: 30px;'>\n<div style='flex: 1 1 250px; border: 1px solid rgba(150&comma; 150&comma; 150&comma; 0.4); border-radius: 8px; overflow: hidden; display: flex; flex-direction: column;'>\n<div style='padding: 15px; border-bottom: 1px solid rgba(150&comma; 150&comma; 150&comma; 0.2); font-weight: bold; font-size: 18px; color: inherit;'>Aplicaciones<\/div>\n<div style='padding: 15px; color: inherit;'>\n<ul style='padding-left: 20px; margin: 0; font-size: 14px; list-style-type: disc; color: inherit;'>\n<li style='margin-bottom: 5px;'>Puertas batientes<\/li>\n<li style='margin-bottom: 5px;'>Puertas seccionales<\/li>\n<li style='margin-bottom: 5px;'>Puertas enrollables<\/li>\n<li style='margin-bottom: 5px;'>Puertas corredizas<\/li>\n<\/ul><\/div>\n<\/p><\/div>\n<div style='flex: 1 1 250px; border: 1px solid rgba(150&comma; 150&comma; 150&comma; 0.4); border-radius: 8px; overflow: hidden; display: flex; flex-direction: column;'>\n<div style='padding: 15px; border-bottom: 1px solid rgba(150&comma; 150&comma; 150&comma; 0.2); font-weight: bold; font-size: 18px; color: inherit;'>Contenido del paquete<\/div>\n<div style='padding: 15px; color: inherit;'>\n<ul style='padding-left: 20px; margin: 0; font-size: 14px; list-style-type: disc; color: inherit;'>\n<li style='margin-bottom: 5px;'>1 Transmisor IR con salida de rel\u00e9 NO\/NC\/COM<\/li>\n<li style='margin-bottom: 5px;'>1 Receptor IR<\/li>\n<li style='margin-bottom: 5px;'>Soportes de montaje<\/li>\n<li style='margin-bottom: 5px;'>Paquete de tornillos<\/li>\n<li style='margin-bottom: 5px;'>Manual de instalaci\u00f3n<\/li>\n<li style='margin-bottom: 5px;'>Cable de conexi\u00f3n 10m x 3<\/li>\n<\/ul><\/div>\n<\/p><\/div>\n<div style='flex: 1 1 250px; border: 1px solid rgba(150&comma; 150&comma; 150&comma; 0.4); border-radius: 8px; overflow: hidden; display: flex; flex-direction: column;'>\n<div style='padding: 15px; border-bottom: 1px solid rgba(150&comma; 150&comma; 150&comma; 0.2); font-weight: bold; font-size: 18px; color: inherit;'>Conexiones<\/div>\n<div style='padding: 15px; color: inherit;'>\n<ul style='padding-left: 20px; margin: 0; font-size: 14px; list-style-type: disc; color: inherit;'>\n<li style='margin-bottom: 5px;'>Alimentaci\u00f3n transmisor: 12-24V<\/li>\n<li style='margin-bottom: 5px;'>Alimentaci\u00f3n receptor: 12-24V<\/li>\n<li style='margin-bottom: 5px;'>Puerto NO\/NC &#8211; COM al puerto PE &#8211; GND del motor<\/li>\n<\/ul><\/div>\n<\/p><\/div>\n<\/p><\/div>\n<div style='display: flex; flex-wrap: wrap; gap: 20px; margin-bottom: 30px;'>\n<div style='flex: 1 1 250px; border: 1px solid rgba(150&comma; 150&comma; 150&comma; 0.4); border-radius: 8px; overflow: hidden; display: flex; flex-direction: column;'>\n<div style='padding: 15px; border-bottom: 1px solid rgba(150&comma; 150&comma; 150&comma; 0.2); font-weight: bold; font-size: 18px; color: inherit;'>Caracter\u00edsticas de seguridad<\/div>\n<div style='padding: 15px; color: inherit;'>\n<ul style='padding-left: 20px; margin: 0; font-size: 14px; list-style-type: disc; color: inherit;'>\n<li style='margin-bottom: 5px;'>Detecci\u00f3n en tiempo real de obstrucciones<\/li>\n<li style='margin-bottom: 5px;'>Inversi\u00f3n autom\u00e1tica de puerta al detectar obst\u00e1culos<\/li>\n<li style='margin-bottom: 5px;'>Indicadores LED para estado de funcionamiento<\/li>\n<\/ul><\/div>\n<\/p><\/div>\n<div style='flex: 1 1 250px; border: 1px solid rgba(150&comma; 150&comma; 150&comma; 0.4); border-radius: 8px; overflow: hidden; display: flex; flex-direction: column;'>\n<div style='padding: 15px; border-bottom: 1px solid rgba(150&comma; 150&comma; 150&comma; 0.2); font-weight: bold; font-size: 18px; color: inherit;'>Instalaci\u00f3n<\/div>\n<div style='padding: 15px; color: inherit;'>\n<ul style='padding-left: 20px; margin: 0; font-size: 14px; list-style-type: disc; color: inherit;'>\n<li style='margin-bottom: 5px;'>Altura recomendada: 15-25 cm del suelo<\/li>\n<li style='margin-bottom: 5px;'>Distancia lateral: 10-15 cm de la pista<\/li>\n<li style='margin-bottom: 5px;'>Ajuste de alineaci\u00f3n mediante soportes<\/li>\n<li style='margin-bottom: 5px;'>Giratorio de -90\u00b0 a +90\u00b0 para ajuste<\/li>\n<\/ul><\/div>\n<\/p><\/div>\n<\/p><\/div>\n<hr style='border: 0; border-top: 1px solid rgba(150&comma; 150&comma; 150&comma; 0.3); margin: 30px 0;'> <\/div>\n","protected":false},"excerpt":{"rendered":"<p>Detector fotoelectrico infrarojo \/ RELEVADOR NC-COM-NO \/ Compatible C\/ ACCESSFORCE \/ FS1000APPRT.<\/p>\n","protected":false},"featured_media":720,"comment_status":"open","ping_status":"closed","template":"","meta":[],"product_brand":[],"product_cat":[232],"product_tag":[234,19,233],"class_list":{"0":"post-721","1":"product","2":"type-product","3":"status-publish","4":"has-post-thumbnail","6":"product_cat-fotoelectricos-y-microondas","7":"product_tag-accesspro","8":"product_tag-detectores-sensores","9":"product_tag-fotoelectricos-y-microondas","11":"first","12":"outofstock","13":"sale","14":"shipping-taxable","15":"purchasable","16":"product-type-simple"},"_links":{"self":[{"href":"https:\/\/soydeaqui.ddns.net\/pachuca\/index.php\/wp-json\/wp\/v2\/product\/721","targetHints":{"allow":["GET"]}}],"collection":[{"href":"https:\/\/soydeaqui.ddns.net\/pachuca\/index.php\/wp-json\/wp\/v2\/product"}],"about":[{"href":"https:\/\/soydeaqui.ddns.net\/pachuca\/index.php\/wp-json\/wp\/v2\/types\/product"}],"replies":[{"embeddable":true,"href":"https:\/\/soydeaqui.ddns.net\/pachuca\/index.php\/wp-json\/wp\/v2\/comments?post=721"}],"wp:featuredmedia":[{"embeddable":true,"href":"https:\/\/soydeaqui.ddns.net\/pachuca\/index.php\/wp-json\/wp\/v2\/media\/720"}],"wp:attachment":[{"href":"https:\/\/soydeaqui.ddns.net\/pachuca\/index.php\/wp-json\/wp\/v2\/media?parent=721"}],"wp:term":[{"taxonomy":"product_brand","embeddable":true,"href":"https:\/\/soydeaqui.ddns.net\/pachuca\/index.php\/wp-json\/wp\/v2\/product_brand?post=721"},{"taxonomy":"product_cat","embeddable":true,"href":"https:\/\/soydeaqui.ddns.net\/pachuca\/index.php\/wp-json\/wp\/v2\/product_cat?post=721"},{"taxonomy":"product_tag","embeddable":true,"href":"https:\/\/soydeaqui.ddns.net\/pachuca\/index.php\/wp-json\/wp\/v2\/product_tag?post=721"}],"curies":[{"name":"wp","href":"https:\/\/api.w.org\/{rel}","templated":true}]}}