{"id":72096,"date":"2026-03-19T12:30:25","date_gmt":"2026-03-19T12:30:25","guid":{"rendered":"https:\/\/soydeaqui.ddns.net\/pachuca\/index.php\/producto\/jabra-evolve2-65-auricular-stereo-version-uc-con-aislamiento-de-ruido-activa-dongle-usb-a-indicador-de-ocupado-busylight-26599-989-999\/"},"modified":"2026-03-19T12:30:30","modified_gmt":"2026-03-19T12:30:30","slug":"jabra-evolve2-65-auricular-stereo-version-uc-con-aislamiento-de-ruido-activa-dongle-usb-a-indicador-de-ocupado-busylight-26599-989-999","status":"publish","type":"product","link":"https:\/\/soydeaqui.ddns.net\/pachuca\/index.php\/producto\/jabra-evolve2-65-auricular-stereo-version-uc-con-aislamiento-de-ruido-activa-dongle-usb-a-indicador-de-ocupado-busylight-26599-989-999\/","title":{"rendered":"Jabra Evolve2 65, Auricular stereo versi\u00f3n UC con aislamiento de ruido activa, dongle USB-A indicador de ocupado (Busylight) (26599-989-999)"},"content":{"rendered":"<div style='width: 100%; max-width: 1200px; margin: 0 auto; font-family: sans-serif; line-height: 1.6; color: inherit; background-color: transparent;'>\n<div style='display: flex; flex-wrap: wrap; gap: 30px; margin-bottom: 30px;'>\n<div style='flex: 1 1 300px; min-width: 280px;'>\n<h4 style='font-size: 22px; border-bottom: 2px solid currentColor; padding-bottom: 5px; margin-top: 0; color: inherit; opacity: 0.8;'>AISLAMIENTO DEL RUIDO<\/h4>\n<h2 style='font-size: 28px; margin-top: 0; margin-bottom: 15px; color: inherit;'>A\u00edsla tus o\u00eddos del ruido.<\/h2>\n<div style='border-top: 2px solid #f0f606; width: 60px; margin: 20px 0;'><\/div>\n<\/p><\/div>\n<\/p><\/div>\n<div style='display: flex; flex-wrap: wrap; gap: 30px; margin-bottom: 30px;'>\n<div style='flex: 1 1 300px; min-width: 280px;'>\n<h2 style='font-size: 28px; margin-top: 0; margin-bottom: 15px; color: inherit;'>Olv\u00eddate de esconderte cuando est\u00e1s trabajando.<\/h2>\n<p style='font-size: 15px; margin-bottom: 15px; color: inherit;'>Llevamos nuestra &#8216;luz de ocupado&#8217; Busylight a un nivel totalmente nuevo&comma; pues ahora se puede ver desde cualquier direcci\u00f3n. La luz roja se activa autom\u00e1ticamente cuando est\u00e1s haciendo una llamada o en una reuni\u00f3n&comma; o puedes activarla t\u00fa mismo con tan solo pulsar un bot\u00f3n. Por lo tanto&comma; incluso si est\u00e1s en el centro de la acci\u00f3n&comma; tu luz de aviso Busylight te proteger\u00e1 desde todos los \u00e1ngulos y contra todas las interrupciones.<\/p>\n<p style='font-size: 15px; margin-bottom: 15px; color: inherit;'>Es como tener un guardia de seguridad integrado para cuidar tu concentraci\u00f3n.<\/p>\n<p> <a style='display: inline-block; padding: 10px 20px; background-color: #f0f606; color: inherit; text-decoration: none; border-radius: 5px; font-weight: bold; transition: background-color 0.3s;' href='#'>Ver m\u00e1s<\/a> <\/div>\n<div style='flex: 1 1 300px; min-width: 280px;'>\n<div style='position: relative; padding-bottom: 56.25%; height: 0; overflow: hidden; margin-bottom: 30px;'>   <\/div>\n<\/p><\/div>\n<\/p><\/div>\n<div style='display: flex; flex-wrap: wrap; gap: 30px; margin-bottom: 30px;'>\n<div style='flex: 1 1 300px; min-width: 280px;'>\n<h1 style='font-size: 32px; margin-top: 0; margin-bottom: 15px; color: inherit;'>Llamadas maravillosas<\/h1>\n<div style='border-top: 2px solid #f0f606; width: 60px; margin: 20px 0;'><\/div>\n<\/p><\/div>\n<\/p><\/div>\n<div style='display: flex; flex-wrap: wrap; gap: 30px; margin-bottom: 30px;'>\n<div style='flex: 1 1 300px; min-width: 280px;'>\n<p style='font-size: 15px; margin-bottom: 15px; color: inherit;'>Unos resultados sobresalientes requieren de un rendimiento de llamadas igual de sobresaliente; mientras que un audio fluido y profesional marca la diferencia. Tomamos el incre\u00edble rendimiento de las llamadas de nuestra Serie Evolve y lo mejoramos a\u00fan m\u00e1s&comma; dise\u00f1ando tres poderosos micr\u00f3fonos profesionales estrat\u00e9gicamente colocados y agregando nuestro avanzado chipset digital y lo \u00faltimo en tecnolog\u00eda de procesamiento de se\u00f1ales. El resultado es una calidad de llamada excepcional&comma; siempre.<\/p>\n<\/p><\/div>\n<\/p><\/div>\n<div style='display: grid; grid-template-columns: repeat(auto-fit&comma; minmax(280px&comma; 1fr)); gap: 20px; margin-bottom: 30px;'> <img style='width: 100%; height: auto; border: 1px solid rgba(150&comma;150&comma;150&comma;0.3); border-radius: 8px;' src='https:\/\/ftp3.syscom.mx\/usuarios\/fotos\/EVOLVE265STEREOUCBKA\/189756-captura_de_pantalla_2021-04-12_a_la(s)_14.01.36.png' alt='Imagen 1' \/> <img style='width: 100%; height: auto; border: 1px solid rgba(150&comma;150&comma;150&comma;0.3); border-radius: 8px;' src='https:\/\/ftp3.syscom.mx\/usuarios\/fotos\/EVOLVE265STEREOUCBKA\/189756-captura_de_pantalla_2021-04-12_a_la(s)_14.01.48.png' alt='Imagen 2' \/> <img style='width: 100%; height: auto; border: 1px solid rgba(150&comma;150&comma;150&comma;0.3); border-radius: 8px;' src='https:\/\/ftp3.syscom.mx\/usuarios\/fotos\/EVOLVE265STEREOUCBKA\/189756-captura_de_pantalla_2021-04-12_a_la(s)_14.02.00.png' alt='Imagen 3' \/> <\/div>\n<div style='display: flex; flex-wrap: wrap; gap: 30px; margin-bottom: 30px;'>\n<div style='flex: 1 1 300px; min-width: 280px;'>\n<h4 style='font-size: 22px; border-bottom: 2px solid currentColor; padding-bottom: 5px; margin-top: 0; color: inherit; opacity: 0.8;'>M\u00daSICA<\/h4>\n<h2 style='font-size: 28px; margin-top: 0; margin-bottom: 15px; color: inherit;'>La m\u00fasica es tan buena que se puede sentir.<\/h2>\n<\/p><\/div>\n<\/p><\/div>\n<div style='display: flex; flex-wrap: wrap; gap: 30px; margin-bottom: 30px;'>\n<div style='flex: 1 1 300px; min-width: 280px;'>\n<h2 style='font-size: 28px; margin-top: 0; margin-bottom: 15px; color: inherit;'>Bater\u00eda que dura d\u00edas.<\/h2>\n<p style='font-size: 15px; margin-bottom: 15px; color: inherit;'>Ya sea que te la pases entrando y saliendo de reuniones&comma; caminando por los pasillos o trabajando a distancia&comma; es bueno saber que tus auriculares pueden seguirte el ritmo. Nuestra tecnolog\u00eda de eficiencia avanzada de la bater\u00eda y este incre\u00edble chipset nos han ayudado a que estos poderosos auriculares inal\u00e1mbricos puedan funcionar durante 37 horas*&comma; un tiempo l\u00edder en la industria.<\/p>\n<p style='font-size: 15px; margin-bottom: 15px; color: inherit;'>Por supuesto&comma; tambi\u00e9n te tenemos cubierto con su pr\u00e1ctico soporte de carga&comma; si es que alguna vez lo necesitas.<\/p>\n<p style='font-size: 15px; margin-bottom: 5px; color: inherit;'><strong>Carga completa:<\/strong> Consigue 37 horas de autonom\u00eda en 90 minutos.<\/p>\n<p style='font-size: 15px; margin-bottom: 15px; color: inherit;'><strong>Carga r\u00e1pida:<\/strong> Consigue 8 horas de autonom\u00eda en 15 minutos.<\/p>\n<\/p><\/div>\n<div style='flex: 1 1 300px; min-width: 280px;'> <img style='width: 100%; height: auto; border: 1px solid rgba(150&comma;150&comma;150&comma;0.3); border-radius: 8px;' src='https:\/\/ftp3.syscom.mx\/usuarios\/fotos\/EVOLVE285UCBKA\/187567-captura_de_pantalla_2021-04-12_a_la(s)_12.02.54.png' alt='Bater\u00eda' \/> <\/div>\n<\/p><\/div>\n<div style='display: flex; flex-wrap: wrap; gap: 30px; margin-bottom: 30px;'>\n<div style='flex: 1 1 300px; min-width: 280px;'>\n<h1 style='font-size: 32px; margin-top: 0; margin-bottom: 15px; color: inherit;'>Especificaciones t\u00e9cnicas<\/h1>\n<\/p><\/div>\n<\/p><\/div>\n<div style='display: flex; flex-wrap: wrap; gap: 20px; margin-bottom: 30px;'>\n<div style='flex: 1 1 250px; border: 1px solid rgba(150&comma; 150&comma; 150&comma; 0.4); border-radius: 8px; overflow: hidden; display: flex; flex-direction: column;'>\n<div style='padding: 15px; border-bottom: 1px solid rgba(150&comma; 150&comma; 150&comma; 0.2); font-weight: bold; font-size: 18px; color: inherit;'>Audio<\/div>\n<div style='padding: 15px; color: inherit;'>\n<ul style='padding-left: 20px; margin: 0; font-size: 14px; list-style-type: disc;'>\n<li style='margin-bottom: 5px;'><strong>Cancelaci\u00f3n activa de ruido:<\/strong> N\/D<\/li>\n<li style='margin-bottom: 5px;'><strong>Tama\u00f1o de bocina:<\/strong> 40 mm \u00d8<\/li>\n<li style='margin-bottom: 5px;'><strong>Sensibilidad del altavoz:<\/strong> 117 dB @1 mW-1 kHz<\/li>\n<li style='margin-bottom: 5px;'><strong>Alimentaci\u00f3n m\u00e1xima del altavoz:<\/strong> 30 mW<\/li>\n<li style='margin-bottom: 5px;'><strong>Rango de frecuencia de la bocina:<\/strong> 20 Hz &#8211; 20 000 Hz<\/li>\n<\/ul><\/div>\n<\/p><\/div>\n<div style='flex: 1 1 250px; border: 1px solid rgba(150&comma; 150&comma; 150&comma; 0.4); border-radius: 8px; overflow: hidden; display: flex; flex-direction: column;'>\n<div style='padding: 15px; border-bottom: 1px solid rgba(150&comma; 150&comma; 150&comma; 0.2); font-weight: bold; font-size: 18px; color: inherit;'>Conectividad<\/div>\n<div style='padding: 15px; color: inherit;'>\n<ul style='padding-left: 20px; margin: 0; font-size: 14px; list-style-type: disc;'>\n<li style='margin-bottom: 5px;'><strong>Conexi\u00f3n (ordenador y dispositivos m\u00f3viles):<\/strong> Adaptador Bluetooth (USB-A)&comma; Bluetooth<\/li>\n<li style='margin-bottom: 5px;'><strong>Dispositivo Bluetooth\u00ae:<\/strong> S\u00ed<\/li>\n<li style='margin-bottom: 5px;'><strong>Versi\u00f3n de Bluetooth:<\/strong> Bluetooth 5.0<\/li>\n<li style='margin-bottom: 5px;'><strong>Perfiles Bluetooth:<\/strong> HSP v1.2&comma; HFP v1.7&comma; A2DP v1.3&comma; AVRCP v1.6&comma; PBAP v1.1&comma; SPP v1.2<\/li>\n<\/ul><\/div>\n<\/p><\/div>\n<div style='flex: 1 1 250px; border: 1px solid rgba(150&comma; 150&comma; 150&comma; 0.4); border-radius: 8px; overflow: hidden; display: flex; flex-direction: column;'>\n<div style='padding: 15px; border-bottom: 1px solid rgba(150&comma; 150&comma; 150&comma; 0.2); font-weight: bold; font-size: 18px; color: inherit;'>Bater\u00eda<\/div>\n<div style='padding: 15px; color: inherit;'>\n<ul style='padding-left: 20px; margin: 0; font-size: 14px; list-style-type: disc;'>\n<li style='margin-bottom: 5px;'><strong>Tiempo de m\u00fasica:<\/strong> Hasta 37 horas<\/li>\n<li style='margin-bottom: 5px;'><strong>Tiempo en conversaci\u00f3n:<\/strong> Hasta 35 horas (sin busylight) y hasta 24 horas (con busylight)<\/li>\n<li style='margin-bottom: 5px;'><strong>Tiempo de carga:<\/strong> Hasta 90 min<\/li>\n<li style='margin-bottom: 5px;'><strong>Consumo de energ\u00eda:<\/strong> 5 V\/500 mA<\/li>\n<\/ul><\/div>\n<\/p><\/div>\n<\/p><\/div>\n<hr style='border: 0; border-top: 1px solid rgba(150&comma; 150&comma; 150&comma; 0.3); margin: 30px 0;'> <\/div>\n","protected":false},"excerpt":{"rendered":"<p>Jabra Evolve2 65, Auricular stereo versi\u00f3n UC con aislamiento de ruido activa, dongle USB-A indicador de ocupado (Busylight) (26599-989-999)<\/p>\n","protected":false},"featured_media":72095,"comment_status":"open","ping_status":"closed","template":"","meta":[],"product_brand":[],"product_cat":[2050],"product_tag":[2051,2052,2004],"class_list":{"0":"post-72096","1":"product","2":"type-product","3":"status-publish","4":"has-post-thumbnail","6":"product_cat-auriculares","7":"product_tag-auriculares","8":"product_tag-jabra","9":"product_tag-voip-telefonia-ip-videoconferencia","11":"first","12":"outofstock","13":"sale","14":"shipping-taxable","15":"purchasable","16":"product-type-simple"},"_links":{"self":[{"href":"https:\/\/soydeaqui.ddns.net\/pachuca\/index.php\/wp-json\/wp\/v2\/product\/72096","targetHints":{"allow":["GET"]}}],"collection":[{"href":"https:\/\/soydeaqui.ddns.net\/pachuca\/index.php\/wp-json\/wp\/v2\/product"}],"about":[{"href":"https:\/\/soydeaqui.ddns.net\/pachuca\/index.php\/wp-json\/wp\/v2\/types\/product"}],"replies":[{"embeddable":true,"href":"https:\/\/soydeaqui.ddns.net\/pachuca\/index.php\/wp-json\/wp\/v2\/comments?post=72096"}],"wp:featuredmedia":[{"embeddable":true,"href":"https:\/\/soydeaqui.ddns.net\/pachuca\/index.php\/wp-json\/wp\/v2\/media\/72095"}],"wp:attachment":[{"href":"https:\/\/soydeaqui.ddns.net\/pachuca\/index.php\/wp-json\/wp\/v2\/media?parent=72096"}],"wp:term":[{"taxonomy":"product_brand","embeddable":true,"href":"https:\/\/soydeaqui.ddns.net\/pachuca\/index.php\/wp-json\/wp\/v2\/product_brand?post=72096"},{"taxonomy":"product_cat","embeddable":true,"href":"https:\/\/soydeaqui.ddns.net\/pachuca\/index.php\/wp-json\/wp\/v2\/product_cat?post=72096"},{"taxonomy":"product_tag","embeddable":true,"href":"https:\/\/soydeaqui.ddns.net\/pachuca\/index.php\/wp-json\/wp\/v2\/product_tag?post=72096"}],"curies":[{"name":"wp","href":"https:\/\/api.w.org\/{rel}","templated":true}]}}