{"id":7208,"date":"2026-03-18T06:53:20","date_gmt":"2026-03-18T06:53:20","guid":{"rendered":"https:\/\/soydeaqui.ddns.net\/pachuca\/index.php\/producto\/energizador-antiplantas-de-10000volts-5joules-10000-mts-lineales-de-proteccion-cercas-electrificadas\/"},"modified":"2026-03-18T06:53:24","modified_gmt":"2026-03-18T06:53:24","slug":"energizador-antiplantas-de-10000volts-5joules-10000-mts-lineales-de-proteccion-cercas-electrificadas","status":"publish","type":"product","link":"https:\/\/soydeaqui.ddns.net\/pachuca\/index.php\/producto\/energizador-antiplantas-de-10000volts-5joules-10000-mts-lineales-de-proteccion-cercas-electrificadas\/","title":{"rendered":"Energizador ANTIPLANTAS de 10,000Volts-5JOULES\/10,000 Mts lineales de protecci\u00f3n \/ Cercas Electrificadas"},"content":{"rendered":"<div style='width: 100%; max-width: 1200px; margin: 0 auto; font-family: sans-serif; line-height: 1.6; color: inherit; background-color: transparent;'> <!-- Imagen principal --> <\/p>\n<div style='width: 100%; margin: 20px 0;'> <img style='width: 100%; height: auto; border: 1px solid rgba(150&comma;150&comma;150&comma;0.3); border-radius: 8px;' src='https:\/\/ftp3.syscom.mx\/usuarios\/vvega\/yonusa\/nombres\/sys12000127afv2_Nombre.png' alt=''> <\/div>\n<p> <!-- Descripci\u00f3n principal --> <\/p>\n<div style='margin-bottom: 30px; font-size: 15px;'>\n<p>El mejor y m\u00e1s rentable sistema de protecci\u00f3n perimetral con tarjeta fabricada con <strong style='color: inherit;'>tecnolog\u00eda SMT<\/strong>&comma; ideal para proteger casas&comma; condominios&comma; empresas y predios. Sistema disuasivo mediante letreros de Alto Voltaje y repulsivo ya que genera una descarga de m\u00e1s de <strong style='color: inherit;'>10&comma;000 Voltios<\/strong> sin da\u00f1ar al intruso.<\/p>\n<p style='margin: 15px 0;'><strong style='color: inherit;'><u style='color: inherit;'>Consumo de energ\u00eda el\u00e9ctrica aproximado de $0.2 USD mensuales = 1.2 kw\/mes.<\/u><\/strong><\/p>\n<p>UNICO Energizador con <strong style='color: inherit;'>INTERFAZ de ALARMA Independiente<\/strong> integrada en el gabinete del energizador.<\/p>\n<p style='margin-top: 15px;'><em>NOTA: Puede hacer uso de nuestra herramienta <a href='https:\/\/www.syscom.mx\/soporte\/calculador_cercos_electricos' target='_blank' rel='noopener' style='color: #0091ff; text-decoration: none; font-weight: bold;'>CALCULADOR DE CERCOS ELECTRICOS<\/a> para obtener un estimado de material que se requiere para determinado per\u00edmetro&comma; as\u00ed como el energizador id\u00f3neo para dicha instalaci\u00f3n.<\/em><\/p>\n<\/p><\/div>\n<p> <!-- Secci\u00f3n de caracter\u00edsticas --> <\/p>\n<div style='display: flex; flex-wrap: wrap; gap: 20px; margin-bottom: 30px;'> <!-- Funcionalidad --> <\/p>\n<div style='flex: 1 1 300px; min-width: 280px;'>\n<div style='border: 1px solid rgba(150&comma;150&comma;150&comma;0.4); border-radius: 8px; overflow: hidden; display: flex; flex-direction: column;'>\n<div style='padding: 15px; border-bottom: 1px solid rgba(150&comma; 150&comma; 150&comma; 0.2); font-weight: bold; font-size: 18px; color: inherit; background-color: rgba(0&comma; 145&comma; 255&comma; 0.05);'>Funcionalidad<\/div>\n<div style='padding: 15px; color: inherit;'>\n<ul style='padding-left: 20px; margin: 0; font-size: 14px; list-style-type: disc;'>\n<li style='margin-bottom: 5px;'>Espacio interno para <a href='https:\/\/www.syscom.mx\/producto\/PL-4.5-12-EPCOM-POWERLINE-67464.html' target='_blank' rel='noopener' style='color: #0091ff; text-decoration: none;'>bater\u00eda de 4 A\/h 12 Vcc<\/a>. \u00a1Respaldo de hasta 3 d\u00edas!<\/li>\n<li style='margin-bottom: 5px;'>Opci\u00f3n de alimentaci\u00f3n por Panel Solar.<\/li>\n<li style='margin-bottom: 5px;'>Alarma por atenuaci\u00f3n de voltaje&comma; corte o aterrizamiento de l\u00ednea.<\/li>\n<li style='margin-bottom: 5px;'>LEDs Visibles de Estatus del Equipo.<\/li>\n<li style='margin-bottom: 5px;'>Excelente estabilidad ante lluvia (sin falsas alarmas).<\/li>\n<li style='margin-bottom: 5px;'>Equipo Anti-Plantas.<\/li>\n<li style='margin-bottom: 5px;'>Control de llave de seguridad para encendido y apagado.<\/li>\n<li style='margin-bottom: 5px;'>Entrada para Control Remoto.<\/li>\n<li style='margin-bottom: 5px;'>Capacidad de operar 2 sirenas de 12 Vcc&comma; 30 Watts&comma; 120 dB.<\/li>\n<li style='margin-bottom: 5px;'>Sus circuitos de alimentaci\u00f3n se encuentran protegidos por fusibles&comma; reguladores electr\u00f3nicos de voltaje que permite operar con variaci\u00f3n de \u00b115%.<\/li>\n<li style='margin-bottom: 5px;'>Operaci\u00f3n sin ruido el\u00e9ctrico por su arrestador de picos integrado.<\/li>\n<\/ul><\/div>\n<\/p><\/div>\n<\/p><\/div>\n<p> <!-- Caracter\u00edsticas F\u00edsicas y El\u00e9ctricas --> <\/p>\n<div style='flex: 1 1 300px; min-width: 280px;'>\n<div style='border: 1px solid rgba(150&comma;150&comma;150&comma;0.4); border-radius: 8px; overflow: hidden; display: flex; flex-direction: column;'>\n<div style='padding: 15px; border-bottom: 1px solid rgba(150&comma; 150&comma; 150&comma; 0.2); font-weight: bold; font-size: 18px; color: inherit; background-color: rgba(0&comma; 145&comma; 255&comma; 0.05);'>Caracter\u00edsticas F\u00edsicas y El\u00e9ctricas<\/div>\n<div style='padding: 15px; color: inherit;'>\n<ul style='padding-left: 20px; margin: 0; font-size: 14px; list-style-type: disc;'>\n<li style='margin-bottom: 5px;'>Alimentaci\u00f3n 127 &#8211; 220 Vac o Panel Solar 12 Vcc.<\/li>\n<li style='margin-bottom: 5px;'>Dimensiones: 35 x 25.6 x 11 cm.<\/li>\n<li style='margin-bottom: 5px;'>Gabinete de Poliestireno retardante a flama (Norma V0).<\/li>\n<li style='margin-bottom: 5px;'>Gabinete NEMA 2&comma; briznas y llovisnas.<\/li>\n<li style='margin-bottom: 5px;'>Protecci\u00f3n antioxidante y contra rayos UV.<\/li>\n<li style='margin-bottom: 5px;'>Factor de humedad 72 %<\/li>\n<li style='margin-bottom: 5px;'>Temperatura de operaci\u00f3n: -5 a 50 \u00b0C.<\/li>\n<li style='margin-bottom: 5px;'>Peso: 3Kg (sin bater\u00eda).<\/li>\n<li style='margin-bottom: 5px;'>Salida Auxiliar 1.5A 12 V para alimentaci\u00f3n de sirenas&comma; interruptores&comma; sensores&comma; luces&comma; etc.<\/li>\n<li style='margin-bottom: 5px;'>Salida temporizada para Sirenas.<\/li>\n<li style='margin-bottom: 5px;'>2 Salidas de contacto seco (C NA NC).<\/li>\n<li style='margin-bottom: 5px;'>Fuerza Pulso Salida: 5 Joule.<\/li>\n<li style='margin-bottom: 5px;'>Voltaje de Salida: 10&comma;000 Volts.<\/li>\n<\/ul><\/div>\n<\/p><\/div>\n<\/p><\/div>\n<p> <!-- Caracter\u00edsticas Destacadas --> <\/p>\n<div style='flex: 1 1 300px; min-width: 280px;'>\n<div style='border: 1px solid rgba(150&comma;150&comma;150&comma;0.4); border-radius: 8px; overflow: hidden; display: flex; flex-direction: column;'>\n<div style='padding: 15px; border-bottom: 1px solid rgba(150&comma; 150&comma; 150&comma; 0.2); font-weight: bold; font-size: 18px; color: inherit; background-color: rgba(0&comma; 145&comma; 255&comma; 0.05);'>Caracter\u00edsticas Destacadas<\/div>\n<div style='padding: 15px; color: inherit;'>\n<ul style='padding-left: 20px; margin: 0; font-size: 14px; list-style-type: disc;'>\n<li style='margin-bottom: 5px;'>Ahora es posible ajustar los tiempos de sirena as\u00ed como sus modos de operaci\u00f3n (Constante o Intermitente).<\/li>\n<li style='margin-bottom: 5px;'>Configuraci\u00f3n de salida de sirena para funcionamiento por 12 V o como contacto seco mediante Jumpers.<\/li>\n<li style='margin-bottom: 5px;'>Confirmaci\u00f3n de encendido y apagado del Cerco El\u00e9ctrico + Funci\u00f3n de P\u00e1nico con control remoto <a href='https:\/\/www.syscom.mx\/producto\/KL2V2-YONUSA-169510.html' target='_blank' rel='noopener' style='color: #0091ff; text-decoration: none;'><strong>KL2V2<\/strong><\/a><\/li>\n<li style='margin-bottom: 5px;'>Aplicaci\u00f3n m\u00f3vil con equipo <strong><a href='https:\/\/www.syscom.mx\/principal\/searchcont?route=TARJET-WIFI-LITE-YONUSA-205318&#038;autodetect=tarjetwifi' target='_blank' rel='noopener' style='color: #0091ff; text-decoration: none;'>TARJET-WIFI-LITE<\/a><\/strong>&comma; con la cual podemos apagar \/ encender el equipo&comma; activar un p\u00e1nico&comma; recibir alertas de activaci\u00f3n o bater\u00eda baja&comma; encender luminarias entre otras funciones!<\/li>\n<li style='margin-bottom: 5px;'>El modelo <a href='https:\/\/www.syscom.mx\/producto\/AMP30-YONUSA-189759.html' target='_blank' rel='noopener' style='color: #0091ff; text-decoration: none;'><strong>AMP30<\/strong><\/a>&comma; el cual nos ayuda a a\u00f1adir m\u00e1s metros de protecci\u00f3n en el per\u00edmetro o mayor potencia de impacto (hasta 30% extra)&comma; tambi\u00e9n nos ayuda para solucionar temas de inducci\u00f3n.<\/li>\n<\/ul>\n<p style='margin-top: 15px;'><em>NOTA: se recomienda utilizar alambre de aluminio calibre 14 o 16<\/em><\/p>\n<\/p><\/div>\n<\/p><\/div>\n<\/p><\/div>\n<\/p><\/div>\n<p> <!-- Im\u00e1genes adicionales --> <\/p>\n<div style='width: 100%; margin: 20px 0;'> <img style='width: 100%; height: auto; border: 1px solid rgba(150&comma;150&comma;150&comma;0.3); border-radius: 8px;' src='https:\/\/ftp3.syscom.mx\/usuarios\/vvega\/yonusa\/nombres\/sys12000127afv2_linea.png' alt=''> <\/div>\n<div style='width: 100%; margin: 20px 0;'> <img style='width: 100%; height: auto; border: 1px solid rgba(150&comma;150&comma;150&comma;0.3); border-radius: 8px;' src='https:\/\/ftp3.syscom.mx\/usuarios\/vvega\/yonusa\/Instalacion1.png' alt=''> <\/div>\n<\/p><\/div>\n","protected":false},"excerpt":{"rendered":"<p>Energizador ANTIPLANTAS de 10,000Volts-5JOULES\/10,000 Mts lineales de protecci\u00f3n \/ Cercas Electrificadas<\/p>\n","protected":false},"featured_media":7207,"comment_status":"open","ping_status":"closed","template":"","meta":[],"product_brand":[],"product_cat":[81],"product_tag":[82,83,84],"class_list":{"0":"post-7208","1":"product","2":"type-product","3":"status-publish","4":"has-post-thumbnail","6":"product_cat-energizadores","7":"product_tag-cercas-electricas","8":"product_tag-energizadores","9":"product_tag-yonusa","11":"first","12":"outofstock","13":"sale","14":"shipping-taxable","15":"purchasable","16":"product-type-simple"},"_links":{"self":[{"href":"https:\/\/soydeaqui.ddns.net\/pachuca\/index.php\/wp-json\/wp\/v2\/product\/7208","targetHints":{"allow":["GET"]}}],"collection":[{"href":"https:\/\/soydeaqui.ddns.net\/pachuca\/index.php\/wp-json\/wp\/v2\/product"}],"about":[{"href":"https:\/\/soydeaqui.ddns.net\/pachuca\/index.php\/wp-json\/wp\/v2\/types\/product"}],"replies":[{"embeddable":true,"href":"https:\/\/soydeaqui.ddns.net\/pachuca\/index.php\/wp-json\/wp\/v2\/comments?post=7208"}],"wp:featuredmedia":[{"embeddable":true,"href":"https:\/\/soydeaqui.ddns.net\/pachuca\/index.php\/wp-json\/wp\/v2\/media\/7207"}],"wp:attachment":[{"href":"https:\/\/soydeaqui.ddns.net\/pachuca\/index.php\/wp-json\/wp\/v2\/media?parent=7208"}],"wp:term":[{"taxonomy":"product_brand","embeddable":true,"href":"https:\/\/soydeaqui.ddns.net\/pachuca\/index.php\/wp-json\/wp\/v2\/product_brand?post=7208"},{"taxonomy":"product_cat","embeddable":true,"href":"https:\/\/soydeaqui.ddns.net\/pachuca\/index.php\/wp-json\/wp\/v2\/product_cat?post=7208"},{"taxonomy":"product_tag","embeddable":true,"href":"https:\/\/soydeaqui.ddns.net\/pachuca\/index.php\/wp-json\/wp\/v2\/product_tag?post=7208"}],"curies":[{"name":"wp","href":"https:\/\/api.w.org\/{rel}","templated":true}]}}