{"id":72073,"date":"2026-03-19T12:29:30","date_gmt":"2026-03-19T12:29:30","guid":{"rendered":"https:\/\/soydeaqui.ddns.net\/pachuca\/index.php\/producto\/punto-de-acceso-empresarial-wi-fi-6-xv2-2-para-interior-seguridad-wpa3-gestion-desde-la-nube-cnmaestro-montaje-en-techo-o-plafon-alimentacion-poe\/"},"modified":"2026-03-19T12:29:39","modified_gmt":"2026-03-19T12:29:39","slug":"punto-de-acceso-empresarial-wi-fi-6-xv2-2-para-interior-seguridad-wpa3-gestion-desde-la-nube-cnmaestro-montaje-en-techo-o-plafon-alimentacion-poe","status":"publish","type":"product","link":"https:\/\/soydeaqui.ddns.net\/pachuca\/index.php\/producto\/punto-de-acceso-empresarial-wi-fi-6-xv2-2-para-interior-seguridad-wpa3-gestion-desde-la-nube-cnmaestro-montaje-en-techo-o-plafon-alimentacion-poe\/","title":{"rendered":"Punto de Acceso Empresarial Wi-Fi 6 XV2-2 para Interior \/ Seguridad WPA3 \/ Gesti\u00f3n desde la Nube cnMaestro \/ Montaje en Techo o Plaf\u00f3n \/ Alimentaci\u00f3n PoE"},"content":{"rendered":"<div style='width: 100%; max-width: 1200px; margin: 0 auto; font-family: sans-serif; line-height: 1.6; color: inherit; background-color: transparent;'>\n<div style='display: flex; flex-direction: column; align-items: center; margin-bottom: 30px;'>\n<h1 style='font-size: 2.625rem; margin: 0 0 0.875rem; font-weight: 400; line-height: 1.04762; color: inherit; text-shadow: rgba(0&comma; 0&comma; 0&comma; 0.2) 2px 4px 3px; background-color: transparent;'>XV2-2 Wi-Fi 6 Access Point<\/h1>\n<p> <img style='width: 300px; height: auto; border: 1px solid rgba(150&comma;150&comma;150&comma;0.3); border-radius: 8px;' src='https:\/\/ftp3.syscom.mx\/usuarios\/dquezada\/Cambium\/cnPilot\/e700\/cnpilot-logo.png' alt=''> <\/div>\n<div style='display: flex; flex-wrap: wrap; gap: 20px; margin-bottom: 30px;'>\n<div style='flex: 1 1 200px; border: 1px solid rgba(150&comma; 150&comma; 150&comma; 0.4); border-radius: 8px; padding: 15px; background-color: rgba(235&comma;235&comma;235&comma;0.3);'> <span style='font-size: 17px; display: block; margin-bottom: 5px; background: rgba(235&comma;235&comma;235&comma;1); border-radius: 3px; padding: 4px 13px; text-align: center;'><strong>802.11ax<\/strong><br \/>Standard + MESH<\/span> <\/div>\n<div style='flex: 1 1 200px; border: 1px solid rgba(150&comma; 150&comma; 150&comma; 0.4); border-radius: 8px; padding: 15px; background-color: rgba(235&comma;235&comma;235&comma;0.3);'> <span style='font-size: 17px; display: block; margin-bottom: 5px; background: rgba(235&comma;235&comma;235&comma;1); border-radius: 3px; padding: 4px 13px; text-align: center;'><strong>512<\/strong><br \/>usuarios<\/span> <\/div>\n<div style='flex: 1 1 200px; border: 1px solid rgba(150&comma; 150&comma; 150&comma; 0.4); border-radius: 8px; padding: 15px; background-color: rgba(235&comma;235&comma;235&comma;0.3);'> <span style='font-size: 17px; display: block; margin-bottom: 5px; background: rgba(235&comma;235&comma;235&comma;1); border-radius: 3px; padding: 4px 13px; text-align: center;'><strong>Omi<\/strong><br \/>360\u00ba<\/span> <\/div>\n<div style='flex: 1 1 200px; border: 1px solid rgba(150&comma; 150&comma; 150&comma; 0.4); border-radius: 8px; padding: 15px; background-color: rgba(235&comma;235&comma;235&comma;0.3);'> <span style='font-size: 17px; display: block; margin-bottom: 5px; background: rgba(235&comma;235&comma;235&comma;1); border-radius: 3px; padding: 4px 13px; text-align: center;'><strong>Controlador cnMaestro o XMS<\/strong><\/p>\n<p><\/span> <\/div>\n<\/p><\/div>\n<div style='margin-bottom: 30px;'>\n<p style='font-size: 14pt; color: inherit;'><strong>XV2-2 contin\u00faa la convergencia de la red Empresarial con un Access Point inteligente de borde administrado por el mejor sistema que hay en el mercado Wi-Fi con aplicaciones que ayudar\u00e1n a controlar nuestra red y a estar informado de todo.<\/strong><\/p>\n<\/p><\/div>\n<hr style='border: 0; border-top: 1px solid rgba(150&comma;150&comma;150&comma;0.3); margin: 30px 0;'>\n<div style='display: grid; grid-template-columns: repeat(auto-fill&comma; minmax(300px&comma; 1fr)); gap: 30px; margin-bottom: 30px;'>\n<div style='border: 1px solid rgba(150&comma;150&comma;150&comma;0.4); border-radius: 8px; overflow: hidden;'>\n<div style='padding: 15px; border-bottom: 1px solid rgba(150&comma;150&comma;150&comma;0.2); font-weight: bold; font-size: 18px; color: inherit;'>Gesti\u00f3n gratuita en cnMaestro<\/div>\n<div style='padding: 15px; color: inherit;'>\n<p style='font-size: 14px; margin: 0 0 10px 0;'>Gesti\u00f3n integral de toda la red para manejo de inventario&comma; incorporaci\u00f3n de dispositivos&comma; operaciones diarias&comma; mantenimiento&comma; configuraci\u00f3n y aprovisionamiento&comma; as\u00ed como la creaci\u00f3n de ticket y\/o vouchers&comma; control de tiempos y Anchos de Banda&comma; y portal cautivo.<\/p>\n<\/p><\/div>\n<\/p><\/div>\n<div style='border: 1px solid rgba(150&comma;150&comma;150&comma;0.4); border-radius: 8px; overflow: hidden;'>\n<div style='padding: 15px; border-bottom: 1px solid rgba(150&comma;150&comma;150&comma;0.2); font-weight: bold; font-size: 18px; color: inherit;'>Dise\u00f1ado para alta capacidad Triple Play<\/div>\n<div style='padding: 15px; color: inherit;'>\n<p style='font-size: 14px; margin: 0 0 10px 0;'>Admite hasta 512 usuarios activos con alto trafico y hasta 16 SSID\u00b4s.<\/p>\n<\/p><\/div>\n<\/p><\/div>\n<div style='border: 1px solid rgba(150&comma;150&comma;150&comma;0.4); border-radius: 8px; overflow: hidden;'>\n<div style='padding: 15px; border-bottom: 1px solid rgba(150&comma;150&comma;150&comma;0.2); font-weight: bold; font-size: 18px; color: inherit;'>Dise\u00f1o est\u00e9tico para techo<\/div>\n<div style='padding: 15px; color: inherit;'>\n<p style='font-size: 14px; margin: 0 0 10px 0;'>Dise\u00f1ado para instalar en el techo de los pasillos u oficinas sin perder la est\u00e9tica que pudiera ocasionar un dispositivo de red&comma; se adapta en cualquier escenario.<\/p>\n<\/p><\/div>\n<\/p><\/div>\n<div style='border: 1px solid rgba(150&comma;150&comma;150&comma;0.4); border-radius: 8px; overflow: hidden;'>\n<div style='padding: 15px; border-bottom: 1px solid rgba(150&comma;150&comma;150&comma;0.2); font-weight: bold; font-size: 18px; color: inherit;'>Roaming y MESH<\/div>\n<div style='padding: 15px; color: inherit;'>\n<p style='font-size: 14px; margin: 0 0 10px 0;'>Capacidad de backhauling para dise\u00f1os tipo MESH y soporta Roaming para no perder conectividad cuando se desplazan en las habitaciones.<\/p>\n<\/p><\/div>\n<\/p><\/div>\n<div style='border: 1px solid rgba(150&comma;150&comma;150&comma;0.4); border-radius: 8px; overflow: hidden;'>\n<div style='padding: 15px; border-bottom: 1px solid rgba(150&comma;150&comma;150&comma;0.2); font-weight: bold; font-size: 18px; color: inherit;'>Garantizado&comma; categorizado como el mejor Access Point Costo-beneficio<\/div>\n<div style='padding: 15px; color: inherit;'>\n<p style='font-size: 14px; margin: 0 0 10px 0;'>XV2-2 Ofrece una soluci\u00f3n de red Wi-Fi para interior confiable y de alta capacidad a un costo significativamente menor que sus competidores de calidad alta. Usted ahorrar\u00e1 nodos de red y le garantizamos el equipo por 5 a\u00f1os.<\/p>\n<\/p><\/div>\n<\/p><\/div>\n<div style='border: 1px solid rgba(150&comma;150&comma;150&comma;0.4); border-radius: 8px; overflow: hidden;'>\n<div style='padding: 15px; border-bottom: 1px solid rgba(150&comma;150&comma;150&comma;0.2); font-weight: bold; font-size: 18px; color: inherit;'>Controle lo que pasa en su red<\/div>\n<div style='padding: 15px; color: inherit;'>\n<p style='font-size: 14px; margin: 0 0 10px 0;'>Limite el acceso a paginas restringidas mediante el ACL de cn Maestro<\/p>\n<\/p><\/div>\n<\/p><\/div>\n<\/p><\/div>\n<div style='margin: 30px 0;'> <img style='width: 100%; height: auto; border: 1px solid rgba(150&comma;150&comma;150&comma;0.3); border-radius: 8px;' src='https:\/\/ftp3.syscom.mx\/usuarios\/dquezada\/Cambium\/cnPilot\/XV2-2\/XV2-2_L_oblique.png' alt=''> <\/div>\n<div style='margin: 30px 0;'>\n<h2 style='font-size: 1.75rem; margin: 0 0 1.5rem; color: inherit;'>Wi-Fi 6 dise\u00f1ado para dispositivos m\u00f3viles e IoT<\/h2>\n<p style='font-size: 15px; margin: 0 0 15px 0; color: inherit;'>El XV2-2 es un Access Point Wi-Fi 6 de doble radio dise\u00f1ado para ofrecer redes de pr\u00f3xima generaci\u00f3n con servicios de borde a un precio muy competitivo.<\/p>\n<p style='font-size: 15px; margin: 0 0 15px 0; color: inherit;'>La tecnolog\u00eda Wi-Fi 6 ofrece velocidades de red m\u00e1s altas y permite m\u00e1s dispositivos conectados con una calidad de paquete m\u00e1s alta.<\/p>\n<p style='font-size: 15px; margin: 0 0 15px 0; color: inherit;'>Wi-Fi 6 trae un modelo determinista a la capa de radiofrecuencia (RF) donde el AP controla las conexiones del cliente&comma; incluyendo cu\u00e1ndo duermen&comma; cu\u00e1ndo despiertan y c\u00f3mo transmitir y recibir paquetes.<\/p>\n<p style='font-size: 15px; margin: 0 0 15px 0; color: inherit;'>El XV2-2 es totalmente compatible con la tecnolog\u00eda Wi-Fi existente y permite un crecimiento masivo de dispositivos IoT de baja potencia y baja velocidad para agregar inteligencia de infraestructura a cualquier mercado.<\/p>\n<\/p><\/div>\n<div style='margin: 30px 0;'>\n<h3 style='font-size: 16px; margin: 0 0 15px 0; color: inherit;'><strong>Comparativa con otras marcas<\/strong><\/h3>\n<p> <img style='width: 100%; height: auto; border: 1px solid rgba(150&comma;150&comma;150&comma;0.3); border-radius: 8px;' src='https:\/\/ftp3.syscom.mx\/usuarios\/dquezada\/Cambium\/cnPilot\/XV2-2\/comparativa%20otras%20marcas%20XV2-2.JPG' alt=''> <\/div>\n<div style='margin: 30px 0;'>\n<h3 style='font-size: 16px; margin: 0 0 15px 0; color: inherit;'><strong>N\u00famero m\u00e1ximo de dispositivos conectados:<\/strong><\/h3>\n<p style='font-size: 14px; margin: 0 0 10px 0; color: inherit;'>512 dispositivos Wi-Fi.<\/p>\n<\/p><\/div>\n<div style='margin: 30px 0;'>\n<h3 style='font-size: 16px; margin: 0 0 15px 0; color: inherit;'><strong>Modos de operaci\u00f3n:<\/strong><\/h3>\n<p style='font-size: 14px; margin: 0 0 10px 0; color: inherit;'>Access Point o Router (NAT&comma; DHCP Server y Firewall).<\/p>\n<\/p><\/div>\n<div style='margin: 30px 0;'>\n<h3 style='font-size: 16px; margin: 0 0 15px 0; color: inherit;'><strong>Caracter\u00edsticas principales:<\/strong><\/h3>\n<ul style='font-size: 14px; margin: 0 0 0 20px; color: inherit;'>\n<li style='margin-bottom: 5px;'>Est\u00e1ndar 802.11 a\/b\/g\/n\/ac Wave 2\/ax<\/li>\n<li style='margin-bottom: 5px;'>Doble banda (2.4 y 5 GHz)<\/li>\n<li style='margin-bottom: 5px;'>MU-MIMO 2X2<\/li>\n<li style='margin-bottom: 5px;'>Hasta 573 Mbps en 2.4 GHz<\/li>\n<li style='margin-bottom: 5px;'>Hasta 1&comma;201 Mbps en 5 GHz<\/li>\n<li style='margin-bottom: 5px;'>Antenas Omnidireccionales: 5 dBi en 2.4 GHz y 6 dBi en 5 GHz<\/li>\n<li style='margin-bottom: 5px;'>Potencia: 24 dBm en 2.4 GHz y 25 dBm en 5 GHz<\/li>\n<\/ul><\/div>\n<div style='margin: 30px 0;'>\n<h3 style='font-size: 16px; margin: 0 0 15px 0; color: inherit;'><strong>Caracter\u00edsticas generales:<\/strong><\/h3>\n<ul style='font-size: 14px; margin: 0 0 0 20px; color: inherit;'>\n<li style='margin-bottom: 5px;'>Tipo de administraci\u00f3n: Standalone&comma; cnMaestro Cloud Managed (gratuito) y cnMaestro on-premises VM o XMS Cloud<\/li>\n<li style='margin-bottom: 5px;'>Hasta 16 SSID (Flexibles en cualquier banda)<\/li>\n<li style='margin-bottom: 5px;'>Fast Roaming: Navega de celda en celda sin perder la conexi\u00f3n<\/li>\n<li style='margin-bottom: 5px;'>ACL: Crea reglas para bloqueo para p\u00e1ginas Web<\/li>\n<li style='margin-bottom: 5px;'>Funci\u00f3n ACS para cambio de canales en autom\u00e1tico para evitar interferencia<\/li>\n<li style='margin-bottom: 5px;'>Schedule SSID para activar SSID los d\u00edas deseados en ciertos horarios<\/li>\n<li style='margin-bottom: 5px;'>Portal cautivo Hotspot desde la nube&comma; vouchers personalizables<\/li>\n<li style='margin-bottom: 5px;'>Limita ancho de banda por usuario o SSID<\/li>\n<li style='margin-bottom: 5px;'>Aislamiento entre clientes para evitar que entren a la red&comma; tormentas de Broadcast y Multicast<\/li>\n<li style='margin-bottom: 5px;'>Load Balancing para balancear la carga entre cada banda<\/li>\n<li style='margin-bottom: 5px;'>Soporta MESH<\/li>\n<\/ul><\/div>\n<div style='margin: 30px 0;'>\n<h3 style='font-size: 16px; margin: 0 0 15px 0; color: inherit;'><strong>Caracter\u00edsticas f\u00edsicas y el\u00e9ctricas:<\/strong><\/h3>\n<ul style='font-size: 14px; margin: 0 0 0 20px; color: inherit;'>\n<li style='margin-bottom: 5px;'>1 puerto 2.5 Gbps PoE IN 802.3at&comma; se alimenta con Switches cnMatrix o fuente de alimentaci\u00f3n PoE modelo N000000L142A&comma; no incluidos<\/li>\n<li style='margin-bottom: 5px;'>Consumo m\u00e1ximo: 21 W<\/li>\n<\/ul><\/div>\n<div style='margin: 30px 0;'>\n<h3 style='font-size: 16px; margin: 0 0 15px 0; color: inherit;'><strong>Administraci\u00f3n gratuita mediante controlador cnMaestro desde la nube&comma; no requiere hardware adicional<\/strong><\/h3>\n<\/p><\/div>\n<div style='margin: 30px 0;'>\n<h3 style='font-size: 16px; margin: 0 0 15px 0; color: inherit;'><strong>Paquete incluye lo siguiente:<\/strong><\/h3>\n<p> <img style='width: 100%; height: auto; border: 1px solid rgba(150&comma;150&comma;150&comma;0.3); border-radius: 8px;' src='https:\/\/ftp3.syscom.mx\/usuarios\/dquezada\/Cambium\/cnPilot\/e410\/incluye%202.JPG' alt=''> <\/div>\n<div style='margin: 30px 0;'>\n<h3 style='font-size: 16px; margin: 0 0 15px 0; color: inherit;'><strong>Requiere fuente de alimentaci\u00f3n PoE modelo N000000L142A<\/strong><\/h3>\n<\/p><\/div>\n<div style='margin: 30px 0;'>\n<h3 style='font-size: 16px; margin: 0 0 15px 0; color: inherit;'><strong>Comparativa cnPilot modelos 802.11ax<\/strong><\/h3>\n<p> <img style='width: 100%; height: auto; border: 1px solid rgba(150&comma;150&comma;150&comma;0.3); border-radius: 8px;' src='https:\/\/ftp3.syscom.mx\/usuarios\/dquezada\/Cambium\/cnPilot\/XV2-2\/Comparativa%20modelos.JPG' alt=''> <\/div>\n<\/p><\/div>\n","protected":false},"excerpt":{"rendered":"<p>Punto de Acceso Empresarial Wi-Fi 6 XV2-2 para Interior \/ Seguridad WPA3 \/ Gesti\u00f3n desde la Nube cnMaestro \/ Montaje en Techo o Plaf\u00f3n \/ Alimentaci\u00f3n PoE<\/p>\n","protected":false},"featured_media":72072,"comment_status":"open","ping_status":"closed","template":"","meta":[],"product_brand":[],"product_cat":[1794],"product_tag":[1316,1795,1479],"class_list":{"0":"post-72073","1":"product","2":"type-product","3":"status-publish","4":"has-post-thumbnail","6":"product_cat-puntos-de-acceso","7":"product_tag-cambium-networks","8":"product_tag-puntos-de-acceso","9":"product_tag-redes-wifi","11":"first","12":"outofstock","13":"sale","14":"shipping-taxable","15":"purchasable","16":"product-type-simple"},"_links":{"self":[{"href":"https:\/\/soydeaqui.ddns.net\/pachuca\/index.php\/wp-json\/wp\/v2\/product\/72073","targetHints":{"allow":["GET"]}}],"collection":[{"href":"https:\/\/soydeaqui.ddns.net\/pachuca\/index.php\/wp-json\/wp\/v2\/product"}],"about":[{"href":"https:\/\/soydeaqui.ddns.net\/pachuca\/index.php\/wp-json\/wp\/v2\/types\/product"}],"replies":[{"embeddable":true,"href":"https:\/\/soydeaqui.ddns.net\/pachuca\/index.php\/wp-json\/wp\/v2\/comments?post=72073"}],"wp:featuredmedia":[{"embeddable":true,"href":"https:\/\/soydeaqui.ddns.net\/pachuca\/index.php\/wp-json\/wp\/v2\/media\/72072"}],"wp:attachment":[{"href":"https:\/\/soydeaqui.ddns.net\/pachuca\/index.php\/wp-json\/wp\/v2\/media?parent=72073"}],"wp:term":[{"taxonomy":"product_brand","embeddable":true,"href":"https:\/\/soydeaqui.ddns.net\/pachuca\/index.php\/wp-json\/wp\/v2\/product_brand?post=72073"},{"taxonomy":"product_cat","embeddable":true,"href":"https:\/\/soydeaqui.ddns.net\/pachuca\/index.php\/wp-json\/wp\/v2\/product_cat?post=72073"},{"taxonomy":"product_tag","embeddable":true,"href":"https:\/\/soydeaqui.ddns.net\/pachuca\/index.php\/wp-json\/wp\/v2\/product_tag?post=72073"}],"curies":[{"name":"wp","href":"https:\/\/api.w.org\/{rel}","templated":true}]}}