{"id":72047,"date":"2026-03-19T12:28:33","date_gmt":"2026-03-19T12:28:33","guid":{"rendered":"https:\/\/soydeaqui.ddns.net\/pachuca\/index.php\/producto\/punto-de-acceso-wi-fi-n-300mbps-en-2-4ghz-2-antenas-integradas-de-12dbi-mimo-2x2\/"},"modified":"2026-03-19T12:28:46","modified_gmt":"2026-03-19T12:28:46","slug":"punto-de-acceso-wi-fi-n-300mbps-en-2-4ghz-2-antenas-integradas-de-12dbi-mimo-2x2","status":"publish","type":"product","link":"https:\/\/soydeaqui.ddns.net\/pachuca\/index.php\/producto\/punto-de-acceso-wi-fi-n-300mbps-en-2-4ghz-2-antenas-integradas-de-12dbi-mimo-2x2\/","title":{"rendered":"Punto de Acceso WI-Fi  N 300Mbps en 2.4GHz, 2 antenas integradas de 12dBi, MIMO 2X2."},"content":{"rendered":"<div style='width: 100%; max-width: 1200px; margin: 0 auto; font-family: sans-serif; line-height: 1.6; color: inherit; background-color: transparent;'>\n<div style='margin-bottom: 30px;'>\n<h1 style='font-size: 24px; font-weight: 400; color: inherit; margin: 0 0 20px 0; padding-bottom: 10px; border-bottom: 2px solid rgba(150&comma;150&comma;150&comma;0.3);'>CPE de Exterior 2.4Gz 300Mbps 12dBi<\/h1>\n<\/p><\/div>\n<div style='margin-bottom: 30px;'>\n<h3 style='font-size: 20px; border-bottom: 2px solid currentColor; padding-bottom: 5px; margin-top: 0; margin-bottom: 15px; color: inherit; opacity: 0.8;'>Caracter\u00edsticas Destacadas<\/h3>\n<ul style='padding-left: 20px; font-size: 15px; color: inherit;'>\n<li style='margin-bottom: 5px;'>Antena incorporada de 12dBi 2&#215;2 MIMO direccional de doble polarizado<\/li>\n<li style='margin-bottom: 5px;'>Potencia de transmisi\u00f3n ajustable de 0 a 30dBm\/1000mw<\/li>\n<li style='margin-bottom: 5px;'>La Tecnolog\u00eda TP-LINK Pharos MAXtream TDMA (Time-Division-Multiple-Access) mejora el rendimiento del producto&comma; la capacidad y rendimiento de latencia&comma; ideal para aplicaciones PTMP<\/li>\n<li style='margin-bottom: 5px;'>Sistema de Administraci\u00f3n Centralizada &#8211; Control Pharos<\/li>\n<li style='margin-bottom: 5px;'>Modos de operaci\u00f3n AP \/ Cliente \/ Repetidor \/ AP Router \/ AP Cliente Router (WISP)<\/li>\n<li style='margin-bottom: 5px;'>Adaptador PoE pasivo soporta hasta 60 metros (200 pies). Alimentaci\u00f3n a trav\u00e9s de puerto de Ethernet que permite que el dispositivo se restablezca de forma remota<\/li>\n<\/ul><\/div>\n<div style='display: flex; flex-wrap: wrap; gap: 20px; margin-bottom: 30px;'>\n<div style='flex: 1 1 250px; min-width: 280px; border: 1px solid rgba(150&comma; 150&comma; 150&comma; 0.4); border-radius: 8px; overflow: hidden; display: flex; flex-direction: column;'>\n<div style='padding: 15px; border-bottom: 1px solid rgba(150&comma; 150&comma; 150&comma; 0.2); font-weight: bold; font-size: 18px; color: inherit;'>CARACTER\u00cdSTICAS DE HARDWARE<\/div>\n<div style='padding: 15px; color: inherit;'>\n<ul style='padding-left: 20px; margin: 0; font-size: 14px; list-style-type: disc;'>\n<li style='margin-bottom: 5px;'><strong>Procesador:<\/strong> Qualcomm Atheros 560MHz CPU&comma; MIPS 74Kc<\/li>\n<li style='margin-bottom: 5px;'><strong>Memoria:<\/strong> 64MB DDR2 RAM&comma; 8MB Flash<\/li>\n<li style='margin-bottom: 5px;'><strong>Interface:<\/strong> 1 Puerto Blindado Ethernet 10\/100Mbps (LAN0&comma; Passive PoE in)&comma; 1 Puerto Blindado Ethernet 10\/100Mbps&comma; 1 Terminal puesta a tierra&comma; 1 Bot\u00f3n Reset<\/li>\n<li style='margin-bottom: 5px;'><strong>Fuente de Alimentaci\u00f3n:<\/strong> Passive Power over Ethernet via LAN0 (+4&comma;5pins; -7&comma;8pins)&comma; Rango de Voltaje: 16-27VDC<\/li>\n<li style='margin-bottom: 5px;'><strong>Consumo de Energ\u00eda:<\/strong> 10.8 Watts Max. Nota: Cuando se implementa utilizando PoE pasivo&comma; la energ\u00eda obtenida de la fuente de alimentaci\u00f3n es m\u00e1s alta por una cierta cantidad dependiendo de la longitud del cable de conexi\u00f3n.<\/li>\n<li style='margin-bottom: 5px;'><strong>Dimensiones:<\/strong> 11\u00d73.1\u00d72.1 pulgadas (276\u00d779\u00d760 mm)<\/li>\n<li style='margin-bottom: 5px;'><strong>Tipo de Antena:<\/strong> Antena Direccional doble polarizado de 12dBi 2&#215;2&comma; Beam Width: 60\u00b0 (H-Plane) \/ 30\u00b0 (E-Plane). Nota: Para m\u00e1s detalle&comma; dir\u00edgete a la hoja de datos<\/li>\n<li style='margin-bottom: 5px;'><strong>Protecci\u00f3n:<\/strong> Protecci\u00f3n 15KV ESD&comma; Protecci\u00f3n contra rayos 6KV<\/li>\n<li style='margin-bottom: 5px;'><strong>Cercado:<\/strong> El ASA de exterior estabiliza el material pl\u00e1stico&comma; Certificaci\u00f3n a prueba de agua IPX5<\/li>\n<\/ul><\/div>\n<\/p><\/div>\n<div style='flex: 1 1 250px; min-width: 280px; border: 1px solid rgba(150&comma; 150&comma; 150&comma; 0.4); border-radius: 8px; overflow: hidden; display: flex; flex-direction: column;'>\n<div style='padding: 15px; border-bottom: 1px solid rgba(150&comma; 150&comma; 150&comma; 0.2); font-weight: bold; font-size: 18px; color: inherit;'>CARACTER\u00cdSTICAS INAL\u00c1MBRICAS<\/div>\n<div style='padding: 15px; color: inherit;'>\n<ul style='padding-left: 20px; margin: 0; font-size: 14px; list-style-type: disc;'>\n<li style='margin-bottom: 5px;'><strong>Est\u00e1ndares Inal\u00e1mbricos:<\/strong> IEEE 802.11b\/g\/n (with Pharos MAXtream disabled)<\/li>\n<li style='margin-bottom: 5px;'><strong>Protocolo Propietario:<\/strong> mODO TDMA (con Pharos MAXtream habilitado)<\/li>\n<li style='margin-bottom: 5px;'><strong>Velocidades Inal\u00e1mbricas:<\/strong> Hasta 300Mbps (40MHz&comma; Din\u00e1mico)&comma; Hasta 144.4Mbps (20MHz&comma; Din\u00e1mico)&comma; Hasta 72.2Mbps (10MHz&comma; Din\u00e1mico)&comma; Hasta 36.1Mbps (5MHz&comma; Din\u00e1mico)<\/li>\n<li style='margin-bottom: 5px;'><strong>Frecuencia:<\/strong> 2.4~2.483GHz. Nota: la frecuencia disponible de operaci\u00f3n puede variar en funci\u00f3n de las limitaciones de los paises o regiones en las que se utiliza el dispositivo.<\/li>\n<li style='margin-bottom: 5px;'><strong>Potencia de Transmisi\u00f3n:<\/strong> 30dBm\/1000mw (Adjustable power by 1dBm). Nota: la potencia de transmisi\u00f3n m\u00e1xima puede variar a trav\u00e9s de diferentes canales dependiendo en las limitaciones de los pa\u00edses o regiones en las que se utiliza el dispositivo.<\/li>\n<\/ul><\/div>\n<\/p><\/div>\n<div style='flex: 1 1 250px; min-width: 280px; border: 1px solid rgba(150&comma; 150&comma; 150&comma; 0.4); border-radius: 8px; overflow: hidden; display: flex; flex-direction: column;'>\n<div style='padding: 15px; border-bottom: 1px solid rgba(150&comma; 150&comma; 150&comma; 0.2); font-weight: bold; font-size: 18px; color: inherit;'>CARACTER\u00cdSTICAS DE SOFTWARE<\/div>\n<div style='padding: 15px; color: inherit;'>\n<ul style='padding-left: 20px; margin: 0; font-size: 14px; list-style-type: disc;'>\n<li style='margin-bottom: 5px;'><strong>Configuraciones Inal\u00e1mbricas:<\/strong> Pharos MAXtream TDMA Technology&comma; 802.11b\/g\/n Modes&comma; Selectable Channel Width: 5\/10\/20\/40MHz&comma; Automatic Channel Selection&comma; Transmission Power Control&comma; Dynamic Frequency Selection (DFS)&comma; WDS Enable\/Disable&comma; Security: WPA\/WPA2&comma; WPA-PSK\/WPA2-PSK (AES\/TKIP) Encryption&comma; 64\/128\/152-bit WEP Encryption&comma; SSID Broadcast Enable\/Disable&comma; Multi-SSID with VLAN Tagging (AP mode only)&comma; Distance\/ACK Timeout Setting&comma; Wireless MAC Address Filter&comma; Wireless Advanced: Beacon Interval\/RTS Threshold\/Fragmentation Threshold\/DTIM Interval\/AP Isolation\/Short GI\/Wi-Fi Multimedia<\/li>\n<li style='margin-bottom: 5px;'><strong>Administraci\u00f3n:<\/strong> Discovery and Remote Management via Pharos Control application&comma; HTTP\/HTTPS Web-based management&comma; System Log&comma; SNMP Agent(v2c)&comma; Ping Watch Dog&comma; Dynamic DDNS&comma; SSH Server<\/li>\n<li style='margin-bottom: 5px;'><strong>Herramientas de sistema:<\/strong> Indicadores de Calidad de Se\u00f1al In\u00e1lambrica: Intensidad de Se\u00f1al\/Ruido\/Transmisi\u00f3n CCQ\/CPU\/Memoria&comma; Monitores: Rendimiento\/Estaciones\/Interfaces\/ARP\/Rutas\/WAN\/DHCP&comma; Analizador de Espectro&comma; Test de Velocidad&comma; Ping&comma; Traceroute<\/li>\n<li style='margin-bottom: 5px;'><strong>Optimizaciones a Nivel de Sistema:<\/strong> Optimized IGMP Snooping\/Proxy for multicast applications&comma; Hardware watch dog<\/li>\n<\/ul><\/div>\n<\/p><\/div>\n<div style='flex: 1 1 250px; min-width: 280px; border: 1px solid rgba(150&comma; 150&comma; 150&comma; 0.4); border-radius: 8px; overflow: hidden; display: flex; flex-direction: column;'>\n<div style='padding: 15px; border-bottom: 1px solid rgba(150&comma; 150&comma; 150&comma; 0.2); font-weight: bold; font-size: 18px; color: inherit;'>POE ADAPTER FEATURES<\/div>\n<div style='padding: 15px; color: inherit;'>\n<ul style='padding-left: 20px; margin: 0; font-size: 14px; list-style-type: disc;'>\n<li style='margin-bottom: 5px;'><strong>Dimensions:<\/strong> 110\u00d757\u00d733.5mm<\/li>\n<li style='margin-bottom: 5px;'><strong>Interfaces:<\/strong> 1 Jack AC con tierra&comma; 1 Puerto Blindado Ethernet 10\/100Mbps\/1000Mbps (Alimentaci\u00f3n + Datos)&comma; 1 Puerto Blindado Ethernet 10\/100Mbps\/1000Mbps (Datos)<\/li>\n<li style='margin-bottom: 5px;'><strong>Bot\u00f3n:<\/strong> Bot\u00f3n de Reseteo Remoto<\/li>\n<li style='margin-bottom: 5px;'><strong>Power Status LEDs:<\/strong> 0~0.8A: Verde&comma; 0.8A~1.0A: Rojo<\/li>\n<li style='margin-bottom: 5px;'><strong>Input:<\/strong> 100-240VAC&comma; 50\/60Hz<\/li>\n<li style='margin-bottom: 5px;'><strong>Input Voltage:<\/strong> 100VA~240VAC @ 50Hz~60Hz<\/li>\n<li style='margin-bottom: 5px;'><strong>Input Current:<\/strong> 0.8A Max @ 100VAC<\/li>\n<li style='margin-bottom: 5px;'><strong>Output:<\/strong> 24VDC&comma; 1.0A Max&comma; +4&comma; 5pins; -7&comma; 8pins. (Soporta hasta 60m Power over Ethernet)<\/li>\n<li style='margin-bottom: 5px;'><strong>Output Voltage:<\/strong> 24VDC(+4&comma;5pins; -7&comma;8pins)<\/li>\n<li style='margin-bottom: 5px;'><strong>Eficiencia:<\/strong> >80%<\/li>\n<li style='margin-bottom: 5px;'><strong>Certifications:<\/strong> CE\/FCC\/UL\/IC\/GS\/PSB\/C-tick\/SAA\/S-Mark\/KC-mark<\/li>\n<\/ul><\/div>\n<\/p><\/div>\n<div style='flex: 1 1 250px; min-width: 280px; border: 1px solid rgba(150&comma; 150&comma; 150&comma; 0.4); border-radius: 8px; overflow: hidden; display: flex; flex-direction: column;'>\n<div style='padding: 15px; border-bottom: 1px solid rgba(150&comma; 150&comma; 150&comma; 0.2); font-weight: bold; font-size: 18px; color: inherit;'>OTROS<\/div>\n<div style='padding: 15px; color: inherit;'>\n<ul style='padding-left: 20px; margin: 0; font-size: 14px; list-style-type: disc;'>\n<li style='margin-bottom: 5px;'><strong>Certificacion:<\/strong> CE&comma; FCC&comma; RoHS&comma; IPX5<\/li>\n<li style='margin-bottom: 5px;'><strong>Contenidos del Paquete:<\/strong> CPE Exterior Inal\u00e1mbrico&comma; Adaptador Pasivo PoE 24V 1A&comma; Correas para Montaje en Poste&comma; Cable de corriente AC&comma; Gu\u00eda de Instalaci\u00f3n<\/li>\n<li style='margin-bottom: 5px;'><strong>Requisitos del Sistema:<\/strong> Microsoft Windows 98SE&comma; NT&comma; 2000&comma; XP&comma; Vista\u2122 o Windows 10&comma; Windows 8&comma; Windows 7&comma; MAC OS&comma; NetWare&comma; UNIX o Linux. Nota: Se recomienda que utilices uno de los siguientes navegadores Web para una mejor experiencia: Google Chrome&comma; Safari y Firefox. No se recomiendan los navegadores Internet Explorer<\/li>\n<li style='margin-bottom: 5px;'><strong>Ambiente:<\/strong> Temperatura de Funcionamiento: -40\u00b0C~70\u00b0C (-40\u2030~158\u2030)&comma; Temperatura de Almacenamiento: -40\u00b0C~70\u00b0C (-40\u2030~158\u2030)&comma; Humedad de Funcionamiento: 10%~90% sin condensaci\u00f3n&comma; Humedad de Almacenamiento: 5%~95% sin condensaci\u00f3n<\/li>\n<\/ul><\/div>\n<\/p><\/div>\n<\/p><\/div>\n<hr style='border: 0; border-top: 1px solid rgba(150&comma; 150&comma; 150&comma; 0.3); margin: 30px 0;'> <\/div>\n","protected":false},"excerpt":{"rendered":"<p>Punto de Acceso WI-Fi  N 300Mbps en 2.4GHz, 2 antenas integradas de 12dBi, MIMO 2X2.<\/p>\n","protected":false},"featured_media":72046,"comment_status":"open","ping_status":"closed","template":"","meta":[],"product_brand":[],"product_cat":[1794],"product_tag":[1795,1479,71],"class_list":{"0":"post-72047","1":"product","2":"type-product","3":"status-publish","4":"has-post-thumbnail","6":"product_cat-puntos-de-acceso","7":"product_tag-puntos-de-acceso","8":"product_tag-redes-wifi","9":"product_tag-tp-link","11":"first","12":"instock","13":"sale","14":"shipping-taxable","15":"purchasable","16":"product-type-simple"},"_links":{"self":[{"href":"https:\/\/soydeaqui.ddns.net\/pachuca\/index.php\/wp-json\/wp\/v2\/product\/72047","targetHints":{"allow":["GET"]}}],"collection":[{"href":"https:\/\/soydeaqui.ddns.net\/pachuca\/index.php\/wp-json\/wp\/v2\/product"}],"about":[{"href":"https:\/\/soydeaqui.ddns.net\/pachuca\/index.php\/wp-json\/wp\/v2\/types\/product"}],"replies":[{"embeddable":true,"href":"https:\/\/soydeaqui.ddns.net\/pachuca\/index.php\/wp-json\/wp\/v2\/comments?post=72047"}],"wp:featuredmedia":[{"embeddable":true,"href":"https:\/\/soydeaqui.ddns.net\/pachuca\/index.php\/wp-json\/wp\/v2\/media\/72046"}],"wp:attachment":[{"href":"https:\/\/soydeaqui.ddns.net\/pachuca\/index.php\/wp-json\/wp\/v2\/media?parent=72047"}],"wp:term":[{"taxonomy":"product_brand","embeddable":true,"href":"https:\/\/soydeaqui.ddns.net\/pachuca\/index.php\/wp-json\/wp\/v2\/product_brand?post=72047"},{"taxonomy":"product_cat","embeddable":true,"href":"https:\/\/soydeaqui.ddns.net\/pachuca\/index.php\/wp-json\/wp\/v2\/product_cat?post=72047"},{"taxonomy":"product_tag","embeddable":true,"href":"https:\/\/soydeaqui.ddns.net\/pachuca\/index.php\/wp-json\/wp\/v2\/product_tag?post=72047"}],"curies":[{"name":"wp","href":"https:\/\/api.w.org\/{rel}","templated":true}]}}