{"id":7201,"date":"2026-03-18T06:53:15","date_gmt":"2026-03-18T06:53:15","guid":{"rendered":"https:\/\/soydeaqui.ddns.net\/pachuca\/index.php\/producto\/transformador-de-pared-12-vca-30-va\/"},"modified":"2026-03-18T06:53:19","modified_gmt":"2026-03-18T06:53:19","slug":"transformador-de-pared-12-vca-30-va","status":"publish","type":"product","link":"https:\/\/soydeaqui.ddns.net\/pachuca\/index.php\/producto\/transformador-de-pared-12-vca-30-va\/","title":{"rendered":"Transformador de Pared 12 Vca 30 VA"},"content":{"rendered":"<div style='width: 100%; max-width: 1200px; margin: 0 auto; font-family: sans-serif; line-height: 1.6; color: inherit; background-color: transparent;'> <!-- T\u00edtulos --> <\/p>\n<div style='text-align: center; margin-bottom: 30px;'>\n<h1 style='font-size: 28px; color: inherit; margin: 0;'>RT1230LS<\/h1>\n<h3 style='font-size: 20px; color: inherit; margin: 10px 0 0 0;'>Transformador de 12 Vca @ 30 W<\/h3>\n<p style='font-size: 15px; color: inherit; margin-top: 15px;'><strong>EPCOM POWER LINE marca l\u00edder en transformadores con alta eficiencia en alimentaci\u00f3n para equipos de seguridad electr\u00f3nica por sus ventajas de aprobaciones&comma; certificaciones&comma; protecci\u00f3n contra sobretensiones&comma; y circuitos de protecci\u00f3n contra anti-interferencia&#8230;<\/strong><\/p>\n<\/p><\/div>\n<p> <!-- Secci\u00f3n de caracter\u00edsticas y especificaciones --> <\/p>\n<div style='display: flex; flex-wrap: wrap; gap: 30px; margin-bottom: 30px;'> <!-- Caracter\u00edsticas --> <\/p>\n<div style='flex: 1 1 300px; min-width: 280px;'>\n<div style='width: 100%;'> <img style='width: 100%; height: auto; border: 1px solid rgba(150&comma;150&comma;150&comma;0.3); border-radius: 8px;' src='https:\/\/ftp3.syscom.mx\/usuarios\/fotos\/BancoFotografiasSyscom\/EPCOMPOWERLINE\/RT1230LS\/RT1230LS-p.PNG' alt='Transformador EPCOM RT1230LS'> <\/p>\n<div style='padding: 15px; border: 1px solid rgba(150&comma; 150&comma; 150&comma; 0.4); border-top: none; border-radius: 0 0 8px 8px;'>\n<h3 style='font-size: 20px; border-bottom: 2px solid currentColor; padding-bottom: 5px; margin-top: 0; color: inherit; opacity: 0.8;'>Caracter\u00edsticas<\/h3>\n<ul style='padding-left: 20px; font-size: 15px; color: inherit; list-style-type: disc;'>\n<li style='margin-bottom: 5px;'><strong>Alimentaci\u00f3n primaria:<\/strong> 120 Vca&comma; 60 Hz. 90 mA max.<\/li>\n<li style='margin-bottom: 5px;'><strong>Alimentaci\u00f3n secundaria:<\/strong> 9 Vca<\/li>\n<li style='margin-bottom: 5px;'><strong>Potencia de salida:<\/strong> 30 Watts<\/li>\n<\/ul><\/div>\n<\/p><\/div>\n<\/p><\/div>\n<p> <!-- Modelos Relacionados 1 --> <\/p>\n<div style='flex: 1 1 300px; min-width: 280px;'>\n<div style='width: 100%;'> <img style='width: 100%; height: auto; border: 1px solid rgba(150&comma;150&comma;150&comma;0.3); border-radius: 8px;' src='https:\/\/ftp3.syscom.mx\/usuarios\/fotos\/BancoFotografiasSyscom\/EPCOMPOWERLINE\/RT1230LS\/RT1230LS-FRENTE-p.PNG' alt='Frente del transformador EPCOM RT1230LS'> <\/p>\n<div style='padding: 15px; border: 1px solid rgba(150&comma; 150&comma; 150&comma; 0.4); border-top: none; border-radius: 0 0 8px 8px;'>\n<h3 style='font-size: 20px; border-bottom: 2px solid currentColor; padding-bottom: 5px; margin-top: 0; color: inherit; opacity: 0.8;'>Modelos Relacionados<\/h3>\n<ul style='padding-left: 20px; font-size: 14px; color: inherit; list-style-type: disc;'>\n<li style='margin-bottom: 5px;'>RT925LS &#8230;&#8230;&#8230;&#8230;&#8230;9 Vca @ 25 VA<\/li>\n<li style='margin-bottom: 5px;'>RT1230LS &#8230;&#8230;&#8230;&#8230;. 12 Vca @ 30 VA<\/li>\n<li style='margin-bottom: 5px;'>RT1440LS&#8230;&#8230;&#8230;&#8230;&#8230;14 Vca @ 40 VA<\/li>\n<li style='margin-bottom: 5px;'>RT1640LS&#8230;&#8230;&#8230;&#8230;&#8230;.16 Vca @ 40 VA<\/li>\n<\/ul><\/div>\n<\/p><\/div>\n<\/p><\/div>\n<p> <!-- Modelos Relacionados 2 --> <\/p>\n<div style='flex: 1 1 300px; min-width: 280px;'>\n<div style='width: 100%;'> <img style='width: 100%; height: auto; border: 1px solid rgba(150&comma;150&comma;150&comma;0.3); border-radius: 8px;' src='https:\/\/ftp3.syscom.mx\/usuarios\/fotos\/BancoFotografiasSyscom\/EPCOMPOWERLINE\/RT1230LS\/RT1230LS-AD-2-p.PNG' alt='Panel trasero del transformador EPCOM RT1230LS'> <\/p>\n<div style='padding: 15px; border: 1px solid rgba(150&comma; 150&comma; 150&comma; 0.4); border-top: none; border-radius: 0 0 8px 8px;'>\n<h3 style='font-size: 20px; border-bottom: 2px solid currentColor; padding-bottom: 5px; margin-top: 0; color: inherit; opacity: 0.8;'>Modelos Relacionados<\/h3>\n<ul style='padding-left: 20px; font-size: 14px; color: inherit; list-style-type: disc;'>\n<li style='margin-bottom: 5px;'>RT2460LS&#8230;&#8230;&#8230;&#8230;&#8230;.24 Vca @ 60 VA<\/li>\n<li style='margin-bottom: 5px;'>PS2472&#8230;&#8230;&#8230;&#8230;&#8230;&#8230;&#8230;24 Vca @ 72 VA<\/li>\n<li style='margin-bottom: 5px;'>PL24100&#8230;&#8230;&#8230;&#8230;&#8230;&#8230;.24 Vca @ 100 VA<\/li>\n<li style='margin-bottom: 5px;'>PL24100220&#8230;&#8230;&#8230;&#8230;.Entrada 220 Vca \/ 24 Vca @ 100 VA<\/li>\n<li style='margin-bottom: 5px;'>PL24175220&#8230;&#8230;&#8230;&#8230;.Entrada 220 Vca \/ 24 Vca @ 175 VA<\/li>\n<\/ul><\/div>\n<\/p><\/div>\n<\/p><\/div>\n<\/p><\/div>\n<p> <!-- Separador --> <\/p>\n<hr style='border: 0; border-top: 1px solid rgba(150&comma; 150&comma; 150&comma; 0.3); margin: 30px 0;'> <\/div>\n","protected":false},"excerpt":{"rendered":"<p>Transformador de Pared 12 Vca 30 VA<\/p>\n","protected":false},"featured_media":7200,"comment_status":"open","ping_status":"closed","template":"","meta":[],"product_brand":[],"product_cat":[551],"product_tag":[142,454,441],"class_list":{"0":"post-7201","1":"product","2":"type-product","3":"status-publish","4":"has-post-thumbnail","6":"product_cat-transformadores-energia-videovigilancia","7":"product_tag-energia","8":"product_tag-epcom-powerline","9":"product_tag-transformadores","11":"first","12":"instock","13":"sale","14":"shipping-taxable","15":"purchasable","16":"product-type-simple"},"_links":{"self":[{"href":"https:\/\/soydeaqui.ddns.net\/pachuca\/index.php\/wp-json\/wp\/v2\/product\/7201","targetHints":{"allow":["GET"]}}],"collection":[{"href":"https:\/\/soydeaqui.ddns.net\/pachuca\/index.php\/wp-json\/wp\/v2\/product"}],"about":[{"href":"https:\/\/soydeaqui.ddns.net\/pachuca\/index.php\/wp-json\/wp\/v2\/types\/product"}],"replies":[{"embeddable":true,"href":"https:\/\/soydeaqui.ddns.net\/pachuca\/index.php\/wp-json\/wp\/v2\/comments?post=7201"}],"wp:featuredmedia":[{"embeddable":true,"href":"https:\/\/soydeaqui.ddns.net\/pachuca\/index.php\/wp-json\/wp\/v2\/media\/7200"}],"wp:attachment":[{"href":"https:\/\/soydeaqui.ddns.net\/pachuca\/index.php\/wp-json\/wp\/v2\/media?parent=7201"}],"wp:term":[{"taxonomy":"product_brand","embeddable":true,"href":"https:\/\/soydeaqui.ddns.net\/pachuca\/index.php\/wp-json\/wp\/v2\/product_brand?post=7201"},{"taxonomy":"product_cat","embeddable":true,"href":"https:\/\/soydeaqui.ddns.net\/pachuca\/index.php\/wp-json\/wp\/v2\/product_cat?post=7201"},{"taxonomy":"product_tag","embeddable":true,"href":"https:\/\/soydeaqui.ddns.net\/pachuca\/index.php\/wp-json\/wp\/v2\/product_tag?post=7201"}],"curies":[{"name":"wp","href":"https:\/\/api.w.org\/{rel}","templated":true}]}}