{"id":72000,"date":"2026-03-19T12:26:44","date_gmt":"2026-03-19T12:26:44","guid":{"rendered":"https:\/\/soydeaqui.ddns.net\/pachuca\/index.php\/producto\/nodo-mesh-multiruta-terragraph-3a-generacion-cobertura-total-360o-15-gbps-60-ghz-banda-libre-60-terminales\/"},"modified":"2026-03-19T12:26:52","modified_gmt":"2026-03-19T12:26:52","slug":"nodo-mesh-multiruta-terragraph-3a-generacion-cobertura-total-360o-15-gbps-60-ghz-banda-libre-60-terminales","status":"publish","type":"product","link":"https:\/\/soydeaqui.ddns.net\/pachuca\/index.php\/producto\/nodo-mesh-multiruta-terragraph-3a-generacion-cobertura-total-360o-15-gbps-60-ghz-banda-libre-60-terminales\/","title":{"rendered":"Nodo Mesh Multiruta Terragraph, 3a Generaci\u00f3n, Cobertura total 360\u00ba, 15 Gbps, 60 GHz Banda Libre, 60 terminales"},"content":{"rendered":"<div style='width: 100%; max-width: 1200px; margin: 0 auto; font-family: sans-serif; line-height: 1.6; color: inherit; background-color: transparent;'>\n<div style='text-align: center; margin-bottom: 30px;'> <img style='width: 120px; height: 39px; border: 1px solid rgba(150&comma;150&comma;150&comma;0.3); border-radius: 8px;' src='https:\/\/ftp3.syscom.mx\/usuarios\/hortega\/Siklu\/Siklu.png' alt=''> <\/div>\n<h1 style='color: #9b59b6; font-size: 24px; margin-bottom: 15px; text-align: center;'> <strong>Serie MultiHaul\u2122 TG Terragraph<\/strong> <\/h1>\n<h1 style='font-size: 20px; margin-bottom: 25px; text-align: justify; color: #000000;'> <strong>Soluciones Inteligentes Mesh Multigigabit hasta 15 Gbps reales en Banda-V de 60 GHz (Libre en M\u00e9xico)<\/strong> <\/h1>\n<div style='margin-bottom: 30px;'>\n<h2 style='font-size: 18px; color: inherit; margin-bottom: 15px; border-bottom: 2px solid currentColor; padding-bottom: 5px; width: fit-content;'> \u00bfPor qu\u00e9 implementar Siklu en sus proyectos? <\/h2>\n<p style='font-size: 15px; color: #54595f; text-align: justify;'> Siklu&comma; es el l\u00edder en la industria en Banda-V (60 GHz) con m\u00faltiples a\u00f1os de experiencia en ondas milim\u00e9tricas&comma; ahora presenta al mercado su tercera generaci\u00f3n de soluciones multipunto con certificaci\u00f3n Terragraph de Facebook. <\/p>\n<\/p><\/div>\n<div style='display: flex; flex-wrap: wrap; gap: 30px; margin-bottom: 30px;'>\n<div style='flex: 1 1 300px; min-width: 280px;'>\n<h3 style='font-size: 22px; border-bottom: 2px solid currentColor; padding-bottom: 5px; margin-top: 0; color: inherit; opacity: 0.8;'> Caracter\u00edsticas Tecnol\u00f3gicas <\/h3>\n<ul style='padding-left: 20px; font-size: 15px; color: inherit; list-style-type: square;'>\n<li style='margin-bottom: 5px;'> <strong>Modo de operaci\u00f3n:<\/strong> PTP Backhaul integrado&comma; PtMP Acceso&comma; MESH con red de transporte aut\u00f3noma. <\/li>\n<\/ul><\/div>\n<\/p><\/div>\n<div style='display: flex; flex-wrap: wrap; gap: 30px; margin-bottom: 30px;'>\n<div style='flex: 1 1 300px; min-width: 280px;'>\n<h3 style='font-size: 22px; border-bottom: 2px solid currentColor; padding-bottom: 5px; margin-top: 0; color: inherit; opacity: 0.8;'> Caracter\u00edsticas Generales <\/h3>\n<ul style='padding-left: 20px; font-size: 15px; color: inherit; list-style-type: square;'>\n<li style='margin-bottom: 5px;'><strong>Transmisi\u00f3n:<\/strong> Ondas milim\u00e9tricas con haces angostos sin interferencia.<\/li>\n<li style='margin-bottom: 5px;'><strong>Inmune:<\/strong> A la interferencia.<\/li>\n<li style='margin-bottom: 5px;'><strong>Modo de operaci\u00f3n:<\/strong> PTP Backhaul&comma; PtMP Acceso&comma; MESH con red de transporte aut\u00f3noma.<\/li>\n<li style='margin-bottom: 5px;'><strong>Capacidades:<\/strong> Masivas de espectro disponible.<\/li>\n<li style='margin-bottom: 5px;'><strong>Soporta:<\/strong> SmartHaul Runner para crecimiento libre de estr\u00e9s y disponibilidad total con m\u00faltiples rutas.<\/li>\n<li style='margin-bottom: 5px;'><strong>Capacidades:<\/strong> Multigigabit hasta 22 Gbps.<\/li>\n<li style='margin-bottom: 5px;'><strong>Espectro:<\/strong> Radioel\u00e9ctrico disponible.<\/li>\n<li style='margin-bottom: 5px;'><strong>Despliegues:<\/strong> Acceso inal\u00e1mbrico de internet a m\u00e1xima velocidad.<\/li>\n<li style='margin-bottom: 5px;'><strong>Sistemas:<\/strong> De videovigilancia megapixel altamente seguros y r\u00e1pidos.<\/li>\n<li style='margin-bottom: 5px;'><strong>Conectividad:<\/strong> Entre edificios&comma; casas y negocios a la velocidad de la fibra pero de forma inal\u00e1mbrica.<\/li>\n<li style='margin-bottom: 5px;'><strong>Optimizaci\u00f3n:<\/strong> De costos&comma; ahorro de tiempo&comma; eliminaci\u00f3n de permisos&comma; r\u00e1pido retorno de inversi\u00f3n con respecto a despliegues con fibra.<\/li>\n<li style='margin-bottom: 5px;'><strong>Seguridad:<\/strong> A prueba de hackers con encriptado AES.<\/li>\n<li style='margin-bottom: 5px;'><strong>Programaci\u00f3n:<\/strong> Muy sencilla y amigable&comma; pr\u00e1cticamente Plug &#038; Play.<\/li>\n<li style='margin-bottom: 5px;'><strong>Backhaul:<\/strong> Integrado entre nodos para r\u00e1pidos despliegues.<\/li>\n<li style='margin-bottom: 5px;'><strong>Implementaci\u00f3n:<\/strong> Como nodo central independiente y en modo mesh para redundancia y seguridad con otros nodos.<\/li>\n<li style='margin-bottom: 5px;'><strong>Velocidades:<\/strong> Gigabit hasta hogares&comma; oficinas&comma; escuelas&comma; negocios&comma; centros de monitoreo&comma; etc.<\/li>\n<li style='margin-bottom: 5px;'><strong>Ideal:<\/strong> Para ambientes densos en zonas urbanas&comma; suburbanas y zonas metropolitanas.<\/li>\n<li style='margin-bottom: 5px;'><strong>Compatible:<\/strong> Con herramienta de dise\u00f1o WiNDE de Siklu.<\/li>\n<li style='margin-bottom: 5px;'><strong>Gesti\u00f3n:<\/strong> Sistema instalable en servidor (on-premises) o en la nube (cloud).<\/li>\n<li style='margin-bottom: 5px;'><strong>Alcance:<\/strong> Hasta 450m con alta disponibilidad en ambientes con lluvia.<\/li>\n<li style='margin-bottom: 5px;'><strong>Latencia:<\/strong> M\u00e1s baja del mercado 0.1ms (100).<\/li>\n<li style='margin-bottom: 5px;'><strong>Preparado:<\/strong> Para futuro crecimiento +5.5 Gbps por sector para servicios de 2.5 Gbps a terminales (pr\u00f3ximamente).<\/li>\n<\/ul><\/div>\n<div style='flex: 1 1 300px; min-width: 280px;'>\n<h3 style='font-size: 22px; border-bottom: 2px solid currentColor; padding-bottom: 5px; margin-top: 0; color: inherit; opacity: 0.8;'> Especificaciones T\u00e9cnicas <\/h3>\n<ul style='padding-left: 20px; font-size: 15px; color: inherit; list-style-type: square;'>\n<li style='margin-bottom: 5px;'><strong>Modo de operaci\u00f3n:<\/strong> PTP&comma; PtMP&comma; Mesh con red de transporte aut\u00f3noma.<\/li>\n<li style='margin-bottom: 5px;'><strong>Cobertura:<\/strong> 4 sectores de 90\u00ba para cobertura total de 360\u00ba.<\/li>\n<li style='margin-bottom: 5px;'><strong>Capacidad:<\/strong> 5.5 Gbps por sector&comma; 22 Gbps por nodo.<\/li>\n<li style='margin-bottom: 5px;'><strong>Alcance:<\/strong> T\u00edpico 300 m nodo a nodo&comma; 450 m nodo a terminales.<\/li>\n<li style='margin-bottom: 5px;'><strong>Cobertura:<\/strong> Horizontal 90\u00ba&comma; vertical 50\u00ba&comma; por sector.<\/li>\n<li style='margin-bottom: 5px;'><strong>Frecuencia:<\/strong> 57-66 GHz&comma; TDD\/TDMA.<\/li>\n<li style='margin-bottom: 5px;'><strong>Sincronizaci\u00f3n:<\/strong> GPS.<\/li>\n<li style='margin-bottom: 5px;'><strong>Canales:<\/strong> 4 canales sin empalme&comma; 2160 MHz por canal.<\/li>\n<li style='margin-bottom: 5px;'><strong>Modulaci\u00f3n:<\/strong> 10 niveles de modulaci\u00f3n y codificaci\u00f3n adaptativa.<\/li>\n<li style='margin-bottom: 5px;'><strong>Switch:<\/strong> Integrado capa L2 para facilidad y limpieza de la instalaci\u00f3n.<\/li>\n<li style='margin-bottom: 5px;'><strong>Puerto ETH1 RJ45:<\/strong> 1\/2.5\/5\/10 GbE con PoE-In.<\/li>\n<li style='margin-bottom: 5px;'><strong>Puerto ETH2 RJ45:<\/strong> 1 GbE + salida PoE out con 35W.<\/li>\n<li style='margin-bottom: 5px;'><strong>Puerto ETH3 SFP+:<\/strong> 10 GbE para fibra monomodo SMF o multimodo MMF.<\/li>\n<li style='margin-bottom: 5px;'><strong>Seguridad:<\/strong> AES 128 bits&comma; GUI sobre HTTPS&comma; CLI sobre SSH.<\/li>\n<li style='margin-bottom: 5px;'><strong>Rango de temperatura:<\/strong> -45\u00ba a 55\u00ba C \/ -49\u00ba a 131\u00ba F.<\/li>\n<li style='margin-bottom: 5px;'><strong>Alimentaci\u00f3n:<\/strong> 802.3bt o pasivo 55 Vcc.<\/li>\n<li style='margin-bottom: 5px;'><strong>Consumo:<\/strong> 55 W sin PoE out&comma; 90W con PoE out.<\/li>\n<li style='margin-bottom: 5px;'><strong>Grado IP:<\/strong> IP67 para climas extremos.<\/li>\n<li style='margin-bottom: 5px;'><strong>Dimensiones:<\/strong> 23.6 cm altura x 18.6 cm di\u00e1metro.<\/li>\n<li style='margin-bottom: 5px;'><strong>Peso:<\/strong> 3.6 Kg.<\/li>\n<\/ul><\/div>\n<\/p><\/div>\n<div style='text-align: center; margin: 40px 0;'> <img style='width: 100%; max-width: 600px; height: auto; border: 1px solid rgba(150&comma;150&comma;150&comma;0.3); border-radius: 8px;' src='https:\/\/www.siklu.com\/wp-content\/uploads\/2020\/08\/multihaul-tg-n-2-edit.png' alt=''> <\/div>\n<div style='margin-bottom: 30px;'>\n<h2 style='font-size: 18px; color: inherit; margin-bottom: 15px; text-align: center;'> Tecnolog\u00eda Terragraph <\/h2>\n<div style='position: relative; padding-bottom: 56.25%; height: 0; overflow: hidden; margin-bottom: 30px;'>   <\/div>\n<\/p><\/div>\n<div style='margin-bottom: 30px;'>\n<h2 style='font-size: 18px; color: inherit; margin-bottom: 15px; text-align: center;'> Soluciones MultiGigabit <\/h2>\n<div style='position: relative; padding-bottom: 56.25%; height: 0; overflow: hidden; margin-bottom: 30px;'>   <\/div>\n<\/p><\/div>\n<div style='display: flex; flex-wrap: wrap; gap: 30px; margin-bottom: 30px;'>\n<div style='flex: 1 1 300px; min-width: 280px;'>\n<h3 style='font-size: 22px; border-bottom: 2px solid currentColor; padding-bottom: 5px; margin-top: 0; color: inherit; opacity: 0.8;'> Caracter\u00edsticas El\u00e9ctricas <\/h3>\n<p> <!-- Secci\u00f3n vac\u00eda seg\u00fan el contenido original --> <\/div>\n<div style='flex: 1 1 300px; min-width: 280px;'>\n<h3 style='font-size: 22px; border-bottom: 2px solid currentColor; padding-bottom: 5px; margin-top: 0; color: inherit; opacity: 0.8;'> Caracter\u00edsticas F\u00edsicas <\/h3>\n<p> <!-- Secci\u00f3n vac\u00eda seg\u00fan el contenido original --> <\/div>\n<div style='flex: 1 1 300px; min-width: 280px;'>\n<h3 style='font-size: 22px; border-bottom: 2px solid currentColor; padding-bottom: 5px; margin-top: 0; color: inherit; opacity: 0.8;'> Caracter\u00edsticas Tecnol\u00f3gicas <\/h3>\n<p> <!-- Secci\u00f3n vac\u00eda seg\u00fan el contenido original --> <\/div>\n<\/p><\/div>\n<\/p><\/div>\n","protected":false},"excerpt":{"rendered":"<p>Nodo Mesh Multiruta Terragraph, 3a Generaci\u00f3n, Cobertura total 360\u00ba, 15 Gbps, 60 GHz Banda Libre, 60 terminales<\/p>\n","protected":false},"featured_media":71999,"comment_status":"open","ping_status":"closed","template":"","meta":[],"product_brand":[],"product_cat":[2006],"product_tag":[1980,2007,2008],"class_list":{"0":"post-72000","1":"product","2":"type-product","3":"status-publish","4":"has-post-thumbnail","6":"product_cat-otras-bandas","7":"product_tag-enlaces-ptp-y-ptmp","8":"product_tag-otras-bandas","9":"product_tag-siklu","11":"first","12":"instock","13":"sale","14":"shipping-taxable","15":"purchasable","16":"product-type-simple"},"_links":{"self":[{"href":"https:\/\/soydeaqui.ddns.net\/pachuca\/index.php\/wp-json\/wp\/v2\/product\/72000","targetHints":{"allow":["GET"]}}],"collection":[{"href":"https:\/\/soydeaqui.ddns.net\/pachuca\/index.php\/wp-json\/wp\/v2\/product"}],"about":[{"href":"https:\/\/soydeaqui.ddns.net\/pachuca\/index.php\/wp-json\/wp\/v2\/types\/product"}],"replies":[{"embeddable":true,"href":"https:\/\/soydeaqui.ddns.net\/pachuca\/index.php\/wp-json\/wp\/v2\/comments?post=72000"}],"wp:featuredmedia":[{"embeddable":true,"href":"https:\/\/soydeaqui.ddns.net\/pachuca\/index.php\/wp-json\/wp\/v2\/media\/71999"}],"wp:attachment":[{"href":"https:\/\/soydeaqui.ddns.net\/pachuca\/index.php\/wp-json\/wp\/v2\/media?parent=72000"}],"wp:term":[{"taxonomy":"product_brand","embeddable":true,"href":"https:\/\/soydeaqui.ddns.net\/pachuca\/index.php\/wp-json\/wp\/v2\/product_brand?post=72000"},{"taxonomy":"product_cat","embeddable":true,"href":"https:\/\/soydeaqui.ddns.net\/pachuca\/index.php\/wp-json\/wp\/v2\/product_cat?post=72000"},{"taxonomy":"product_tag","embeddable":true,"href":"https:\/\/soydeaqui.ddns.net\/pachuca\/index.php\/wp-json\/wp\/v2\/product_tag?post=72000"}],"curies":[{"name":"wp","href":"https:\/\/api.w.org\/{rel}","templated":true}]}}