{"id":71990,"date":"2026-03-19T12:26:22","date_gmt":"2026-03-19T12:26:22","guid":{"rendered":"https:\/\/soydeaqui.ddns.net\/pachuca\/index.php\/producto\/switch-sistema-operativo-dual-24-puertos-gigabit-ethernet-y-2-puertos-sfp-para-escritorio\/"},"modified":"2026-03-19T12:26:26","modified_gmt":"2026-03-19T12:26:26","slug":"switch-sistema-operativo-dual-24-puertos-gigabit-ethernet-y-2-puertos-sfp-para-escritorio","status":"publish","type":"product","link":"https:\/\/soydeaqui.ddns.net\/pachuca\/index.php\/producto\/switch-sistema-operativo-dual-24-puertos-gigabit-ethernet-y-2-puertos-sfp-para-escritorio\/","title":{"rendered":"Switch Sistema Operativo Dual 24 Puertos Gigabit Ethernet y 2 Puertos SFP+, Para Escritorio"},"content":{"rendered":"<div style='width: 100%; max-width: 1200px; margin: 0 auto; font-family: sans-serif; line-height: 1.6; color: inherit; background-color: transparent;'> <!-- Descripci\u00f3n general --> <\/p>\n<div style='margin-bottom: 30px; font-size: 15px;'>\n<p style='margin-bottom: 15px; color: inherit;'>Una configuraci\u00f3n de red dom\u00e9stica no tiene que ser un compromiso. Este conmutador compacto y silencioso est\u00e1 con algunas caracter\u00edsticas serias de nivel de sala de servidores: un par de jaulas SFP+ 10G&comma; 512 MB de RAM&comma; 24 puertos Gigabit Ethernet y una CPU incorporada suficiente que puede manejar las necesidades b\u00e1sicas del usuario dom\u00e9stico&comma; como firewall&comma; NAT e incluso alguna VPN. Y es extremadamente asequible: \u00a1mantenemos el precio a la par con los interruptores de escritorio de la generaci\u00f3n anterior!<\/p>\n<p style='margin-bottom: 15px; color: inherit;'>Como muchos otros switches MikroTik&comma; CRS326-24G-2S+IN ofrece la opci\u00f3n de arranque dual que le permite usar el ligero SwOS o el RouterOS avanzado. El estuche de escritorio compacto y silencioso sin ventilador hace que este interruptor sea la adici\u00f3n perfecta a las mejores configuraciones para el hogar. \u00a1Y es muy f\u00e1cil de transportar! Pero no se equivoque: este peque\u00f1o interruptor tiene toda la potencia y las caracter\u00edsticas de su mayor anal\u00f3gico de montaje en rack: el CRS326-24G-2S+RM&comma; \u00a1nada se ha eliminado!<\/p>\n<p style='margin-bottom: 15px; color: inherit;'>CRS326-24G-2S+IN proporciona toda la funcionalidad b\u00e1sica para un conmutador administrado&comma; y a\u00fan m\u00e1s: reenv\u00edo de puerto a puerto&comma; filtrado MAC&comma; configuraci\u00f3n de VLAN&comma; duplicaci\u00f3n de tr\u00e1fico&comma; limitaci\u00f3n de ancho de banda e incluso ajustar algunos campos de encabezado MAC e IP. La jaula SFP+ admite m\u00f3dulos SFP 1.25G y 10G SFP+.<\/p>\n<\/p><\/div>\n<p> <!-- Secci\u00f3n de especificaciones --> <\/p>\n<div style='display: flex; flex-wrap: wrap; gap: 30px; margin-bottom: 30px;'>\n<div style='flex: 1 1 300px; min-width: 280px;'>\n<h3 style='font-size: 22px; border-bottom: 2px solid currentColor; padding-bottom: 5px; margin-top: 0; color: inherit; opacity: 0.8;'>Especificaciones<\/h3>\n<ul style='padding-left: 20px; font-size: 15px; color: inherit;'>\n<li style='margin-bottom: 5px;'><strong>C\u00f3digo del producto:<\/strong> CRS326-24G-2S+IN<\/li>\n<li style='margin-bottom: 5px;'><strong>Arquitectura:<\/strong> ARM 32 bits<\/li>\n<li style='margin-bottom: 5px;'><strong>CPU:<\/strong> 98DX3236<\/li>\n<li style='margin-bottom: 5px;'><strong>N\u00facleos de CPU:<\/strong> 1<\/li>\n<li style='margin-bottom: 5px;'><strong>Frecuencia CPU:<\/strong> 800 MHz<\/li>\n<li style='margin-bottom: 5px;'><strong>Dimensiones:<\/strong> 285 x 144 x 44 mm<\/li>\n<li style='margin-bottom: 15px;'><strong>Licencia RouterOS:<\/strong> 5<\/li>\n<li style='margin-bottom: 5px;'><strong>Sistema operativo:<\/strong> RouterOS \/ SwitchOS<\/li>\n<li style='margin-bottom: 5px;'><strong>RAM:<\/strong> 512 MB<\/li>\n<li style='margin-bottom: 5px;'><strong>Almacenamiento:<\/strong> 16 MB FLASH<\/li>\n<li style='margin-bottom: 5px;'><strong>MTBF:<\/strong> Aproximadamente 200&#8217;000 horas a 25\u00b0C<\/li>\n<li style='margin-bottom: 5px;'><strong>Temperatura operativa:<\/strong> -40 \u00b0C a 60 \u00b0C<\/li>\n<\/ul><\/div>\n<div style='flex: 1 1 300px; min-width: 280px;'>\n<h3 style='font-size: 22px; border-bottom: 2px solid currentColor; padding-bottom: 5px; margin-top: 0; color: inherit; opacity: 0.8;'>Alimentaci\u00f3n<\/h3>\n<ul style='padding-left: 20px; font-size: 15px; color: inherit;'>\n<li style='margin-bottom: 5px;'><strong>PoE:<\/strong> PoE pasivo<\/li>\n<li style='margin-bottom: 5px;'><strong>Voltaje entrada:<\/strong> 10-30 V<\/li>\n<li style='margin-bottom: 5px;'><strong>Entradas CC:<\/strong> 2 (jack de CC&comma; PoE-IN)<\/li>\n<li style='margin-bottom: 5px;'><strong>Voltaje conector CC:<\/strong> 10-30 V<\/li>\n<li style='margin-bottom: 5px;'><strong>Consumo m\u00e1ximo:<\/strong> 21 W<\/li>\n<li style='margin-bottom: 5px;'><strong>Ventilador:<\/strong> Pasivo (sin ventilador)<\/li>\n<\/ul><\/div>\n<div style='flex: 1 1 300px; min-width: 280px;'>\n<h3 style='font-size: 22px; border-bottom: 2px solid currentColor; padding-bottom: 5px; margin-top: 0; color: inherit; opacity: 0.8;'>Conectividad<\/h3>\n<ul style='padding-left: 20px; font-size: 15px; color: inherit;'>\n<li style='margin-bottom: 5px;'><strong>Ethernet:<\/strong> 24 puertos 10\/100\/1000<\/li>\n<li style='margin-bottom: 5px;'><strong>SFP+:<\/strong> 2 puertos<\/li>\n<li style='margin-bottom: 5px;'><strong>Puerto serie:<\/strong> RJ45<\/li>\n<\/ul>\n<h3 style='font-size: 22px; border-bottom: 2px solid currentColor; padding-bottom: 5px; margin-top: 25px; margin-bottom: 15px; color: inherit; opacity: 0.8;'>Certificaciones<\/h3>\n<ul style='padding-left: 20px; font-size: 15px; color: inherit;'>\n<li style='margin-bottom: 5px;'>CE&comma; EAC&comma; ROHS<\/li>\n<\/ul><\/div>\n<\/p><\/div>\n<p> <!-- Tabla de rendimiento --> <\/p>\n<div style='margin-bottom: 30px;'>\n<h3 style='font-size: 22px; border-bottom: 2px solid currentColor; padding-bottom: 5px; margin-top: 0; color: inherit; opacity: 0.8;'>Resultados de pruebas Ethernet<\/h3>\n<div style='overflow-x: auto;'>\n<table style='width: 100%; border-collapse: collapse; margin-top: 15px;'>\n<thead>\n<tr style='background-color: rgba(150&comma;150&comma;150&comma;0.1);'>\n<th style='padding: 12px; border: 1px solid rgba(150&comma;150&comma;150&comma;0.3); text-align: left; color: inherit;'>Modo<\/th>\n<th style='padding: 12px; border: 1px solid rgba(150&comma;150&comma;150&comma;0.3); text-align: left; color: inherit;'>Configuraci\u00f3n<\/th>\n<th style='padding: 12px; border: 1px solid rgba(150&comma;150&comma;150&comma;0.3); text-align: left; color: inherit;' colspan='2'>1518 byte<\/th>\n<th style='padding: 12px; border: 1px solid rgba(150&comma;150&comma;150&comma;0.3); text-align: left; color: inherit;' colspan='2'>512 byte<\/th>\n<th style='padding: 12px; border: 1px solid rgba(150&comma;150&comma;150&comma;0.3); text-align: left; color: inherit;' colspan='2'>64 byte<\/th>\n<\/tr>\n<tr style='background-color: rgba(150&comma;150&comma;150&comma;0.1);'>\n<th style='padding: 12px; border: 1px solid rgba(150&comma;150&comma;150&comma;0.3); color: inherit;'><\/th>\n<th style='padding: 12px; border: 1px solid rgba(150&comma;150&comma;150&comma;0.3); color: inherit;'><\/th>\n<th style='padding: 12px; border: 1px solid rgba(150&comma;150&comma;150&comma;0.3); color: inherit;'>kpps<\/th>\n<th style='padding: 12px; border: 1px solid rgba(150&comma;150&comma;150&comma;0.3); color: inherit;'>Mbps<\/th>\n<th style='padding: 12px; border: 1px solid rgba(150&comma;150&comma;150&comma;0.3); color: inherit;'>kpps<\/th>\n<th style='padding: 12px; border: 1px solid rgba(150&comma;150&comma;150&comma;0.3); color: inherit;'>Mbps<\/th>\n<th style='padding: 12px; border: 1px solid rgba(150&comma;150&comma;150&comma;0.3); color: inherit;'>kpps<\/th>\n<th style='padding: 12px; border: 1px solid rgba(150&comma;150&comma;150&comma;0.3); color: inherit;'>Mbps<\/th>\n<\/tr>\n<\/thead>\n<tbody>\n<tr>\n<td style='padding: 12px; border: 1px solid rgba(150&comma;150&comma;150&comma;0.3); color: inherit;'>Bridging<\/td>\n<td style='padding: 12px; border: 1px solid rgba(150&comma;150&comma;150&comma;0.3); color: inherit;'>none (fast path)<\/td>\n<td style='padding: 12px; border: 1px solid rgba(150&comma;150&comma;150&comma;0.3); color: inherit;'>104&comma;3<\/td>\n<td style='padding: 12px; border: 1px solid rgba(150&comma;150&comma;150&comma;0.3); color: inherit;'>1266.6<\/td>\n<td style='padding: 12px; border: 1px solid rgba(150&comma;150&comma;150&comma;0.3); color: inherit;'>273&comma;5<\/td>\n<td style='padding: 12px; border: 1px solid rgba(150&comma;150&comma;150&comma;0.3); color: inherit;'>1120.3<\/td>\n<td style='padding: 12px; border: 1px solid rgba(150&comma;150&comma;150&comma;0.3); color: inherit;'>449<\/td>\n<td style='padding: 12px; border: 1px solid rgba(150&comma;150&comma;150&comma;0.3); color: inherit;'>229.9<\/td>\n<\/tr>\n<tr style='background-color: rgba(150&comma;150&comma;150&comma;0.05);'>\n<td style='padding: 12px; border: 1px solid rgba(150&comma;150&comma;150&comma;0.3); color: inherit;'>Bridging<\/td>\n<td style='padding: 12px; border: 1px solid rgba(150&comma;150&comma;150&comma;0.3); color: inherit;'>25 bridge filter rules<\/td>\n<td style='padding: 12px; border: 1px solid rgba(150&comma;150&comma;150&comma;0.3); color: inherit;'>104<\/td>\n<td style='padding: 12px; border: 1px solid rgba(150&comma;150&comma;150&comma;0.3); color: inherit;'>1263.0<\/td>\n<td style='padding: 12px; border: 1px solid rgba(150&comma;150&comma;150&comma;0.3); color: inherit;'>104&comma;6<\/td>\n<td style='padding: 12px; border: 1px solid rgba(150&comma;150&comma;150&comma;0.3); color: inherit;'>428.4<\/td>\n<td style='padding: 12px; border: 1px solid rgba(150&comma;150&comma;150&comma;0.3); color: inherit;'>104&comma;5<\/td>\n<td style='padding: 12px; border: 1px solid rgba(150&comma;150&comma;150&comma;0.3); color: inherit;'>53.5<\/td>\n<\/tr>\n<tr>\n<td style='padding: 12px; border: 1px solid rgba(150&comma;150&comma;150&comma;0.3); color: inherit;'>Routing<\/td>\n<td style='padding: 12px; border: 1px solid rgba(150&comma;150&comma;150&comma;0.3); color: inherit;'>none (fast path)<\/td>\n<td style='padding: 12px; border: 1px solid rgba(150&comma;150&comma;150&comma;0.3); color: inherit;'>104&comma;3<\/td>\n<td style='padding: 12px; border: 1px solid rgba(150&comma;150&comma;150&comma;0.3); color: inherit;'>1266.6<\/td>\n<td style='padding: 12px; border: 1px solid rgba(150&comma;150&comma;150&comma;0.3); color: inherit;'>273&comma;9<\/td>\n<td style='padding: 12px; border: 1px solid rgba(150&comma;150&comma;150&comma;0.3); color: inherit;'>1121.9<\/td>\n<td style='padding: 12px; border: 1px solid rgba(150&comma;150&comma;150&comma;0.3); color: inherit;'>343&comma;5<\/td>\n<td style='padding: 12px; border: 1px solid rgba(150&comma;150&comma;150&comma;0.3); color: inherit;'>175.9<\/td>\n<\/tr>\n<tr style='background-color: rgba(150&comma;150&comma;150&comma;0.05);'>\n<td style='padding: 12px; border: 1px solid rgba(150&comma;150&comma;150&comma;0.3); color: inherit;'>Routing<\/td>\n<td style='padding: 12px; border: 1px solid rgba(150&comma;150&comma;150&comma;0.3); color: inherit;'>25 simple queues<\/td>\n<td style='padding: 12px; border: 1px solid rgba(150&comma;150&comma;150&comma;0.3); color: inherit;'>104&comma;3<\/td>\n<td style='padding: 12px; border: 1px solid rgba(150&comma;150&comma;150&comma;0.3); color: inherit;'>1266.6<\/td>\n<td style='padding: 12px; border: 1px solid rgba(150&comma;150&comma;150&comma;0.3); color: inherit;'>136&comma;9<\/td>\n<td style='padding: 12px; border: 1px solid rgba(150&comma;150&comma;150&comma;0.3); color: inherit;'>560.7<\/td>\n<td style='padding: 12px; border: 1px solid rgba(150&comma;150&comma;150&comma;0.3); color: inherit;'>137&comma;4<\/td>\n<td style='padding: 12px; border: 1px solid rgba(150&comma;150&comma;150&comma;0.3); color: inherit;'>70.3<\/td>\n<\/tr>\n<tr>\n<td style='padding: 12px; border: 1px solid rgba(150&comma;150&comma;150&comma;0.3); color: inherit;'>Routing<\/td>\n<td style='padding: 12px; border: 1px solid rgba(150&comma;150&comma;150&comma;0.3); color: inherit;'>25 ip filter rules<\/td>\n<td style='padding: 12px; border: 1px solid rgba(150&comma;150&comma;150&comma;0.3); color: inherit;'>64&comma;8<\/td>\n<td style='padding: 12px; border: 1px solid rgba(150&comma;150&comma;150&comma;0.3); color: inherit;'>786.9<\/td>\n<td style='padding: 12px; border: 1px solid rgba(150&comma;150&comma;150&comma;0.3); color: inherit;'>65&comma;9<\/td>\n<td style='padding: 12px; border: 1px solid rgba(150&comma;150&comma;150&comma;0.3); color: inherit;'>269.9<\/td>\n<td style='padding: 12px; border: 1px solid rgba(150&comma;150&comma;150&comma;0.3); color: inherit;'>65&comma;8<\/td>\n<td style='padding: 12px; border: 1px solid rgba(150&comma;150&comma;150&comma;0.3); color: inherit;'>33.7<\/td>\n<\/tr>\n<\/tbody>\n<\/table><\/div>\n<\/p><\/div>\n<p> <!-- Piezas incluidas --> <\/p>\n<div style='margin-bottom: 30px;'>\n<h3 style='font-size: 22px; border-bottom: 2px solid currentColor; padding-bottom: 5px; margin-top: 0; color: inherit; opacity: 0.8;'>Piezas incluidas<\/h3>\n<div style='display: flex; flex-wrap: wrap; gap: 20px; margin-top: 15px;'>\n<div style='flex: 1 1 139px; min-width: 139px;'> <img style='width: 100%; height: auto; border: 1px solid rgba(150&comma;150&comma;150&comma;0.3); border-radius: 8px;' src='https:\/\/i.mt.lv\/cdn\/rb_images\/part331393422988s.jpg' alt='Adaptador de corriente 24V 1.2A'> <\/p>\n<p style='text-align: center; margin-top: 8px; font-size: 14px; color: inherit;'>Adaptador de corriente 24V 1.2A<\/p>\n<\/p><\/div>\n<\/p><\/div>\n<\/p><\/div>\n<p> <!-- Informaci\u00f3n adicional --> <\/p>\n<div style='margin-bottom: 30px; font-size: 14px; color: inherit;'>\n<p style='margin: 0; color: inherit;'><em>El dispositivo tiene un sistema operativo preinstalado y con licencia. No es necesaria ninguna compra por separado y el producto est\u00e1 listo para usar. El dispositivo incluye actualizaciones de software gratuitas durante la vida del producto o un m\u00ednimo de 5 a\u00f1os a partir de la fecha de compra.<\/em><\/p>\n<\/p><\/div>\n<p> <!-- Separador --> <\/p>\n<hr style='border: 0; border-top: 1px solid rgba(150&comma; 150&comma; 150&comma; 0.3); margin: 30px 0;'> <\/div>\n","protected":false},"excerpt":{"rendered":"<p>Switch Sistema Operativo Dual 24 Puertos Gigabit Ethernet y 2 Puertos SFP+, Para Escritorio<\/p>\n","protected":false},"featured_media":71989,"comment_status":"open","ping_status":"closed","template":"","meta":[],"product_brand":[],"product_cat":[1970],"product_tag":[643,664,1971],"class_list":{"0":"post-71990","1":"product","2":"type-product","3":"status-publish","4":"has-post-thumbnail","6":"product_cat-switches","7":"product_tag-mikrotik","8":"product_tag-networking","9":"product_tag-switches","11":"first","12":"outofstock","13":"sale","14":"shipping-taxable","15":"purchasable","16":"product-type-simple"},"_links":{"self":[{"href":"https:\/\/soydeaqui.ddns.net\/pachuca\/index.php\/wp-json\/wp\/v2\/product\/71990","targetHints":{"allow":["GET"]}}],"collection":[{"href":"https:\/\/soydeaqui.ddns.net\/pachuca\/index.php\/wp-json\/wp\/v2\/product"}],"about":[{"href":"https:\/\/soydeaqui.ddns.net\/pachuca\/index.php\/wp-json\/wp\/v2\/types\/product"}],"replies":[{"embeddable":true,"href":"https:\/\/soydeaqui.ddns.net\/pachuca\/index.php\/wp-json\/wp\/v2\/comments?post=71990"}],"wp:featuredmedia":[{"embeddable":true,"href":"https:\/\/soydeaqui.ddns.net\/pachuca\/index.php\/wp-json\/wp\/v2\/media\/71989"}],"wp:attachment":[{"href":"https:\/\/soydeaqui.ddns.net\/pachuca\/index.php\/wp-json\/wp\/v2\/media?parent=71990"}],"wp:term":[{"taxonomy":"product_brand","embeddable":true,"href":"https:\/\/soydeaqui.ddns.net\/pachuca\/index.php\/wp-json\/wp\/v2\/product_brand?post=71990"},{"taxonomy":"product_cat","embeddable":true,"href":"https:\/\/soydeaqui.ddns.net\/pachuca\/index.php\/wp-json\/wp\/v2\/product_cat?post=71990"},{"taxonomy":"product_tag","embeddable":true,"href":"https:\/\/soydeaqui.ddns.net\/pachuca\/index.php\/wp-json\/wp\/v2\/product_tag?post=71990"}],"curies":[{"name":"wp","href":"https:\/\/api.w.org\/{rel}","templated":true}]}}