{"id":71983,"date":"2026-03-19T12:26:06","date_gmt":"2026-03-19T12:26:06","guid":{"rendered":"https:\/\/soydeaqui.ddns.net\/pachuca\/index.php\/producto\/switch-no-administrable-de-16-puertos-10-100-mbps-para-escritorio\/"},"modified":"2026-03-19T12:26:19","modified_gmt":"2026-03-19T12:26:19","slug":"switch-no-administrable-de-16-puertos-10-100-mbps-para-escritorio","status":"publish","type":"product","link":"https:\/\/soydeaqui.ddns.net\/pachuca\/index.php\/producto\/switch-no-administrable-de-16-puertos-10-100-mbps-para-escritorio\/","title":{"rendered":"Switch no administrable de 16 puertos 10\/100 Mbps para escritorio"},"content":{"rendered":"<div style='width: 100%; max-width: 1200px; margin: 0 auto; font-family: sans-serif; line-height: 1.6; color: inherit; background-color: transparent;'>\n<div style='display: flex; flex-wrap: wrap; gap: 30px; margin-bottom: 30px;'>\n<div style='flex: 1 1 300px; min-width: 280px;'>\n<h3 style='font-size: 22px; border-bottom: 2px solid currentColor; padding-bottom: 5px; margin-top: 0; color: inherit; opacity: 0.8;'>Caracter\u00edsticas<\/h3>\n<ul style='padding-left: 20px; font-size: 15px; color: inherit;'>\n<li style='margin-bottom: 5px;'>16 puertos RJ45 10\/100 Mbps Auto-Negociaci\u00f3n&comma; compatible con Auto MDI \/ MDIX<\/li>\n<li style='margin-bottom: 5px;'>Tecnolog\u00eda Green Ethernet ahorra la energ\u00eda hasta un 70%<\/li>\n<li style='margin-bottom: 5px;'>IEEE 802.3x control de flujo proporciona una transferencia de datos fiables<\/li>\n<li style='margin-bottom: 5px;'>Caja de pl\u00e1stico&comma; dise\u00f1o de montaje de escritorio o en pared<\/li>\n<li style='margin-bottom: 5px;'>Plug and play&comma; sin necesidad de configuraci\u00f3n<\/li>\n<\/ul><\/div>\n<\/p><\/div>\n<div style='display: flex; flex-wrap: wrap; gap: 20px; margin-bottom: 30px;'>\n<div style='flex: 1 1 250px; border: 1px solid rgba(150&comma; 150&comma; 150&comma; 0.4); border-radius: 8px; overflow: hidden; display: flex; flex-direction: column;'>\n<div style='padding: 15px; border-bottom: 1px solid rgba(150&comma; 150&comma; 150&comma; 0.2); font-weight: bold; font-size: 18px; color: inherit;'>CARACTER\u00cdSTICAS DE HARDWARE<\/div>\n<div style='padding: 15px; color: inherit;'>\n<ul style='padding-left: 20px; margin: 0; font-size: 14px; list-style-type: disc;'>\n<li style='margin-bottom: 5px;'><strong>Interface:<\/strong> 16 10\/100Mbps RJ45 Ports&comma; AUTO Negotiation\/AUTO MDI\/MDIX<\/li>\n<li style='margin-bottom: 5px;'><strong>Cantidad de Ventiladores:<\/strong> Sin Ventilador<\/li>\n<li style='margin-bottom: 5px;'><strong>Cerradura de Seguridad F\u00edsica:<\/strong> No<\/li>\n<li style='margin-bottom: 5px;'><strong>Consumo de Energ\u00eda:<\/strong> M\u00e1ximo: 3.1W (220V\/50Hz)<\/li>\n<li style='margin-bottom: 5px;'><strong>Fuente de Alimentaci\u00f3n Externa:<\/strong> 100~240VAC&comma; 50\/60Hz<\/li>\n<li style='margin-bottom: 5px;'><strong>Tabla de Direcci\u00f3n Mac:<\/strong> 1K<\/li>\n<li style='margin-bottom: 5px;'><strong>Dimensiones (W X D X H):<\/strong> 7.9*5.6*1.6 pulgadas (200*142*40 mm)<\/li>\n<li style='margin-bottom: 5px;'><strong>Consumo M\u00e1ximo de energ\u00eda:<\/strong> 3.23 W (220V\/50Hz)<\/li>\n<li style='margin-bottom: 5px;'><strong>Disipaci\u00f3n M\u00e1xima de Calor:<\/strong> 11.01 BTU\/h<\/li>\n<\/ul><\/div>\n<\/p><\/div>\n<div style='flex: 1 1 250px; border: 1px solid rgba(150&comma; 150&comma; 150&comma; 0.4); border-radius: 8px; overflow: hidden; display: flex; flex-direction: column;'>\n<div style='padding: 15px; border-bottom: 1px solid rgba(150&comma; 150&comma; 150&comma; 0.2); font-weight: bold; font-size: 18px; color: inherit;'>CARACTER\u00cdSTICAS DE SOFTWARE<\/div>\n<div style='padding: 15px; color: inherit;'>\n<ul style='padding-left: 20px; margin: 0; font-size: 14px; list-style-type: disc;'>\n<li style='margin-bottom: 5px;'><strong>M\u00e9todo de Transferencia:<\/strong> Almacenamiento y Env\u00edo<\/li>\n<li style='margin-bottom: 5px;'><strong>Funciones Avanzadas:<\/strong> Tecnolog\u00eda ecol\u00f3gica&comma; ahorro de energ\u00eda de hasta un 80%&comma; 802.3X control de flujo<\/li>\n<\/ul><\/div>\n<\/p><\/div>\n<div style='flex: 1 1 250px; border: 1px solid rgba(150&comma; 150&comma; 150&comma; 0.4); border-radius: 8px; overflow: hidden; display: flex; flex-direction: column;'>\n<div style='padding: 15px; border-bottom: 1px solid rgba(150&comma; 150&comma; 150&comma; 0.2); font-weight: bold; font-size: 18px; color: inherit;'>OTROS<\/div>\n<div style='padding: 15px; color: inherit;'>\n<ul style='padding-left: 20px; margin: 0; font-size: 14px; list-style-type: disc;'>\n<li style='margin-bottom: 5px;'><strong>Certificaci\u00f3n:<\/strong> FCC&comma; CE&comma; RoHs<\/li>\n<li style='margin-bottom: 5px;'><strong>Contenidos del Paquete:<\/strong> 16 puertos 10 \/ Switch 10Mbps escritorio TL-SF1016D&comma; Adaptador de poder&comma; Gu\u00eda del usuario<\/li>\n<li style='margin-bottom: 5px;'><strong>Requisitos del Sistema:<\/strong> Microsoft\u00ae Windows\u00ae 98SE&comma; NT&comma; 2000&comma; XP&comma; Vista\u2122 or Windows 7&comma; MAC\u00ae OS&comma; NetWare\u00ae&comma; UNIX\u00ae or Linux.<\/li>\n<li style='margin-bottom: 5px;'><strong>Ambiente:<\/strong> Temperatura de Funcionamiento: 0\u00b0C~40\u00b0C (32\u00b0F~104\u00b0F)&comma; Temperatura de Almacenamiento: -40\u00b0C~70\u00b0C (-40\u00b0F~158\u00b0F)&comma; Humedad de Funcionamiento: 10%~90% sin condensaci\u00f3n&comma; Humedad de Almacenamiento: 5%~90% sin condensaci\u00f3n<\/li>\n<\/ul><\/div>\n<\/p><\/div>\n<\/p><\/div>\n<\/p><\/div>\n","protected":false},"excerpt":{"rendered":"<p>Switch no administrable de 16 puertos 10\/100 Mbps para escritorio<\/p>\n","protected":false},"featured_media":71982,"comment_status":"open","ping_status":"closed","template":"","meta":[],"product_brand":[],"product_cat":[1970],"product_tag":[664,1971,71],"class_list":{"0":"post-71983","1":"product","2":"type-product","3":"status-publish","4":"has-post-thumbnail","6":"product_cat-switches","7":"product_tag-networking","8":"product_tag-switches","9":"product_tag-tp-link","11":"first","12":"instock","13":"sale","14":"shipping-taxable","15":"purchasable","16":"product-type-simple"},"_links":{"self":[{"href":"https:\/\/soydeaqui.ddns.net\/pachuca\/index.php\/wp-json\/wp\/v2\/product\/71983","targetHints":{"allow":["GET"]}}],"collection":[{"href":"https:\/\/soydeaqui.ddns.net\/pachuca\/index.php\/wp-json\/wp\/v2\/product"}],"about":[{"href":"https:\/\/soydeaqui.ddns.net\/pachuca\/index.php\/wp-json\/wp\/v2\/types\/product"}],"replies":[{"embeddable":true,"href":"https:\/\/soydeaqui.ddns.net\/pachuca\/index.php\/wp-json\/wp\/v2\/comments?post=71983"}],"wp:featuredmedia":[{"embeddable":true,"href":"https:\/\/soydeaqui.ddns.net\/pachuca\/index.php\/wp-json\/wp\/v2\/media\/71982"}],"wp:attachment":[{"href":"https:\/\/soydeaqui.ddns.net\/pachuca\/index.php\/wp-json\/wp\/v2\/media?parent=71983"}],"wp:term":[{"taxonomy":"product_brand","embeddable":true,"href":"https:\/\/soydeaqui.ddns.net\/pachuca\/index.php\/wp-json\/wp\/v2\/product_brand?post=71983"},{"taxonomy":"product_cat","embeddable":true,"href":"https:\/\/soydeaqui.ddns.net\/pachuca\/index.php\/wp-json\/wp\/v2\/product_cat?post=71983"},{"taxonomy":"product_tag","embeddable":true,"href":"https:\/\/soydeaqui.ddns.net\/pachuca\/index.php\/wp-json\/wp\/v2\/product_tag?post=71983"}],"curies":[{"name":"wp","href":"https:\/\/api.w.org\/{rel}","templated":true}]}}