{"id":71967,"date":"2026-03-19T12:25:28","date_gmt":"2026-03-19T12:25:28","guid":{"rendered":"https:\/\/soydeaqui.ddns.net\/pachuca\/index.php\/producto\/mini-adaptador-usb-inalambrico-doble-banda-ac-600-mbps-antena-onmidireccional\/"},"modified":"2026-03-19T12:25:36","modified_gmt":"2026-03-19T12:25:36","slug":"mini-adaptador-usb-inalambrico-doble-banda-ac-600-mbps-antena-onmidireccional","status":"publish","type":"product","link":"https:\/\/soydeaqui.ddns.net\/pachuca\/index.php\/producto\/mini-adaptador-usb-inalambrico-doble-banda-ac-600-mbps-antena-onmidireccional\/","title":{"rendered":"Mini Adaptador USB inal\u00e1mbrico doble banda AC 600 Mbps, antena onmidireccional."},"content":{"rendered":"<div style='width: 100%; max-width: 1200px; margin: 0 auto; font-family: sans-serif; line-height: 1.6; color: inherit; background-color: transparent;'>\n<div style='display: flex; flex-wrap: wrap; gap: 30px; margin-bottom: 30px;'>\n<div style='flex: 1 1 300px; min-width: 280px;'>\n<h3 style='font-size: 22px; border-bottom: 2px solid currentColor; padding-bottom: 5px; margin-top: 0; color: inherit; opacity: 0.8;'>Caracter\u00edsticas<\/h3>\n<ul style='padding-left: 20px; font-size: 15px; color: inherit;'>\n<li style='margin-bottom: 5px;'>WiFi de alta velocidad: velocidades de hasta 600 Mbps con 200 Mbps en 2&comma;4 GHz y 433 Mbps en 5 GHz&comma; actualiza sus dispositivos a velocidades WiFi de CA m\u00e1s altas.<\/li>\n<li style='margin-bottom: 5px;'>Inal\u00e1mbrico de doble banda: banda de 2&comma;4 GHz y 5 GHz para una conectividad flexible&comma; actualiza sus dispositivos para que funcionen con el \u00faltimo enrutador WiFi de doble banda para una velocidad m\u00e1s r\u00e1pida y un alcance extendido.<\/li>\n<li style='margin-bottom: 5px;'>Nano dise\u00f1o: el dise\u00f1o peque\u00f1o y discreto le permite enchufarlo y olvidar que est\u00e1 all\u00ed<\/li>\n<li style='margin-bottom: 5px;'>Sistema operativo: compatible con Windows 10 \/ 8.1 \/ 8\/7 \/ XP&comma; Mac OS X<\/li>\n<li style='margin-bottom: 5px;'>Seguridad avanzada: admite los est\u00e1ndares de cifrado WEP&comma; WPA \/ WPA2 y WPA-PSK \/ WPA2-PSK de 64\/128 bits<\/li>\n<\/ul><\/div>\n<\/p><\/div>\n<div style='display: flex; flex-wrap: wrap; gap: 20px; margin-bottom: 30px;'>\n<div style='flex: 1 1 250px; border: 1px solid rgba(150&comma; 150&comma; 150&comma; 0.4); border-radius: 8px; overflow: hidden; display: flex; flex-direction: column;'>\n<div style='padding: 15px; border-bottom: 1px solid rgba(150&comma; 150&comma; 150&comma; 0.2); font-weight: bold; font-size: 18px; color: inherit;'>Caracter\u00edsticas de Hardware<\/div>\n<div style='padding: 15px; color: inherit;'>\n<ul style='padding-left: 20px; margin: 0; font-size: 14px; list-style-type: disc;'>\n<li style='margin-bottom: 5px;'>Interfaz USB 2.0<\/li>\n<li style='margin-bottom: 5px;'>Bot\u00f3n Bot\u00f3n WPS<\/li>\n<li style='margin-bottom: 5px;'>Dimensiones (W X D X H) 15 \u00d7 7.1 \u00d7 18.6 mm<\/li>\n<li style='margin-bottom: 5px;'>Tipo de Antena Omnidireccional<\/li>\n<\/ul><\/div>\n<\/p><\/div>\n<div style='flex: 1 1 250px; border: 1px solid rgba(150&comma; 150&comma; 150&comma; 0.4); border-radius: 8px; overflow: hidden; display: flex; flex-direction: column;'>\n<div style='padding: 15px; border-bottom: 1px solid rgba(150&comma; 150&comma; 150&comma; 0.2); font-weight: bold; font-size: 18px; color: inherit;'>Caracter\u00edsticas inal\u00e1mbricas<\/div>\n<div style='padding: 15px; color: inherit;'>\n<ul style='padding-left: 20px; margin: 0; font-size: 14px; list-style-type: disc;'>\n<li style='margin-bottom: 5px;'>Est\u00e1ndares inal\u00e1mbricos IEEE 802.11ac&comma; IEEE 802.11a&comma; IEEE 802.11n&comma; IEEE 802.11g&comma; IEEE 802.11b<\/li>\n<li style='margin-bottom: 5px;'>Frecuencia 5GHz 2.4GHz<\/li>\n<li style='margin-bottom: 5px;'>Potencia de transmisi\u00f3n &lt;20dBm (EIRP)<\/li>\n<li style='margin-bottom: 5px;'>Modo inal\u00e1mbrico Ad-Hoc \/ Infrastructure mode<\/li>\n<li style='margin-bottom: 5px;'>Seguridad inal\u00e1mbrica soportada 64\/128 bit WEP&comma; WPA-PSK\/WPA2-PSK&comma; 802.1x<\/li>\n<li style='margin-bottom: 5px;'>Tecnolog\u00eda de modulaci\u00f3n DBPSK&comma; DQPSK&comma; CCK&comma; OFDM&comma; 16-QAM&comma; 64-QAM<\/li>\n<\/ul><\/div>\n<\/p><\/div>\n<\/p><\/div>\n<\/p><\/div>\n","protected":false},"excerpt":{"rendered":"<p>Mini Adaptador USB inal\u00e1mbrico doble banda AC 600 Mbps, antena onmidireccional.<\/p>\n","protected":false},"featured_media":71966,"comment_status":"open","ping_status":"closed","template":"","meta":[],"product_brand":[],"product_cat":[2030],"product_tag":[2031,1479,71],"class_list":{"0":"post-71967","1":"product","2":"type-product","3":"status-publish","4":"has-post-thumbnail","6":"product_cat-adaptadores-inalambricos","7":"product_tag-adaptadores-inalambricos","8":"product_tag-redes-wifi","9":"product_tag-tp-link","11":"first","12":"instock","13":"sale","14":"shipping-taxable","15":"purchasable","16":"product-type-simple"},"_links":{"self":[{"href":"https:\/\/soydeaqui.ddns.net\/pachuca\/index.php\/wp-json\/wp\/v2\/product\/71967","targetHints":{"allow":["GET"]}}],"collection":[{"href":"https:\/\/soydeaqui.ddns.net\/pachuca\/index.php\/wp-json\/wp\/v2\/product"}],"about":[{"href":"https:\/\/soydeaqui.ddns.net\/pachuca\/index.php\/wp-json\/wp\/v2\/types\/product"}],"replies":[{"embeddable":true,"href":"https:\/\/soydeaqui.ddns.net\/pachuca\/index.php\/wp-json\/wp\/v2\/comments?post=71967"}],"wp:featuredmedia":[{"embeddable":true,"href":"https:\/\/soydeaqui.ddns.net\/pachuca\/index.php\/wp-json\/wp\/v2\/media\/71966"}],"wp:attachment":[{"href":"https:\/\/soydeaqui.ddns.net\/pachuca\/index.php\/wp-json\/wp\/v2\/media?parent=71967"}],"wp:term":[{"taxonomy":"product_brand","embeddable":true,"href":"https:\/\/soydeaqui.ddns.net\/pachuca\/index.php\/wp-json\/wp\/v2\/product_brand?post=71967"},{"taxonomy":"product_cat","embeddable":true,"href":"https:\/\/soydeaqui.ddns.net\/pachuca\/index.php\/wp-json\/wp\/v2\/product_cat?post=71967"},{"taxonomy":"product_tag","embeddable":true,"href":"https:\/\/soydeaqui.ddns.net\/pachuca\/index.php\/wp-json\/wp\/v2\/product_tag?post=71967"}],"curies":[{"name":"wp","href":"https:\/\/api.w.org\/{rel}","templated":true}]}}