{"id":71962,"date":"2026-03-19T12:25:16","date_gmt":"2026-03-19T12:25:16","guid":{"rendered":"https:\/\/soydeaqui.ddns.net\/pachuca\/index.php\/producto\/tapa-ciega-estandar-de-19in-compatible-con-racks-con-rieles-de-orificio-roscado-instalacion-sin-herramienta-plano-1-ur-color-negro\/"},"modified":"2026-03-19T12:25:25","modified_gmt":"2026-03-19T12:25:25","slug":"tapa-ciega-estandar-de-19in-compatible-con-racks-con-rieles-de-orificio-roscado-instalacion-sin-herramienta-plano-1-ur-color-negro","status":"publish","type":"product","link":"https:\/\/soydeaqui.ddns.net\/pachuca\/index.php\/producto\/tapa-ciega-estandar-de-19in-compatible-con-racks-con-rieles-de-orificio-roscado-instalacion-sin-herramienta-plano-1-ur-color-negro\/","title":{"rendered":"Tapa Ciega Est\u00e1ndar de 19in, Compatible con Racks con Rieles de Orificio Roscado, Instalaci\u00f3n sin Herramienta, Plano, 1 UR, Color Negro"},"content":{"rendered":"<div style='width: 100%; max-width: 1200px; margin: 0 auto; font-family: sans-serif; line-height: 1.6; color: inherit; background-color: transparent;'> <!-- Secci\u00f3n de descripci\u00f3n general --> <\/p>\n<div style='margin-bottom: 30px;'>\n<h2 style='font-size: 20px; margin-top: 0; color: inherit; opacity: 0.9;'>Descripci\u00f3n General<\/h2>\n<p style='font-size: 15px; color: inherit; margin-top: 10px; margin-bottom: 10px;'>El panel ciego de instalaci\u00f3n sin herramientas est\u00e1 dise\u00f1ado para minimizar el flujo de aire de derivaci\u00f3n en racks y gabinetes al tiempo que brinda una apariencia deseable.<\/p>\n<\/p><\/div>\n<p> <!-- Secci\u00f3n de caracter\u00edsticas t\u00e9cnicas --> <\/p>\n<div style='display: flex; flex-wrap: wrap; gap: 30px; margin-bottom: 30px;'>\n<div style='flex: 1 1 300px; min-width: 280px;'>\n<h3 style='font-size: 18px; border-bottom: 2px solid currentColor; padding-bottom: 5px; margin-top: 0; color: inherit; opacity: 0.8;'>Caracter\u00edsticas T\u00e9cnicas<\/h3>\n<ul style='padding-left: 20px; font-size: 14px; color: inherit;'>\n<li style='margin-bottom: 5px;'><strong>Material:<\/strong> ABS<\/li>\n<li style='margin-bottom: 5px;'><strong>Color:<\/strong> Negro<\/li>\n<li style='margin-bottom: 5px;'><strong>Dimensiones:<\/strong> 482.6 x 44.7 mm (Ancho x Alto)<\/li>\n<li style='margin-bottom: 5px;'><strong>Unidades de Rack:<\/strong> 1 RU<\/li>\n<li style='margin-bottom: 5px;'><strong>Est\u00e1ndar:<\/strong> 19.00&#8242; (483mm) cumple con est\u00e1ndares CEA-310-E<\/li>\n<li style='margin-bottom: 5px;'><strong>Compatibilidad:<\/strong> Soluciones disponibles para orificios cuadrados de 0.38&#8242; (9.5mm) y orificios roscados redondos #10 (M5) o #12 (M6)<\/li>\n<li style='margin-bottom: 5px;'><strong>RoHS:<\/strong> Cumple con directivas RoHS<\/li>\n<\/ul><\/div>\n<p> <!-- Secci\u00f3n de caracter\u00edsticas principales --> <\/p>\n<div style='flex: 1 1 300px; min-width: 280px;'>\n<h3 style='font-size: 18px; border-bottom: 2px solid currentColor; padding-bottom: 5px; margin-top: 0; color: inherit; opacity: 0.8;'>Caracter\u00edsticas Principales<\/h3>\n<ul style='padding-left: 20px; font-size: 14px; color: inherit;'>\n<li style='margin-bottom: 5px;'>Dise\u00f1o de material no met\u00e1lico con funci\u00f3n de acople r\u00e1pido para instalaci\u00f3n sin herramientas<\/li>\n<li style='margin-bottom: 5px;'>Dise\u00f1o de pestillo permite instalaci\u00f3n en orificios roscados redondos #10 (M5) o #12 (M6) o en orificios cuadrados con o sin tuercas de jaula<\/li>\n<li style='margin-bottom: 5px;'>L\u00e1minas de sellado entre unidades para minimizar el aire de derivaci\u00f3n<\/li>\n<li style='margin-bottom: 5px;'>Dise\u00f1o apilable para facilitar el almacenamiento<\/li>\n<li style='margin-bottom: 5px;'>\u00c1rea de paso para cables con puertas deslizantes y espuma integrada<\/li>\n<li style='margin-bottom: 5px;'>Permite el paso de hasta 16 cables C13\/C14 o 6 cables C19\/C20<\/li>\n<\/ul><\/div>\n<\/p><\/div>\n<p> <!-- Secci\u00f3n de aplicaciones --> <\/p>\n<div style='margin-bottom: 30px;'>\n<h3 style='font-size: 18px; border-bottom: 2px solid currentColor; padding-bottom: 5px; margin-top: 0; color: inherit; opacity: 0.8;'>Aplicaciones<\/h3>\n<p style='font-size: 14px; color: inherit; margin-top: 10px; margin-bottom: 10px;'>Los paneles ciegos sin herramientas son parte de las soluciones de gesti\u00f3n de flujo de aire para centros de datos inteligentes. Est\u00e1n dise\u00f1ados para minimizar el flujo de aire de derivaci\u00f3n en racks y gabinetes mientras proporcionan una apariencia est\u00e9tica. Los paneles ciegos de paso tienen caracter\u00edsticas de dise\u00f1o que facilitan la instalaci\u00f3n y permiten el paso de cables desde la parte frontal hasta la trasera de los gabinetes.<\/p>\n<\/p><\/div>\n<p> <!-- Separador --> <\/p>\n<hr style='border: 0; border-top: 1px solid rgba(150&comma; 150&comma; 150&comma; 0.3); margin: 30px 0;'> <\/div>\n","protected":false},"excerpt":{"rendered":"<p>Tapa Ciega Est\u00e1ndar de 19in, Compatible con Racks con Rieles de Orificio Roscado, Instalaci\u00f3n sin Herramienta, Plano, 1 UR, Color Negro<\/p>\n","protected":false},"featured_media":71961,"comment_status":"open","ping_status":"closed","template":"","meta":[],"product_brand":[],"product_cat":[604],"product_tag":[606,445,605],"class_list":{"0":"post-71962","1":"product","2":"type-product","3":"status-publish","4":"has-post-thumbnail","6":"product_cat-accesorios-para-racks-y-gabinetes","7":"product_tag-accesorios-para-racks-y-gabinetes","8":"product_tag-panduit","9":"product_tag-racks-y-gabinetes","11":"first","12":"outofstock","13":"sale","14":"shipping-taxable","15":"purchasable","16":"product-type-simple"},"_links":{"self":[{"href":"https:\/\/soydeaqui.ddns.net\/pachuca\/index.php\/wp-json\/wp\/v2\/product\/71962","targetHints":{"allow":["GET"]}}],"collection":[{"href":"https:\/\/soydeaqui.ddns.net\/pachuca\/index.php\/wp-json\/wp\/v2\/product"}],"about":[{"href":"https:\/\/soydeaqui.ddns.net\/pachuca\/index.php\/wp-json\/wp\/v2\/types\/product"}],"replies":[{"embeddable":true,"href":"https:\/\/soydeaqui.ddns.net\/pachuca\/index.php\/wp-json\/wp\/v2\/comments?post=71962"}],"wp:featuredmedia":[{"embeddable":true,"href":"https:\/\/soydeaqui.ddns.net\/pachuca\/index.php\/wp-json\/wp\/v2\/media\/71961"}],"wp:attachment":[{"href":"https:\/\/soydeaqui.ddns.net\/pachuca\/index.php\/wp-json\/wp\/v2\/media?parent=71962"}],"wp:term":[{"taxonomy":"product_brand","embeddable":true,"href":"https:\/\/soydeaqui.ddns.net\/pachuca\/index.php\/wp-json\/wp\/v2\/product_brand?post=71962"},{"taxonomy":"product_cat","embeddable":true,"href":"https:\/\/soydeaqui.ddns.net\/pachuca\/index.php\/wp-json\/wp\/v2\/product_cat?post=71962"},{"taxonomy":"product_tag","embeddable":true,"href":"https:\/\/soydeaqui.ddns.net\/pachuca\/index.php\/wp-json\/wp\/v2\/product_tag?post=71962"}],"curies":[{"name":"wp","href":"https:\/\/api.w.org\/{rel}","templated":true}]}}