{"id":71921,"date":"2026-03-19T12:23:48","date_gmt":"2026-03-19T12:23:48","guid":{"rendered":"https:\/\/soydeaqui.ddns.net\/pachuca\/index.php\/producto\/punto-de-acceso-para-exterior-wi-fi-802-11-ac-1-27-gbps-wave-2-mu-mimo-2x22-con-administracion-desde-la-nube-gratuita-o-stand-alone\/"},"modified":"2026-03-19T12:23:52","modified_gmt":"2026-03-19T12:23:52","slug":"punto-de-acceso-para-exterior-wi-fi-802-11-ac-1-27-gbps-wave-2-mu-mimo-2x22-con-administracion-desde-la-nube-gratuita-o-stand-alone","status":"publish","type":"product","link":"https:\/\/soydeaqui.ddns.net\/pachuca\/index.php\/producto\/punto-de-acceso-para-exterior-wi-fi-802-11-ac-1-27-gbps-wave-2-mu-mimo-2x22-con-administracion-desde-la-nube-gratuita-o-stand-alone\/","title":{"rendered":"Punto de acceso para exterior Wi-Fi 802.11 ac 1.27 Gbps, Wave-2, MU-MIMO 2&#215;2:2 con administraci\u00f3n desde la nube gratuita o stand-alone."},"content":{"rendered":"<div style='width: 100%; max-width: 1200px; margin: 0 auto; font-family: sans-serif; line-height: 1.6; color: inherit; background-color: transparent;'>\n<div style='display: flex; flex-wrap: wrap; gap: 30px; margin-bottom: 30px;'>\n<div style='flex: 1 1 300px; min-width: 280px;'>\n<h3 style='font-size: 22px; border-bottom: 2px solid currentColor; padding-bottom: 5px; margin-top: 0; color: inherit; opacity: 0.8;'>Acerca del GWN7605<\/h3>\n<p style='font-size: 15px; color: inherit;'>El GWN7605 es un punto de acceso Wi-Fi 802.11ac Wave-2 asequible&comma; ideal para implementaciones de redes inal\u00e1mbricas peque\u00f1as a medianas con densidad de usuarios media. Ofrece MU-MIMO 2&#215;2:2 de doble banda con tecnolog\u00eda de formaci\u00f3n de haces y un dise\u00f1o de antena sofisticado para un rendimiento de red m\u00e1ximo y un rango de cobertura de Wi-Fi ampliado. El GWN7605 tambi\u00e9n es compatible con GWN.Cloud y GWN Manager&comma; la plataforma de gesti\u00f3n de Wi-Fi en la nube y local de Grandstream.<\/p>\n<\/p><\/div>\n<\/p><\/div>\n<div style='display: flex; flex-wrap: wrap; gap: 30px; margin-bottom: 30px;'>\n<div style='flex: 1 1 300px; min-width: 280px;'>\n<h3 style='font-size: 22px; border-bottom: 2px solid currentColor; padding-bottom: 5px; margin-top: 0; color: inherit; opacity: 0.8;'>Caracter\u00edsticas Competitivas<\/h3>\n<ul style='padding-left: 20px; font-size: 15px; color: inherit;'>\n<li style='margin-bottom: 5px;'>Rendimiento inal\u00e1mbrico agregado de 1.27 Gbps y 2 puertos al\u00e1mbricos Gigabit<\/li>\n<li style='margin-bottom: 5px;'>Doble banda 2&#215;2:2 MU-MIMO con tecnolog\u00eda de formaci\u00f3n de haces<\/li>\n<li style='margin-bottom: 5px;'>Admite m\u00e1s de 100 dispositivos Wi-Fi simult\u00e1neos<\/li>\n<li style='margin-bottom: 5px;'>Rango de cobertura de hasta 165 metros<\/li>\n<li style='margin-bottom: 5px;'>Adaptaci\u00f3n de auto potencia con detecci\u00f3n de PoE\/PoE+<\/li>\n<li style='margin-bottom: 5px;'>Arranque seguro anti-hacking y bloqueo de datos\/control cr\u00edtico a trav\u00e9s de firmas digitales<\/li>\n<li style='margin-bottom: 5px;'>El controlador integrado puede gestionar hasta 50 AP locales de la serie GWN; GWN.Cloud ofrece administraci\u00f3n ilimitada de AP; GWN.Manager ofrece un controlador de software basado en premisas del cliente<\/li>\n<\/ul><\/div>\n<div style='flex: 1 1 300px; min-width: 280px;'>\n<h3 style='font-size: 22px; border-bottom: 2px solid currentColor; padding-bottom: 5px; margin-top: 0; color: inherit; opacity: 0.8;'>Gesti\u00f3n de APs<\/h3>\n<ul style='padding-left: 20px; font-size: 15px; color: inherit;'>\n<li style='margin-bottom: 5px;'>Tanto la plataforma de administraci\u00f3n de AP basada en la nube Grandstream&comma; GWN.Cloud&comma; como la plataforma de administraci\u00f3n de software local&comma; GWN Manager&comma; pueden agregar&comma; configurar y monitorear el GWN7605 dentro de una red inal\u00e1mbrica GWN<\/li>\n<li style='margin-bottom: 5px;'>El GWN7605 es compatible con todos los dem\u00e1s puntos de acceso de la serie GWN dentro de la cartera de Grandstream&comma; lo que le permite administrar activamente hasta otros 50 puntos de acceso GWN<\/li>\n<\/ul><\/div>\n<\/p><\/div>\n<hr style='border: 0; border-top: 1px solid rgba(150&comma; 150&comma; 150&comma; 0.3); margin: 30px 0;'>\n<div style='display: flex; flex-wrap: wrap; gap: 30px; margin-bottom: 30px;'>\n<div style='flex: 1 1 300px; min-width: 280px;'>\n<h3 style='font-size: 22px; border-bottom: 2px solid currentColor; padding-bottom: 5px; margin-top: 0; color: inherit; opacity: 0.8;'>Especificaciones t\u00e9cnicas<\/h3>\n<ul style='padding-left: 20px; font-size: 15px; color: inherit;'>\n<li style='margin-bottom: 5px;'><strong>Est\u00e1ndares Wi-Fi:<\/strong> IEEE 802.11a\/b\/g\/n\/ac (Wave-2)<\/li>\n<li style='margin-bottom: 5px;'><strong>Antenas:<\/strong> 2 antenas internas doble banda 2.4GHz: gain 3dBi&comma; 5 GHz: gain 3dBi<\/li>\n<li style='margin-bottom: 5px;'><strong>Bandas de Frecuencia:<\/strong> 2.4GHz radio: 2412 &#8211; 2484 GHz \/ 5GHz radio: 5180 &#8211; 5825 GHz<\/li>\n<li style='margin-bottom: 5px;'><strong>Cobertura:<\/strong> Hasta 165 metros (El alcance puede variar seg\u00fan las condiciones)<\/li>\n<li style='margin-bottom: 5px;'><strong>Seguridad Wi-Fi y del Sistema:<\/strong> WEP&comma; WPA \/ WPA2-PSK&comma; WPA \/ WPA2 Enterprise (TKIP \/ AES)&comma; arranque seguro anti-hacking y bloqueo de datos\/control cr\u00edtico a trav\u00e9s de firmas digitales&comma; certificado de seguridad \u00fanico y contrase\u00f1a aleatoria por dispositivo<\/li>\n<li style='margin-bottom: 5px;'><strong>Clientes Concurrentes:<\/strong> 100+<\/li>\n<li style='margin-bottom: 5px;'><strong>Alimentaci\u00f3n:<\/strong> V\u00eda PoE af\/at (no incluye PoE)<\/li>\n<\/ul><\/div>\n<\/p><\/div>\n<div style='display: flex; flex-wrap: wrap; gap: 30px; margin-bottom: 30px;'>\n<div style='flex: 1 1 300px; min-width: 280px;'>\n<h3 style='font-size: 22px; border-bottom: 2px solid currentColor; padding-bottom: 5px; margin-top: 0; color: inherit; opacity: 0.8;'>Fuentes de alimentaci\u00f3n PoE recomendadas<\/h3>\n<p style='font-size: 15px; color: inherit;'> <a href='https:\/\/www.syscom.mx\/principal\/searchcont?route=G0720-480-050-GRANDSTREAM-207158&#038;autodetect=poe_gwn' style='color: inherit; text-decoration: none; font-weight: 600;'>PoE recomendado: G0720-480-050<\/a> o <a href='https:\/\/www.syscom.mx\/principal\/searchcont?route=U-POE-AT-UBIQUITI-NETWORKS-205327&#038;autodetect=poe' style='color: inherit; text-decoration: none; font-weight: 600;'>U-POE-AT<\/a> <\/p>\n<\/p><\/div>\n<\/p><\/div>\n<div style='display: flex; flex-wrap: wrap; gap: 30px; margin-bottom: 30px;'>\n<div style='flex: 1 1 300px; min-width: 280px;'>\n<div style='width: 100%; margin-bottom: 15px;'> <img style='width: 100%; height: auto; border: 1px solid rgba(150&comma;150&comma;150&comma;0.3); border-radius: 8px;' src='https:\/\/ftp3.syscom.mx\/usuarios\/fotos\/GWN7605LR\/192334-captura_de_pantalla_2021-08-05_a_la(s)_15.57.14.png' alt=''> <\/div>\n<\/p><\/div>\n<div style='flex: 1 1 300px; min-width: 280px;'>\n<div style='width: 100%; margin-bottom: 15px;'> <img style='width: 100%; height: auto; border: 1px solid rgba(150&comma;150&comma;150&comma;0.3); border-radius: 8px;' src='https:\/\/ftp3.syscom.mx\/usuarios\/fotos\/GWN7605LR\/192334-captura_de_pantalla_2021-08-05_a_la(s)_16.01.41.png' alt=''> <\/div>\n<\/p><\/div>\n<\/p><\/div>\n<\/p><\/div>\n","protected":false},"excerpt":{"rendered":"<p>Punto de acceso para exterior Wi-Fi 802.11 ac 1.27 Gbps, Wave-2, MU-MIMO 2&#215;2:2 con administraci\u00f3n desde la nube gratuita o stand-alone.<\/p>\n","protected":false},"featured_media":71920,"comment_status":"open","ping_status":"closed","template":"","meta":[],"product_brand":[],"product_cat":[1794],"product_tag":[909,1795,1479],"class_list":{"0":"post-71921","1":"product","2":"type-product","3":"status-publish","4":"has-post-thumbnail","6":"product_cat-puntos-de-acceso","7":"product_tag-grandstream","8":"product_tag-puntos-de-acceso","9":"product_tag-redes-wifi","11":"first","12":"instock","13":"sale","14":"shipping-taxable","15":"purchasable","16":"product-type-simple"},"_links":{"self":[{"href":"https:\/\/soydeaqui.ddns.net\/pachuca\/index.php\/wp-json\/wp\/v2\/product\/71921","targetHints":{"allow":["GET"]}}],"collection":[{"href":"https:\/\/soydeaqui.ddns.net\/pachuca\/index.php\/wp-json\/wp\/v2\/product"}],"about":[{"href":"https:\/\/soydeaqui.ddns.net\/pachuca\/index.php\/wp-json\/wp\/v2\/types\/product"}],"replies":[{"embeddable":true,"href":"https:\/\/soydeaqui.ddns.net\/pachuca\/index.php\/wp-json\/wp\/v2\/comments?post=71921"}],"wp:featuredmedia":[{"embeddable":true,"href":"https:\/\/soydeaqui.ddns.net\/pachuca\/index.php\/wp-json\/wp\/v2\/media\/71920"}],"wp:attachment":[{"href":"https:\/\/soydeaqui.ddns.net\/pachuca\/index.php\/wp-json\/wp\/v2\/media?parent=71921"}],"wp:term":[{"taxonomy":"product_brand","embeddable":true,"href":"https:\/\/soydeaqui.ddns.net\/pachuca\/index.php\/wp-json\/wp\/v2\/product_brand?post=71921"},{"taxonomy":"product_cat","embeddable":true,"href":"https:\/\/soydeaqui.ddns.net\/pachuca\/index.php\/wp-json\/wp\/v2\/product_cat?post=71921"},{"taxonomy":"product_tag","embeddable":true,"href":"https:\/\/soydeaqui.ddns.net\/pachuca\/index.php\/wp-json\/wp\/v2\/product_tag?post=71921"}],"curies":[{"name":"wp","href":"https:\/\/api.w.org\/{rel}","templated":true}]}}