{"id":71916,"date":"2026-03-19T12:23:35","date_gmt":"2026-03-19T12:23:35","guid":{"rendered":"https:\/\/soydeaqui.ddns.net\/pachuca\/index.php\/producto\/exterior-altavoz-de-2-vias-acoustiscape-8in-64-watts-8-ohms-70v-100v-switchable-incluye-estaca\/"},"modified":"2026-03-19T12:23:43","modified_gmt":"2026-03-19T12:23:43","slug":"exterior-altavoz-de-2-vias-acoustiscape-8in-64-watts-8-ohms-70v-100v-switchable-incluye-estaca","status":"publish","type":"product","link":"https:\/\/soydeaqui.ddns.net\/pachuca\/index.php\/producto\/exterior-altavoz-de-2-vias-acoustiscape-8in-64-watts-8-ohms-70v-100v-switchable-incluye-estaca\/","title":{"rendered":"exterior | altavoz de 2 v\u00edas | Acoustiscape 8in | 64 Watts | 8 ohms| 70V\/100V | Switchable | incluye estaca"},"content":{"rendered":"<div style='width: 100%; max-width: 1200px; margin: 0 auto; font-family: sans-serif; line-height: 1.6; color: inherit; background-color: transparent;'> <!-- Logo --> <\/p>\n<div style='width: 100%; text-align: center; margin: 30px 0;'> <img style='width: 40%; max-width: 300px; height: auto; border: 1px solid rgba(150&comma;150&comma;150&comma;0.3); border-radius: 8px;' src='https:\/\/ftp3.syscom.mx\/usuarios\/luis.vargas\/Truaudio\/truaudio-logo.png' alt='Logo Truaudio'> <\/div>\n<p> <!-- Imagen y descripci\u00f3n 1 --> <\/p>\n<div style='display: flex; flex-wrap: wrap; gap: 30px; margin: 30px 0;'>\n<div style='flex: 1 1 300px; min-width: 280px;'> <img style='width: 100%; height: auto; border: 1px solid rgba(150&comma;150&comma;150&comma;0.3); border-radius: 8px;' src='https:\/\/ftp3.syscom.mx\/usuarios\/luis.vargas\/Truaudio\/Acousticscape\/AS2_1.png' alt='Acoustiscape 8in'> <\/div>\n<div style='flex: 1 1 300px; min-width: 280px;'>\n<div style='font-size: 24px; color: inherit; opacity: 0.8; margin-bottom: 15px;'>ACOUSTISCAPE \u2122 SERIES<\/div>\n<p style='font-size: 15px; color: inherit; text-align: justify;'>Los altavoces Acoustiscape de TruAudio aportan una nueva dimensi\u00f3n al audio exterior. Disponible en una versi\u00f3n de 4.5&#8217;&comma; 6&#8242; y 8&#8217;&comma; el Acoustiscape est\u00e1 dise\u00f1ado no solo para mezclarse con cualquier paisaje&comma; sino tambi\u00e9n para proporcionar un sonido rico con cantidades incre\u00edbles de volumen.<\/p>\n<\/p><\/div>\n<\/p><\/div>\n<p> <!-- Imagen y descripci\u00f3n 2 --> <\/p>\n<div style='display: flex; flex-wrap: wrap; gap: 30px; margin: 30px 0;'>\n<div style='flex: 1 1 300px; min-width: 280px;'>\n<p style='font-size: 15px; color: inherit; text-align: justify;'>Las opciones de montaje flexibles&comma; el dise\u00f1o robusto y la calidad resistente a la intemperie hacen que Acoustiscape sea perfecto para cualquier instalaci\u00f3n en exteriores.<\/p>\n<p style='font-size: 15px; color: inherit; text-align: justify;'>Transfiere de 100 V o 70 V a 8 \u03a9 con un simple interruptor.<\/p>\n<\/p><\/div>\n<div style='flex: 1 1 300px; min-width: 280px;'> <img style='width: 100%; height: auto; border: 1px solid rgba(150&comma;150&comma;150&comma;0.3); border-radius: 8px;' src='https:\/\/ftp3.syscom.mx\/usuarios\/luis.vargas\/Truaudio\/Acousticscape\/AS2_2.png' alt='Acoustiscape 8in detalle'> <\/div>\n<\/p><\/div>\n<p> <!-- Imagen full width --> <\/p>\n<div style='width: 100%; margin: 30px 0;'> <img style='width: 100%; height: auto; border: 1px solid rgba(150&comma;150&comma;150&comma;0.3); border-radius: 8px;' src='https:\/\/ftp3.syscom.mx\/usuarios\/luis.vargas\/Truaudio\/Acousticscape\/AS2_4.png' alt='Acoustiscape 8in vista completa'> <\/div>\n<p> <!-- Especificaciones --> <\/p>\n<div style='display: flex; flex-wrap: wrap; gap: 20px; margin: 30px 0;'>\n<div style='flex: 1 1 250px; border: 1px solid rgba(150&comma; 150&comma; 150&comma; 0.4); border-radius: 8px; overflow: hidden; display: flex; flex-direction: column;'>\n<div style='padding: 15px; border-bottom: 1px solid rgba(150&comma; 150&comma; 150&comma; 0.2); font-weight: bold; font-size: 18px; color: inherit;'>Caracter\u00edsticas Generales<\/div>\n<div style='padding: 15px; color: inherit;'>\n<ul style='padding-left: 20px; margin: 0; font-size: 14px; list-style-type: disc;'>\n<li style='margin-bottom: 5px;'>Color: Negro<\/li>\n<li style='margin-bottom: 5px;'>Montaje: Estaca de tierra&comma; (base de pared opcional)<\/li>\n<li style='margin-bottom: 5px;'>Tipo de altavoz: 2 v\u00edas al aire libre<\/li>\n<li style='margin-bottom: 5px;'>Tweeter: Domo suave de seda de 1&#8242;<\/li>\n<li style='margin-bottom: 5px;'>Woofer: Polipropileno moldeado de 8&#8242;<\/li>\n<li style='margin-bottom: 5px;'>Power: 64 Watts<\/li>\n<li style='margin-bottom: 5px;'>Tipo de parrilla: Malla de aluminio<\/li>\n<\/ul><\/div>\n<\/p><\/div>\n<div style='flex: 1 1 250px; border: 1px solid rgba(150&comma; 150&comma; 150&comma; 0.4); border-radius: 8px; overflow: hidden; display: flex; flex-direction: column;'>\n<div style='padding: 15px; border-bottom: 1px solid rgba(150&comma; 150&comma; 150&comma; 0.2); font-weight: bold; font-size: 18px; color: inherit;'>Especificaciones<\/div>\n<div style='padding: 15px; color: inherit;'>\n<ul style='padding-left: 20px; margin: 0; font-size: 14px; list-style-type: disc;'>\n<li style='margin-bottom: 5px;'>Sensibilidad: 88 dB<\/li>\n<li style='margin-bottom: 5px;'>Respuesta de frecuencia: 40 &#8211; 120kHz (+\/- 3dB)<\/li>\n<li style='margin-bottom: 5px;'>Dimensiones de acabado: L: 10&#8242; (254mm)&comma; D: 8.5&#8242; (216mm)<\/li>\n<li style='margin-bottom: 5px;'>Impedancia: 8\u03a9 o 70V \/ 100V seleccionable<\/li>\n<li style='margin-bottom: 5px;'>70V TAPS: 4W-64W seleccionable<\/li>\n<li style='margin-bottom: 5px;'>100V TAPS: 8W-64W seleccionable<\/li>\n<\/ul><\/div>\n<\/p><\/div>\n<\/p><\/div>\n<p> <!-- Videos --> <\/p>\n<div style='display: grid; grid-template-columns: repeat(auto-fill&comma; minmax(300px&comma; 1fr)); gap: 30px; margin: 30px 0;'>\n<div style='position: relative; padding-bottom: 56.25%; height: 0; overflow: hidden;'>   <\/div>\n<div style='position: relative; padding-bottom: 56.25%; height: 0; overflow: hidden;'>   <\/div>\n<div style='position: relative; padding-bottom: 56.25%; height: 0; overflow: hidden;'>   <\/div>\n<\/p><\/div>\n<\/p><\/div>\n","protected":false},"excerpt":{"rendered":"<p>exterior | altavoz de 2 v\u00edas | Acoustiscape 8in | 64 Watts | 8 ohms| 70V\/100V | Switchable | incluye estaca<\/p>\n","protected":false},"featured_media":71915,"comment_status":"open","ping_status":"closed","template":"","meta":[],"product_brand":[],"product_cat":[422],"product_tag":[52,423,2060],"class_list":{"0":"post-71916","1":"product","2":"type-product","3":"status-publish","4":"has-post-thumbnail","6":"product_cat-bocinas-exterior","7":"product_tag-audio-residencial-comercial","8":"product_tag-bocinas-exterior","9":"product_tag-truaudio","11":"first","12":"instock","13":"sale","14":"shipping-taxable","15":"purchasable","16":"product-type-simple"},"_links":{"self":[{"href":"https:\/\/soydeaqui.ddns.net\/pachuca\/index.php\/wp-json\/wp\/v2\/product\/71916","targetHints":{"allow":["GET"]}}],"collection":[{"href":"https:\/\/soydeaqui.ddns.net\/pachuca\/index.php\/wp-json\/wp\/v2\/product"}],"about":[{"href":"https:\/\/soydeaqui.ddns.net\/pachuca\/index.php\/wp-json\/wp\/v2\/types\/product"}],"replies":[{"embeddable":true,"href":"https:\/\/soydeaqui.ddns.net\/pachuca\/index.php\/wp-json\/wp\/v2\/comments?post=71916"}],"wp:featuredmedia":[{"embeddable":true,"href":"https:\/\/soydeaqui.ddns.net\/pachuca\/index.php\/wp-json\/wp\/v2\/media\/71915"}],"wp:attachment":[{"href":"https:\/\/soydeaqui.ddns.net\/pachuca\/index.php\/wp-json\/wp\/v2\/media?parent=71916"}],"wp:term":[{"taxonomy":"product_brand","embeddable":true,"href":"https:\/\/soydeaqui.ddns.net\/pachuca\/index.php\/wp-json\/wp\/v2\/product_brand?post=71916"},{"taxonomy":"product_cat","embeddable":true,"href":"https:\/\/soydeaqui.ddns.net\/pachuca\/index.php\/wp-json\/wp\/v2\/product_cat?post=71916"},{"taxonomy":"product_tag","embeddable":true,"href":"https:\/\/soydeaqui.ddns.net\/pachuca\/index.php\/wp-json\/wp\/v2\/product_tag?post=71916"}],"curies":[{"name":"wp","href":"https:\/\/api.w.org\/{rel}","templated":true}]}}